{"id":3228,"date":"2019-02-01T11:28:09","date_gmt":"2019-02-01T10:28:09","guid":{"rendered":"https:\/\/lefthander-consulting.org\/information\/spielzeug-fuer-linkshaendige-kinder\/auszeichnung-2002-2013\/spielzeugbegruendung-2012\/spielzeugbegruendung-kaleido-gears\/"},"modified":"2025-08-15T14:34:42","modified_gmt":"2025-08-15T12:34:42","slug":"spielzeugbegruendung-kaleido-gears","status":"publish","type":"page","link":"https:\/\/lefthander-consulting.org\/deutsch\/information\/kindergartenalter\/spielzeug-fuer-linkshaendige-kinder\/auszeichnung-2002-2013\/spielzeugbegruendung-2012\/spielzeugbegruendung-kaleido-gears\/","title":{"rendered":"Spielzeugbegr\u00fcndung 2012 &#8211; Kaleido Gears"},"content":{"rendered":"<p>&nbsp;<\/p>\n<p><strong><img loading=\"lazy\" decoding=\"async\" class=\"alignleft wp-image-2809\" src=\"https:\/\/lefthander-consulting.org\/deutsch\/wp-content\/uploads\/2019\/01\/Logo-Pr\u00e4mierung-Spielzeug-des-Jahres-300x300.jpg\" alt=\"\" width=\"250\" height=\"250\" srcset=\"https:\/\/lefthander-consulting.org\/deutsch\/wp-content\/uploads\/2019\/01\/Logo-Pr\u00e4mierung-Spielzeug-des-Jahres-300x300.jpg 300w, https:\/\/lefthander-consulting.org\/deutsch\/wp-content\/uploads\/2019\/01\/Logo-Pr\u00e4mierung-Spielzeug-des-Jahres-150x150.jpg 150w, https:\/\/lefthander-consulting.org\/deutsch\/wp-content\/uploads\/2019\/01\/Logo-Pr\u00e4mierung-Spielzeug-des-Jahres.jpg 617w\" sizes=\"auto, (max-width: 250px) 100vw, 250px\" \/><\/strong><\/p>\n<p>&nbsp;<\/p>\n<p><span style=\"font-size: 14pt\"><strong>Erste deutsche Beratungs- und Informationsstelle f\u00fcr <\/strong><\/span><br \/>\n<span style=\"font-size: 14pt\"><strong>Linksh\u00e4nder und umgeschulte Linksh\u00e4nder e.V.<\/strong><\/span><br \/>\n<span style=\"font-size: 14pt\">Sendlinger Str. 17<\/span><br \/>\n<span style=\"font-size: 14pt\">80331 M\u00fcnchen<\/span><br \/>\n<span style=\"font-size: 14pt\">Tel.\/Fax 089 \/ 26 86 14<\/span><\/p>\n<p>&nbsp;<\/p>\n<p>&nbsp;<\/p>\n<p style=\"text-align: center\"><span style=\"font-size: 14pt\">Begr\u00fcndung der Auszeichnung<\/span><\/p>\n<p style=\"text-align: center\"><span style=\"font-size: 18pt\"><strong>Spielzeug f\u00fcr linksh\u00e4ndige Kinder des Jahres 2012<\/strong><\/span><\/p>\n<p style=\"text-align: center\"><span style=\"font-size: 14pt\">an das Konstruktionsspiel Kaleido Gears <\/span><\/p>\n<p style=\"text-align: center\"><span style=\"font-size: 16pt\">der Firma Quercetti &amp; C.S.p.A<strong>\u00a0<\/strong><\/span><\/p>\n<p>\u00a0<img loading=\"lazy\" decoding=\"async\" class=\"alignright wp-image-3246\" src=\"https:\/\/lefthander-consulting.org\/deutsch\/wp-content\/uploads\/2019\/02\/Kaleido-Gears_Jonas-30-Juli-2012-Foto-Norrenbrock-e1549017732383-225x300.jpg\" alt=\"\" width=\"165\" height=\"220\" srcset=\"https:\/\/lefthander-consulting.org\/deutsch\/wp-content\/uploads\/2019\/02\/Kaleido-Gears_Jonas-30-Juli-2012-Foto-Norrenbrock-e1549017732383-225x300.jpg 225w, https:\/\/lefthander-consulting.org\/deutsch\/wp-content\/uploads\/2019\/02\/Kaleido-Gears_Jonas-30-Juli-2012-Foto-Norrenbrock-e1549017732383.jpg 480w\" sizes=\"auto, (max-width: 165px) 100vw, 165px\" \/><\/p>\n<p>Im besonderen Ma\u00dfe werden das Erlernen mechanischer Abl\u00e4ufe, die visuelle Wahrnehmung sowie die Auge-Hand und Hand-Hand-Koordination gef\u00f6rdert. Sowohl das Material als auch die Konstruktionsabl\u00e4ufe sind h\u00e4ndigkeitsneutral und sind Spielspa\u00df f\u00fcr das linksh\u00e4ndige &#8211; und das rechtsh\u00e4ndige Kind.<\/p>\n<p>Die Spielm\u00f6glichkeiten sind h\u00e4ndigkeitsneutral. Die Zahnr\u00e4der und auch die Kurbel sind in beide Richtungen drehbar. Die Bodenteile lassen sich links- und rechtsseitig anpuzzeln. Die Muster sind neutral und beim Drehen links- oder rechtsherum gleich interessant.<\/p>\n<p>Es entstehen keine Nachteile f\u00fcr linksh\u00e4ndige Kinder. Das Spiel bietet die gleichen Chancen f\u00fcr Links- und Rechtsh\u00e4nder. Jedes Kind kann mit seiner dominanten Hand bauen und kreativ und individuell seine eigene Zahnradbahn gestalten.<\/p>\n<p style=\"text-align: center\"><span style=\"font-size: 14pt\">Deshalb verleihen wir der <strong>Firma <\/strong><strong>Quercetti &amp; C.S:p.A.<\/strong><\/span><br \/>\n<span style=\"font-size: 14pt\">f\u00fcr ihr Konstruktionsspiel <em>Kaleido Gears <\/em>die Auszeichnung<\/span><\/p>\n<p style=\"text-align: center\"><span style=\"font-size: 14pt\">\u00a0<\/span><span style=\"font-size: 14pt\"><strong>Spielzeug f\u00fcr linksh\u00e4ndige Kinder im Jahr 2012.<\/strong>\u00a0<\/span><\/p>\n<p><img loading=\"lazy\" decoding=\"async\" class=\"alignright wp-image-3242\" src=\"https:\/\/lefthander-consulting.org\/deutsch\/wp-content\/uploads\/2019\/02\/Kaleido-Gears_Jonas-1-Juli-2012-Foto-Norrenbrock-e1549017794325-225x300.jpg\" alt=\"\" width=\"165\" height=\"220\" srcset=\"https:\/\/lefthander-consulting.org\/deutsch\/wp-content\/uploads\/2019\/02\/Kaleido-Gears_Jonas-1-Juli-2012-Foto-Norrenbrock-e1549017794325-225x300.jpg 225w, https:\/\/lefthander-consulting.org\/deutsch\/wp-content\/uploads\/2019\/02\/Kaleido-Gears_Jonas-1-Juli-2012-Foto-Norrenbrock-e1549017794325.jpg 480w\" sizes=\"auto, (max-width: 165px) 100vw, 165px\" \/><\/p>\n<p><span style=\"font-size: 14pt\"><strong>Material<br \/>\n<\/strong><\/span>Das Spiel Kaleido Gears besteht aus 16 identischen Puzzleteilen mit L\u00f6chern, die die Bodenplatte bilden. Auf dieser werden Stecker befestigt, mit denen die Zahnr\u00e4der montiert werden k\u00f6nnen. Die Zahnr\u00e4der gibt es in drei unterschiedlichen Gr\u00f6\u00dfen (klein, mittel, gro\u00df). Die 6 gro\u00dfen Zahnr\u00e4der zeigen unterschiedliche Muster, die sich bei Bewegung ver\u00e4ndern und verschiedene visuelle Wirkungen hervorrufen. Die 4 mittleren und die 6 kleinen Zahnr\u00e4der sind einfarbig gehalten. Des Weiteren enth\u00e4lt das Spiel eine kleine Kurbel, mit der die Zahnr\u00e4der angedreht werden k\u00f6nnen.<\/p>\n<p>Das gesamte Spielmaterial besteht aus Plastik, ist unzerbrechlich und abwaschbar.<img loading=\"lazy\" decoding=\"async\" class=\"alignright wp-image-3243\" src=\"https:\/\/lefthander-consulting.org\/deutsch\/wp-content\/uploads\/2019\/02\/Kaleido-Gears_Jonas-10-Juli-2012-Foto-Norrenbrock-e1549017783536-225x300.jpg\" alt=\"\" width=\"165\" height=\"220\" srcset=\"https:\/\/lefthander-consulting.org\/deutsch\/wp-content\/uploads\/2019\/02\/Kaleido-Gears_Jonas-10-Juli-2012-Foto-Norrenbrock-e1549017783536-225x300.jpg 225w, https:\/\/lefthander-consulting.org\/deutsch\/wp-content\/uploads\/2019\/02\/Kaleido-Gears_Jonas-10-Juli-2012-Foto-Norrenbrock-e1549017783536.jpg 480w\" sizes=\"auto, (max-width: 165px) 100vw, 165px\" \/><\/p>\n<p>&nbsp;<\/p>\n<p><span style=\"font-size: 14pt\"><strong>Alter<br \/>\n<\/strong><\/span>Das Spiel ist f\u00fcr Kinder ab dem Alter von 3 Jahren geeignet.<\/p>\n<p>&nbsp;<\/p>\n<p><span style=\"font-size: 14pt\"><strong>Das Konstruieren mit Kaleido Gears<br \/>\n<\/strong><\/span><img loading=\"lazy\" decoding=\"async\" class=\"alignleft wp-image-3245\" src=\"https:\/\/lefthander-consulting.org\/deutsch\/wp-content\/uploads\/2019\/02\/Kaleido-Gears_Jonas-28-Juli-2012-Foto-Norrenbrock-e1549017753583-225x300.jpg\" alt=\"\" width=\"165\" height=\"220\" srcset=\"https:\/\/lefthander-consulting.org\/deutsch\/wp-content\/uploads\/2019\/02\/Kaleido-Gears_Jonas-28-Juli-2012-Foto-Norrenbrock-e1549017753583-225x300.jpg 225w, https:\/\/lefthander-consulting.org\/deutsch\/wp-content\/uploads\/2019\/02\/Kaleido-Gears_Jonas-28-Juli-2012-Foto-Norrenbrock-e1549017753583.jpg 480w\" sizes=\"auto, (max-width: 165px) 100vw, 165px\" \/>Das Spiel Kaleido Gears enth\u00e4lt keine Anleitung. Lediglich die Bilder auf dem Karton geben Anregungen zum Spiel. Das Kind kann bei der Konstruktion der Zahnr\u00e4der seine Kreativit\u00e4t frei entfalten. Erfahrungsgem\u00e4\u00df ist es jedoch von Vorteil, erst die Bodenplatte zu bauen, um dann die Stecker und Zahnr\u00e4der zu befestigen. Sp\u00e4teres Hinzuf\u00fcgen der Bodenteile kann schwierig werden, wenn die Zahnr\u00e4der am Rand \u00fcberstehen. Die Bodenplatte kann sowohl flach als auch dreidimensional in die H\u00f6he gebaut werden. Ebenso verh\u00e4lt es sich mit den Zahnr\u00e4dern. Die kleinen und mittleren Zahnr\u00e4der haben L\u00f6cher, sodass es m\u00f6glich ist auch darauf einen Stecker zu befestigen und noch ein Zahnrad oben drauf zu setzen. Es kann also auch in die H\u00f6he gebaut werden.<\/p>\n<p>&nbsp;<\/p>\n<p><span style=\"font-size: 14pt\"><strong>Die Besonderheiten von Kaleido Gears<img loading=\"lazy\" decoding=\"async\" class=\"alignright wp-image-3244\" src=\"https:\/\/lefthander-consulting.org\/deutsch\/wp-content\/uploads\/2019\/02\/Kaleido-Gears_Jonas-27-Juli-2012-Foto-Norrenbrock-e1549017774367-225x300.jpg\" alt=\"\" width=\"165\" height=\"220\" srcset=\"https:\/\/lefthander-consulting.org\/deutsch\/wp-content\/uploads\/2019\/02\/Kaleido-Gears_Jonas-27-Juli-2012-Foto-Norrenbrock-e1549017774367-225x300.jpg 225w, https:\/\/lefthander-consulting.org\/deutsch\/wp-content\/uploads\/2019\/02\/Kaleido-Gears_Jonas-27-Juli-2012-Foto-Norrenbrock-e1549017774367.jpg 480w\" sizes=\"auto, (max-width: 165px) 100vw, 165px\" \/><br \/>\n<\/strong><\/span>Das Spiel Kaleido Gears ist bei Kindern ab 3 Jahren sehr beliebt. Sie besch\u00e4ftigen sich gerne mit den unterschiedlichen Gr\u00f6\u00dfen der Zahnr\u00e4der und sind gespannt, wie die Muster der gro\u00dfen Zahnr\u00e4der sich durch das Drehen ver\u00e4ndern.<\/p>\n<p>Das Kind lernt durch das Spiel die mechanischen Abl\u00e4ufe der Zahnr\u00e4der kennen. Wie sie ineinander fassen m\u00fcssen, um sich gleichzeitig zu bewegen oder was passiert, wenn mehr als zwei Zahnr\u00e4der sich ber\u00fchren.<\/p>\n<p>3 bis 4j\u00e4hrige Kinder ben\u00f6tigen noch h\u00e4ufiger Hilfestellung bei der Einsch\u00e4tzung der Abst\u00e4nde der Zahnr\u00e4der zueinander, damit diese nicht \u00fcbereinander laufen oder zu weit entfernt von einander sind.<\/p>\n<p><img loading=\"lazy\" decoding=\"async\" class=\"size-medium wp-image-3248 alignleft\" src=\"https:\/\/lefthander-consulting.org\/deutsch\/wp-content\/uploads\/2019\/02\/Kaleido-Gears_Jonas-36-Juli-2012-Foto-Norrenbrock-300x225.jpg\" alt=\"\" width=\"300\" height=\"225\" srcset=\"https:\/\/lefthander-consulting.org\/deutsch\/wp-content\/uploads\/2019\/02\/Kaleido-Gears_Jonas-36-Juli-2012-Foto-Norrenbrock-300x225.jpg 300w, https:\/\/lefthander-consulting.org\/deutsch\/wp-content\/uploads\/2019\/02\/Kaleido-Gears_Jonas-36-Juli-2012-Foto-Norrenbrock.jpg 640w\" sizes=\"auto, (max-width: 300px) 100vw, 300px\" \/>Das Andrehen der Zahnr\u00e4der ist \u00fcber die beigef\u00fcgte Kurbel (links- und rechtsg\u00e4ngig) m\u00f6glich, kann aber auch per Fingerbewegung an der Seite oder auf den Zahnr\u00e4dern erfolgen. Das Andrehen der Zahnr\u00e4der per Hand f\u00fchrt zu einem schnelleren Drehen, erfordert jedoch mehr motorisches Geschick und eine angemessene Kraftdosierung.<\/p>\n<p><em>Fazit: <\/em>Mit dem Spiel Kaleido Gears hat die italienische Firma Quercetti ein sch\u00f6nes Konstruktionsspiel f\u00fcr Links- und Rechtsh\u00e4nder geschaffen. Ein <img loading=\"lazy\" decoding=\"async\" class=\"alignright wp-image-3247\" src=\"https:\/\/lefthander-consulting.org\/deutsch\/wp-content\/uploads\/2019\/02\/Kaleido-Gears_Jonas-33-Juli-2012-Foto-Norrenbrock-e1549017708800-225x300.jpg\" alt=\"\" width=\"165\" height=\"220\" srcset=\"https:\/\/lefthander-consulting.org\/deutsch\/wp-content\/uploads\/2019\/02\/Kaleido-Gears_Jonas-33-Juli-2012-Foto-Norrenbrock-e1549017708800-225x300.jpg 225w, https:\/\/lefthander-consulting.org\/deutsch\/wp-content\/uploads\/2019\/02\/Kaleido-Gears_Jonas-33-Juli-2012-Foto-Norrenbrock-e1549017708800.jpg 480w\" sizes=\"auto, (max-width: 165px) 100vw, 165px\" \/>sch\u00f6nes Spiel f\u00fcr j\u00fcngere Kinder, die gerne kreativ etwas gestalten und mechanische Vorg\u00e4nge erleben m\u00f6chten. Erfahrungsgem\u00e4\u00df ist es bei Jungen und M\u00e4dchen gleicherma\u00dfen beliebt. Es ist farblich sehr ansprechend durch die unterschiedlichen Farben und Muster gestaltet und macht neugierig wie sich diese in Bewegung sich verhalten.<\/p>\n<p><span style=\"font-size: 14pt\"><strong>Adresse:<br \/>\n<\/strong><\/span>Quercetti &amp; C.S:p.A.<br \/>\nCorso Vigevavo, 25<br \/>\nI-10152 Torino- Italy<br \/>\n<a href=\"http:\/\/www.quercetti.com\/\">www.quercetti.com<\/a>, E-mail: info@quercetti.com<\/p>\n<p><strong>Fotos:<\/strong> <strong>Nadine Norrenbrock <\/strong>und Jonas<\/p>\n<p>Der <strong>Text<\/strong> basiert auf den Ausarbeitungen von <strong>Inga Wolter <\/strong>im Rahmen der Zusatzausbildung zur S-MH Linksh\u00e4nder-Beraterin. \u00dcberarbeitung von <strong>Britta Dehn<\/strong>, zertifizierte Linksh\u00e4nderberaterin nach der Methodik von Dr. Sattler f\u00fcr die Pr\u00e4mierung.<\/p>\n","protected":false},"excerpt":{"rendered":"<p>&nbsp; &nbsp; Erste deutsche Beratungs- und Informationsstelle f\u00fcr Linksh\u00e4nder und umgeschulte Linksh\u00e4nder e.V. Sendlinger Str. 17 80331 M\u00fcnchen Tel.\/Fax 089 \/ 26 86 14 &nbsp; &nbsp; Begr\u00fcndung der Auszeichnung Spielzeug f\u00fcr linksh\u00e4ndige Kinder des Jahres 2012 an das Konstruktionsspiel Kaleido Gears der Firma Quercetti &amp; C.S.p.A\u00a0 \u00a0 Im besonderen Ma\u00dfe werden das Erlernen mechanischer Abl\u00e4ufe, die visuelle Wahrnehmung sowie die Auge-Hand und Hand-Hand-Koordination gef\u00f6rdert. Sowohl das Material als auch die Konstruktionsabl\u00e4ufe sind h\u00e4ndigkeitsneutral und sind Spielspa\u00df f\u00fcr das linksh\u00e4ndige &#8211; und das rechtsh\u00e4ndige Kind. Die Spielm\u00f6glichkeiten sind h\u00e4ndigkeitsneutral. Die Zahnr\u00e4der und auch die Kurbel sind in beide Richtungen drehbar. Die Bodenteile lassen sich links- und rechtsseitig anpuzzeln. Die Muster sind neutral und beim Drehen links- oder rechtsherum gleich interessant. Es entstehen keine Nachteile f\u00fcr linksh\u00e4ndige Kinder. Das Spiel bietet die gleichen Chancen f\u00fcr Links- und Rechtsh\u00e4nder. Jedes Kind kann mit seiner dominanten Hand bauen und kreativ und individuell seine eigene Zahnradbahn gestalten. Deshalb verleihen &#8230; <a title=\"Spielzeugbegr\u00fcndung 2012 &#8211; Kaleido Gears\" class=\"read-more\" href=\"https:\/\/lefthander-consulting.org\/deutsch\/information\/kindergartenalter\/spielzeug-fuer-linkshaendige-kinder\/auszeichnung-2002-2013\/spielzeugbegruendung-2012\/spielzeugbegruendung-kaleido-gears\/\" aria-label=\"Mehr Informationen \u00fcber Spielzeugbegr\u00fcndung 2012 &#8211; Kaleido Gears\">Read more<\/a><\/p>\n","protected":false},"author":4,"featured_media":0,"parent":3222,"menu_order":29,"comment_status":"closed","ping_status":"closed","template":"","meta":{"_cbd_carousel_blocks":"[]","footnotes":""},"class_list":["post-3228","page","type-page","status-publish"],"_links":{"self":[{"href":"https:\/\/lefthander-consulting.org\/deutsch\/wp-json\/wp\/v2\/pages\/3228","targetHints":{"allow":["GET"]}}],"collection":[{"href":"https:\/\/lefthander-consulting.org\/deutsch\/wp-json\/wp\/v2\/pages"}],"about":[{"href":"https:\/\/lefthander-consulting.org\/deutsch\/wp-json\/wp\/v2\/types\/page"}],"author":[{"embeddable":true,"href":"https:\/\/lefthander-consulting.org\/deutsch\/wp-json\/wp\/v2\/users\/4"}],"replies":[{"embeddable":true,"href":"https:\/\/lefthander-consulting.org\/deutsch\/wp-json\/wp\/v2\/comments?post=3228"}],"version-history":[{"count":24,"href":"https:\/\/lefthander-consulting.org\/deutsch\/wp-json\/wp\/v2\/pages\/3228\/revisions"}],"predecessor-version":[{"id":3308,"href":"https:\/\/lefthander-consulting.org\/deutsch\/wp-json\/wp\/v2\/pages\/3228\/revisions\/3308"}],"up":[{"embeddable":true,"href":"https:\/\/lefthander-consulting.org\/deutsch\/wp-json\/wp\/v2\/pages\/3222"}],"wp:attachment":[{"href":"https:\/\/lefthander-consulting.org\/deutsch\/wp-json\/wp\/v2\/media?parent=3228"}],"curies":[{"name":"wp","href":"https:\/\/api.w.org\/{rel}","templated":true}]}}