{"id":3222,"date":"2019-02-01T11:15:24","date_gmt":"2019-02-01T10:15:24","guid":{"rendered":"https:\/\/lefthander-consulting.org\/information\/spielzeug-fuer-linkshaendige-kinder\/auszeichnung-2002-2013\/spielzeugbegruendung-2012\/"},"modified":"2025-08-15T14:34:42","modified_gmt":"2025-08-15T12:34:42","slug":"spielzeugbegruendung-2012","status":"publish","type":"page","link":"https:\/\/lefthander-consulting.org\/deutsch\/information\/kindergartenalter\/spielzeug-fuer-linkshaendige-kinder\/auszeichnung-2002-2013\/spielzeugbegruendung-2012\/","title":{"rendered":"Spielzeugbegr\u00fcndung 2012"},"content":{"rendered":"<p><span style=\"font-size: 14pt\">Im Jahr 2012 wurde von der &#8222;Ersten deutschen Beratungs- und Informationsstelle f\u00fcr Linksh\u00e4nder und umgeschule Linksh\u00e4nder e.V.&#8220; dreimal das &#8222;Spielzeug f\u00fcr linksh\u00e4ndige Kinder&#8220; ausgezeichnet:<br \/>\n<\/span><\/p>\n<p>&nbsp;<\/p>\n<p><span style=\"font-size: 14pt\">Pr\u00e4miert wurden:<\/span><\/p>\n<ul>\n<li><span style=\"font-size: 18pt\">Das Konstruktionsspiel <a href=\"https:\/\/lefthander-consulting.org\/deutsch\/information\/kindergartenalter\/spielzeug-fuer-linkshaendige-kinder\/auszeichnung-2002-2013\/spielzeugbegruendung-2012\/spielzeugbegruendung-kaleido-gears\/\"><em>Kaleido Gears<\/em><\/a> der <strong>Firma Quercetti &amp; C.S:p.A.<\/strong><\/span><\/li>\n<\/ul>\n<ul>\n<li><span style=\"font-size: 18pt\">Das Konstruktionsspiel <a href=\"https:\/\/lefthander-consulting.org\/deutsch\/information\/kindergartenalter\/spielzeug-fuer-linkshaendige-kinder\/auszeichnung-2002-2013\/spielzeugbegruendung-2012\/spielzeugbegruendung-matador-baukasten\/\"><em>Matador Baukasten <\/em><\/a>der<strong> Firma Matador Spielwaren GmbH<\/strong><\/span><\/li>\n<\/ul>\n<ul>\n<li><span style=\"font-size: 18pt\">Das Strategiespiel <a href=\"https:\/\/lefthander-consulting.org\/deutsch\/information\/kindergartenalter\/spielzeug-fuer-linkshaendige-kinder\/auszeichnung-2002-2013\/spielzeugbegruendung-2012\/spielzeugbegruendung-qwirkle\/\"><em>Qwirkle <\/em><\/a>der <strong>Firma Schmidt Spiele GmbH<\/strong><\/span><em><br \/>\n<\/em><\/li>\n<\/ul>\n","protected":false},"excerpt":{"rendered":"<p>Im Jahr 2012 wurde von der &#8222;Ersten deutschen Beratungs- und Informationsstelle f\u00fcr Linksh\u00e4nder und umgeschule Linksh\u00e4nder e.V.&#8220; dreimal das &#8222;Spielzeug f\u00fcr linksh\u00e4ndige Kinder&#8220; ausgezeichnet: &nbsp; Pr\u00e4miert wurden: Das Konstruktionsspiel Kaleido Gears der Firma Quercetti &amp; C.S:p.A. Das Konstruktionsspiel Matador Baukasten der Firma Matador Spielwaren GmbH Das Strategiespiel Qwirkle der Firma Schmidt Spiele GmbH<\/p>\n","protected":false},"author":4,"featured_media":0,"parent":63,"menu_order":28,"comment_status":"closed","ping_status":"closed","template":"","meta":{"_cbd_carousel_blocks":"[]","footnotes":""},"class_list":["post-3222","page","type-page","status-publish"],"_links":{"self":[{"href":"https:\/\/lefthander-consulting.org\/deutsch\/wp-json\/wp\/v2\/pages\/3222","targetHints":{"allow":["GET"]}}],"collection":[{"href":"https:\/\/lefthander-consulting.org\/deutsch\/wp-json\/wp\/v2\/pages"}],"about":[{"href":"https:\/\/lefthander-consulting.org\/deutsch\/wp-json\/wp\/v2\/types\/page"}],"author":[{"embeddable":true,"href":"https:\/\/lefthander-consulting.org\/deutsch\/wp-json\/wp\/v2\/users\/4"}],"replies":[{"embeddable":true,"href":"https:\/\/lefthander-consulting.org\/deutsch\/wp-json\/wp\/v2\/comments?post=3222"}],"version-history":[{"count":2,"href":"https:\/\/lefthander-consulting.org\/deutsch\/wp-json\/wp\/v2\/pages\/3222\/revisions"}],"predecessor-version":[{"id":9142,"href":"https:\/\/lefthander-consulting.org\/deutsch\/wp-json\/wp\/v2\/pages\/3222\/revisions\/9142"}],"up":[{"embeddable":true,"href":"https:\/\/lefthander-consulting.org\/deutsch\/wp-json\/wp\/v2\/pages\/63"}],"wp:attachment":[{"href":"https:\/\/lefthander-consulting.org\/deutsch\/wp-json\/wp\/v2\/media?parent=3222"}],"curies":[{"name":"wp","href":"https:\/\/api.w.org\/{rel}","templated":true}]}}