{"id":319,"date":"2018-07-19T10:36:17","date_gmt":"2018-07-19T08:36:17","guid":{"rendered":"https:\/\/lefthander-consulting.org\/?page_id=319"},"modified":"2025-08-15T14:34:43","modified_gmt":"2025-08-15T12:34:43","slug":"ueber-uns","status":"publish","type":"page","link":"https:\/\/lefthander-consulting.org\/deutsch\/ueber-uns\/","title":{"rendered":"\u00dcber uns"},"content":{"rendered":"<p><span style=\"font-family: helvetica, arial, sans-serif\">Die Beratungs- und Informationsstelle f\u00fcr Linksh\u00e4nder und umgeschulte Linksh\u00e4nder entstand 1985 als Selbsthilfeprojekt durch die Anfragen von betroffenen Eltern linksh\u00e4ndiger Kinder, umgeschulten Linksh\u00e4ndern und nicht umgeschulten Linksh\u00e4ndern nach Beratung und Hilfe im Zusammenhang mit einem Forschungsprojekt, in dem ehrenamtliche Fachmitarbeiter zusammen mit mehreren Universit\u00e4ten t\u00e4tig waren.<\/span><\/p>\n<p><span style=\"font-family: helvetica, arial, sans-serif\">Sehr bald meldeten sich auch Angeh\u00f6rige der verschiedensten Berufsgruppen, die mit Linksh\u00e4ndern zu tun haben und so kam es sehr schnell auch hier zu Fortbildungst\u00e4tigkeiten und dann zur Zusammenarbeit mit anderen Institutionen und Fachleuten.\u00a0<\/span><\/p>\n<p><span style=\"font-family: helvetica, arial, sans-serif\">Im August 1999 wurde der Name der Beratungsstelle zu \u201eErste deutsche Beratungs- und Informationsstelle f\u00fcr Linksh\u00e4nder und umgeschulte Linksh\u00e4nd<span style=\"color: #000000\">er\u201c erweitert und 2002 wurde die, vorher in einem anderen Verein eingebettete Beratungsstelle in einen eigenen gemeinn\u00fctzig anerkannten Verein umgewandelt, der sich intensiv f\u00fcr die Belange von Linksh\u00e4ndern und umgeschulten Linksh\u00e4ndern einsetzt.<\/span><\/span><\/p>\n","protected":false},"excerpt":{"rendered":"<p>Die Beratungs- und Informationsstelle f\u00fcr Linksh\u00e4nder und umgeschulte Linksh\u00e4nder entstand 1985 als Selbsthilfeprojekt durch die Anfragen von betroffenen Eltern linksh\u00e4ndiger Kinder, umgeschulten Linksh\u00e4ndern und nicht umgeschulten Linksh\u00e4ndern nach Beratung und Hilfe im Zusammenhang mit einem Forschungsprojekt, in dem ehrenamtliche Fachmitarbeiter zusammen mit mehreren Universit\u00e4ten t\u00e4tig waren. Sehr bald meldeten sich auch Angeh\u00f6rige der verschiedensten Berufsgruppen, die mit Linksh\u00e4ndern zu tun haben und so kam es sehr schnell auch hier zu Fortbildungst\u00e4tigkeiten und dann zur Zusammenarbeit mit anderen Institutionen und Fachleuten.\u00a0 Im August 1999 wurde der Name der Beratungsstelle zu \u201eErste deutsche Beratungs- und Informationsstelle f\u00fcr Linksh\u00e4nder und umgeschulte Linksh\u00e4nder\u201c erweitert und 2002 wurde die, vorher in einem anderen Verein eingebettete Beratungsstelle in einen eigenen gemeinn\u00fctzig anerkannten Verein umgewandelt, der sich intensiv f\u00fcr die Belange von Linksh\u00e4ndern und umgeschulten Linksh\u00e4ndern einsetzt.<\/p>\n","protected":false},"author":2,"featured_media":0,"parent":0,"menu_order":60,"comment_status":"closed","ping_status":"closed","template":"","meta":{"_cbd_carousel_blocks":"[]","footnotes":""},"class_list":["post-319","page","type-page","status-publish"],"_links":{"self":[{"href":"https:\/\/lefthander-consulting.org\/deutsch\/wp-json\/wp\/v2\/pages\/319","targetHints":{"allow":["GET"]}}],"collection":[{"href":"https:\/\/lefthander-consulting.org\/deutsch\/wp-json\/wp\/v2\/pages"}],"about":[{"href":"https:\/\/lefthander-consulting.org\/deutsch\/wp-json\/wp\/v2\/types\/page"}],"author":[{"embeddable":true,"href":"https:\/\/lefthander-consulting.org\/deutsch\/wp-json\/wp\/v2\/users\/2"}],"replies":[{"embeddable":true,"href":"https:\/\/lefthander-consulting.org\/deutsch\/wp-json\/wp\/v2\/comments?post=319"}],"version-history":[{"count":9,"href":"https:\/\/lefthander-consulting.org\/deutsch\/wp-json\/wp\/v2\/pages\/319\/revisions"}],"predecessor-version":[{"id":4369,"href":"https:\/\/lefthander-consulting.org\/deutsch\/wp-json\/wp\/v2\/pages\/319\/revisions\/4369"}],"wp:attachment":[{"href":"https:\/\/lefthander-consulting.org\/deutsch\/wp-json\/wp\/v2\/media?parent=319"}],"curies":[{"name":"wp","href":"https:\/\/api.w.org\/{rel}","templated":true}]}}