{"id":3169,"date":"2019-02-01T10:19:53","date_gmt":"2019-02-01T09:19:53","guid":{"rendered":"https:\/\/lefthander-consulting.org\/information\/spielzeug-fuer-linkshaendige-kinder\/auszeichnung-2002-2013\/spielzeugbegruendung-2011\/"},"modified":"2025-08-15T14:34:42","modified_gmt":"2025-08-15T12:34:42","slug":"spielzeugbegruendung-2011","status":"publish","type":"page","link":"https:\/\/lefthander-consulting.org\/deutsch\/information\/kindergartenalter\/spielzeug-fuer-linkshaendige-kinder\/auszeichnung-2002-2013\/spielzeugbegruendung-2011\/","title":{"rendered":"Spielzeugbegr\u00fcndung 2011"},"content":{"rendered":"<p>&nbsp;<\/p>\n<p><strong><img loading=\"lazy\" decoding=\"async\" class=\"alignleft wp-image-2809\" src=\"https:\/\/lefthander-consulting.org\/deutsch\/wp-content\/uploads\/2019\/01\/Logo-Pr\u00e4mierung-Spielzeug-des-Jahres-300x300.jpg\" alt=\"\" width=\"250\" height=\"250\" srcset=\"https:\/\/lefthander-consulting.org\/deutsch\/wp-content\/uploads\/2019\/01\/Logo-Pr\u00e4mierung-Spielzeug-des-Jahres-300x300.jpg 300w, https:\/\/lefthander-consulting.org\/deutsch\/wp-content\/uploads\/2019\/01\/Logo-Pr\u00e4mierung-Spielzeug-des-Jahres-150x150.jpg 150w, https:\/\/lefthander-consulting.org\/deutsch\/wp-content\/uploads\/2019\/01\/Logo-Pr\u00e4mierung-Spielzeug-des-Jahres.jpg 617w\" sizes=\"auto, (max-width: 250px) 100vw, 250px\" \/><\/strong><\/p>\n<p>&nbsp;<\/p>\n<p><strong><span style=\"font-size: 14pt\">Erste deutsche Beratungs- und Informationsstelle f\u00fcr<\/span> <\/strong><br \/>\n<span style=\"font-size: 14pt\"><strong>Linksh\u00e4nder und umgeschulte Linksh\u00e4nder e.V.<\/strong><\/span><br \/>\n<span style=\"font-size: 14pt\">Sendlinger Str. 17<\/span><br \/>\n<span style=\"font-size: 14pt\">80331 M\u00fcnchen<\/span><br \/>\n<span style=\"font-size: 14pt\">Tel.\/Fax 089 \/ 26 86 14<\/span><\/p>\n<p>&nbsp;<\/p>\n<p>&nbsp;<\/p>\n<p style=\"text-align: center\"><span style=\"font-size: 14pt\">Begr\u00fcndung der Auszeichnung<\/span><\/p>\n<p style=\"text-align: center\"><span style=\"font-size: 18pt\"><strong>Spielzeug f\u00fcr linksh\u00e4ndige Kinder des Jahres 2011<\/strong><\/span><\/p>\n<p style=\"text-align: center\"><span style=\"font-size: 14pt\">an das landwirtschaftliche Fahrzeug<\/span><\/p>\n<p style=\"text-align: center\"><span style=\"font-size: 16pt\"><strong>an das Gesellschaftsspiel <\/strong><strong>Knusperhexe<\/strong><\/span><\/p>\n<p>&nbsp;<\/p>\n<p style=\"text-align: center\"><span style=\"font-size: 14pt\"><strong>Ein verhextes Geschicklichkeitsspiel<\/strong><\/span><\/p>\n<p>Die HABA Habermaa\u00df GmbH in Bad Rodach hat mit den liebevoll gestalteten Karten des Spiels <em>Knusperhexe<\/em> nicht nur einen Augenschmaus in der Vorweihnachtszeit geschaffen, sondern das Spiel ist in Bezug auf seine Einsatzm\u00f6glichkeit in jeder anderen Jahreszeit spielbar. Das Geschicklichkeitsspiel <em>Knusperhexe<\/em> f\u00f6rdert neben dem Ged\u00e4chtnis auch die Schulung der Feinmotorik, insbesondere den Pinzettengriff, sowie Kraftdosierung beim herab Nehmen der Karten und Feinkoordination. Es wird auch die Auge-Hand-Koordination geschult. Die Spielm\u00f6glichkeiten sind h\u00e4ndigkeitsneutral und es werden weder linksh\u00e4ndige noch rechtsh\u00e4ndige Kinder bevorteilt.<\/p>\n<p style=\"text-align: center\"><span style=\"font-size: 14pt\">Deshalb verleihen wir der <strong>Firma HABA Habermaa\u00df GmbH<\/strong> <\/span><br \/>\n<span style=\"font-size: 14pt\">f\u00fcr ihr Gesellschaftsspiel <em>Knusperhexe<\/em> die Auszeichnung<\/span><\/p>\n<p style=\"text-align: center\"><span style=\"font-size: 14pt\"><strong>Spielzeug f\u00fcr linksh\u00e4ndige Kinder des Jahres 2011.<\/strong><\/span><\/p>\n<p><img loading=\"lazy\" decoding=\"async\" class=\"alignright wp-image-3188\" src=\"https:\/\/lefthander-consulting.org\/deutsch\/wp-content\/uploads\/2019\/02\/Knusperhexe-52-27.7.11-Foto-Sattler-300x200.jpg\" alt=\"\" width=\"180\" height=\"120\" srcset=\"https:\/\/lefthander-consulting.org\/deutsch\/wp-content\/uploads\/2019\/02\/Knusperhexe-52-27.7.11-Foto-Sattler-300x200.jpg 300w, https:\/\/lefthander-consulting.org\/deutsch\/wp-content\/uploads\/2019\/02\/Knusperhexe-52-27.7.11-Foto-Sattler-768x512.jpg 768w, https:\/\/lefthander-consulting.org\/deutsch\/wp-content\/uploads\/2019\/02\/Knusperhexe-52-27.7.11-Foto-Sattler-1024x683.jpg 1024w\" sizes=\"auto, (max-width: 180px) 100vw, 180px\" \/><\/p>\n<p><span style=\"font-size: 14pt\"><strong>Spielmaterial<br \/>\n<\/strong><\/span>Das Spiel besteht aus 5 Bonbons aus Holz, 10 Lebkuchenkarten, 36 Kekskarten. Mitbenutzt wird die Schachtel zum Aufbau des Lebkuchenh\u00e4uschens.<\/p>\n<p>&nbsp;<\/p>\n<p><img loading=\"lazy\" decoding=\"async\" class=\"alignright wp-image-3187\" src=\"https:\/\/lefthander-consulting.org\/deutsch\/wp-content\/uploads\/2019\/02\/Knusperhexe-50-27.7.11-Foto-Sattler-300x200.jpg\" alt=\"\" width=\"180\" height=\"120\" srcset=\"https:\/\/lefthander-consulting.org\/deutsch\/wp-content\/uploads\/2019\/02\/Knusperhexe-50-27.7.11-Foto-Sattler-300x200.jpg 300w, https:\/\/lefthander-consulting.org\/deutsch\/wp-content\/uploads\/2019\/02\/Knusperhexe-50-27.7.11-Foto-Sattler-768x512.jpg 768w, https:\/\/lefthander-consulting.org\/deutsch\/wp-content\/uploads\/2019\/02\/Knusperhexe-50-27.7.11-Foto-Sattler-1024x683.jpg 1024w\" sizes=\"auto, (max-width: 180px) 100vw, 180px\" \/><\/p>\n<p><span style=\"font-size: 14pt\"><strong>Alter<br \/>\n<\/strong><\/span>Das Spiel ist f\u00fcr 2-4 Spieler im Alter von 5 bis 99 Jahren geeignet.<\/p>\n<p>&nbsp;<\/p>\n<p><span style=\"font-size: 14pt\"><strong>Spielvorbereitung<br \/>\n<\/strong><\/span>Zu Beginn des Spiels wird der Schachtelboden in den Schachteldeckel gelegt und die Lebkuchenkarten in den entstandenen<img loading=\"lazy\" decoding=\"async\" class=\"alignright wp-image-3180\" src=\"https:\/\/lefthander-consulting.org\/deutsch\/wp-content\/uploads\/2019\/02\/Knusperhexe-15-26.7.11-Foto-Sattler-300x200.jpg\" alt=\"\" width=\"180\" height=\"120\" srcset=\"https:\/\/lefthander-consulting.org\/deutsch\/wp-content\/uploads\/2019\/02\/Knusperhexe-15-26.7.11-Foto-Sattler-300x200.jpg 300w, https:\/\/lefthander-consulting.org\/deutsch\/wp-content\/uploads\/2019\/02\/Knusperhexe-15-26.7.11-Foto-Sattler-768x512.jpg 768w, https:\/\/lefthander-consulting.org\/deutsch\/wp-content\/uploads\/2019\/02\/Knusperhexe-15-26.7.11-Foto-Sattler-1024x683.jpg 1024w\" sizes=\"auto, (max-width: 180px) 100vw, 180px\" \/> Zwischenraum gesteckt, so dass die W\u00e4nde eines Hauses entstehen. Bei diesen T\u00e4tigkeiten zur Vorbereitung des Spiels ist der Einsatz der rechten oder linken Hand nicht relevant. Die 36 quadratischen Karten werden anschlie\u00dfend mit der Keksseite nach oben als Dach daraufgelegt. Das k\u00f6nnen die Kinder selber ausprobieren, wie sie die Karten hinauf legen m\u00fcssen, damit diese nicht herunterfallen. Je j\u00fcnger die Kinder sind, umso \u00f6fter kommt das Prinzip des Versuch-Irrtum zum Einsatz. Bis sie entweder alleine oder mit einem Tipp von <img loading=\"lazy\" decoding=\"async\" class=\"alignright wp-image-3181\" src=\"https:\/\/lefthander-consulting.org\/deutsch\/wp-content\/uploads\/2019\/02\/Knusperhexe-25-26.7.11-Foto-Sattler-300x200.jpg\" alt=\"\" width=\"180\" height=\"120\" srcset=\"https:\/\/lefthander-consulting.org\/deutsch\/wp-content\/uploads\/2019\/02\/Knusperhexe-25-26.7.11-Foto-Sattler-300x200.jpg 300w, https:\/\/lefthander-consulting.org\/deutsch\/wp-content\/uploads\/2019\/02\/Knusperhexe-25-26.7.11-Foto-Sattler-768x512.jpg 768w, https:\/\/lefthander-consulting.org\/deutsch\/wp-content\/uploads\/2019\/02\/Knusperhexe-25-26.7.11-Foto-Sattler-1024x683.jpg 1024w\" sizes=\"auto, (max-width: 180px) 100vw, 180px\" \/>Seiten eines Erwachsenen, zu dem Schluss kommen, die Karten an den Ecken beginnend ringf\u00f6rmig nach innen aufzulegen.<\/p>\n<p><img loading=\"lazy\" decoding=\"async\" class=\"alignleft wp-image-3182\" src=\"https:\/\/lefthander-consulting.org\/deutsch\/wp-content\/uploads\/2019\/02\/Knusperhexe-37-19.7.11-Foto-Sattler-300x200.jpg\" alt=\"\" width=\"180\" height=\"120\" srcset=\"https:\/\/lefthander-consulting.org\/deutsch\/wp-content\/uploads\/2019\/02\/Knusperhexe-37-19.7.11-Foto-Sattler-300x200.jpg 300w, https:\/\/lefthander-consulting.org\/deutsch\/wp-content\/uploads\/2019\/02\/Knusperhexe-37-19.7.11-Foto-Sattler-768x512.jpg 768w, https:\/\/lefthander-consulting.org\/deutsch\/wp-content\/uploads\/2019\/02\/Knusperhexe-37-19.7.11-Foto-Sattler-1024x683.jpg 1024w\" sizes=\"auto, (max-width: 180px) 100vw, 180px\" \/><\/p>\n<p><span style=\"font-size: 14pt\"><strong>Spielverlauf<br \/>\n<\/strong><\/span>Wer an der Reihe ist, zieht eine Kekskarte vom Dach und legt sie umgedreht vor sich auf einen Stapel ab. Dabei wird die gezogene Karte mit der bereits vor sich liegenden Karte verglichen. Falls eine andere S\u00fc\u00dfigkeit als die bereits liegende Karte gezeigt wird, darf man diese behalten und auf den eigenen Stapel ablegen. Wenn die gleiche S\u00fc\u00dfigkeit abgebildet ist, muss der Spieler diese verdeckt zur\u00fcck aufs Dach legen. Die Spielrunde ist beendet, wenn die letzte Karte vom Dach genommen wurde <img loading=\"lazy\" decoding=\"async\" class=\"alignleft wp-image-3185\" src=\"https:\/\/lefthander-consulting.org\/deutsch\/wp-content\/uploads\/2019\/02\/Knusperhexe-42-19.7.11-Foto-Sattler-300x200.jpg\" alt=\"\" width=\"180\" height=\"120\" srcset=\"https:\/\/lefthander-consulting.org\/deutsch\/wp-content\/uploads\/2019\/02\/Knusperhexe-42-19.7.11-Foto-Sattler-300x200.jpg 300w, https:\/\/lefthander-consulting.org\/deutsch\/wp-content\/uploads\/2019\/02\/Knusperhexe-42-19.7.11-Foto-Sattler-768x512.jpg 768w, https:\/\/lefthander-consulting.org\/deutsch\/wp-content\/uploads\/2019\/02\/Knusperhexe-42-19.7.11-Foto-Sattler-1024x683.jpg 1024w\" sizes=\"auto, (max-width: 180px) 100vw, 180px\" \/>oder wenn es einst\u00fcrzt. Dann beginnt die Wertung: Alle Spieler (au\u00dfer dem, der das Dach zum Einsturz gebracht hat) z\u00e4hlen ihre Karten. Der Spieler mit den meisten Karten gewinnt die Runde. Bei Gleichstand gewinnt der Spieler, der die meisten Zuckerstangen hat. Der Rundengewinner erh\u00e4lt ein Bonbon aus dem Vorrat. Anschlie\u00dfend wird das Haus wieder aufgebaut und eine neue Runde beginnt. Das Spiel endet, sobald ein Spieler zwei Bonbons vor sich liegen hat. Dieser Spieler hat das Spiel gewonnen.<\/p>\n<p>&nbsp;<\/p>\n<p><span style=\"font-size: 14pt\"><strong>F\u00f6rderungsm\u00f6glichkeiten<br \/>\n<\/strong><\/span>Das Spiel <em>Knusperhexe<\/em> wird sehr oft von den Kindern in der Ergotherapiepraxis von Constanze K\u00f6tter ausgew\u00e4hlt und ist nach ihren Erfahrungen sehr gut f\u00fcr links- und rechtsh\u00e4ndige Kinder <img loading=\"lazy\" decoding=\"async\" class=\"alignright wp-image-3185\" src=\"https:\/\/lefthander-consulting.org\/deutsch\/wp-content\/uploads\/2019\/02\/Knusperhexe-42-19.7.11-Foto-Sattler-300x200.jpg\" alt=\"\" width=\"180\" height=\"120\" srcset=\"https:\/\/lefthander-consulting.org\/deutsch\/wp-content\/uploads\/2019\/02\/Knusperhexe-42-19.7.11-Foto-Sattler-300x200.jpg 300w, https:\/\/lefthander-consulting.org\/deutsch\/wp-content\/uploads\/2019\/02\/Knusperhexe-42-19.7.11-Foto-Sattler-768x512.jpg 768w, https:\/\/lefthander-consulting.org\/deutsch\/wp-content\/uploads\/2019\/02\/Knusperhexe-42-19.7.11-Foto-Sattler-1024x683.jpg 1024w\" sizes=\"auto, (max-width: 180px) 100vw, 180px\" \/>geeignet, da keine starren Vorgaben der Handhabung der Karten im Reglement vorlagen. Auch in den \u201eKindergruppen zur Schreibvorbereitung mit links\u201c in der <em>Ersten deutschen\u00a0 Beratungsstelle f\u00fcr Linksh\u00e4nder und umgeschulte <\/em><em>Linksh\u00e4nder<\/em> kam das Spiel sehr gut an.<\/p>\n<p>Gef\u00f6rdert werden besonders:<img loading=\"lazy\" decoding=\"async\" class=\"alignright wp-image-3183\" src=\"https:\/\/lefthander-consulting.org\/deutsch\/wp-content\/uploads\/2019\/02\/Knusperhexe-40-19.7.11-Foto-Sattler-300x200.jpg\" alt=\"\" width=\"180\" height=\"120\" srcset=\"https:\/\/lefthander-consulting.org\/deutsch\/wp-content\/uploads\/2019\/02\/Knusperhexe-40-19.7.11-Foto-Sattler-300x200.jpg 300w, https:\/\/lefthander-consulting.org\/deutsch\/wp-content\/uploads\/2019\/02\/Knusperhexe-40-19.7.11-Foto-Sattler-768x512.jpg 768w, https:\/\/lefthander-consulting.org\/deutsch\/wp-content\/uploads\/2019\/02\/Knusperhexe-40-19.7.11-Foto-Sattler-1024x683.jpg 1024w\" sizes=\"auto, (max-width: 180px) 100vw, 180px\" \/><\/p>\n<ul>\n<li>Feinmotorik mit Pinzettengriff und Fingeropposition<\/li>\n<li>Auge-Hand-Koordination<\/li>\n<li>Kraftdosierung und Feinkoordination<\/li>\n<li>Konzentration und Ausdauer<\/li>\n<li>Visuelle Wahrnehmung und optische Differenzierung <img loading=\"lazy\" decoding=\"async\" class=\"alignright wp-image-3186\" src=\"https:\/\/lefthander-consulting.org\/deutsch\/wp-content\/uploads\/2019\/02\/Knusperhexe-45-25.5.11-Foto-Sattler-300x200.jpg\" alt=\"\" width=\"180\" height=\"120\" srcset=\"https:\/\/lefthander-consulting.org\/deutsch\/wp-content\/uploads\/2019\/02\/Knusperhexe-45-25.5.11-Foto-Sattler-300x200.jpg 300w, https:\/\/lefthander-consulting.org\/deutsch\/wp-content\/uploads\/2019\/02\/Knusperhexe-45-25.5.11-Foto-Sattler-768x512.jpg 768w, https:\/\/lefthander-consulting.org\/deutsch\/wp-content\/uploads\/2019\/02\/Knusperhexe-45-25.5.11-Foto-Sattler-1024x683.jpg 1024w\" sizes=\"auto, (max-width: 180px) 100vw, 180px\" \/><\/li>\n<li>Der Mengenbegriff<\/li>\n<li>Frustrationstoleranz<\/li>\n<\/ul>\n<p>&nbsp;<\/p>\n<p><span style=\"font-size: 14pt\"><strong>Spielm\u00f6glichkeiten durch die linke und die rechte Hand<br \/>\n<\/strong><\/span>Dieses Spiel erscheint uns chancengleich sowohl f\u00fcr linksh\u00e4ndige- als auch f\u00fcr rechtsh\u00e4ndige Kinder gut geeignet. Jeder entscheidet selbst, welche Karte f\u00fcr ihn am g\u00fcnstigsten ist, um sie <img loading=\"lazy\" decoding=\"async\" class=\"alignright wp-image-3189\" src=\"https:\/\/lefthander-consulting.org\/deutsch\/wp-content\/uploads\/2019\/02\/Knusperhexe_4_19.7.11_Foto_Sattler-300x200.jpg\" alt=\"\" width=\"326\" height=\"217\" srcset=\"https:\/\/lefthander-consulting.org\/deutsch\/wp-content\/uploads\/2019\/02\/Knusperhexe_4_19.7.11_Foto_Sattler-300x200.jpg 300w, https:\/\/lefthander-consulting.org\/deutsch\/wp-content\/uploads\/2019\/02\/Knusperhexe_4_19.7.11_Foto_Sattler-768x512.jpg 768w, https:\/\/lefthander-consulting.org\/deutsch\/wp-content\/uploads\/2019\/02\/Knusperhexe_4_19.7.11_Foto_Sattler-1024x682.jpg 1024w, https:\/\/lefthander-consulting.org\/deutsch\/wp-content\/uploads\/2019\/02\/Knusperhexe_4_19.7.11_Foto_Sattler.jpg 1067w\" sizes=\"auto, (max-width: 326px) 100vw, 326px\" \/>herunter zu nehmen. Daher kommt das Spiel der H\u00e4ndigkeit entgegen und die dominante Hand wird be\u00fcbt und gef\u00f6rdert. Es besteht keine Benachteiligung f\u00fcr linksh\u00e4ndige Kinder.<br \/>\nEin kleiner Wermutstropfen verbirgt sich jedoch in der Gestaltung der Karte mit der T\u00fcr zum Hexenhaus. Diese erscheint uns nicht ganz gegl\u00fcckt. Die Zeichnung ist so gestaltet, dass zum \u00d6ffnen die rechte Hand benutzt werden m\u00fcsste. W\u00fcnschenswert w\u00e4re, dass auf der \u201eInnenseite\u201c der T\u00fcr die Klinke auf der anderen Seite w\u00e4re, wie bei einer echten T\u00fcr, so dass keine Benachteiligung f\u00fcr Rechts- oder Linksh\u00e4nder entsteht \u2013 auch nicht in der Abbildung, wie es in dem vorliegenden Fall geschehen ist. Die Fenster und die T\u00fcr werden von au\u00dfen dargestellt. Dabei f\u00e4llt auch aufmerksamen Kindern auf, dass der Blumentopf mit den S\u00fc\u00dfigkeiten auf dem \u00e4u\u00dferen Fensterbrett steht.<\/p>\n<p><em>Fazit<\/em>: Es ist ein nettes Spiel und es dauert nicht zu lange.<\/p>\n<p>&nbsp;<\/p>\n<p><span style=\"font-size: 14pt\"><strong>Adresse:<br \/>\n<\/strong><\/span>HABA &#8211; Erfinder f\u00fcr Kinder, Habermaa\u00df GmbH<br \/>\nAugust-Grosch-Str. 28-38, 96476 Bad Rodach<\/p>\n<p><a href=\"http:\/\/www.haba.de\/\">www.haba.de<\/a>, E-mail: <a href=\"mailto:m:habermaass@haba.de\">habermaass@haba.de<\/a><\/p>\n<p><strong>Fotos:<\/strong> Dr. Barbara Sattler<\/p>\n<p>Der <strong>Text<\/strong> basiert auf den Ausarbeitungen von <strong>Constanze K\u00f6tter <\/strong>in ihrem Referat in der Zusatzausbildung zur S-MH Linksh\u00e4nder-Beraterin und auf den R\u00fcckmeldungen der <strong>Teilnehmer am Seminar in Bamberg Mai 2011<\/strong>.<\/p>\n","protected":false},"excerpt":{"rendered":"<p>&nbsp; &nbsp; Erste deutsche Beratungs- und Informationsstelle f\u00fcr Linksh\u00e4nder und umgeschulte Linksh\u00e4nder e.V. Sendlinger Str. 17 80331 M\u00fcnchen Tel.\/Fax 089 \/ 26 86 14 &nbsp; &nbsp; Begr\u00fcndung der Auszeichnung Spielzeug f\u00fcr linksh\u00e4ndige Kinder des Jahres 2011 an das landwirtschaftliche Fahrzeug an das Gesellschaftsspiel Knusperhexe &nbsp; Ein verhextes Geschicklichkeitsspiel Die HABA Habermaa\u00df GmbH in Bad Rodach hat mit den liebevoll gestalteten Karten des Spiels Knusperhexe nicht nur einen Augenschmaus in der Vorweihnachtszeit geschaffen, sondern das Spiel ist in Bezug auf seine Einsatzm\u00f6glichkeit in jeder anderen Jahreszeit spielbar. Das Geschicklichkeitsspiel Knusperhexe f\u00f6rdert neben dem Ged\u00e4chtnis auch die Schulung der Feinmotorik, insbesondere den Pinzettengriff, sowie Kraftdosierung beim herab Nehmen der Karten und Feinkoordination. Es wird auch die Auge-Hand-Koordination geschult. Die Spielm\u00f6glichkeiten sind h\u00e4ndigkeitsneutral und es werden weder linksh\u00e4ndige noch rechtsh\u00e4ndige Kinder bevorteilt. Deshalb verleihen wir der Firma HABA Habermaa\u00df GmbH f\u00fcr ihr Gesellschaftsspiel Knusperhexe die Auszeichnung Spielzeug f\u00fcr linksh\u00e4ndige Kinder des Jahres 2011. Spielmaterial Das Spiel besteht &#8230; <a title=\"Spielzeugbegr\u00fcndung 2011\" class=\"read-more\" href=\"https:\/\/lefthander-consulting.org\/deutsch\/information\/kindergartenalter\/spielzeug-fuer-linkshaendige-kinder\/auszeichnung-2002-2013\/spielzeugbegruendung-2011\/\" aria-label=\"Mehr Informationen \u00fcber Spielzeugbegr\u00fcndung 2011\">Read more<\/a><\/p>\n","protected":false},"author":4,"featured_media":0,"parent":63,"menu_order":27,"comment_status":"closed","ping_status":"closed","template":"","meta":{"_cbd_carousel_blocks":"[]","footnotes":""},"class_list":["post-3169","page","type-page","status-publish"],"_links":{"self":[{"href":"https:\/\/lefthander-consulting.org\/deutsch\/wp-json\/wp\/v2\/pages\/3169","targetHints":{"allow":["GET"]}}],"collection":[{"href":"https:\/\/lefthander-consulting.org\/deutsch\/wp-json\/wp\/v2\/pages"}],"about":[{"href":"https:\/\/lefthander-consulting.org\/deutsch\/wp-json\/wp\/v2\/types\/page"}],"author":[{"embeddable":true,"href":"https:\/\/lefthander-consulting.org\/deutsch\/wp-json\/wp\/v2\/users\/4"}],"replies":[{"embeddable":true,"href":"https:\/\/lefthander-consulting.org\/deutsch\/wp-json\/wp\/v2\/comments?post=3169"}],"version-history":[{"count":41,"href":"https:\/\/lefthander-consulting.org\/deutsch\/wp-json\/wp\/v2\/pages\/3169\/revisions"}],"predecessor-version":[{"id":3221,"href":"https:\/\/lefthander-consulting.org\/deutsch\/wp-json\/wp\/v2\/pages\/3169\/revisions\/3221"}],"up":[{"embeddable":true,"href":"https:\/\/lefthander-consulting.org\/deutsch\/wp-json\/wp\/v2\/pages\/63"}],"wp:attachment":[{"href":"https:\/\/lefthander-consulting.org\/deutsch\/wp-json\/wp\/v2\/media?parent=3169"}],"curies":[{"name":"wp","href":"https:\/\/api.w.org\/{rel}","templated":true}]}}