{"id":31,"date":"2018-06-07T15:01:03","date_gmt":"2018-06-07T13:01:03","guid":{"rendered":"https:\/\/lefthander-consulting.org\/?page_id=31"},"modified":"2025-08-15T14:34:43","modified_gmt":"2025-08-15T12:34:43","slug":"entstehung","status":"publish","type":"page","link":"https:\/\/lefthander-consulting.org\/deutsch\/ueber-uns\/entstehung\/","title":{"rendered":"Entstehung"},"content":{"rendered":"<p><span style=\"font-size: 18pt\"><b><span style=\"font-size: 20pt\">der Beratungsstelle f\u00fcr Linksh\u00e4nder<\/span><br \/>\n<\/b><\/span><\/p>\n<p>Die Beratungs- und Informationsstelle f\u00fcr Linksh\u00e4nder und umgeschulte Linksh\u00e4nder entstand 1985 als Selbsthilfeprojekt durch die Anfragen von betroffenen Eltern linksh\u00e4ndiger Kinder, umgeschulten Linksh\u00e4ndern und nicht umgeschulten Linksh\u00e4ndern nach Beratung und Hilfe im Zusammenhang mit einem Forschungsprojekt, in dem ehrenamtliche Fachmitarbeiter zusammen mit mehreren Universit\u00e4ten t\u00e4tig waren.<\/p>\n<p>Sehr bald meldeten sich auch Angeh\u00f6rige der verschiedensten Berufsgruppen, die mit Linksh\u00e4ndern zu tun haben und so kam es sehr schnell auch hier zu Fortbildungst\u00e4tigkeiten und dann zur Zusammenarbeit mit anderen Institutionen und Fachleuten. Bereits in den 1980er Jahren wurden Vortr\u00e4ge und Seminare f\u00fcr diese Berufsgruppen gehalten. Ende der 1990er Jahre entstand daraus die Zusatzausbildung zum\/zur zertifizierten Linksh\u00e4nder-BeraterIn.<\/p>\n<p>Die Beratungsstelle wurde zun\u00e4chst durch Zuwendungen aus der Selbsthilfef\u00f6rderung und nach zwei Jahren durch Regelf\u00f6rderung und Spenden finanziert. Hinweise zur Entstehung, Entwicklung und Geschichte der Beratungsstelle finden sich auch in dem Buch<br \/>\n&#8222;<a href=\"https:\/\/lefthander-consulting.org\/deutsch\/information\/literatur\/links-und-rechts-in-der-wahrnehmung-des-menschen\/\">Links und Rechts in der Wahrnehmung des Menschen. Zur Geschichte der Linksh\u00e4ndigkeit<\/a>&#8220; S. 20 f. und S. 375-401.<\/p>\n<p>Im August 1999 wurde der Name erweitert zu &#8222;Erste deutsche Beratungs- und Informationsstelle f\u00fcr Linksh\u00e4nder und umgeschulte Linksh\u00e4nder&#8220; erweitert und 2002 wurde die, vorher in einem anderen Verein eingebettete Beratungsstelle in einen eigenen gemeinn\u00fctzig anerkannten Verein umgewandelt, der sich intensiv f\u00fcr die Belange von Linksh\u00e4ndern und umgeschulten Linksh\u00e4ndern einsetzt.<\/p>\n<p>Ziel der Beratungsstelle ist die F\u00f6rderung der Erziehung, der Volks- und Berufsbildung und die F\u00f6rderung von Verbraucherberatung auf dem Gebiet der H\u00e4ndigkeit. Der Verein arbeitet auf der Basis von Grundlagenforschungen, insbesondere der von Dr. Johanna Barbara Sattler und verfolgt und f\u00f6rdert diesen methodischen Ansatz.<\/p>\n<p>Dabei ist die Beratungsstelle auf Spendengelder angewiesen, um diese Aufgaben zu erhalten und zu erweitern, wie zum Beispiel: Zugang zu Informationen zur H\u00e4ndigkeit, \u00d6ffentlichkeitsarbeit, Verbraucherberatung, Netzwerk zwischen Eltern linksh\u00e4ndiger Kinder, umgeschulter Linksh\u00e4nder und zwischen Berufsgruppen wie Therapeuten, P\u00e4dagogen und \u00c4rzten.<\/p>\n<p>Es geht darum, Menschen jeden Alters vor Umschulung und deren negativen Folgen zu bewahren und eine Chancengleichheit in Schule, Ausbildung und Arbeitsplatz zu erreichen.<\/p>\n","protected":false},"excerpt":{"rendered":"<p>der Beratungsstelle f\u00fcr Linksh\u00e4nder Die Beratungs- und Informationsstelle f\u00fcr Linksh\u00e4nder und umgeschulte Linksh\u00e4nder entstand 1985 als Selbsthilfeprojekt durch die Anfragen von betroffenen Eltern linksh\u00e4ndiger Kinder, umgeschulten Linksh\u00e4ndern und nicht umgeschulten Linksh\u00e4ndern nach Beratung und Hilfe im Zusammenhang mit einem Forschungsprojekt, in dem ehrenamtliche Fachmitarbeiter zusammen mit mehreren Universit\u00e4ten t\u00e4tig waren. Sehr bald meldeten sich auch Angeh\u00f6rige der verschiedensten Berufsgruppen, die mit Linksh\u00e4ndern zu tun haben und so kam es sehr schnell auch hier zu Fortbildungst\u00e4tigkeiten und dann zur Zusammenarbeit mit anderen Institutionen und Fachleuten. Bereits in den 1980er Jahren wurden Vortr\u00e4ge und Seminare f\u00fcr diese Berufsgruppen gehalten. Ende der 1990er Jahre entstand daraus die Zusatzausbildung zum\/zur zertifizierten Linksh\u00e4nder-BeraterIn. Die Beratungsstelle wurde zun\u00e4chst durch Zuwendungen aus der Selbsthilfef\u00f6rderung und nach zwei Jahren durch Regelf\u00f6rderung und Spenden finanziert. Hinweise zur Entstehung, Entwicklung und Geschichte der Beratungsstelle finden sich auch in dem Buch &#8222;Links und Rechts in der Wahrnehmung des Menschen. Zur Geschichte der Linksh\u00e4ndigkeit&#8220; S. 20 &#8230; <a title=\"Entstehung\" class=\"read-more\" href=\"https:\/\/lefthander-consulting.org\/deutsch\/ueber-uns\/entstehung\/\" aria-label=\"Mehr Informationen \u00fcber Entstehung\">Read more<\/a><\/p>\n","protected":false},"author":1,"featured_media":0,"parent":319,"menu_order":61,"comment_status":"closed","ping_status":"closed","template":"","meta":{"_cbd_carousel_blocks":"[]","footnotes":""},"class_list":["post-31","page","type-page","status-publish"],"_links":{"self":[{"href":"https:\/\/lefthander-consulting.org\/deutsch\/wp-json\/wp\/v2\/pages\/31","targetHints":{"allow":["GET"]}}],"collection":[{"href":"https:\/\/lefthander-consulting.org\/deutsch\/wp-json\/wp\/v2\/pages"}],"about":[{"href":"https:\/\/lefthander-consulting.org\/deutsch\/wp-json\/wp\/v2\/types\/page"}],"author":[{"embeddable":true,"href":"https:\/\/lefthander-consulting.org\/deutsch\/wp-json\/wp\/v2\/users\/1"}],"replies":[{"embeddable":true,"href":"https:\/\/lefthander-consulting.org\/deutsch\/wp-json\/wp\/v2\/comments?post=31"}],"version-history":[{"count":8,"href":"https:\/\/lefthander-consulting.org\/deutsch\/wp-json\/wp\/v2\/pages\/31\/revisions"}],"predecessor-version":[{"id":4382,"href":"https:\/\/lefthander-consulting.org\/deutsch\/wp-json\/wp\/v2\/pages\/31\/revisions\/4382"}],"up":[{"embeddable":true,"href":"https:\/\/lefthander-consulting.org\/deutsch\/wp-json\/wp\/v2\/pages\/319"}],"wp:attachment":[{"href":"https:\/\/lefthander-consulting.org\/deutsch\/wp-json\/wp\/v2\/media?parent=31"}],"curies":[{"name":"wp","href":"https:\/\/api.w.org\/{rel}","templated":true}]}}