{"id":3066,"date":"2019-01-31T11:11:42","date_gmt":"2019-01-31T10:11:42","guid":{"rendered":"https:\/\/lefthander-consulting.org\/information\/spielzeug-fuer-linkshaendige-kinder\/auszeichnung-2002-2013\/spielzeugbegrundung-2010\/"},"modified":"2025-08-15T14:34:42","modified_gmt":"2025-08-15T12:34:42","slug":"spielzeugbegrundung-2010","status":"publish","type":"page","link":"https:\/\/lefthander-consulting.org\/deutsch\/information\/kindergartenalter\/spielzeug-fuer-linkshaendige-kinder\/auszeichnung-2002-2013\/spielzeugbegrundung-2010\/","title":{"rendered":"Spielzeugbegr\u00fcndung 2010"},"content":{"rendered":"<p>&nbsp;<\/p>\n<p><strong><img loading=\"lazy\" decoding=\"async\" class=\"alignleft wp-image-2809\" src=\"https:\/\/lefthander-consulting.org\/deutsch\/wp-content\/uploads\/2019\/01\/Logo-Pr\u00e4mierung-Spielzeug-des-Jahres-300x300.jpg\" alt=\"\" width=\"250\" height=\"250\" srcset=\"https:\/\/lefthander-consulting.org\/deutsch\/wp-content\/uploads\/2019\/01\/Logo-Pr\u00e4mierung-Spielzeug-des-Jahres-300x300.jpg 300w, https:\/\/lefthander-consulting.org\/deutsch\/wp-content\/uploads\/2019\/01\/Logo-Pr\u00e4mierung-Spielzeug-des-Jahres-150x150.jpg 150w, https:\/\/lefthander-consulting.org\/deutsch\/wp-content\/uploads\/2019\/01\/Logo-Pr\u00e4mierung-Spielzeug-des-Jahres.jpg 617w\" sizes=\"auto, (max-width: 250px) 100vw, 250px\" \/><\/strong><\/p>\n<p>&nbsp;<\/p>\n<p><span style=\"font-size: 14pt\"><strong>Erste deutsche Beratungs- und Informationsstelle f\u00fcr <\/strong><\/span><br \/>\n<span style=\"font-size: 14pt\"><strong>Linksh\u00e4nder und umgeschulte Linksh\u00e4nder e.V.<\/strong><\/span><br \/>\n<span style=\"font-size: 14pt\">Sendlinger Str. 17<\/span><br \/>\n<span style=\"font-size: 14pt\">80331 M\u00fcnchen<\/span><br \/>\n<span style=\"font-size: 14pt\">Tel.\/Fax 089 \/ 26 86 14<\/span><\/p>\n<p>&nbsp;<\/p>\n<p>&nbsp;<\/p>\n<p style=\"text-align: center\"><span style=\"font-size: 14pt\">Begr\u00fcndung der Auszeichnung<\/span><\/p>\n<p style=\"text-align: center\"><span style=\"font-size: 18pt\"><strong>Spielzeug f\u00fcr linksh\u00e4ndige Kinder des Jahres 2010<\/strong><\/span><\/p>\n<p style=\"text-align: center\"><span style=\"font-size: 16pt\">an die Kellner Steckfiguren\u00a0<\/span><\/p>\n<p>&nbsp;<\/p>\n<p><span style=\"font-size: 14pt\"><strong>Ein traditionsreiches Spielzeug neu entdeckt<\/strong><\/span><\/p>\n<p><strong><u><img loading=\"lazy\" decoding=\"async\" class=\"alignright wp-image-3081\" src=\"https:\/\/lefthander-consulting.org\/deutsch\/wp-content\/uploads\/2019\/01\/kellner.steckfiguren-103-300x225.jpg\" alt=\"\" width=\"233\" height=\"175\" srcset=\"https:\/\/lefthander-consulting.org\/deutsch\/wp-content\/uploads\/2019\/01\/kellner.steckfiguren-103-300x225.jpg 300w, https:\/\/lefthander-consulting.org\/deutsch\/wp-content\/uploads\/2019\/01\/kellner.steckfiguren-103.jpg 456w\" sizes=\"auto, (max-width: 233px) 100vw, 233px\" \/><\/u><\/strong><\/p>\n<p>Die Firma wurde 1919 von Georg Kellner in Leipzig gegr\u00fcndet. Zun\u00e4chst stellte die Firma Baus\u00e4tze f\u00fcr Spielzeugboote und \u2013flugzeuge her. Diese fanden sogar ihren Weg in den Werkunterricht an Schulen.<\/p>\n<p>Ende der 20er Jahre erfand Georg Kellner eine elastische und l\u00f6sbare Gummiverbindung (die so genannten Jummis), um Holzbausteine miteinander zu verbinden. Die ersten Kellner Steckfiguren waren geboren und hielten Einzug in die Kinderzimmer. Der Firmengr\u00fcnder meldete daraufhin ein Patent auf die Jummis an. Erste Baus\u00e4tze wie \u201eFamilie \u00dcbermut\u201c und \u201eG\u00e4rtner Tulpe\u201c entstanden. <img loading=\"lazy\" decoding=\"async\" class=\"alignright wp-image-3083\" src=\"https:\/\/lefthander-consulting.org\/deutsch\/wp-content\/uploads\/2019\/01\/kellner.steckfiguren-105-300x225.jpg\" alt=\"\" width=\"233\" height=\"175\" srcset=\"https:\/\/lefthander-consulting.org\/deutsch\/wp-content\/uploads\/2019\/01\/kellner.steckfiguren-105-300x225.jpg 300w, https:\/\/lefthander-consulting.org\/deutsch\/wp-content\/uploads\/2019\/01\/kellner.steckfiguren-105.jpg 456w\" sizes=\"auto, (max-width: 233px) 100vw, 233px\" \/><\/p>\n<p>Die Firma verlagerte 1934 ihren Sitz nach Tabarz in Th\u00fcringen und erweiterte ihr Sortiment um verschiedene Spielwaren.<\/p>\n<p>In den 60er Jahren ver\u00e4nderte die Entwicklung von Kunststoffen die Kellner Steckfiguren. Die einzelnen Bauteile wurden von da an bis 1990 aus Plastik gefertigt.<\/p>\n<p>Zur Zeit der DDR wurde die Firma verstaatlicht und in VEB Plastspielwaren, dann in VEB Biggi umbenannt, bevor 1990 das Aus kam.<\/p>\n<p>1992 bot sich dann dem Enkel des Firmengr\u00fcnders die Gelegenheit, die Firma und damit das Erbe seines Gro\u00dfvaters, zur\u00fcck zu kaufen. Hans Georg Kellner baute die Firma wieder auf und gab den Steckfiguren ihren alten Charakter, den aus Holz, zur\u00fcck. Seit 1994 fertigt die Firma wieder die Kellner Steckfiguren und hat sich dabei auf den Grundsatz des Firmengr\u00fcnders besonnen: Mit Leidenschaft Spielzeug f\u00fcr Kinder herzustellen.<\/p>\n<p><strong><span style=\"font-size: 14pt\">Kellner Steckfiguren und das Material<br \/>\n<\/span><\/strong>Die heutigen Hersteller der Kellner Steckfiguren haben sich auf den nat\u00fcrlichen Werkstoff Holz besonnen und die \u00c4ra der Kellner Steckfiguren aus Plastik weit hinter sich gelassen.<\/p>\n<p>Die Kellner Steckfiguren bestehen heutzutage aus bunt lackierten Holzteilen, die mit Hilfe von Jummis (elastische Gummis) zusammengebaut werden. Die Jummis werden aus lebensmittelechtem Plastik gefertigt, dem einzigen Kunststoff bei den Baus\u00e4tzen.<\/p>\n<p>Die Holzteile bestechen durch eine sauber gearbeitete Oberfl\u00e4che, formsch\u00f6n gestaltete Teile, farblich ansprechende Lackierungen und durch eine gro\u00dfe<br \/>\nSchlichtheit. Erg\u00e4nzt wird der Werkstoff Holz durch Sisal, Hanf, Filz und andere nat\u00fcrlichen Materialien.<\/p>\n<p>Die Steckteile aus Holz werden aus heimischem Buchenholz in Handarbeit gefertigt. Auch die Holzk\u00f6pfe bekommen ihren Charakter in Handarbeit verliehen, leichte Abweichungen in der<\/p>\n<p>Herstellung unterstreichen dabei die aufwendige Produktion.<\/p>\n<p><img loading=\"lazy\" decoding=\"async\" class=\"size-medium wp-image-3075 alignleft\" src=\"https:\/\/lefthander-consulting.org\/deutsch\/wp-content\/uploads\/2019\/01\/kellner.steckfiguren-073-300x225.jpg\" alt=\"\" width=\"300\" height=\"225\" srcset=\"https:\/\/lefthander-consulting.org\/deutsch\/wp-content\/uploads\/2019\/01\/kellner.steckfiguren-073-300x225.jpg 300w, https:\/\/lefthander-consulting.org\/deutsch\/wp-content\/uploads\/2019\/01\/kellner.steckfiguren-073.jpg 456w\" sizes=\"auto, (max-width: 300px) 100vw, 300px\" \/><\/p>\n<p><img loading=\"lazy\" decoding=\"async\" class=\"size-medium wp-image-3088\" src=\"https:\/\/lefthander-consulting.org\/deutsch\/wp-content\/uploads\/2019\/01\/kellner.steckfiguren-126-300x225.jpg\" alt=\"\" width=\"300\" height=\"225\" srcset=\"https:\/\/lefthander-consulting.org\/deutsch\/wp-content\/uploads\/2019\/01\/kellner.steckfiguren-126-300x225.jpg 300w, https:\/\/lefthander-consulting.org\/deutsch\/wp-content\/uploads\/2019\/01\/kellner.steckfiguren-126.jpg 456w\" sizes=\"auto, (max-width: 300px) 100vw, 300px\" \/><\/p>\n<p>Die Jummis\u00a0\u00a0\u00a0\u00a0\u00a0\u00a0\u00a0\u00a0\u00a0\u00a0\u00a0\u00a0\u00a0\u00a0\u00a0\u00a0\u00a0\u00a0\u00a0\u00a0\u00a0\u00a0\u00a0\u00a0\u00a0\u00a0\u00a0\u00a0\u00a0\u00a0\u00a0\u00a0\u00a0\u00a0\u00a0\u00a0\u00a0\u00a0\u00a0\u00a0 \u00a0 \u00a0 \u00a0 \u00a0 \u00a0 \u00a0 \u00a0 \u00a0 \u00a0\u00a0 Einige Beispiele f\u00fcr die Holzteile<\/p>\n<p><span style=\"font-size: 14pt\"><strong>Kellner Steckfiguren und das Alter der Kinder<br \/>\n<\/strong><\/span>Die Hersteller geben auf jeder Schachtel und im Internet an, dass die Baus\u00e4tze f\u00fcr Kinder ab 3 Jahren sind. Das liegt an den Jummis, die von kleinen Kindern verschluckt werden k\u00f6nnten.<\/p>\n<p><span style=\"font-size: 14pt\"><strong>Das Besondere an den Kellner Steckfiguren<br \/>\n<\/strong><\/span><em>Sie sind liebevoll gestaltet<\/em>: Kellner Steckfiguren werden in Tabarz in Th\u00fcringen in Handarbeit gefertigt. Die Produktion wurde nicht ins Ausland verlagert, sondern kontinuierlich an dem Standort <img loading=\"lazy\" decoding=\"async\" class=\"alignright wp-image-3085\" src=\"https:\/\/lefthander-consulting.org\/deutsch\/wp-content\/uploads\/2019\/01\/kellner.steckfiguren-112-300x225.jpg\" alt=\"\" width=\"233\" height=\"175\" srcset=\"https:\/\/lefthander-consulting.org\/deutsch\/wp-content\/uploads\/2019\/01\/kellner.steckfiguren-112-300x225.jpg 300w, https:\/\/lefthander-consulting.org\/deutsch\/wp-content\/uploads\/2019\/01\/kellner.steckfiguren-112.jpg 456w\" sizes=\"auto, (max-width: 233px) 100vw, 233px\" \/>ausgebaut. Die verwendeten Farben und Lacke sind umweltvertr\u00e4glich und auf den Charakter der Figuren abgestimmt.<\/p>\n<p><em>Sie machen gute Laune<\/em>: \u00a0 Die schlichten Holzbauteile f\u00fcr Oberk\u00f6rper, Arme und Beine werden durch phantasievolle Holzk\u00f6pfe erg\u00e4nzt. Dadurch bekommen die Figuren eine Pers\u00f6nlichkeit und regen die Spielfreude des Kindes an. Die Gestaltung der Holzk\u00f6pfe erinnert an Clowns, an Zirkus, an Tiere und dennoch lassen sie gen\u00fcgend Raum f\u00fcr eigene Phantasien.<\/p>\n<p><img loading=\"lazy\" decoding=\"async\" class=\"alignright wp-image-3086\" src=\"https:\/\/lefthander-consulting.org\/deutsch\/wp-content\/uploads\/2019\/01\/kellner.steckfiguren-114-300x225.jpg\" alt=\"\" width=\"233\" height=\"175\" srcset=\"https:\/\/lefthander-consulting.org\/deutsch\/wp-content\/uploads\/2019\/01\/kellner.steckfiguren-114-300x225.jpg 300w, https:\/\/lefthander-consulting.org\/deutsch\/wp-content\/uploads\/2019\/01\/kellner.steckfiguren-114.jpg 456w\" sizes=\"auto, (max-width: 233px) 100vw, 233px\" \/><\/p>\n<p><em>Sie f\u00f6rdern<\/em><strong>:<\/strong> Kellner Steckfiguren f\u00f6rdern neben der Kreativit\u00e4t und der Phantasie vor allem die Feinmotorik und den Tastsinn. Das Stecken der Jummis in die Holzteile f\u00f6rdert die Hand-Auge-Koordination und die motorischen Fertigkeiten des Kindes.<br \/>\nDurch die Elastizit\u00e4t der Jummis lassen sich die K\u00f6rperteile der Figuren bewegen, das Rollenspiel kann beginnen.<\/p>\n<p><img loading=\"lazy\" decoding=\"async\" class=\"size-medium wp-image-3087 alignleft\" src=\"https:\/\/lefthander-consulting.org\/deutsch\/wp-content\/uploads\/2019\/01\/kellner.steckfiguren-115-300x225.jpg\" alt=\"\" width=\"300\" height=\"225\" srcset=\"https:\/\/lefthander-consulting.org\/deutsch\/wp-content\/uploads\/2019\/01\/kellner.steckfiguren-115-300x225.jpg 300w, https:\/\/lefthander-consulting.org\/deutsch\/wp-content\/uploads\/2019\/01\/kellner.steckfiguren-115.jpg 456w\" sizes=\"auto, (max-width: 300px) 100vw, 300px\" \/><\/p>\n<p><img loading=\"lazy\" decoding=\"async\" class=\"size-medium wp-image-3091 alignleft\" src=\"https:\/\/lefthander-consulting.org\/deutsch\/wp-content\/uploads\/2019\/01\/kellner.steckfiguren-137-300x225.jpg\" alt=\"\" width=\"300\" height=\"225\" srcset=\"https:\/\/lefthander-consulting.org\/deutsch\/wp-content\/uploads\/2019\/01\/kellner.steckfiguren-137-300x225.jpg 300w, https:\/\/lefthander-consulting.org\/deutsch\/wp-content\/uploads\/2019\/01\/kellner.steckfiguren-137.jpg 456w\" sizes=\"auto, (max-width: 300px) 100vw, 300px\" \/><\/p>\n<p>&nbsp;<\/p>\n<p>&nbsp;<\/p>\n<p>&nbsp;<\/p>\n<p>&nbsp;<\/p>\n<p>&nbsp;<\/p>\n<p><span style=\"font-size: 14pt\"><strong>Kellner Steckfiguren und das linksh\u00e4ndige Kind<br \/>\n<\/strong><\/span>Die Kellner Steckfiguren sind durchweg gleichseitig gestaltet. Alle Vertiefungen f\u00fcr die Jummis sind so platziert, dass keine H\u00e4ndigkeit bevorzugt wird und ein spontanes Greifen des Kindes nach den Bauteilen gegeben ist. Das fl\u00fcssige Zusammenstecken der Teile ist durch die mittige Lage der Vertiefungen an den Holzteilen problemlos m\u00f6glich.<br \/>\nAuch die besonders gestalteten Holzk\u00f6pfe der Figuren bevorzugen keine Seite. Der Kopf ist grunds\u00e4tzlich gleichf\u00f6rmig gestaltet, ebenso die Gesichtsz\u00fcge der K\u00f6pfe.<\/p>\n<p><img loading=\"lazy\" decoding=\"async\" class=\"size-medium wp-image-3089 alignleft\" src=\"https:\/\/lefthander-consulting.org\/deutsch\/wp-content\/uploads\/2019\/01\/kellner.steckfiguren-130-300x225.jpg\" alt=\"\" width=\"300\" height=\"225\" srcset=\"https:\/\/lefthander-consulting.org\/deutsch\/wp-content\/uploads\/2019\/01\/kellner.steckfiguren-130-300x225.jpg 300w, https:\/\/lefthander-consulting.org\/deutsch\/wp-content\/uploads\/2019\/01\/kellner.steckfiguren-130.jpg 456w\" sizes=\"auto, (max-width: 300px) 100vw, 300px\" \/> <img loading=\"lazy\" decoding=\"async\" class=\"size-medium wp-image-3090 alignleft\" src=\"https:\/\/lefthander-consulting.org\/deutsch\/wp-content\/uploads\/2019\/01\/kellner.steckfiguren-135-300x225.jpg\" alt=\"\" width=\"300\" height=\"225\" srcset=\"https:\/\/lefthander-consulting.org\/deutsch\/wp-content\/uploads\/2019\/01\/kellner.steckfiguren-135-300x225.jpg 300w, https:\/\/lefthander-consulting.org\/deutsch\/wp-content\/uploads\/2019\/01\/kellner.steckfiguren-135.jpg 456w\" sizes=\"auto, (max-width: 300px) 100vw, 300px\" \/> <img loading=\"lazy\" decoding=\"async\" class=\"size-medium wp-image-3084 alignleft\" src=\"https:\/\/lefthander-consulting.org\/deutsch\/wp-content\/uploads\/2019\/01\/kellner.steckfiguren-111-300x225.jpg\" alt=\"\" width=\"300\" height=\"225\" srcset=\"https:\/\/lefthander-consulting.org\/deutsch\/wp-content\/uploads\/2019\/01\/kellner.steckfiguren-111-300x225.jpg 300w, https:\/\/lefthander-consulting.org\/deutsch\/wp-content\/uploads\/2019\/01\/kellner.steckfiguren-111.jpg 456w\" sizes=\"auto, (max-width: 300px) 100vw, 300px\" \/><\/p>\n<p>&nbsp;<\/p>\n<p>&nbsp;<\/p>\n<p>&nbsp;<\/p>\n<p>&nbsp;<\/p>\n<p>&nbsp;<\/p>\n<p><strong><span style=\"font-size: 14pt\">Begr\u00fcndung der Auszeichnung Spielzeug f\u00fcr linksh\u00e4ndige Kinder des Jahres 2010 an die Kellner Steckfiguren<br \/>\n<\/span><\/strong>Mit den Kellner Steckfiguren lassen sich phantasievolle Spielfiguren aller Art zusammenbauen, die im besonderen Ma\u00dfe die Feinmotorik und die Kreativit\u00e4t f\u00f6rdern. Kellner Steckfiguren ist Spielzeug f\u00fcr Kinder von 3 \u2013 99 und so mancher Erwachsener aus der ehemaligen DDR entdeckt das Spielzeug seiner Kindheit wieder.<\/p>\n<p>Kellner Steckfiguren sind absolut h\u00e4ndigkeitsneutral und somit sowohl f\u00fcr Linksh\u00e4nder als auch Rechtsh\u00e4nder geeignet. Dieses wird besonders an den unterschiedlichen K\u00f6pfen, die die einfachen Holzsteckteile perfekt erg\u00e4nzen, deutlich. Die K\u00f6pfe sind gleichf\u00f6rmig gestaltet und Augen, Ohren und Mund sind auf der linken und rechten Seite identisch angebracht bzw. gestaltet.<\/p>\n<p>Durch die Steckverbindung der Holzteile mit den Jummis lassen sich st\u00e4ndig neue Figuren und Fahrzeuge bauen. Sie k\u00f6nnen im Spiel ver\u00e4ndert und der neuen Spielsituation angepasst werden.<br \/>\nDurch die Gestaltung der Figurenk\u00f6pfe haben die Kellner Steckfiguren ebenso einen hohen dekorativen Wert und sie bereichern optisch jedes Kinderzimmer.<\/p>\n<p><img loading=\"lazy\" decoding=\"async\" class=\"alignleft wp-image-3076\" src=\"https:\/\/lefthander-consulting.org\/deutsch\/wp-content\/uploads\/2019\/01\/kellner.steckfiguren-076-300x225.jpg\" alt=\"\" width=\"233\" height=\"175\" srcset=\"https:\/\/lefthander-consulting.org\/deutsch\/wp-content\/uploads\/2019\/01\/kellner.steckfiguren-076-300x225.jpg 300w, https:\/\/lefthander-consulting.org\/deutsch\/wp-content\/uploads\/2019\/01\/kellner.steckfiguren-076.jpg 456w\" sizes=\"auto, (max-width: 233px) 100vw, 233px\" \/> <img loading=\"lazy\" decoding=\"async\" class=\"alignleft wp-image-3077\" src=\"https:\/\/lefthander-consulting.org\/deutsch\/wp-content\/uploads\/2019\/01\/kellner.steckfiguren-081-300x160.jpg\" alt=\"\" width=\"328\" height=\"175\" srcset=\"https:\/\/lefthander-consulting.org\/deutsch\/wp-content\/uploads\/2019\/01\/kellner.steckfiguren-081-300x160.jpg 300w, https:\/\/lefthander-consulting.org\/deutsch\/wp-content\/uploads\/2019\/01\/kellner.steckfiguren-081.jpg 456w\" sizes=\"auto, (max-width: 328px) 100vw, 328px\" \/> <img loading=\"lazy\" decoding=\"async\" class=\"alignleft wp-image-3078\" src=\"https:\/\/lefthander-consulting.org\/deutsch\/wp-content\/uploads\/2019\/01\/kellner.steckfiguren-087-160x300.jpg\" alt=\"\" width=\"133\" height=\"250\" srcset=\"https:\/\/lefthander-consulting.org\/deutsch\/wp-content\/uploads\/2019\/01\/kellner.steckfiguren-087-160x300.jpg 160w, https:\/\/lefthander-consulting.org\/deutsch\/wp-content\/uploads\/2019\/01\/kellner.steckfiguren-087.jpg 243w\" sizes=\"auto, (max-width: 133px) 100vw, 133px\" \/> <img loading=\"lazy\" decoding=\"async\" class=\"alignleft wp-image-3079\" src=\"https:\/\/lefthander-consulting.org\/deutsch\/wp-content\/uploads\/2019\/01\/kellner.steckfiguren-093-225x300.jpg\" alt=\"\" width=\"188\" height=\"250\" srcset=\"https:\/\/lefthander-consulting.org\/deutsch\/wp-content\/uploads\/2019\/01\/kellner.steckfiguren-093-225x300.jpg 225w, https:\/\/lefthander-consulting.org\/deutsch\/wp-content\/uploads\/2019\/01\/kellner.steckfiguren-093.jpg 342w\" sizes=\"auto, (max-width: 188px) 100vw, 188px\" \/><\/p>\n<p>&nbsp;<\/p>\n<p>&nbsp;<\/p>\n<p>&nbsp;<\/p>\n<p>&nbsp;<\/p>\n<p>&nbsp;<\/p>\n<p>&nbsp;<\/p>\n<p><span style=\"font-size: 14pt\"><strong>Fazit:<br \/>\n<\/strong><\/span>Erich K\u00e4stner hat einmal gesagt: \u201eDie meisten Menschen legen ihre Kindheit ab wie einen alten Hut. Sie vergessen sie wie eine Telefonnummer, die nicht mehr gilt. Fr\u00fcher waren sie Kinder, dann wurden sie erwachsen, aber was sind sie nun? Nur wer erwachsen wird und ein Kind bleibt, ist ein Mensch.\u201c<\/p>\n<p>Die Macher der Kellner Steckfiguren haben ihre Kindheit nicht vergessen. Aus den unterschiedlichen Baus\u00e4tzen lacht einem Lebensfreude, kindliche Neugier entgegen und phantasievolle Geschichten entfalten sich. Und das Ganze beginnt schon bei der Namensgebung der Figuren: Familie \u00dcbermut, Theo in der Seilbahn und Fr\u00e4ulein Klein, Sturmwurm Willi, G\u00e4rtner Tulpe gr\u00fc\u00dfen herzlich!<\/p>\n<p>Diese Beschreibung der Auszeichnung basiert auf einem Referat, das mit Hilfe der Baus\u00e4tze \u201equak der frosch\u201c, \u201emax + else\u201c sowie \u201equiek die Maus\u201c erstellt wurde. Die Baus\u00e4tze sind in der Kindertageseinrichtung KEFI e.V. in Bremen-Nord erprobt und f\u00fcr gut befunden worden.<\/p>\n<p>Das Sortiment der Kellner Steckfiguren umfasst derzeit 18 Steckbauk\u00e4sten in unterschiedlichen Abmessungen und Sortierungen.<\/p>\n<p>Um das Ganze Spektrum der Spielwarenfirma zu erfassen, lohnt in jedem Fall ein Besuch auf der Internetseite: <a href=\"http:\/\/www.kellner-steckfiguren.de\/\">www.kellner-steckfiguren.de<\/a><\/p>\n<p><strong><span style=\"font-size: 14pt\">Adresse:<\/span><br \/>\n<\/strong>Kellner Steckfiguren, Langenhainer Str. 26, 99891 Tabarz, Tel. 036259 \/ 6 30 92, Fax 036259 \/ 31 98 17<br \/>\n<a href=\"http:\/\/www.kellner-steckfiguren.de\/\">www.kellner-steckfiguren.de<\/a>\u00a0\u00a0\u00a0\u00a0 E-mail: <a href=\"mailto:post@kellner-steckfiguren.de\">post@kellner-steckfiguren.de<\/a><\/p>\n<p>Fotos: Britta Dehn<\/p>\n<p>Der Text basiert auf den Ausarbeitungen von Britta Dehn im Rahmen der Zusatzausbildung zur Linksh\u00e4nder-Beraterin.<\/p>\n","protected":false},"excerpt":{"rendered":"<p>&nbsp; &nbsp; Erste deutsche Beratungs- und Informationsstelle f\u00fcr Linksh\u00e4nder und umgeschulte Linksh\u00e4nder e.V. Sendlinger Str. 17 80331 M\u00fcnchen Tel.\/Fax 089 \/ 26 86 14 &nbsp; &nbsp; Begr\u00fcndung der Auszeichnung Spielzeug f\u00fcr linksh\u00e4ndige Kinder des Jahres 2010 an die Kellner Steckfiguren\u00a0 &nbsp; Ein traditionsreiches Spielzeug neu entdeckt Die Firma wurde 1919 von Georg Kellner in Leipzig gegr\u00fcndet. Zun\u00e4chst stellte die Firma Baus\u00e4tze f\u00fcr Spielzeugboote und \u2013flugzeuge her. Diese fanden sogar ihren Weg in den Werkunterricht an Schulen. Ende der 20er Jahre erfand Georg Kellner eine elastische und l\u00f6sbare Gummiverbindung (die so genannten Jummis), um Holzbausteine miteinander zu verbinden. Die ersten Kellner Steckfiguren waren geboren und hielten Einzug in die Kinderzimmer. Der Firmengr\u00fcnder meldete daraufhin ein Patent auf die Jummis an. Erste Baus\u00e4tze wie \u201eFamilie \u00dcbermut\u201c und \u201eG\u00e4rtner Tulpe\u201c entstanden. Die Firma verlagerte 1934 ihren Sitz nach Tabarz in Th\u00fcringen und erweiterte ihr Sortiment um verschiedene Spielwaren. In den 60er Jahren ver\u00e4nderte die Entwicklung von Kunststoffen &#8230; <a title=\"Spielzeugbegr\u00fcndung 2010\" class=\"read-more\" href=\"https:\/\/lefthander-consulting.org\/deutsch\/information\/kindergartenalter\/spielzeug-fuer-linkshaendige-kinder\/auszeichnung-2002-2013\/spielzeugbegrundung-2010\/\" aria-label=\"Mehr Informationen \u00fcber Spielzeugbegr\u00fcndung 2010\">Read more<\/a><\/p>\n","protected":false},"author":4,"featured_media":0,"parent":63,"menu_order":26,"comment_status":"closed","ping_status":"closed","template":"","meta":{"_cbd_carousel_blocks":"[]","footnotes":""},"class_list":["post-3066","page","type-page","status-publish"],"_links":{"self":[{"href":"https:\/\/lefthander-consulting.org\/deutsch\/wp-json\/wp\/v2\/pages\/3066","targetHints":{"allow":["GET"]}}],"collection":[{"href":"https:\/\/lefthander-consulting.org\/deutsch\/wp-json\/wp\/v2\/pages"}],"about":[{"href":"https:\/\/lefthander-consulting.org\/deutsch\/wp-json\/wp\/v2\/types\/page"}],"author":[{"embeddable":true,"href":"https:\/\/lefthander-consulting.org\/deutsch\/wp-json\/wp\/v2\/users\/4"}],"replies":[{"embeddable":true,"href":"https:\/\/lefthander-consulting.org\/deutsch\/wp-json\/wp\/v2\/comments?post=3066"}],"version-history":[{"count":40,"href":"https:\/\/lefthander-consulting.org\/deutsch\/wp-json\/wp\/v2\/pages\/3066\/revisions"}],"predecessor-version":[{"id":3466,"href":"https:\/\/lefthander-consulting.org\/deutsch\/wp-json\/wp\/v2\/pages\/3066\/revisions\/3466"}],"up":[{"embeddable":true,"href":"https:\/\/lefthander-consulting.org\/deutsch\/wp-json\/wp\/v2\/pages\/63"}],"wp:attachment":[{"href":"https:\/\/lefthander-consulting.org\/deutsch\/wp-json\/wp\/v2\/media?parent=3066"}],"curies":[{"name":"wp","href":"https:\/\/api.w.org\/{rel}","templated":true}]}}