{"id":29,"date":"2018-06-07T15:00:20","date_gmt":"2018-06-07T13:00:20","guid":{"rendered":"https:\/\/lefthander-consulting.org\/?page_id=29"},"modified":"2025-08-15T14:34:42","modified_gmt":"2025-08-15T12:34:42","slug":"statistik","status":"publish","type":"page","link":"https:\/\/lefthander-consulting.org\/deutsch\/information\/statistik\/","title":{"rendered":"Statistik"},"content":{"rendered":"<p><span style=\"font-family: Arial,Helvetica\">Die statistischen Angaben \u00fcber den Linksh\u00e4nderanteil in der Bev\u00f6lkerung sind sehr schwankend. &#8222;\u00c4ltere Arbeiten tendieren eher zu niedrigeren Prozents\u00e4tzen, w\u00e4hrend sich in j\u00fcngeren Untersuchungen im Allgemeinen h\u00f6here Zahlen (bis zu 50 %) finden. Gr\u00fcnde f\u00fcr die Unstimmigkeiten gibt es nat\u00fcrlich viele: zum Beispiel die Messmethoden (Selbsteinsch\u00e4tzung, Befragung, Beobachtung, Test) und der strengere oder lockerere Ma\u00dfstab, der angelegt wurde. Weiter ist zu beachten, zu welcher Gruppe die umgeschulten Linksh\u00e4nder (Pseudo-Rechtsh\u00e4nder) gez\u00e4hlt wurden (wenn dieser Befund \u00fcberhaupt noch aufzudecken war). Mit Letzterem steht im Zusammenhang, dass Linksh\u00e4ndigkeit zeitweise als etwas Minderwertiges galt, was man seinem Kind schon fr\u00fch auszutreiben hatte und was dann dieser Mensch in seinem weiteren Leben geflissentlich unterdr\u00fcckt und verschwiegen&#8220; hat (Sattler, J.B.\u00a0<a href=\"https:\/\/lefthander-consulting.org\/deutsch\/information\/literatur\/links-und-rechts-in-der-wahrnehmung-des-menschen\/\">Links und Rechts in der Wahrnehmung des Menschen. Zur Geschichte der Linksh\u00e4ndigkeit<\/a>, S. 242).<\/span><\/p>\n<p><span style=\"font-family: Arial,Helvetica\">Untersuchungen am Arbeitsamt Wilhelmshaven stellten einen statistischen Anteil von Linksh\u00e4nder von 22,2 % fest, wobei die Gruppe der umgeschulten Linksh\u00e4nder nur unvollst\u00e4ndig erfasst werden konnte (Sattler,\u00a0<a href=\"https:\/\/lefthander-consulting.org\/deutsch\/information\/literatur\/der-umgeschulte-linkshaender-oder-der-knoten-im-gehirn\/\">Der umgeschulte Linksh\u00e4nder<\/a>, S. 134 f.). Manche Forscher halten auch einen Anteil von 50 Prozent Linksh\u00e4nder zu 50 Prozent Rechtsh\u00e4nder f\u00fcr m\u00f6glich.<\/span><\/p>\n<p><span style=\"font-family: Arial,Helvetica\">Es zeigte sich in unserer Arbeit immer wieder, &#8222;welche bestimmende Rolle die Lernprozesse in der Sozialisation des Kindes und dem weiteren Leben des Menschen spielen; nur durch Mitarbeit der Interessenvereinigung f\u00fcr Linksh\u00e4nder in der Beratungsstelle und im Forschungsprojekt war es m\u00f6glich, empirisch auf die Problematik einzugehen und Grundlagenforschung zu realisieren. Die Vorteile dieser Art zu arbeiten liegen anscheinend au\u00dferhalb des Betriebs einer Universit\u00e4t, die praktisch wenig M\u00f6glichkeiten zur Datengewinnung aus einer so gro\u00dfen Anzahl an Untersuchungen unterschiedlicher Gruppen hat. Es wurde eine derartige Verbindung zwischen Praxis und der davon abgeleiteten Theorie geschaffen, dass die so gewonnenen Erhebungen wahrscheinlich in ihrem Umfang und Ergebnis die gr\u00f6\u00dfte Linksh\u00e4nderdatei &#8211; aus einer heterogenen Bev\u00f6lkerungsgruppe &#8211; darstellen, die es auf der Welt gibt&#8220; (Sattler, J.B.\u00a0<a href=\"https:\/\/lefthander-consulting.org\/deutsch\/information\/literatur\/links-und-rechts-in-der-wahrnehmung-des-menschen\/\">Links und Rechts in der Wahrnehmung des Menschen. Zur Geschichte der Linksh\u00e4ndigkeit<\/a>, S. 23).<\/span><\/p>\n<p><span style=\"font-family: Arial,Helvetica\">\u00a9 Copyright: Erste deutsche Beratungs- und Informationsstelle f\u00fcr Linksh\u00e4nder und umgeschulte Linksh\u00e4nder, Sendlinger Str. 17, 80331 M\u00fcnchen, Tel. \/ Fax: +49 \/ 89 \/ 26 86 14, <a href=\"https:\/\/lefthander-consulting.org\">https:\/\/www.linkshaender-beratung.de<\/a>, e-mail: info@lefthander-consulting.org<\/span><\/p>\n<p>&nbsp;<\/p>\n","protected":false},"excerpt":{"rendered":"<p>Die statistischen Angaben \u00fcber den Linksh\u00e4nderanteil in der Bev\u00f6lkerung sind sehr schwankend. &#8222;\u00c4ltere Arbeiten tendieren eher zu niedrigeren Prozents\u00e4tzen, w\u00e4hrend sich in j\u00fcngeren Untersuchungen im Allgemeinen h\u00f6here Zahlen (bis zu 50 %) finden. Gr\u00fcnde f\u00fcr die Unstimmigkeiten gibt es nat\u00fcrlich viele: zum Beispiel die Messmethoden (Selbsteinsch\u00e4tzung, Befragung, Beobachtung, Test) und der strengere oder lockerere Ma\u00dfstab, der angelegt wurde. Weiter ist zu beachten, zu welcher Gruppe die umgeschulten Linksh\u00e4nder (Pseudo-Rechtsh\u00e4nder) gez\u00e4hlt wurden (wenn dieser Befund \u00fcberhaupt noch aufzudecken war). Mit Letzterem steht im Zusammenhang, dass Linksh\u00e4ndigkeit zeitweise als etwas Minderwertiges galt, was man seinem Kind schon fr\u00fch auszutreiben hatte und was dann dieser Mensch in seinem weiteren Leben geflissentlich unterdr\u00fcckt und verschwiegen&#8220; hat (Sattler, J.B.\u00a0Links und Rechts in der Wahrnehmung des Menschen. Zur Geschichte der Linksh\u00e4ndigkeit, S. 242). Untersuchungen am Arbeitsamt Wilhelmshaven stellten einen statistischen Anteil von Linksh\u00e4nder von 22,2 % fest, wobei die Gruppe der umgeschulten Linksh\u00e4nder nur unvollst\u00e4ndig erfasst werden konnte (Sattler,\u00a0Der umgeschulte &#8230; <a title=\"Statistik\" class=\"read-more\" href=\"https:\/\/lefthander-consulting.org\/deutsch\/information\/statistik\/\" aria-label=\"Mehr Informationen \u00fcber Statistik\">Read more<\/a><\/p>\n","protected":false},"author":1,"featured_media":0,"parent":811,"menu_order":13,"comment_status":"closed","ping_status":"closed","template":"","meta":{"_cbd_carousel_blocks":"[]","footnotes":""},"class_list":["post-29","page","type-page","status-publish"],"_links":{"self":[{"href":"https:\/\/lefthander-consulting.org\/deutsch\/wp-json\/wp\/v2\/pages\/29","targetHints":{"allow":["GET"]}}],"collection":[{"href":"https:\/\/lefthander-consulting.org\/deutsch\/wp-json\/wp\/v2\/pages"}],"about":[{"href":"https:\/\/lefthander-consulting.org\/deutsch\/wp-json\/wp\/v2\/types\/page"}],"author":[{"embeddable":true,"href":"https:\/\/lefthander-consulting.org\/deutsch\/wp-json\/wp\/v2\/users\/1"}],"replies":[{"embeddable":true,"href":"https:\/\/lefthander-consulting.org\/deutsch\/wp-json\/wp\/v2\/comments?post=29"}],"version-history":[{"count":10,"href":"https:\/\/lefthander-consulting.org\/deutsch\/wp-json\/wp\/v2\/pages\/29\/revisions"}],"predecessor-version":[{"id":5213,"href":"https:\/\/lefthander-consulting.org\/deutsch\/wp-json\/wp\/v2\/pages\/29\/revisions\/5213"}],"up":[{"embeddable":true,"href":"https:\/\/lefthander-consulting.org\/deutsch\/wp-json\/wp\/v2\/pages\/811"}],"wp:attachment":[{"href":"https:\/\/lefthander-consulting.org\/deutsch\/wp-json\/wp\/v2\/media?parent=29"}],"curies":[{"name":"wp","href":"https:\/\/api.w.org\/{rel}","templated":true}]}}