{"id":2824,"date":"2019-01-29T15:49:20","date_gmt":"2019-01-29T14:49:20","guid":{"rendered":"https:\/\/lefthander-consulting.org\/information\/spielzeug-fuer-linkshaendige-kinder\/auszeichnung-2002-2013\/spielzeugbegruendung-2009\/"},"modified":"2025-08-15T14:34:42","modified_gmt":"2025-08-15T12:34:42","slug":"spielzeugbegruendung-2009","status":"publish","type":"page","link":"https:\/\/lefthander-consulting.org\/deutsch\/information\/kindergartenalter\/spielzeug-fuer-linkshaendige-kinder\/auszeichnung-2002-2013\/spielzeugbegruendung-2009\/","title":{"rendered":"Spielzeugbegr\u00fcndung 2009"},"content":{"rendered":"<p>&nbsp;<\/p>\n<p><strong><img loading=\"lazy\" decoding=\"async\" class=\"alignleft wp-image-2809\" src=\"https:\/\/lefthander-consulting.org\/deutsch\/wp-content\/uploads\/2019\/01\/Logo-Pr\u00e4mierung-Spielzeug-des-Jahres-300x300.jpg\" alt=\"\" width=\"250\" height=\"250\" srcset=\"https:\/\/lefthander-consulting.org\/deutsch\/wp-content\/uploads\/2019\/01\/Logo-Pr\u00e4mierung-Spielzeug-des-Jahres-300x300.jpg 300w, https:\/\/lefthander-consulting.org\/deutsch\/wp-content\/uploads\/2019\/01\/Logo-Pr\u00e4mierung-Spielzeug-des-Jahres-150x150.jpg 150w, https:\/\/lefthander-consulting.org\/deutsch\/wp-content\/uploads\/2019\/01\/Logo-Pr\u00e4mierung-Spielzeug-des-Jahres.jpg 617w\" sizes=\"auto, (max-width: 250px) 100vw, 250px\" \/><\/strong><\/p>\n<p>&nbsp;<\/p>\n<p><span style=\"font-size: 14pt\"><strong>Erste deutsche Beratungs- und Informationsstelle f\u00fcr <\/strong><\/span><br \/>\n<span style=\"font-size: 14pt\"><strong>Linksh\u00e4nder und umgeschulte Linksh\u00e4nder e.V.<\/strong><\/span><br \/>\n<span style=\"font-size: 14pt\">Sendlinger Str. 17<\/span><br \/>\n<span style=\"font-size: 14pt\">80331 M\u00fcnchen<\/span><br \/>\n<span style=\"font-size: 14pt\">Tel.\/Fax 089 \/ 26 86 14<\/span><\/p>\n<p>&nbsp;<\/p>\n<p>&nbsp;<\/p>\n<p style=\"text-align: center\"><span style=\"font-size: 14pt\">Begr\u00fcndung der Auszeichnung<\/span><\/p>\n<p style=\"text-align: center\"><span style=\"font-size: 18pt\"><strong>Spielzeug f\u00fcr linksh\u00e4ndige Kinder des Jahres 2009<\/strong><\/span><\/p>\n<p style=\"text-align: center\">an das Konstruktionsspielzeug ZOOB<\/p>\n<p style=\"text-align: center\"><span style=\"font-size: 16pt\">der Firma Amigo Spiel + Freizeit GmbH<\/span><\/p>\n<p>&nbsp;<\/p>\n<p style=\"text-align: left\"><strong>Bauen, Spielen, Umbauen\u2026<br \/>\n<\/strong>Die Firma Amigo hat mit dem beweglichen, farbenfrohen Konstruktionssystem \u201eZOOB\u201c eine neue Form des kreativen Bauens geschaffen. Besonders die Bereiche der Feinmotorik, sowie die Konstruktionsf\u00e4higkeit eines Kindes werden angesprochen. Spielerisch werden Vorstellungskraft und Experimentierfreudigkeit vom kleinen als auch vom gro\u00dfen Kind gef\u00f6rdert. Es ist v\u00f6llig h\u00e4ndigkeitsneutral gestaltet, so dass linksh\u00e4ndige wie rechtsh\u00e4ndige Kinder auf gleiche Weise aus ihren Ideen Gebilde erschaffen k\u00f6nnen.<\/p>\n<p style=\"text-align: center\"><span style=\"font-size: 14pt\">Deshalb verleihen wir der <strong>Firma Amigo Spiel + Freizeit GmbH<\/strong> <\/span><br \/>\n<span style=\"font-size: 14pt\">f\u00fcr ihr Konstruktionsspielzeug ZOOB die Auszeichnung<\/span><\/p>\n<p style=\"text-align: center\"><span style=\"font-size: 14pt\"><strong>Spielzeug f\u00fcr linksh\u00e4ndige Kinder des Jahres 2009.<\/strong><\/span><\/p>\n<p>&nbsp;<\/p>\n<p><strong>Das Spielsortiment<\/strong> ist in unterschiedlichen Sets erh\u00e4ltlich. Untersucht wurden zwei Sortimentspackungen<strong>:<\/strong><\/p>\n<ul>\n<li>75 Teile ZOOB, mit Bedienungsanleitung zum Bauen eines Hundes, einer Katze oder eines Weltraumvogels.<\/li>\n<li>37 Teile ZOOB Racer, zum Herstellen von Fahrzeugen, da die Packung einklickbare R\u00e4der enth\u00e4lt. Es k\u00f6nnen 9 Modelle nach Bauanleitung erstellt werden.<\/li>\n<li>Erh\u00e4ltlich sind weitere Konstruktionspackungen mit dem Thema Fahrzeuge, Tiere, Phantasietiere und -gebilde usw.<\/li>\n<\/ul>\n<p><span style=\"font-size: 14pt\"><strong>Material<\/strong><\/span><strong><span style=\"font-size: 14pt\">:<br \/>\n<\/span><\/strong>Robustes farbenfrohes Material in Farben wie z.B. rot, gr\u00fcn, blau, silberfarben, gelb.<\/p>\n<p><span style=\"font-size: 14pt\"><strong>Alter:<br \/>\n<\/strong><\/span>Es werden verschiedene Modelle, gegliedert nach Alter angeboten, z.B. ab 4 Jahren oder ab 6 Jahren.<\/p>\n<p><span style=\"font-size: 14pt\"><strong>Was ist ZOOB?<br \/>\n<\/strong><\/span>Es ist ein kreatives Konstruktionsspielzeug, bestehend aus f\u00fcnf verschiedenen ZOOB-Bauteilen, die zu 20 verschiedenen Verbindungen \u201egescheckt\u201c, geschnappt und mit wenig Krafteinsatz geklickt werden k\u00f6nnen.<br \/>\nDadurch entstehen bewegliche Gelenke, verl\u00e4ngerbare Gliedma\u00dfen, drehbare Achsen und vieles mehr.<br \/>\nDie Verbindungen sind zum Teil der Natur nachempfunden, da sie die Form eines Kugelgelenks darstellen und auch wie dieses bewegbar sind.<\/p>\n<p><img loading=\"lazy\" decoding=\"async\" class=\"alignleft wp-image-2833\" src=\"https:\/\/lefthander-consulting.org\/deutsch\/wp-content\/uploads\/2019\/01\/linkshaender006-225x300.jpg\" alt=\"\" width=\"157\" height=\"210\" srcset=\"https:\/\/lefthander-consulting.org\/deutsch\/wp-content\/uploads\/2019\/01\/linkshaender006-225x300.jpg 225w, https:\/\/lefthander-consulting.org\/deutsch\/wp-content\/uploads\/2019\/01\/linkshaender006.jpg 407w\" sizes=\"auto, (max-width: 157px) 100vw, 157px\" \/>Je nach Bauset, gibt es noch Zubeh\u00f6r, wie z.B. R\u00e4der.<\/p>\n<p>Die Anforderungen an die Geschicklichkeit ist dem Alter nach gestaffelt. Es bietet viele variable Konstruktionsm\u00f6glichkeiten und auch Kinder, die nicht gerne konstruieren, finden so einen leichten Zugang zu diesem Spiel.<\/p>\n<p>Die fertigen Konstruktionen sind nicht nur zum Anschauen, sondern auch zum damit Spielen geeignet.<\/p>\n<p>Die Kinder haben die M\u00f6glichkeit, aus ihren Vorstellungen heraus zu konstruieren oder auch die beigelegten Bauanleitungen nachzubauen.<\/p>\n<p><span style=\"font-size: 14pt\"><strong>F\u00f6rderungsm\u00f6glichkeiten<\/strong><\/span><\/p>\n<ul>\n<li>Anregung der Phantasie, Kreativit\u00e4t<\/li>\n<li>Be\u00fcbung der Konstruktionsf\u00e4higkeit und des r\u00e4umlichen Denkens<\/li>\n<li>Feinmotorische Anforderungen beim Verbinden und Trennen<\/li>\n<li>Das Kind kann in seiner, f\u00fcr sich angenehmen Dreh- und Bewegungs-<br \/>\nrichtung arbeiten, da das Spielzeug nahezu alle Richtungen zul\u00e4sst.<\/li>\n<li>Veranschaulichung nat\u00fcrlicher Ph\u00e4nomene, wie z.B. anatomische Gelenke,<br \/>\ngeometrische K\u00f6rper, Nukleotiden<\/li>\n<\/ul>\n<p><strong><img loading=\"lazy\" decoding=\"async\" class=\"alignleft wp-image-2829\" src=\"https:\/\/lefthander-consulting.org\/deutsch\/wp-content\/uploads\/2019\/01\/linkshaender002-222x300.jpg\" alt=\"\" width=\"144\" height=\"195\" srcset=\"https:\/\/lefthander-consulting.org\/deutsch\/wp-content\/uploads\/2019\/01\/linkshaender002-222x300.jpg 222w, https:\/\/lefthander-consulting.org\/deutsch\/wp-content\/uploads\/2019\/01\/linkshaender002.jpg 380w\" sizes=\"auto, (max-width: 144px) 100vw, 144px\" \/><span style=\"font-size: 14pt\">Spielm\u00f6glichkeiten durch die linke und die rechte Hand<br \/>\n<\/span><\/strong>Dieses Spielmaterial ist f\u00fcr Links- und Rechtsh\u00e4nder gleicherma\u00dfen zum Spielen geeignet.<\/p>\n<p>Die Grund-Bausteine sind zum Teil symmetrisch gebaut oder drehbar. Die Drehung ist frei w\u00e4hlbar, also zum K\u00f6rper hin oder vom K\u00f6rper weg.<\/p>\n<p>F\u00fcr das linksh\u00e4ndige Kind bestehen w\u00e4hrend des Spiels keinerlei Einschr\u00e4nkungen. Das Kind kann die Bausteine die nicht symmetrisch sind beliebig, ohne Einschr\u00e4nkung der Richtungsempfindung,drehen und einsetzen.<\/p>\n<p><img loading=\"lazy\" decoding=\"async\" class=\"wp-image-2828 alignleft\" src=\"https:\/\/lefthander-consulting.org\/deutsch\/wp-content\/uploads\/2019\/01\/linkshaender001-300x279.jpg\" alt=\"\" width=\"173\" height=\"161\" srcset=\"https:\/\/lefthander-consulting.org\/deutsch\/wp-content\/uploads\/2019\/01\/linkshaender001-300x279.jpg 300w, https:\/\/lefthander-consulting.org\/deutsch\/wp-content\/uploads\/2019\/01\/linkshaender001.jpg 387w\" sizes=\"auto, (max-width: 173px) 100vw, 173px\" \/>W\u00e4hrend des Spiels ist auch das beidh\u00e4ndige Hantieren gefordert, wobei wiederum die dominante Hand beim F\u00fchren nicht eingeschr\u00e4nkt wird. Durch Symmetrie bzw. Wendigkeit der Bauteile ist freie Handwahl bzw. freier Richtungswechsel m\u00f6glich.<\/p>\n<p>Dasselbe\u00a0 gilt beim Aufstecken von Zubeh\u00f6rteilen,<br \/>\nwie z.B. ein Rad, das man durch eine Klickverbindung einf\u00fcgen und entfernen kann.<\/p>\n<p><strong><span style=\"font-size: 14pt\">Die verschiedenen Bauteile:<\/span><\/strong><\/p>\n<p><u><img loading=\"lazy\" decoding=\"async\" class=\"alignleft wp-image-2830\" src=\"https:\/\/lefthander-consulting.org\/deutsch\/wp-content\/uploads\/2019\/01\/linkshaender003-300x221.jpg\" alt=\"\" width=\"243\" height=\"179\" srcset=\"https:\/\/lefthander-consulting.org\/deutsch\/wp-content\/uploads\/2019\/01\/linkshaender003-300x221.jpg 300w, https:\/\/lefthander-consulting.org\/deutsch\/wp-content\/uploads\/2019\/01\/linkshaender003.jpg 575w\" sizes=\"auto, (max-width: 243px) 100vw, 243px\" \/><\/u><strong><span style=\"font-size: 14pt\">Bausteine, symmetrisch mit zwei Kugelgelenken am Ende (gelb)<\/span><\/strong><u><br \/>\n<\/u><\/p>\n<ul>\n<li>F\u00fcr Rechts- und Linksh\u00e4nder gleicherma\u00dfen zu bespielen, da symmetrischer Aufbau.<\/li>\n<li>Die Kugeln k\u00f6nnen mit den anderen Gelenken beliebig verbunden werden. Danach kann das Kugelgelenk um 360 Grad gedreht werden.<\/li>\n<li>In der Mitte ist eine Einkerbung, in die man ein anderes Bauteil mit Kerbe einf\u00fcgen kann. So entsteht eine ungelenkige Verbindung.<\/li>\n<\/ul>\n<p><u><img loading=\"lazy\" decoding=\"async\" class=\"alignleft wp-image-2832\" src=\"https:\/\/lefthander-consulting.org\/deutsch\/wp-content\/uploads\/2019\/01\/linkshaender005-300x207.jpg\" alt=\"\" width=\"242\" height=\"167\" srcset=\"https:\/\/lefthander-consulting.org\/deutsch\/wp-content\/uploads\/2019\/01\/linkshaender005-300x207.jpg 300w, https:\/\/lefthander-consulting.org\/deutsch\/wp-content\/uploads\/2019\/01\/linkshaender005.jpg 560w\" sizes=\"auto, (max-width: 242px) 100vw, 242px\" \/><\/u><span style=\"font-size: 14pt\"><strong>Bausteine, symmetrisch Enden in U-Form (gr\u00fcn) bzw. derselbe Baustein mit zus\u00e4tzlicher Innenkerbe (blau)<\/strong><\/span><\/p>\n<ul>\n<li>F\u00fcr Rechts- und Linksh\u00e4nder gleicherma\u00dfen zu bespielen, da symmetrischer Aufbau.<\/li>\n<li>\u00a0Die U-Form-Enden k\u00f6nnen mit einem Kugelgelenk verbunden werden. Es k\u00f6nnen aber auch die U-Enden nicht ineinander verzahnt werden. Dadurch entsteht eine drehbare Verbindung.<\/li>\n<li>Der blaue Baustein kann noch mit einer anderen Kerbe verbunden werden, dadurch entsteht ebenfalls eine nicht drehbare Verbindung.<\/li>\n<\/ul>\n<p><span style=\"font-size: 14pt\"><strong>Bausteine, asymmetrischer Aufbau mit einer Kugel und einer U-Form.<\/strong><\/span><\/p>\n<p><strong><span style=\"font-size: 14pt\">Ein Baustein ist rot, der andere silberfarben, der letztgenannte hat in der Mitte eine Einkerbung<\/span>.<\/strong><\/p>\n<ul>\n<li>Die Verbindungsm\u00f6glichkeiten sind dieselben, wie schon vorher beschrieben.<\/li>\n<li>Die asymmetrischen Bauteile k\u00f6nnen von links- und rechtsh\u00e4ndigen Kindern gleicherma\u00dfen in alle Richtungen gedreht und gewendet werden, damit sie untereinander verbunden werden k\u00f6nnen.<\/li>\n<\/ul>\n<p><strong><span style=\"font-size: 14pt\">Fazit:<\/span><br \/>\n<\/strong>Die Bauteile sind symmetrisch gestaltet und werden somit dem linksh\u00e4ndigen wie auch dem rechtsh\u00e4ndigen Kind beim Bauen und Konstruieren gleicherma\u00dfen gerecht.<br \/>\nMit diesem Spielzeug kann das Kind sich kurzzeitig oder stundenlang besch\u00e4ftigen \u2013 ganz egal ob einfache Formen, historische Dinosaurier, lustige Kreaturen, abstrakte Bauwerke oder verschiedene Fahrzeuge nachempfunden werden.<\/p>\n<p>Es gibt eine extra Seite im Internet, auf der die Ideen der ZOOB-Fans mit Namen und Fotos von Kindern aus der ganzen Welt abgebildet werden: <u>www.Zoob-Club.de<\/u>.<\/p>\n<p><span style=\"font-size: 14pt\"><strong>Adresse:<br \/>\n<\/strong><\/span>Amigo Spiel + Freizeit GmbH, Waldstr. 23\u2013D5, D-63128 Dietzenbach, Tel. 0 60 74 \/ 37 55 &#8211; 0, Fax 0 60 74 \/ 37 55 &#8211; 166<br \/>\n<a href=\"http:\/\/www.amigo-spiele.de\/\">www.amigo-spiele.de<\/a> E-mail: info@amigo-spiele.de<\/p>\n<p><strong>Fotos:<\/strong> Regina Marquardt<\/p>\n<p>Der <strong>Text<\/strong> basiert auf den Ausarbeitungen von <strong>Regina Marquart<\/strong>.<\/p>\n","protected":false},"excerpt":{"rendered":"<p>&nbsp; &nbsp; Erste deutsche Beratungs- und Informationsstelle f\u00fcr Linksh\u00e4nder und umgeschulte Linksh\u00e4nder e.V. Sendlinger Str. 17 80331 M\u00fcnchen Tel.\/Fax 089 \/ 26 86 14 &nbsp; &nbsp; Begr\u00fcndung der Auszeichnung Spielzeug f\u00fcr linksh\u00e4ndige Kinder des Jahres 2009 an das Konstruktionsspielzeug ZOOB der Firma Amigo Spiel + Freizeit GmbH &nbsp; Bauen, Spielen, Umbauen\u2026 Die Firma Amigo hat mit dem beweglichen, farbenfrohen Konstruktionssystem \u201eZOOB\u201c eine neue Form des kreativen Bauens geschaffen. Besonders die Bereiche der Feinmotorik, sowie die Konstruktionsf\u00e4higkeit eines Kindes werden angesprochen. Spielerisch werden Vorstellungskraft und Experimentierfreudigkeit vom kleinen als auch vom gro\u00dfen Kind gef\u00f6rdert. Es ist v\u00f6llig h\u00e4ndigkeitsneutral gestaltet, so dass linksh\u00e4ndige wie rechtsh\u00e4ndige Kinder auf gleiche Weise aus ihren Ideen Gebilde erschaffen k\u00f6nnen. Deshalb verleihen wir der Firma Amigo Spiel + Freizeit GmbH f\u00fcr ihr Konstruktionsspielzeug ZOOB die Auszeichnung Spielzeug f\u00fcr linksh\u00e4ndige Kinder des Jahres 2009. &nbsp; Das Spielsortiment ist in unterschiedlichen Sets erh\u00e4ltlich. Untersucht wurden zwei Sortimentspackungen: 75 Teile ZOOB, mit Bedienungsanleitung zum &#8230; <a title=\"Spielzeugbegr\u00fcndung 2009\" class=\"read-more\" href=\"https:\/\/lefthander-consulting.org\/deutsch\/information\/kindergartenalter\/spielzeug-fuer-linkshaendige-kinder\/auszeichnung-2002-2013\/spielzeugbegruendung-2009\/\" aria-label=\"Mehr Informationen \u00fcber Spielzeugbegr\u00fcndung 2009\">Read more<\/a><\/p>\n","protected":false},"author":4,"featured_media":0,"parent":63,"menu_order":25,"comment_status":"closed","ping_status":"closed","template":"","meta":{"_cbd_carousel_blocks":"[]","footnotes":""},"class_list":["post-2824","page","type-page","status-publish"],"_links":{"self":[{"href":"https:\/\/lefthander-consulting.org\/deutsch\/wp-json\/wp\/v2\/pages\/2824","targetHints":{"allow":["GET"]}}],"collection":[{"href":"https:\/\/lefthander-consulting.org\/deutsch\/wp-json\/wp\/v2\/pages"}],"about":[{"href":"https:\/\/lefthander-consulting.org\/deutsch\/wp-json\/wp\/v2\/types\/page"}],"author":[{"embeddable":true,"href":"https:\/\/lefthander-consulting.org\/deutsch\/wp-json\/wp\/v2\/users\/4"}],"replies":[{"embeddable":true,"href":"https:\/\/lefthander-consulting.org\/deutsch\/wp-json\/wp\/v2\/comments?post=2824"}],"version-history":[{"count":26,"href":"https:\/\/lefthander-consulting.org\/deutsch\/wp-json\/wp\/v2\/pages\/2824\/revisions"}],"predecessor-version":[{"id":3168,"href":"https:\/\/lefthander-consulting.org\/deutsch\/wp-json\/wp\/v2\/pages\/2824\/revisions\/3168"}],"up":[{"embeddable":true,"href":"https:\/\/lefthander-consulting.org\/deutsch\/wp-json\/wp\/v2\/pages\/63"}],"wp:attachment":[{"href":"https:\/\/lefthander-consulting.org\/deutsch\/wp-json\/wp\/v2\/media?parent=2824"}],"curies":[{"name":"wp","href":"https:\/\/api.w.org\/{rel}","templated":true}]}}