{"id":2764,"date":"2019-01-29T08:01:54","date_gmt":"2019-01-29T07:01:54","guid":{"rendered":"https:\/\/lefthander-consulting.org\/information\/spielzeug-fuer-linkshaendige-kinder\/auszeichnung-2002-2013\/spielzeugbegruendung-2008\/"},"modified":"2025-08-15T14:34:42","modified_gmt":"2025-08-15T12:34:42","slug":"spielzeugbegruendung-2008","status":"publish","type":"page","link":"https:\/\/lefthander-consulting.org\/deutsch\/information\/kindergartenalter\/spielzeug-fuer-linkshaendige-kinder\/auszeichnung-2002-2013\/spielzeugbegruendung-2008\/","title":{"rendered":"Spielzeugbegr\u00fcndung 2008"},"content":{"rendered":"<p>&nbsp;<\/p>\n<p><strong><span style=\"font-size: 14pt\"><img loading=\"lazy\" decoding=\"async\" class=\"alignleft wp-image-2809\" src=\"https:\/\/lefthander-consulting.org\/deutsch\/wp-content\/uploads\/2019\/01\/Logo-Pr\u00e4mierung-Spielzeug-des-Jahres-300x300.jpg\" alt=\"\" width=\"250\" height=\"250\" srcset=\"https:\/\/lefthander-consulting.org\/deutsch\/wp-content\/uploads\/2019\/01\/Logo-Pr\u00e4mierung-Spielzeug-des-Jahres-300x300.jpg 300w, https:\/\/lefthander-consulting.org\/deutsch\/wp-content\/uploads\/2019\/01\/Logo-Pr\u00e4mierung-Spielzeug-des-Jahres-150x150.jpg 150w, https:\/\/lefthander-consulting.org\/deutsch\/wp-content\/uploads\/2019\/01\/Logo-Pr\u00e4mierung-Spielzeug-des-Jahres.jpg 617w\" sizes=\"auto, (max-width: 250px) 100vw, 250px\" \/><\/span><\/strong><\/p>\n<p>&nbsp;<\/p>\n<p><strong><span style=\"font-size: 14pt\">Erste deutsche Beratungs- und Informationsstelle f\u00fcr <\/span><\/strong><br \/>\n<strong><span style=\"font-size: 14pt\">Linksh\u00e4nder und umgeschulte Linksh\u00e4nder e.V.<\/span><\/strong><br \/>\n<span style=\"font-size: 14pt\">Sendlinger Str. 17<\/span><br \/>\n<span style=\"font-size: 14pt\">80331 M\u00fcnchen<\/span><br \/>\n<span style=\"font-size: 14pt\">Tel.\/Fax 089 \/ 26 86 14<\/span><\/p>\n<p>&nbsp;<\/p>\n<p>&nbsp;<\/p>\n<p style=\"text-align: center\"><span style=\"font-size: 14pt\">Begr\u00fcndung der Auszeichnung<\/span><\/p>\n<p style=\"text-align: center\"><span style=\"font-size: 18pt\"><strong>Spielzeug f\u00fcr linksh\u00e4ndige Kinder des Jahres 2008<\/strong><\/span><\/p>\n<p style=\"text-align: center\"><span style=\"font-size: 14pt\">an das landwirtschaftliche Fahrzeug<\/span><\/p>\n<p style=\"text-align: center\"><span style=\"font-size: 16pt\"><strong>Traktor Claas Nectis 267 F mit Zubeh\u00f6r<\/strong><\/span><\/p>\n<p>Die Firma Bruder hat bei diesem Traktor und dem Zubeh\u00f6r alle funktionalen Elemente wie Lenkgriffe und Bedienteile so gestaltet, dass sie hervorragend mit der linken als auch mit der rechten Hand bedient werden k\u00f6nnen.<\/p>\n<p>Dieser Traktor wurde sehr realistisch und wirklichkeitsnah entwickelt und so k\u00f6nnen die Kinder durch diese Gestaltung und durch die Gr\u00f6\u00dfe des Spielzeugs die vielen, aus der Wirklichkeit entnommenen Funktionen der Maschinen nachempfinden. Es wird ein hoher p\u00e4dagogischer und zeitgem\u00e4\u00dfer Effekt f\u00fcr die kleinen links- und rechtsh\u00e4ndigen Landwirte erzielt.<\/p>\n<p style=\"text-align: center\"><span style=\"font-size: 14pt\">Deshalb verleihen wir der <strong>Bruder Spielwaren GmbH<\/strong> f\u00fcr ihren<\/span><br \/>\n<span style=\"font-size: 14pt\">Traktor Claas Nectis 267 F mit Zubeh\u00f6r die Auszeichnung<\/span><\/p>\n<p style=\"text-align: center\"><span style=\"font-size: 14pt\"><strong>Spielzeug f\u00fcr linksh\u00e4ndige Kinder des Jahres 2008.<\/strong><\/span><\/p>\n<p><span style=\"font-size: 14pt\"><strong>Der Traktor und das Zubeh\u00f6r bestehen aus folgenden Teilen:<\/strong><\/span><\/p>\n<ul>\n<li>Traktor Claas Nectis 267 F, Nr. 02110<\/li>\n<li>Bordwandanh\u00e4nger, Nr. 02019<\/li>\n<li>Stra\u00dfenb\u00f6schungs-Mulchm\u00e4her, Nr. 02579<\/li>\n<li>Heckbagger mit Greifer, Nr. 02300<\/li>\n<li>R\u00e4umschild, Nr. 02573<\/li>\n<li>Anbaustapler mit zwei Paletten, Nr. 02249<\/li>\n<li>Kehrmaschine, Nr. 02577<\/li>\n<li>Posch Holzspalter mit 4 spaltbaren Holzscheiten, Nr. 02303<\/li>\n<\/ul>\n<figure id=\"attachment_2768\" aria-describedby=\"caption-attachment-2768\" style=\"width: 343px\" class=\"wp-caption alignleft\"><img loading=\"lazy\" decoding=\"async\" class=\" wp-image-2768\" src=\"https:\/\/lefthander-consulting.org\/deutsch\/wp-content\/uploads\/2019\/01\/Bruder-Traktor-Nr.-02110.jpg\" alt=\"\" width=\"353\" height=\"193\" \/><figcaption id=\"caption-attachment-2768\" class=\"wp-caption-text\">Artikel-Nr. 02110<\/figcaption><\/figure>\n<p><strong><span style=\"font-size: 14pt\">Traktor Claas Nectis 267 F<\/span><br \/>\n<\/strong>Der Traktor ist nach dem Originalmodell Nectis F der Firma CLAAS Nectis gebaut. Der Traktor ist f\u00fcr den Obst- und Weinbau geeignet.Der Spielzeug-Traktor hat eine lenkbare und gel\u00e4ndeg\u00e4ngige Pendelachse, eine einfache Lenkung mittels Lenkradverl\u00e4ngerung durch das Schiebedach, ein abnehmbares Frontgewicht, Profilreifen, eine Aufnahme-Vorrichtung f\u00fcr den Frontlader und als Standard eine Front- und eine Heckkupplung.<\/p>\n<p>Die Firma Bruder hat bei diesem Traktor alle funktionalen Elemente wie Lenkgriffe und Bedienteile so gestaltet, dass sie hervorragend mit der linken als auch mit der rechten Hand bedient werden k\u00f6nnen.<br \/>\n<em>Lenkung:<\/em> Es gibt zwei M\u00f6glichkeiten die Vorderachslenkung zu bedienen:<br \/>\n&#8211; mittels der Lenkradverl\u00e4ngerung auf der Fahrerkabine (die Lenkung ist aufsteckbar und auf dem Dach mittig angebracht) oder<br \/>\n&#8211; von links oder rechts im Fahrerhaus.<\/p>\n<p><em>Kupplung:<\/em> Das Fahrzeug ist mit einer standardisierten Front- und Heckkupplung ausgestattet. Diese sind mittig angebracht. Symmetrische Handhabung ist m\u00f6glich.<\/p>\n<p><em>Frontlader: Frontladerabbau: <\/em>Voll funktionsf\u00e4higer Frontlader zum Abbauen. Der Abbau geschieht durch ein Clipsystem. Dazu wird nur mit einem Daumen, unabh\u00e4ngig welcher, der Clip eingedr\u00fcckt, um das Gestell abzunehmen.<\/p>\n<p><em>H\u00f6heneinstellung &#8211; Schaufel: <\/em>Beidseitige Bedienung durch Umfassen des Frontladergestells m\u00f6glich.<em><br \/>\nSchaufelkippmechanismus: <\/em>Gleichberechtigte Bedienung \u00fcber einen mittig angebrachten Kipphebel m\u00f6glich.<br \/>\n<em>Frontgewicht:<\/em> Ist abnehmbar, indem man es von links oder rechts nach oben zieht und dann abnimmt.<\/p>\n<p>Ma\u00dfstab\u00a0\u00a0\u00a0\u00a0\u00a0\u00a0\u00a0\u00a0\u00a0\u00a0\u00a0\u00a0 1:16<br \/>\nGr\u00f6\u00dfe in cm:\u00a0\u00a0 \u00a0 25 x 13 x 15<br \/>\nMaterial:\u00a0\u00a0\u00a0\u00a0\u00a0\u00a0\u00a0\u00a0 \u00a0\u00a0 Robuster Kunststoff<br \/>\nBelastbarkeit: \u00a0 Geeignet f\u00fcr den Innen- und Au\u00dfenbereich<br \/>\nBereifung:\u00a0\u00a0\u00a0\u00a0\u00a0\u00a0 \u00a0 Profilreifen gummiert, daher leises Fahren<br \/>\nSicherheit:\u00a0\u00a0\u00a0\u00a0\u00a0\u00a0\u00a0 Die Bruder Spielzeugmodelle entsprechen den neuesten EN- und US-Sicherheitsanforderungen. Sie sind CE gepr\u00fcft und zum Teil mit dem &#8222;Spiel gut Siegel&#8220; ausgestattet. Die Fahrzeuge sind nicht f\u00fcr Kinder unter 36 Monaten geeignet, da sich evtl. l\u00f6sende Kleinteile verschluckt werden k\u00f6nnen.<\/p>\n<figure id=\"attachment_2772\" aria-describedby=\"caption-attachment-2772\" style=\"width: 290px\" class=\"wp-caption alignleft\"><img loading=\"lazy\" decoding=\"async\" class=\"size-full wp-image-2772\" src=\"https:\/\/lefthander-consulting.org\/deutsch\/wp-content\/uploads\/2019\/01\/Bordwandanh\u00e4nger.jpg\" alt=\"\" width=\"300\" height=\"164\" \/><figcaption id=\"caption-attachment-2772\" class=\"wp-caption-text\">Artikel-Nr. 02019<\/figcaption><\/figure>\n<p><strong><span style=\"font-size: 14pt\">Bordwandanh\u00e4nger<\/span><br \/>\n<\/strong>Anh\u00e4nger mit ausklappbarem St\u00fctzfu\u00df, kippbarer Pritsche, 3 klappbaren Bordw\u00e4nden, hat eine gel\u00e4ndeg\u00e4ngige Tandemachse, eine Anh\u00e4ngerkupplung, Profilreifen.<\/p>\n<p>Gr\u00f6\u00dfe in cm: 33 x 15 x 11<\/p>\n<p>Die Firma Bruder hat bei diesem Traktoranh\u00e4nger alle funktionalen Elemente wie Klappen, Kupplungen und Bedienteile so gestaltet, dass sie hervorragend sowohl mit der linken als auch mit der rechten Hand bedient werden k\u00f6nnen. Es ist ein absolut symmetrischer Aufbau zur beidh\u00e4ndigen Benutzung gelungen.<\/p>\n<p><em>Ladeklappen<\/em>:\u00a0 Die drei Bordw\u00e4nde k\u00f6nnen von beiden Seiten m\u00fchelos heruntergeklappt werden. Da eine Wand nach links gekippt wird, die andere nach rechts und die dritte nach hinten ist eine gleichberechtigte Bedienung gegeben. Die Klappen werden zum \u00d6ffnen einfach nach hinten gezogen.<\/p>\n<p><em>Kupplung<\/em>: V<em>ordere Kupplung mit Standfu\u00df &#8211; <\/em>Die vordere Anh\u00e4ngerkupplung hat einen ausklappbaren Standfu\u00df. Dieser kann mithilfe einer Klappe, von beiden Seiten bedienbar, gekippt werden.<br \/>\n<em>Hintere Kupplung: <\/em>Diese ist ebenfalls mittig angebracht und beidseitig bedienbar.<\/p>\n<p><em>Kippvorgang:<\/em> Damit das Ladegut nach hinten rutschen kann, kippt man den Anh\u00e4nger nach hinten, egal von welcher Seite.<br \/>\nDazu umgreift man den Anh\u00e4nger und kippt ihn nach oben. Dasselbe gilt f\u00fcr den R\u00fcckstellmechanismus.<\/p>\n<figure id=\"attachment_2773\" aria-describedby=\"caption-attachment-2773\" style=\"width: 290px\" class=\"wp-caption alignleft\"><img loading=\"lazy\" decoding=\"async\" class=\"size-full wp-image-2773\" src=\"https:\/\/lefthander-consulting.org\/deutsch\/wp-content\/uploads\/2019\/01\/Mulchm\u00e4her.jpg\" alt=\"\" width=\"300\" height=\"200\" \/><figcaption id=\"caption-attachment-2773\" class=\"wp-caption-text\">Artikel-Nr. 02579<\/figcaption><\/figure>\n<p><strong><span style=\"font-size: 14pt\">Stra\u00dfenb\u00f6schungs-Mulchm\u00e4her<\/span><br \/>\n<\/strong>Beweglicher Mulchm\u00e4her mit verstellbarer Arbeitsstellung je nach Einsatz an H\u00e4ngen und Gr\u00e4ben, wahlweise Front- oder Heckantrieb; hochwertiger Kunststoff.<\/p>\n<p>Gr\u00f6\u00dfe in cm: 33 x 9 x 16<\/p>\n<p><em>Funktionen: <\/em>Die vordere Schaufel des beweglichen Mulchm\u00e4hers l\u00e4sst sich, durch Umgreifen mit der linken Hand in der Richtung nach\u00a0 links und rechts verschieben ist\u00a0drehbar um 360 Grad, sie ist also f\u00fcr linksh\u00e4ndigen und rechtsh\u00e4ndigen Gebrauch individuell verstellbar. In der Schaufel sind zwei Rollen angebracht, die\u00a0 in beiden Richtungen, durch eine Drehung mit der Hand bzw. Schieben auf einem Hindernis, bedienbar sind.<\/p>\n<p><em>Angepasste Arbeitsstellungen: <\/em>Bei Einsatz an H\u00e4ngen und Gr\u00e4ben l\u00e4sst sich der Arm, durch Umgreifen mit der Hand,in die horizontale, links wie rechts, und in die vertikale Ebene kippen (nach oben und unten) bzw. bewegen. Der Arm ist wiederum an einem Schild angebracht, in dem man den kompletten Arm auch wieder nach links und rechts verschieben kann. Es ist also wieder Seiten unabh\u00e4ngiges Bedienen m\u00f6glich.<\/p>\n<p><em>Wahlweise Front- oder Heckbetrieb: <\/em>Der Mulchm\u00e4her kann an der Heckkupplung des Traktors mit einfachem Stecksystem fixiert werden. Dies ist m\u00f6glich durch mittiges Aufstecken bzw. Abnehmen an der Traktorenkupplung<\/p>\n<p><em>Fazit: <\/em>Ein vollkommen neutral gestaltetes Zubeh\u00f6rteil, das gleichberechtigtes Bedienen mit der linken sowie mit der rechten Hand zul\u00e4sst.<\/p>\n<figure id=\"attachment_2774\" aria-describedby=\"caption-attachment-2774\" style=\"width: 290px\" class=\"wp-caption alignleft\"><img loading=\"lazy\" decoding=\"async\" class=\"wp-image-2774 size-full\" src=\"https:\/\/lefthander-consulting.org\/deutsch\/wp-content\/uploads\/2019\/01\/Heckbagger.jpg\" alt=\"\" width=\"300\" height=\"164\" \/><figcaption id=\"caption-attachment-2774\" class=\"wp-caption-text\">Artikel-Nr. 02300<\/figcaption><\/figure>\n<p><strong><span style=\"font-size: 14pt\">Heckbagger mit Greifer<\/span><br \/>\n<\/strong>Der voll funktionsf\u00e4hige Heckbagger mit Greifer ist, umr\u00fcstbar\u00a0 zu einem Heckgreifer durch Austausch der Schaufel, ausklappbare St\u00fctzen zur Spielerg\u00e4nzung kombinierbar mit allen Traktoren der Profi-Serie, hochwertige Kunststoffe.<\/p>\n<p>Gr\u00f6\u00dfe in cm: 20 x 10 x 20<\/p>\n<p><em>Funktionen: <\/em>Die Schaufel des Heckbaggers (bzw. der Greifarm) kann durch ein Ein- und Ausklicken einfach ausgetauscht werden. Der Arm der Schaufel bzw. des Greifers, wird in eine mittige Aussparung eingedr\u00fcckt bzw. abgezogen (Seiten unabh\u00e4ngig). Greifen der Funktionsteile und Schwenkung in beliebige Richtung. An der Unterseite der Adaptionsvorrichtung sind zwei klappbare Standf\u00fc\u00dfe symmetrisch angebracht. Durch einfaches Greifen, sind diese einfach aus- und einklappbar. Der Heckbagger bzw. Heckgreifer, kann durch mittiges Aufstecken auf die hintere Traktorenkupplung aufgesetzt bzw. abgenommen werden.<\/p>\n<p><em>Fazit:<\/em> Ein vollkommen neutral gestaltetes Zubeh\u00f6rteil, das gleichberechtigtes Bedienen mit der linken sowie mit der rechten Hand zul\u00e4sst.<\/p>\n<figure id=\"attachment_2775\" aria-describedby=\"caption-attachment-2775\" style=\"width: 215px\" class=\"wp-caption alignleft\"><img loading=\"lazy\" decoding=\"async\" class=\" wp-image-2775\" src=\"https:\/\/lefthander-consulting.org\/deutsch\/wp-content\/uploads\/2019\/01\/r\u00e4umschild.jpg\" alt=\"\" width=\"225\" height=\"150\" \/><figcaption id=\"caption-attachment-2775\" class=\"wp-caption-text\">Artikel-Nr. 02573<\/figcaption><\/figure>\n<p><span style=\"font-size: 14pt\"><strong>R\u00e4umschild<\/strong><\/span><br \/>\nDas R\u00e4umschild ist voll funktionsf\u00e4hig und beweglich, verstell- und arretierbar in der H\u00f6he; hochwertiger Kunststoff.<\/p>\n<p>Gr\u00f6\u00dfe in cm: 9 x 16 x 8<\/p>\n<p><em>Funktionen: <\/em>Durch die bewegliche Gestaltung der Schaufelkippung des R\u00e4umschildes ist es m\u00f6glich, diese von allen Seiten her zu fassen (links, rechts, mittig) um sie in der\u00a0 horizontalen oder vertikalen Ebene zu verstellen. Das R\u00e4umschild kann auch in der H\u00f6he durch Umgreifen von allen Richtungen her, oder durch Verstellung eines Bedienarmes, der mittig am oberen Rand der Schaufel angebracht ist (siehe Bild), verstellt werden. Somit kann die Schaufel zum Transportieren hoch bzw. zum R\u00e4umen, tief gestellt werden. Der R\u00e4umschild kann durch mittiges Aufstecken auf die vordere Traktorenkupplung, aufgesetzt bzw. abgenommen werden.<\/p>\n<p><em>Fazit: <\/em>Ein vollkommen neutral gestaltetes Zubeh\u00f6rteil, das gleichberechtigtes Bedienen mit der linken sowie mit der rechten Hand zul\u00e4sst.<\/p>\n<figure id=\"attachment_2776\" aria-describedby=\"caption-attachment-2776\" style=\"width: 290px\" class=\"wp-caption alignleft\"><img loading=\"lazy\" decoding=\"async\" class=\"size-full wp-image-2776\" src=\"https:\/\/lefthander-consulting.org\/deutsch\/wp-content\/uploads\/2019\/01\/Anbaustapler.jpg\" alt=\"\" width=\"300\" height=\"164\" \/><figcaption id=\"caption-attachment-2776\" class=\"wp-caption-text\">Artikel-Nr. 02249<\/figcaption><\/figure>\n<p><strong><span style=\"font-size: 14pt\">Anbaustapler mit zwei Paletten<\/span><br \/>\n<\/strong>Der Doppelhubmast des Anbaustaplers mit Hub- und Neigefunktion kann einh\u00e4ndig bedient werden: verstell- und abnehmbare Gabelzinken, passend f\u00fcr alle Traktoren und Unimogs der TOP Profi- und Profi-Serie; hochwertiger Kunststoff.<\/p>\n<p>Gr\u00f6\u00dfe in cm: 15 x 8 x 14<\/p>\n<p><em>Funktionen: <\/em>Die Hubfunktion des Doppelhubmastes bzw. die H\u00f6henverstellbarkeit ergibt sich aus der Verstellung der ineinander gebauten Schienen. Die Bedienung funktioniert durch\u00a0Hoch- oder Abschieben der Schienen oder mithilfe des Gabelschildes. Alle drei Funktionselemente sind durch ein Seilsystem miteinander verbunden.<\/p>\n<p>Es ist also keine Drehkurbel angebracht, sondern die H\u00f6henverstellung geschieht durch linksseitiges, mittiges oder rechtsseitiges Greifen der Bedienteile.<br \/>\nDie Vor- und R\u00fcckneigung des Doppelhubmastes, funktioniert mittels zwei Querstreben, die in f\u00fcnf Stufen verstell- und arretierf\u00e4hig sind. Bedienbar durch linksseitiges, mittiges oder rechtsseitiges Greifen. Die Gabelzinken sind verstellbar nach\u00a0 links und rechts. Zieht man sie bis ans Ende, kann man sie von welcher Seite man m\u00f6chte entfernen bzw. wieder einsetzen. Im Zubeh\u00f6r inbegriffen sind zwei Paletten in den Ma\u00dfen von ca. 8 x 6 x 1 cm. Diese k\u00f6nnen mit dem Stapler von allen Seiten aufgenommen werden, da diese absolut symmetrisch gestaltet sind. Der Anbaustapler kann durch mittiges Aufstecken auf die hintere Traktorenkupplung aufgesetzt bzw. abgenommen werden.<\/p>\n<p><em>Fazit: <\/em>Ein vollkommen neutral gestaltetes Zubeh\u00f6rteil, das gleichberechtigtes Bedienen mit der linken sowie mit der rechten Hand zul\u00e4sst.<\/p>\n<figure id=\"attachment_2777\" aria-describedby=\"caption-attachment-2777\" style=\"width: 290px\" class=\"wp-caption alignleft\"><img loading=\"lazy\" decoding=\"async\" class=\"size-full wp-image-2777\" src=\"https:\/\/lefthander-consulting.org\/deutsch\/wp-content\/uploads\/2019\/01\/kehrmaschine.jpg\" alt=\"\" width=\"300\" height=\"200\" \/><figcaption id=\"caption-attachment-2777\" class=\"wp-caption-text\">Artikel-Nr. 02577<\/figcaption><\/figure>\n<p><strong><span style=\"font-size: 14pt\">Kehrmaschine<\/span><br \/>\n<\/strong>W\u00e4hrend des Fahrens wird die Rundb\u00fcrste der Kehrmaschine angetrieben. Sie ist schwenk- und hochklappbar, wahlweise als Front- oder Heckbetrieb; hochwertiger Kunststoff.<\/p>\n<p>Gr\u00f6\u00dfe in cm: 14 x 18 x 6<\/p>\n<p><em>Funktionen: <\/em>Stellt man die Rundb\u00fcrste nach unten, wird sie durch das Fahren angetrieben. Die B\u00fcrsten k\u00f6nnen in beide Richtungen gerollt werden. Eine weitere Funktion ist das seitliche Verstellen der Schaufel durch einen Schwenkarm. So kann die Kehrmaschine besser in die Ecken arbeiten. Die Kehrmaschine kann wahlweise vorne oder hinten an den Traktor, mit dem einfachen Stecksystem angebracht werden. Dies ist m\u00f6glich, durch mittiges Aufsetzen bzw. Abnehmen an der Traktorenkupplung.<\/p>\n<p><em>Fazit: <\/em>Ein vollkommen neutral gestaltetes Zubeh\u00f6rteil, das gleichberechtigtes Bedienen mit der linken sowie mit der rechten Hand zul\u00e4sst.<\/p>\n<figure id=\"attachment_2778\" aria-describedby=\"caption-attachment-2778\" style=\"width: 192px\" class=\"wp-caption alignleft\"><img loading=\"lazy\" decoding=\"async\" class=\" wp-image-2778\" src=\"https:\/\/lefthander-consulting.org\/deutsch\/wp-content\/uploads\/2019\/01\/Holzspalter-269x300.jpg\" alt=\"\" width=\"202\" height=\"226\" srcset=\"https:\/\/lefthander-consulting.org\/deutsch\/wp-content\/uploads\/2019\/01\/Holzspalter-269x300.jpg 269w, https:\/\/lefthander-consulting.org\/deutsch\/wp-content\/uploads\/2019\/01\/Holzspalter.jpg 300w\" sizes=\"auto, (max-width: 202px) 100vw, 202px\" \/><figcaption id=\"caption-attachment-2778\" class=\"wp-caption-text\">Artikel-Nr. 02303<\/figcaption><\/figure>\n<p><strong><span style=\"font-size: 14pt\">Posch Holzspalter mit vier Holzscheiten<\/span><br \/>\n<\/strong>Das Posch Holzspaltger\u00e4t mit vier spaltbaren Holzscheiten ist vertikal und horizontal funktionsf\u00e4hig mit Drehspindelmechanik und klappbaren Sicherheitsb\u00fcgeln; hochwertiger Kunststoff.<\/p>\n<p>Gr\u00f6\u00dfe in cm: 12 x 9 x 21<\/p>\n<p><em>Funktionen: <\/em>Bei Erstbenutzung sind die Holzscheite in drei Teile zerlegt, die einfach, Seiten unabh\u00e4ngig, ineinander zu stecken sind. Durch Bedienung des Spalters, ist es m\u00f6glich die Scheite wieder zu trennen. Die Sicherheitsb\u00fcgel kann man durch Klappung der symmetrisch angebauten Arme ein- oder ausklappen. Dadurch kann man die hineingestellten Holzscheite zum Spalten fixieren.<\/p>\n<p>Die vertikale Drehspindelmechanik funktioniert durch Drehung des linksseitigen (Betrachtung bei Bespielung in Fahrtrichtung) Drehknopfes am Spalter. Dadurch wird der Spaltkopf, in Richtung zum K\u00f6rper hin, nach unten gedreht und die Holzscheite getrennt. Durch Drehung vom K\u00f6rper weg wird der Spaltkopf wieder nach oben bewegt.\u00a0 Der Spalter kann von beiden Seiten her oder mittig durch angebrachte Schwenkarme nach oben oder unten geklappt werden. Dadurch kann man den Spalter zum Fahren hochklappen bzw. zum Spalten nach unten klappen. Der Spalter kann durch einfaches, mittiges Aufstecken auf die hintere Traktorenkupplung aufgesetzt bzw. abgenommen werden.<\/p>\n<p><em>Fazit: <\/em>Ein vollkommen neutral gestaltetes Zubeh\u00f6rteil, das gleichberechtigtes Bedienen mit der linken sowie mit der rechten Hand zul\u00e4sst. Durch die Gestaltung des Drehknopfes auf der linken Seite kann man sogar einen Vorteil f\u00fcr das linksh\u00e4ndige Kind feststellen, da es bei Bespielung in Fahrtrichtung, den Knopf besser erreichen kann.<\/p>\n<p>Wir haben uns bei der Auswahl auf diesen Traktor beschr\u00e4nkt und nicht alle Modelle der umfangreichen Profi-Serie genau \u00fcberpr\u00fcft. Die Auszeichnung bedeutet nicht, dass die anderen Teile ung\u00fcnstig f\u00fcr linksh\u00e4ndige Kinder sind.<\/p>\n<p><strong><span style=\"font-size: 14pt\">Adresse<\/span><br \/>\n<\/strong><img loading=\"lazy\" decoding=\"async\" class=\"alignleft wp-image-2792\" src=\"https:\/\/lefthander-consulting.org\/deutsch\/wp-content\/uploads\/2019\/01\/Bruder-logo-1-300x106.jpg\" alt=\"\" width=\"136\" height=\"48\" srcset=\"https:\/\/lefthander-consulting.org\/deutsch\/wp-content\/uploads\/2019\/01\/Bruder-logo-1-300x106.jpg 300w, https:\/\/lefthander-consulting.org\/deutsch\/wp-content\/uploads\/2019\/01\/Bruder-logo-1.jpg 320w\" sizes=\"auto, (max-width: 136px) 100vw, 136px\" \/>Bernbacher Strasse 94-98, 90768 F\u00fcrth<br \/>\n<a href=\"http:\/\/www.bruder.de\">www.bruder.de<\/a>, E-Mail: <a href=\"mailto:info@bruder.de\">info@bruder.de<\/a><\/p>\n<p>Die Abbildungen wurden mit freundlicher Genehmigung von Bruder Spielwaren GmbH zur Verf\u00fcgung gestellt.<\/p>\n<p>Der Ausarbeitungstext basiert auf dem Referat von <strong>Regina Marquart<\/strong> im Rahmen der Zusatzausbildung zur zert. Linksh\u00e4nder-Beraterin nach der S-MH Methodik in Konstanz. Das Thema des Referats war: <em>&#8222;Untersuchung von Spielzeug f\u00fcr linksh\u00e4ndige Kinder mit dem Thema &#8222;Landwirtschaftliche Fahrzeuge&#8220;.<\/em><\/p>\n<p>\u00a9 Copyright: Erste deutsche Beratungs- und Informationsstelle f\u00fcr Linksh\u00e4nder und umgeschulte Linksh\u00e4nder, Sendlinger Str. 17, 80331 M\u00fcnchen, Tel. \/ Fax: +49 \/ 89 \/ 26 86 14<br \/>\n<a href=\"http:\/\/www.lefthander-consulting.org\">http:\/\/www.lefthander-consulting.org<\/a>,\u00a0 e-mail: info@lefthander-consulting.org<\/p>\n","protected":false},"excerpt":{"rendered":"<p>&nbsp; &nbsp; Erste deutsche Beratungs- und Informationsstelle f\u00fcr Linksh\u00e4nder und umgeschulte Linksh\u00e4nder e.V. Sendlinger Str. 17 80331 M\u00fcnchen Tel.\/Fax 089 \/ 26 86 14 &nbsp; &nbsp; Begr\u00fcndung der Auszeichnung Spielzeug f\u00fcr linksh\u00e4ndige Kinder des Jahres 2008 an das landwirtschaftliche Fahrzeug Traktor Claas Nectis 267 F mit Zubeh\u00f6r Die Firma Bruder hat bei diesem Traktor und dem Zubeh\u00f6r alle funktionalen Elemente wie Lenkgriffe und Bedienteile so gestaltet, dass sie hervorragend mit der linken als auch mit der rechten Hand bedient werden k\u00f6nnen. Dieser Traktor wurde sehr realistisch und wirklichkeitsnah entwickelt und so k\u00f6nnen die Kinder durch diese Gestaltung und durch die Gr\u00f6\u00dfe des Spielzeugs die vielen, aus der Wirklichkeit entnommenen Funktionen der Maschinen nachempfinden. Es wird ein hoher p\u00e4dagogischer und zeitgem\u00e4\u00dfer Effekt f\u00fcr die kleinen links- und rechtsh\u00e4ndigen Landwirte erzielt. Deshalb verleihen wir der Bruder Spielwaren GmbH f\u00fcr ihren Traktor Claas Nectis 267 F mit Zubeh\u00f6r die Auszeichnung Spielzeug f\u00fcr linksh\u00e4ndige Kinder des Jahres 2008. &#8230; <a title=\"Spielzeugbegr\u00fcndung 2008\" class=\"read-more\" href=\"https:\/\/lefthander-consulting.org\/deutsch\/information\/kindergartenalter\/spielzeug-fuer-linkshaendige-kinder\/auszeichnung-2002-2013\/spielzeugbegruendung-2008\/\" aria-label=\"Mehr Informationen \u00fcber Spielzeugbegr\u00fcndung 2008\">Read more<\/a><\/p>\n","protected":false},"author":4,"featured_media":0,"parent":63,"menu_order":24,"comment_status":"closed","ping_status":"closed","template":"","meta":{"_cbd_carousel_blocks":"[]","footnotes":""},"class_list":["post-2764","page","type-page","status-publish"],"_links":{"self":[{"href":"https:\/\/lefthander-consulting.org\/deutsch\/wp-json\/wp\/v2\/pages\/2764","targetHints":{"allow":["GET"]}}],"collection":[{"href":"https:\/\/lefthander-consulting.org\/deutsch\/wp-json\/wp\/v2\/pages"}],"about":[{"href":"https:\/\/lefthander-consulting.org\/deutsch\/wp-json\/wp\/v2\/types\/page"}],"author":[{"embeddable":true,"href":"https:\/\/lefthander-consulting.org\/deutsch\/wp-json\/wp\/v2\/users\/4"}],"replies":[{"embeddable":true,"href":"https:\/\/lefthander-consulting.org\/deutsch\/wp-json\/wp\/v2\/comments?post=2764"}],"version-history":[{"count":58,"href":"https:\/\/lefthander-consulting.org\/deutsch\/wp-json\/wp\/v2\/pages\/2764\/revisions"}],"predecessor-version":[{"id":2769,"href":"https:\/\/lefthander-consulting.org\/deutsch\/wp-json\/wp\/v2\/pages\/2764\/revisions\/2769"}],"up":[{"embeddable":true,"href":"https:\/\/lefthander-consulting.org\/deutsch\/wp-json\/wp\/v2\/pages\/63"}],"wp:attachment":[{"href":"https:\/\/lefthander-consulting.org\/deutsch\/wp-json\/wp\/v2\/media?parent=2764"}],"curies":[{"name":"wp","href":"https:\/\/api.w.org\/{rel}","templated":true}]}}