{"id":2744,"date":"2019-01-28T15:55:14","date_gmt":"2019-01-28T14:55:14","guid":{"rendered":"https:\/\/lefthander-consulting.org\/information\/spielzeug-fuer-linkshaendige-kinder\/auszeichnung-2002-2013\/spielzeugbegruendung-2007\/"},"modified":"2025-08-15T14:34:42","modified_gmt":"2025-08-15T12:34:42","slug":"spielzeugbegruendung-2007","status":"publish","type":"page","link":"https:\/\/lefthander-consulting.org\/deutsch\/information\/kindergartenalter\/spielzeug-fuer-linkshaendige-kinder\/auszeichnung-2002-2013\/spielzeugbegruendung-2007\/","title":{"rendered":"Spielzeugbegr\u00fcndung 2007"},"content":{"rendered":"<p>&nbsp;<\/p>\n<p><strong><img loading=\"lazy\" decoding=\"async\" class=\"alignleft wp-image-2809\" src=\"https:\/\/lefthander-consulting.org\/deutsch\/wp-content\/uploads\/2019\/01\/Logo-Pr\u00e4mierung-Spielzeug-des-Jahres-300x300.jpg\" alt=\"\" width=\"250\" height=\"250\" srcset=\"https:\/\/lefthander-consulting.org\/deutsch\/wp-content\/uploads\/2019\/01\/Logo-Pr\u00e4mierung-Spielzeug-des-Jahres-300x300.jpg 300w, https:\/\/lefthander-consulting.org\/deutsch\/wp-content\/uploads\/2019\/01\/Logo-Pr\u00e4mierung-Spielzeug-des-Jahres-150x150.jpg 150w, https:\/\/lefthander-consulting.org\/deutsch\/wp-content\/uploads\/2019\/01\/Logo-Pr\u00e4mierung-Spielzeug-des-Jahres.jpg 617w\" sizes=\"auto, (max-width: 250px) 100vw, 250px\" \/><\/strong><\/p>\n<p>&nbsp;<\/p>\n<p><strong><span style=\"font-size: 14pt\">Erste deutsche Beratungs- und Informationsstelle f\u00fcr <\/span><\/strong><br \/>\n<span style=\"font-size: 14pt\"><strong>Linksh\u00e4nder und umgeschulte Linksh\u00e4nder e.V.<\/strong><\/span><br \/>\n<span style=\"font-size: 14pt\">Sendlinger Str. 17<\/span><br \/>\n<span style=\"font-size: 14pt\">80331 M\u00fcnchen<\/span><br \/>\n<span style=\"font-size: 14pt\">Tel.\/Fax 089 \/ 26 86 14<\/span><\/p>\n<p>&nbsp;<\/p>\n<p>&nbsp;<\/p>\n<p style=\"text-align: center\"><span style=\"font-size: 14pt\">Begr\u00fcndung der Auszeichnung<\/span><\/p>\n<p style=\"text-align: center\"><span style=\"font-size: 18pt\"><strong>Spielzeug f\u00fcr linksh\u00e4ndige Kinder des Jahres 2007<\/strong><\/span><\/p>\n<p style=\"text-align: center\"><strong><span style=\"font-size: 16pt\">an die Funny Steps \u00ae\u00a0 Fingerpuppenserie<\/span><\/strong><\/p>\n<p>Die Fingerpuppen der Serie Funny Steps haben einen sehr hohen feinmotorischen, p\u00e4dagogischen und logop\u00e4dischen Spielwert. Sie sind vollkommen h\u00e4ndigkeitsneutral gestaltet und bieten somit linksh\u00e4ndigen und rechtsh\u00e4ndigen Kindern einen optimalen Spielwert. Die einladenden und fr\u00f6hlichen Charaktere beleben die oft langweilige Welt der vergessenen Finger. Aber genau diese Finger m\u00fcssen in der Schule fit sein, um einen Schreibstift optimal und locker zu f\u00fchren. Auch deswegen verdient diese Fingerpuppenserie eine besondere Auszeichnung.<\/p>\n<p style=\"text-align: center\"><span style=\"font-size: 14pt\">Deshalb verleihen wir der <strong>Beleduc Lernspielwaren GmbH<\/strong><\/span><\/p>\n<p style=\"text-align: center\"><span style=\"font-size: 14pt\">f\u00fcr ihre Funny Steps <sup>\u00ae\u00a0\u00a0 <\/sup>Fingerpuppenserie die Auszeichnung<\/span><\/p>\n<p style=\"text-align: center\"><span style=\"font-size: 14pt\"><strong>Spielzeug f\u00fcr linksh\u00e4ndige Kinder des Jahres 2007.<\/strong><\/span><\/p>\n<p>Als verdeutlichendes Beispiel w\u00e4hlen wir das <b>Funny Steps<\/b> &#8222;Soccer&#8220; (Art. Nr. 40233). Die Puppen haben eine Gr\u00f6\u00dfe von etwa\u00a0 150 mm.<\/p>\n<p><strong><img loading=\"lazy\" decoding=\"async\" class=\"alignleft wp-image-2753\" src=\"https:\/\/lefthander-consulting.org\/deutsch\/wp-content\/uploads\/2019\/01\/funnyspiel-300x197.jpg\" alt=\"\" width=\"350\" height=\"229\" srcset=\"https:\/\/lefthander-consulting.org\/deutsch\/wp-content\/uploads\/2019\/01\/funnyspiel-300x197.jpg 300w, https:\/\/lefthander-consulting.org\/deutsch\/wp-content\/uploads\/2019\/01\/funnyspiel-768x503.jpg 768w, https:\/\/lefthander-consulting.org\/deutsch\/wp-content\/uploads\/2019\/01\/funnyspiel.jpg 923w\" sizes=\"auto, (max-width: 350px) 100vw, 350px\" \/><\/strong><\/p>\n<p><strong><span style=\"font-size: 14pt\">Beschreibung:<\/span><br \/>\n<\/strong>Die Fingerpuppen haben sind eine modellhafte Nachbildung der menschlichen Figur. Sie bestehen aus einem Grundk\u00f6rper, einem Kopf, einem deutlich ausgeformten Hals, sowie aus zwei Armen.<br \/>\nGrundk\u00f6rper, Kopf und Arme sind mit einem, in der Spielzeug-Branche \u00fcblichen F\u00fcllstoff ausgestopft. Der Kopf hat Haare, Augen und Mund, ebenso Nase und Ohren. Die Puppen wurden durch das \u00dcberziehen von Bekleidungsst\u00fccken, wie Jacken und Hosen oder Pullover komplettiert. Die Bekleidung besteht \u00fcberwiegend aus weichem Nicki Pl\u00fcsch in unterschiedlichen bunten Farben. Bei den Hosen sorgen Dehnelemente (Gummiz\u00fcge) f\u00fcr bessere Fixierung und Stabilit\u00e4t beim F\u00fchren der Puppe mit den Fingern. Die Schuhe der Puppen sind mit Schn\u00fcren am Grundk\u00f6rper befestigt.<br \/>\nDie Puppen sind kindgerecht gestaltet und daher in ihrer Form auf das Wesentliche reduziert. Es gibt die Fingerpuppen in\u00a0 unterschiedlichen Designs und Ausf\u00fchrungen. Jede Figur ist ca. 150 mm gro\u00df und ist geeignet f\u00fcr Kinder \u00fcber 3 Jahren. Der Oktupus der Fingerpuppenserie ist nach Ansicht der Jury leider nicht f\u00fcr Linksh\u00e4nder bespielbar, da er einem Rechtsh\u00e4nder-Handschuh\u00a0 nachempfunden ist. Er ist von unserer Auszeichnung ausgenommen.<\/p>\n<p><span style=\"font-size: 14pt\"><strong>Produktbeispiele Fingerpuppenserie:<\/strong><\/span><\/p>\n<p><img loading=\"lazy\" decoding=\"async\" class=\"size-medium wp-image-2750 alignleft\" src=\"https:\/\/lefthander-consulting.org\/deutsch\/wp-content\/uploads\/2019\/01\/Joelinks-207x300.jpg\" alt=\"\" width=\"207\" height=\"300\" srcset=\"https:\/\/lefthander-consulting.org\/deutsch\/wp-content\/uploads\/2019\/01\/Joelinks-207x300.jpg 207w, https:\/\/lefthander-consulting.org\/deutsch\/wp-content\/uploads\/2019\/01\/Joelinks.jpg 347w\" sizes=\"auto, (max-width: 207px) 100vw, 207px\" \/> \u00a0 \u00a0 <img loading=\"lazy\" decoding=\"async\" class=\"size-medium wp-image-2752 alignleft\" src=\"https:\/\/lefthander-consulting.org\/deutsch\/wp-content\/uploads\/2019\/01\/funny1-182x300.jpg\" alt=\"\" width=\"182\" height=\"300\" srcset=\"https:\/\/lefthander-consulting.org\/deutsch\/wp-content\/uploads\/2019\/01\/funny1-182x300.jpg 182w, https:\/\/lefthander-consulting.org\/deutsch\/wp-content\/uploads\/2019\/01\/funny1.jpg 595w\" sizes=\"auto, (max-width: 182px) 100vw, 182px\" \/>\u00a0<img loading=\"lazy\" decoding=\"async\" class=\"size-medium wp-image-2755 alignleft\" src=\"https:\/\/lefthander-consulting.org\/deutsch\/wp-content\/uploads\/2019\/01\/funnyente-193x300.jpg\" alt=\"\" width=\"193\" height=\"300\" srcset=\"https:\/\/lefthander-consulting.org\/deutsch\/wp-content\/uploads\/2019\/01\/funnyente-193x300.jpg 193w, https:\/\/lefthander-consulting.org\/deutsch\/wp-content\/uploads\/2019\/01\/funnyente.jpg 595w\" sizes=\"auto, (max-width: 193px) 100vw, 193px\" \/><img loading=\"lazy\" decoding=\"async\" class=\"size-medium wp-image-2754 alignleft\" src=\"https:\/\/lefthander-consulting.org\/deutsch\/wp-content\/uploads\/2019\/01\/funnyfrosch-251x300.jpg\" alt=\"\" width=\"251\" height=\"300\" srcset=\"https:\/\/lefthander-consulting.org\/deutsch\/wp-content\/uploads\/2019\/01\/funnyfrosch-251x300.jpg 251w, https:\/\/lefthander-consulting.org\/deutsch\/wp-content\/uploads\/2019\/01\/funnyfrosch.jpg 594w\" sizes=\"auto, (max-width: 251px) 100vw, 251px\" \/><\/p>\n<p>&nbsp;<\/p>\n<p>&nbsp;<\/p>\n<p>&nbsp;<\/p>\n<p>&nbsp;<\/p>\n<p>&nbsp;<\/p>\n<p>&nbsp;<\/p>\n<p><span style=\"font-size: 14pt\"><b>Verwendung<\/b><\/span><br \/>\nVorzugsweise der Zeige- und der Mittelfinger einer Hand werden von hinten durch die Bekleidung der Puppe geschoben und halten so diese. Die beiden Finger bilden die Beine der Figur. Die Fingerkuppen werden in die an der Spielfigur befestigten Schuhe gesteckt. Nun ist es m\u00f6glich die Figuren laufen zu lassen, indem Zeige- und Mittelfinger bewegt werden. Hier er\u00f6ffnen sich viele unterschiedliche Spielm\u00f6glichkeiten, denn die Bewegungsabl\u00e4ufe der Beine lassen sich mit den Fingern sehr gut nachahmen. Die Puppen k\u00f6nnen laufen oder rennen, tanzen oder springen, sitzen und sogar knien. Dabei werden auch nahezu alle Finger der f\u00fchrenden Hand in den Bewegungsablauf der Fingerpuppe mit einbezogen. Bei der Bekleidung dienen leichte Gummischlaufen zur Fixierung und Stabilit\u00e4t der zu f\u00fchrenden Puppe.<\/p>\n<p><img loading=\"lazy\" decoding=\"async\" class=\"size-medium wp-image-2757 alignleft\" src=\"https:\/\/lefthander-consulting.org\/deutsch\/wp-content\/uploads\/2019\/01\/funnydetail2-300x202.jpg\" alt=\"\" width=\"300\" height=\"202\" srcset=\"https:\/\/lefthander-consulting.org\/deutsch\/wp-content\/uploads\/2019\/01\/funnydetail2-300x202.jpg 300w, https:\/\/lefthander-consulting.org\/deutsch\/wp-content\/uploads\/2019\/01\/funnydetail2.jpg 519w\" sizes=\"auto, (max-width: 300px) 100vw, 300px\" \/><\/p>\n<p><img loading=\"lazy\" decoding=\"async\" class=\"size-medium wp-image-2756 alignleft\" src=\"https:\/\/lefthander-consulting.org\/deutsch\/wp-content\/uploads\/2019\/01\/funnydetail3-300x200.jpg\" alt=\"\" width=\"300\" height=\"200\" srcset=\"https:\/\/lefthander-consulting.org\/deutsch\/wp-content\/uploads\/2019\/01\/funnydetail3-300x200.jpg 300w, https:\/\/lefthander-consulting.org\/deutsch\/wp-content\/uploads\/2019\/01\/funnydetail3.jpg 527w\" sizes=\"auto, (max-width: 300px) 100vw, 300px\" \/> \u00a0 \u00a0 <img loading=\"lazy\" decoding=\"async\" class=\"size-medium wp-image-2751 alignleft\" src=\"https:\/\/lefthander-consulting.org\/deutsch\/wp-content\/uploads\/2019\/01\/funnydetail1-300x197.jpg\" alt=\"\" width=\"300\" height=\"197\" srcset=\"https:\/\/lefthander-consulting.org\/deutsch\/wp-content\/uploads\/2019\/01\/funnydetail1-300x197.jpg 300w, https:\/\/lefthander-consulting.org\/deutsch\/wp-content\/uploads\/2019\/01\/funnydetail1.jpg 523w\" sizes=\"auto, (max-width: 300px) 100vw, 300px\" \/><\/p>\n<p>&nbsp;<\/p>\n<p>&nbsp;<\/p>\n<p>&nbsp;<\/p>\n<p>&nbsp;<\/p>\n<p><span style=\"font-size: 14pt\"><b>Spielm\u00f6glichkeiten und F\u00f6rderung der Feinmotorik als Spielziel<\/b><\/span><br \/>\nEs kann mit einer einzelnen Puppe oder gleichzeitig mit zwei Puppen gespielt werden. Hier bieten sich Rollenspiele an und es besteht die M\u00f6glichkeit der Nutzung von mitangebotenem Zubeh\u00f6r.<br \/>\nDie Fingerpuppen sind geeignet, um die motorischen F\u00e4higkeiten von links- und rechtsh\u00e4ndigen Kindern in spielerischer Weise zu f\u00f6rdern. Um die Puppen laufen zu lassen, m\u00fcssen die Bewegungen gezielt ausgef\u00fchrt werden. Dabei werden nicht nur Zeige- und Mittelfinger einer Hand bewegt sondern alle Finger einer Hand werden in die Ausf\u00fchrungen der Bewegungen mit einbezogen. Beim eigentlichen Spielen sind der Phantasie keine Grenzen gesetzt, so dass nahezu der gesamte Bereich der Lebensumwelt und des Erfahrungsschatzes des Kindes erfasst wird. Nachgespielte Szenen aus dem Alltag k\u00f6nnen dem Kind helfen, Situationen leichter zu verarbeiten.<br \/>\nKindergarten-, Vorschul- und Grundschulkinder k\u00f6nnen mit der <b>funny Steps<\/b> Fingerpuppenserie ihre oft noch ungen\u00fcgende Feinmotorik der Schreibhand trainieren und so den Weg f\u00fcr eine entspannte Schreibhaltung ebnen. Auch das Zusammenspiel von links- und rechtsh\u00e4ndigen Kindern ist problemlos m\u00f6glich.<\/p>\n<p><strong><span style=\"font-size: 14pt\">Adresse:<\/span><\/strong><br \/>\nBeleduc Lernspielwaren GmbH, Heinrich \u2013 Heine \u2013 Weg\u00a0 2, D-09526 Olbernhau, Tel. 037360\/ 162-0<br \/>\n<a href=\"http:\/\/www.beleduc.de\">www.beleduc.de<\/a>,\u00a0 E-Mail: beleduc@t-online.de<\/p>\n<p>Die Abbildungen wurden mit freundlicher Genehmigung von Beleduc Lernspielwaren zur Verf\u00fcgung gestellt.<\/p>\n","protected":false},"excerpt":{"rendered":"<p>&nbsp; &nbsp; Erste deutsche Beratungs- und Informationsstelle f\u00fcr Linksh\u00e4nder und umgeschulte Linksh\u00e4nder e.V. Sendlinger Str. 17 80331 M\u00fcnchen Tel.\/Fax 089 \/ 26 86 14 &nbsp; &nbsp; Begr\u00fcndung der Auszeichnung Spielzeug f\u00fcr linksh\u00e4ndige Kinder des Jahres 2007 an die Funny Steps \u00ae\u00a0 Fingerpuppenserie Die Fingerpuppen der Serie Funny Steps haben einen sehr hohen feinmotorischen, p\u00e4dagogischen und logop\u00e4dischen Spielwert. Sie sind vollkommen h\u00e4ndigkeitsneutral gestaltet und bieten somit linksh\u00e4ndigen und rechtsh\u00e4ndigen Kindern einen optimalen Spielwert. Die einladenden und fr\u00f6hlichen Charaktere beleben die oft langweilige Welt der vergessenen Finger. Aber genau diese Finger m\u00fcssen in der Schule fit sein, um einen Schreibstift optimal und locker zu f\u00fchren. Auch deswegen verdient diese Fingerpuppenserie eine besondere Auszeichnung. Deshalb verleihen wir der Beleduc Lernspielwaren GmbH f\u00fcr ihre Funny Steps \u00ae\u00a0\u00a0 Fingerpuppenserie die Auszeichnung Spielzeug f\u00fcr linksh\u00e4ndige Kinder des Jahres 2007. Als verdeutlichendes Beispiel w\u00e4hlen wir das Funny Steps &#8222;Soccer&#8220; (Art. Nr. 40233). Die Puppen haben eine Gr\u00f6\u00dfe von etwa\u00a0 150 mm. &#8230; <a title=\"Spielzeugbegr\u00fcndung 2007\" class=\"read-more\" href=\"https:\/\/lefthander-consulting.org\/deutsch\/information\/kindergartenalter\/spielzeug-fuer-linkshaendige-kinder\/auszeichnung-2002-2013\/spielzeugbegruendung-2007\/\" aria-label=\"Mehr Informationen \u00fcber Spielzeugbegr\u00fcndung 2007\">Read more<\/a><\/p>\n","protected":false},"author":4,"featured_media":0,"parent":63,"menu_order":23,"comment_status":"closed","ping_status":"closed","template":"","meta":{"_cbd_carousel_blocks":"[]","footnotes":""},"class_list":["post-2744","page","type-page","status-publish"],"_links":{"self":[{"href":"https:\/\/lefthander-consulting.org\/deutsch\/wp-json\/wp\/v2\/pages\/2744","targetHints":{"allow":["GET"]}}],"collection":[{"href":"https:\/\/lefthander-consulting.org\/deutsch\/wp-json\/wp\/v2\/pages"}],"about":[{"href":"https:\/\/lefthander-consulting.org\/deutsch\/wp-json\/wp\/v2\/types\/page"}],"author":[{"embeddable":true,"href":"https:\/\/lefthander-consulting.org\/deutsch\/wp-json\/wp\/v2\/users\/4"}],"replies":[{"embeddable":true,"href":"https:\/\/lefthander-consulting.org\/deutsch\/wp-json\/wp\/v2\/comments?post=2744"}],"version-history":[{"count":43,"href":"https:\/\/lefthander-consulting.org\/deutsch\/wp-json\/wp\/v2\/pages\/2744\/revisions"}],"predecessor-version":[{"id":3144,"href":"https:\/\/lefthander-consulting.org\/deutsch\/wp-json\/wp\/v2\/pages\/2744\/revisions\/3144"}],"up":[{"embeddable":true,"href":"https:\/\/lefthander-consulting.org\/deutsch\/wp-json\/wp\/v2\/pages\/63"}],"wp:attachment":[{"href":"https:\/\/lefthander-consulting.org\/deutsch\/wp-json\/wp\/v2\/media?parent=2744"}],"curies":[{"name":"wp","href":"https:\/\/api.w.org\/{rel}","templated":true}]}}