{"id":27,"date":"2018-06-07T14:59:00","date_gmt":"2018-06-07T12:59:49","guid":{"rendered":"https:\/\/lefthander-consulting.org\/?page_id=27"},"modified":"2025-08-15T14:34:42","modified_gmt":"2025-08-15T12:34:42","slug":"problematik","status":"publish","type":"page","link":"https:\/\/lefthander-consulting.org\/deutsch\/information\/problematik\/","title":{"rendered":"Problematik"},"content":{"rendered":"<p style=\"font-weight: 400\"><span style=\"font-size: 18pt\"><b><strong>Linksh\u00e4ndigkeit in der Gesellschaft und Folgen der Umschulung der <\/strong><\/b><b><strong>H\u00e4ndigkeit<\/strong><\/b><\/span><\/p>\n<p style=\"font-weight: 400\">Linksh\u00e4nder werden auch heute noch manchmal als unbedeutende Minderheit in der Gesellschaft angesehen. Tats\u00e4chlich machen sie aber einen weit gr\u00f6\u00dferen Anteil der Bev\u00f6lkerung aus als offiziell angenommen wird. Die Umschulung von der linken auf die rechte Hand, haupts\u00e4chlich beim Schreiben, die \u00fcber lange Zeit gang und g\u00e4be war, hat diese statistische Verzerrung verursacht.<\/p>\n<p style=\"font-weight: 400\">Eine Umschulung der Schreibhand f\u00fchrt oft zu den verschiedensten St\u00f6rungen, die dann h\u00e4ufig in Sekund\u00e4rprozessen falsch verarbeitet werden und ist nach Dr. Ivo-Kurt Cizek der &#8222;maximale unblutige Angriff auf das Gehirn, der m\u00f6glich ist&#8220; (SZ, 29.4.1986). Da heutzutage die Umschulung der H\u00e4ndigkeit meistens schon sehr fr\u00fch (als Kleinkind und in der Kindergartenzeit) und oft sogar von dem Kind selbst als &#8222;Anpassungsma\u00dfnahme&#8220; (w\u00e4hrend der Sozialisation) an die rechtsh\u00e4ndige Umwelt durchgef\u00fchrt wird und bei Schuleintritt das Kind ph\u00e4nomenal rechtsh\u00e4ndig erscheint, werden m\u00f6gliche Folgeerscheinungen nicht erkannt und es kommt h\u00e4ufig zu einer falschen Ursachenbestimmung (Kausalattribuierung) der Sekund\u00e4rfolgen.<\/p>\n<p style=\"font-weight: 400\"><span style=\"font-size: 14pt\"><b><strong>Prim\u00e4r- und Sekund\u00e4rfolgen der Umschulung der H\u00e4ndigkeit<\/strong><\/b><\/span><\/p>\n<p style=\"font-weight: 400\"><b><strong>&#8222;Prim\u00e4rfolgen<\/strong><\/b>\u00a0der Umschulung der H\u00e4ndigkeit k\u00f6nnen sein:<\/p>\n<ul>\n<li style=\"font-weight: 400\">Ged\u00e4chtnisst\u00f6rungen (besonders beim Abrufen von Lerninhalten)<\/li>\n<li style=\"font-weight: 400\">Konzentrationsschwierigkeiten (schnelle Erm\u00fcdbarkeit)<\/li>\n<li style=\"font-weight: 400\">legasthenische Probleme (Lese- und Rechtschreibschwierigkeiten)<\/li>\n<li style=\"font-weight: 400\">Raum-Lage-Labilit\u00e4t (Links-Rechts-Unsicherheit)<\/li>\n<li style=\"font-weight: 400\">feinmotorische St\u00f6rungen (die sich z.B. im Schriftbild \u00e4u\u00dfern)<\/li>\n<li style=\"font-weight: 400\">Sprachst\u00f6rungen (Stammeln bis zum Stottern)<\/li>\n<\/ul>\n<p style=\"font-weight: 400\">Diese Prim\u00e4rfolgen k\u00f6nnen sich dann in unterschiedliche Sekund\u00e4rfolgen umsetzen:<\/p>\n<ul>\n<li style=\"font-weight: 400\">Minderwertigkeitskomplexe<\/li>\n<li style=\"font-weight: 400\">Unsicherheit<\/li>\n<li style=\"font-weight: 400\">Zur\u00fcckgezogenheit<\/li>\n<li style=\"font-weight: 400\">\u00dcberkompensation durch erh\u00f6hten Leistungseinsatz<\/li>\n<li style=\"font-weight: 400\">Trotzhaltungen, Widerspruchsgeist, Imponier- und Provokationsgehabe<\/li>\n<li style=\"font-weight: 400\">unterschiedlich ausgepr\u00e4gte Verhaltensst\u00f6rungen<\/li>\n<li style=\"font-weight: 400\">Bettn\u00e4ssen und N\u00e4gelkauen<\/li>\n<li style=\"font-weight: 400\">emotionale Probleme bis ins Erwachsenenalter mit neurotischen und\/oder psychosomatischen Symptomen<\/li>\n<li style=\"font-weight: 400\">St\u00f6rungen im Pers\u00f6nlichkeitsbild&#8220; (Sattler, J.B.,\u00a0<a href=\"https:\/\/lefthander-consulting.org\/deutsch\/information\/literatur\/der-umgeschulte-linkshaender-oder-der-knoten-im-gehirn\/\">Der umgeschulte Linksh\u00e4nder<\/a>, S. 50).<\/li>\n<\/ul>\n<p>&nbsp;<\/p>\n<p style=\"font-weight: 400\"><span style=\"font-size: 14pt\"><b><strong>Zum Begriff Umschulung der H\u00e4ndigkeit<br \/>\n<\/strong><\/b><\/span>Der Begriff der Umschulung entspricht am besten den Umst\u00e4nden, die zu einer Bevorzugung der nicht dominanten Hand an Stelle der dominanten Hand f\u00fchren. Andere Begriffe wie &#8222;Umerziehung&#8220;, &#8222;Umdressierung&#8220; u.\u00e4. bergen in sich die unterschwellige Beschuldigung der Eltern, des Kindergartens, der Schule usw.; der Eingriff in die angeborene H\u00e4ndigkeit wird hier ausschlie\u00dflich als ein von au\u00dfen zugef\u00fcgter Prozess dargestellt. Die Realit\u00e4t zeigt aber, dass eine gro\u00dfe Anzahl an umgeschulten Linksh\u00e4ndern sich in der fr\u00fchen Kindheit selbst umzuschulen begann durch Nachahmungs- und Modellverhalten und sehr oft handelt es sich dabei gerade um die aufgewecktesten Kinder. Hier wird deutlich, dass f\u00fcr diesen Prozess der Begriff &#8222;Umschulung&#8220; (wie er sich inzwischen eingeb\u00fcrgert hat) weit besser passt: Man kann sich nicht selbst umerziehen.<\/p>\n<p>\u00a9 Copyright: Erste deutsche Beratungs- und Informationsstelle f\u00fcr Linksh\u00e4nder und umgeschulte Linksh\u00e4nder, Sendlinger Str. 17, 80331 M\u00fcnchen, Tel. \/ Fax: +49 \/ 89 \/ 26 86 14,<a href=\"https:\/\/lefthander-consulting.org\">\u00a0 <\/a><a href=\"https:\/\/lefthander-consulting.org\">https:\/\/lefthander-consulting.org<\/a>, e-mail: info@lefthander-consulting.org<\/p>\n<p>&nbsp;<\/p>\n","protected":false},"excerpt":{"rendered":"<p>Linksh\u00e4ndigkeit in der Gesellschaft und Folgen der Umschulung der H\u00e4ndigkeit Linksh\u00e4nder werden auch heute noch manchmal als unbedeutende Minderheit in der Gesellschaft angesehen. Tats\u00e4chlich machen sie aber einen weit gr\u00f6\u00dferen Anteil der Bev\u00f6lkerung aus als offiziell angenommen wird. Die Umschulung von der linken auf die rechte Hand, haupts\u00e4chlich beim Schreiben, die \u00fcber lange Zeit gang und g\u00e4be war, hat diese statistische Verzerrung verursacht. Eine Umschulung der Schreibhand f\u00fchrt oft zu den verschiedensten St\u00f6rungen, die dann h\u00e4ufig in Sekund\u00e4rprozessen falsch verarbeitet werden und ist nach Dr. Ivo-Kurt Cizek der &#8222;maximale unblutige Angriff auf das Gehirn, der m\u00f6glich ist&#8220; (SZ, 29.4.1986). Da heutzutage die Umschulung der H\u00e4ndigkeit meistens schon sehr fr\u00fch (als Kleinkind und in der Kindergartenzeit) und oft sogar von dem Kind selbst als &#8222;Anpassungsma\u00dfnahme&#8220; (w\u00e4hrend der Sozialisation) an die rechtsh\u00e4ndige Umwelt durchgef\u00fchrt wird und bei Schuleintritt das Kind ph\u00e4nomenal rechtsh\u00e4ndig erscheint, werden m\u00f6gliche Folgeerscheinungen nicht erkannt und es kommt h\u00e4ufig zu einer falschen Ursachenbestimmung &#8230; <a title=\"Problematik\" class=\"read-more\" href=\"https:\/\/lefthander-consulting.org\/deutsch\/information\/problematik\/\" aria-label=\"Mehr Informationen \u00fcber Problematik\">Read more<\/a><\/p>\n","protected":false},"author":1,"featured_media":0,"parent":811,"menu_order":12,"comment_status":"closed","ping_status":"closed","template":"","meta":{"_cbd_carousel_blocks":"[]","footnotes":""},"class_list":["post-27","page","type-page","status-publish"],"_links":{"self":[{"href":"https:\/\/lefthander-consulting.org\/deutsch\/wp-json\/wp\/v2\/pages\/27","targetHints":{"allow":["GET"]}}],"collection":[{"href":"https:\/\/lefthander-consulting.org\/deutsch\/wp-json\/wp\/v2\/pages"}],"about":[{"href":"https:\/\/lefthander-consulting.org\/deutsch\/wp-json\/wp\/v2\/types\/page"}],"author":[{"embeddable":true,"href":"https:\/\/lefthander-consulting.org\/deutsch\/wp-json\/wp\/v2\/users\/1"}],"replies":[{"embeddable":true,"href":"https:\/\/lefthander-consulting.org\/deutsch\/wp-json\/wp\/v2\/comments?post=27"}],"version-history":[{"count":18,"href":"https:\/\/lefthander-consulting.org\/deutsch\/wp-json\/wp\/v2\/pages\/27\/revisions"}],"predecessor-version":[{"id":5790,"href":"https:\/\/lefthander-consulting.org\/deutsch\/wp-json\/wp\/v2\/pages\/27\/revisions\/5790"}],"up":[{"embeddable":true,"href":"https:\/\/lefthander-consulting.org\/deutsch\/wp-json\/wp\/v2\/pages\/811"}],"wp:attachment":[{"href":"https:\/\/lefthander-consulting.org\/deutsch\/wp-json\/wp\/v2\/media?parent=27"}],"curies":[{"name":"wp","href":"https:\/\/api.w.org\/{rel}","templated":true}]}}