{"id":2636,"date":"2019-01-24T09:50:40","date_gmt":"2019-01-24T08:50:40","guid":{"rendered":"https:\/\/lefthander-consulting.org\/information\/sport-und-haendigkeit\/vom-vergnuegen-ein-linker-zu-sein\/"},"modified":"2019-05-02T18:15:03","modified_gmt":"2019-05-02T16:15:03","slug":"vom-vergnuegen-ein-linker-zu-sein","status":"publish","type":"page","link":"https:\/\/lefthander-consulting.org\/deutsch\/information\/sport-und-haendigkeit\/vom-vergnuegen-ein-linker-zu-sein\/","title":{"rendered":"Vom &#8222;Vergn\u00fcgen&#8220;, ein Linker zu sein"},"content":{"rendered":"<p style=\"text-align: left\"><span style=\"font-size: 14pt\">Harry Valerien<\/span><\/p>\n<p><span style=\"font-size: 14pt\"><b>\u00dcber Erfahrungen als Rechts- und Linksh\u00e4nder<\/b><\/span><\/p>\n<p><span style=\"font-family: Arial,Helvetica\">Aus einem Restaurant kommend, so die Legende, ging Amerikas Baseballstar Joe Di Maggio auf einen Bettler zu und wollte ihm eine Dollarm\u00fcnze zustecken. Als der Mann seine linke Hand ausstreckte, soll Di Maggio den Bettler angezischt haben: &#8222;Verhungere, du linksh\u00e4ndige Bestie!&#8220; Baseballfans wussten, warum ihr Liebling so missmutig, ja feindselig reagierte. Mit linksh\u00e4ndigen Pitchern n\u00e4mlich hatte Di Maggio \u00fcber Jahre hinweg h\u00f6chst unliebsame Erfahrungen gemacht. Werfer dieser Gattung galten und gelten als unberechenbar, gef\u00e4hrlich und deshalb f\u00fcr besonders gut geeignet, dem Gegner b\u00f6se \u00dcberraschungen zu bereiten. <\/span><\/p>\n<p><span style=\"font-family: Arial,Helvetica\">Von Vorurteilen bestimmt, galt Linksh\u00e4ndigkeit einst als Zeichen von Schw\u00e4che, Krankheit oder gar seelischer Abwegigkeit, &#8222;die bis hin zum Stottern f\u00fchren kann&#8220;. Links wird vielfach noch gleichgesetzt mit linkisch, links liegen lassen, zwei linke H\u00e4nde haben, linker Typ; rechts dagegen verbindet man mit normal, richtig, rechtschaffen. Ein Vergleich aus dem Englischen: A left-handed compliment hei\u00dft soviel wie: ein unaufrichtiges Kompliment mit doppelsinniger Bedeutung. In der Armee Friedrichs des Gro\u00dfen soll die Zahl linksh\u00e4ndiger Deserteure auffallend gro\u00df gewesen sein. Und schlie\u00dflich noch ein Satz aus der Sch\u00f6pfungsgeschichte der nordamerikanischen Irokesenst\u00e4mme: &#8222;Die b\u00f6se Macht des Linksh\u00e4ndigen ist in jedem Menschen vorhanden.&#8220; Linksh\u00e4ndigkeit ist in unserer genormten Gesellschaft nach wie vor ein streitbares Thema. Leonardo da Vinci, Albert Einstein, Pablo Picasso, Greta Garbo, Charlie Chaplin &#8211; die Liste prominenter Linksh\u00e4nder k\u00f6nnte spielend verl\u00e4ngert werden. Doch im Alltag werden sie h\u00e4ufig noch schief angesehen, es sei denn, man hat es im Tennis mit Monica Seles, Martina Navratilova, John McEnroe oder Goran Ivanisevic zu tun &#8211; raffinierte, temperamentvolle Zauberer in diesem Spiel. <\/span><\/p>\n<p><span style=\"font-family: Arial,Helvetica\">Beim Golf scheint Linksh\u00e4ndigkeit nach Ansicht vieler Lehrer eher ein Makel als ein Vorzug zu sein. Meine erste Golfstunde begann nicht mit Instruktionen des Meisters, sondern mit einer Bemerkung, die wie ein Hieb wirkte. Der unvergessene Schorsch Bessner, vor Bernhard Langer Deutschlands erfolgreichster Pro, sagte zu mir: &#8222;Linksherum k\u00f6nnen Sie mit diesem Schl\u00e4ger nicht spielen!&#8220; &#8222;Und woher bekommen wir, was ich brauche?&#8220; &#8222;Wir m\u00fcssten einen Linksh\u00e4ndersatz in England bestellen. Das dauert drei, vier Monate &#8211; dann ist die Saison vorbei. Probieren Sie&#8217;s rechts. Ben Hogan hat als Linksh\u00e4nder mit rechtsh\u00e4ndigem Golf eine unvergleichliche Karriere gemacht&#8230;&#8220; <\/span><\/p>\n<p><span style=\"font-family: Arial,Helvetica\">Pl\u00f6tzlich standen wieder die jungen Jahre vor mir: Schl\u00e4ge auf die Finger, wer mit der linken Hand schreiben wollte, strenges Verbot, wer im Werkunterricht links feilen, h\u00e4mmern oder hobeln wollte; beim Milit\u00e4r erbarmungsloses Strafexerzieren, wer beim Schie\u00dfen der linken Seite den Vorzug geben wollte. Ein Rekrut unserer Tage k\u00f6nnte behaupten, die besten Scharfsch\u00fctzen seien doch Linksh\u00e4nder! <\/span><\/p>\n<p><span style=\"font-family: Arial,Helvetica\">Konsequent auf Bessners letzte Feststellung, Linksh\u00e4nder st\u00fcnden beim Spiel immer verkehrt zu ihren Partnern, was auf Dauer keinen Spa\u00df mache, hie\u00df: Sich erneut f\u00fcgen, wieder gegen sein Naturell ank\u00e4mpfen. Und zwischendurch an Ben Hogan denken. Hogan war dreizehn, als er begann, rechts zu spielen. So \u00e4hnlich k\u00f6nnte die Geschichte mit Amerikas Pr\u00e4sidenten Ford, Bush und Clinton verlaufen sein. Alle drei Linksh\u00e4nder, von denen aber jeder rechtsh\u00e4ndig golft. <\/span><\/p>\n<p><span style=\"font-family: Arial,Helvetica\">Die meisten Golflehrer k\u00f6nnen mit Linksh\u00e4ndern, die rechts spielen, nicht sehr gut umgehen, so Frederico von Rumohr, 28, aus Hennef. Der Mann wei\u00df, wovon er spricht. Nach 18 Jahren rechtsh\u00e4ndigem Golf und dabei Runden unter Par spielend, stellte er sich auf links um: &#8222;Ich fand vorher nie das richtige Konzept, unter Druck auch nicht die richtigen Schl\u00e4ge. Mir fehlte vor allem Konstanz. Jetzt l\u00e4uft es besser, weil ich in mein neues Spiel zus\u00e4tzliche Erkenntnisse einbringe. Das hat mit peripherem Sehen zu tun, mit gr\u00f6\u00dferer seitlicher Wahrnehmung, mit Drehsinn und Beinigkeit. Ein komplexes Thema, \u00fcber das ich ein Buch schreiben will&#8230;&#8220; <\/span><\/p>\n<p><span style=\"font-family: Arial,Helvetica\">In einem medizinischen Fachbuch steht zu lesen, &#8222;Linksh\u00e4nder d\u00fcrfen nicht auf den Gebrauch der rechten Hand umgestellt werden (und umgekehrt), denn dies bedeute einen der massivsten unblutigen Eingriffe in das menschliche Gehirn, mit verschiedenen Prim\u00e4r- und Sekund\u00e4rfolgen&#8220;. Clubpros indes f\u00fchren als Argument ins Feld, f\u00fcr Linksh\u00e4nder sei rechtsh\u00e4ndiges Golf deshalb empfehlenswert, weil der linke Arm und die linke Hand die Feinmotorik des Spiels steuert. Statistiken zu dieser Diskussion finden sich nirgendwo. Sch\u00e4tzungen werden angeboten. Weltweit soll es etwa 10% Linksh\u00e4nder geben. Tats\u00e4chlich, behauptet Dr. Barbara Sattler von der Beratungsstelle f\u00fcr Linksh\u00e4nder in M\u00fcnchen, sollen es drei\u00dfig bis f\u00fcnfzig Prozent sein. In deutschen Golfclubs sind die Au\u00dfenseiter rar. Unter 800 Mitgliedern spielen im Durchschnitt etwa acht bis zehn linksh\u00e4ndig, beim GC Starnberg z\u00e4hlte Head-Pro Christoph Kilian die Rekordzahl von 15 Linksh\u00e4ndern. Selbst wenn es doppelt so viel w\u00e4ren, k\u00e4me keiner von ihnen ganz nach oben, das jedenfalls die Meinung von Bernhard Langers Trainer Willi Hofmann. Die Ergebnislisten bedeutender Turniere weisen nach, dass au\u00dfer dem Neuseel\u00e4nder Bob Charles (1963 Britisch Open Sieger) noch nie ein Linksh\u00e4nder ein Major-Turnier f\u00fcr sich entscheiden konnte. Der Amerikaner Phil Mickelson ragt aus der jungen Generation heraus. Noch als Amateur gewann er 1992 die Tuscon Open. Ein Virtuose im links- wie rechtsh\u00e4ndigen Spiel ist Mac O&#8217;Grady, USA. Auf der US-Tour gilt er als Spieler mit dem idealen, beidseitigen Schwung, sozusagen ein sp\u00e4ter Sch\u00fcler Platons, von dem der Satz \u00fcberliefert ist: &#8222;In der \u00c4sthetik ist die Symmetrie die Grundlage der Ordnung und Vollkommenheit.&#8220; Dazu sollte man wissen, dass sich O&#8217;Gradys Spiel in Laufe von Jahren bis hin zur Verzweiflung verschlechterte, so dass er begann linksh\u00e4ndig zu golfen. <\/span><\/p>\n<p><span style=\"font-family: Arial,Helvetica\">Auch hierzulande lebt ein erfolgreicher Linksh\u00e4nder: Uli Zilg, Deutscher Amateurmeister 1989, seit dem letzten Jahr Pro. Zilg schreibt mit der rechten Hand, schl\u00e4gt beim Tennis rechts auf, spielt aber links Golf und wirft jeden Gegenstand mit links. &#8222;Wenn ich allerdings an Golf denke, denke ich rechtsherum. Um das Ma\u00df fl\u00fcchtiger Irritation vollzumachen, sagt Zilg, er habe seine ersten H\u00f6lzer f\u00fcr Rechtsh\u00e4nder links geschlagen. Noch Fragen? Wer sich als Linksh\u00e4nder in einer Sackgasse w\u00e4hnt, darf an Umstellung denken, und zwar gerade dann, so Willi Hofmann, wenn der Spieler eigentlich zum Rechtsh\u00e4nder erzogen wurde. Hofmann hat etwa ein Dutzend Golfer unterschiedlicher Altersklassen umgestellt. Golfer, die vorher bis zu 24 Jahre lang ausschlie\u00dflich rechts gespielt haben. <\/span><\/p>\n<p><span style=\"font-family: Arial,Helvetica\">Hier sei&#8217;s gestanden: Einer der umgeschulten bin ich, \u00dcber 30 Jahre &#8222;rechtes Spiel&#8220;, jetzt, versuchsweise, endlich mal links. Welch interessante Herausforderung, sich auf diese Weise von der anderen Seite kennenzulernen! Irritationen bleiben allemal. Denn kein Golfguru garantiert den Erfolg. Am Ende bist immer noch du, mit all deinen Schw\u00e4chen und Fehlern, der spielt. Tr\u00f6stlich scheint f\u00fcr alle F\u00e4lle die Bemerkung eines amerikanischen Freundes zu sein (Linksh\u00e4nder, Handicap 4), der sagt: Es ist besser, auf der falschen Seite zum Ball zu stehen und richtig zu schwingen, als umgekehrt. So oder so bleibt das zweifelhafte Vergn\u00fcgen, ein Linker zu sein. Und nat\u00fcrlich bleibt auch das skeptische Staunen der Andersartigen \u00fcber Bewegung und Eigenheiten einer kompakten Minderheit.<\/span><\/span><\/p>\n<p>&nbsp;<\/p>\n<p><span style=\"font-family: Arial,Helvetica\">\u00a9 Copyright: Harry Valerien<\/span><\/p>\n<p><span style=\"font-family: Arial,Helvetica\"><span style=\"font-family: arial, helvetica, sans-serif\">Erste deutsche Beratungs- und Informationsstelle f\u00fcr Linksh\u00e4nder und umgeschulte\u00a0 <\/span><span style=\"font-family: arial, helvetica, sans-serif\">Linksh\u00e4nder, Sendlinger Str. 17, 80331 M\u00fcnchen, Tel. \/ Fax: +49 \/ 89 \/ 26 86 14, <\/span><span style=\"font-family: arial, helvetica, sans-serif\"><a href=\"https:\/\/lefthander-consulting.org\">https:\/\/lefthander-consulting.org<\/a>, e-mail: info@lefthander-consulting.org<\/span><\/span><\/p>\n","protected":false},"excerpt":{"rendered":"<p>Harry Valerien \u00dcber Erfahrungen als Rechts- und Linksh\u00e4nder Aus einem Restaurant kommend, so die Legende, ging Amerikas Baseballstar Joe Di Maggio auf einen Bettler zu und wollte ihm eine Dollarm\u00fcnze zustecken. Als der Mann seine linke Hand ausstreckte, soll Di Maggio den Bettler angezischt haben: &#8222;Verhungere, du linksh\u00e4ndige Bestie!&#8220; Baseballfans wussten, warum ihr Liebling so missmutig, ja feindselig reagierte. Mit linksh\u00e4ndigen Pitchern n\u00e4mlich hatte Di Maggio \u00fcber Jahre hinweg h\u00f6chst unliebsame Erfahrungen gemacht. Werfer dieser Gattung galten und gelten als unberechenbar, gef\u00e4hrlich und deshalb f\u00fcr besonders gut geeignet, dem Gegner b\u00f6se \u00dcberraschungen zu bereiten. Von Vorurteilen bestimmt, galt Linksh\u00e4ndigkeit einst als Zeichen von Schw\u00e4che, Krankheit oder gar seelischer Abwegigkeit, &#8222;die bis hin zum Stottern f\u00fchren kann&#8220;. Links wird vielfach noch gleichgesetzt mit linkisch, links liegen lassen, zwei linke H\u00e4nde haben, linker Typ; rechts dagegen verbindet man mit normal, richtig, rechtschaffen. Ein Vergleich aus dem Englischen: A left-handed compliment hei\u00dft soviel wie: ein unaufrichtiges Kompliment &#8230; <a title=\"Vom &#8222;Vergn\u00fcgen&#8220;, ein Linker zu sein\" class=\"read-more\" href=\"https:\/\/lefthander-consulting.org\/deutsch\/information\/sport-und-haendigkeit\/vom-vergnuegen-ein-linker-zu-sein\/\" aria-label=\"Mehr Informationen \u00fcber Vom &#8222;Vergn\u00fcgen&#8220;, ein Linker zu sein\">Read more<\/a><\/p>\n","protected":false},"author":4,"featured_media":0,"parent":109,"menu_order":3,"comment_status":"closed","ping_status":"closed","template":"","meta":{"_cbd_carousel_blocks":"[]","footnotes":""},"class_list":["post-2636","page","type-page","status-publish"],"_links":{"self":[{"href":"https:\/\/lefthander-consulting.org\/deutsch\/wp-json\/wp\/v2\/pages\/2636","targetHints":{"allow":["GET"]}}],"collection":[{"href":"https:\/\/lefthander-consulting.org\/deutsch\/wp-json\/wp\/v2\/pages"}],"about":[{"href":"https:\/\/lefthander-consulting.org\/deutsch\/wp-json\/wp\/v2\/types\/page"}],"author":[{"embeddable":true,"href":"https:\/\/lefthander-consulting.org\/deutsch\/wp-json\/wp\/v2\/users\/4"}],"replies":[{"embeddable":true,"href":"https:\/\/lefthander-consulting.org\/deutsch\/wp-json\/wp\/v2\/comments?post=2636"}],"version-history":[{"count":11,"href":"https:\/\/lefthander-consulting.org\/deutsch\/wp-json\/wp\/v2\/pages\/2636\/revisions"}],"predecessor-version":[{"id":5275,"href":"https:\/\/lefthander-consulting.org\/deutsch\/wp-json\/wp\/v2\/pages\/2636\/revisions\/5275"}],"up":[{"embeddable":true,"href":"https:\/\/lefthander-consulting.org\/deutsch\/wp-json\/wp\/v2\/pages\/109"}],"wp:attachment":[{"href":"https:\/\/lefthander-consulting.org\/deutsch\/wp-json\/wp\/v2\/media?parent=2636"}],"curies":[{"name":"wp","href":"https:\/\/api.w.org\/{rel}","templated":true}]}}