{"id":2538,"date":"2019-01-23T13:51:47","date_gmt":"2019-01-23T12:51:47","guid":{"rendered":"https:\/\/lefthander-consulting.org\/information\/literatur\/die-zeit-bestsellerliste\/"},"modified":"2019-05-04T11:08:58","modified_gmt":"2019-05-04T09:08:58","slug":"die-zeit-bestsellerliste","status":"publish","type":"page","link":"https:\/\/lefthander-consulting.org\/deutsch\/information\/literatur\/die-zeit-bestsellerliste\/","title":{"rendered":"Die Zeit Bestsellerliste"},"content":{"rendered":"<p><b>11. Februar 1999 DIE ZEIT Nr. 7<\/b><\/p>\n<p><strong>ZEIT &#8211; <\/strong><strong>Bestselle<\/strong>r<\/p>\n<p><b>Sachbuch<\/b><\/p>\n<p>1 James Cameron<br \/>\nTitanic Storybook<br \/>\nBurgschmiet 34,- DM<br \/>\nDie ZEIT empfiehlt:<\/p>\n<p>2 Waris Dirie<br \/>\nW\u00fcstenblume<br \/>\nSchneekluth 39,80 DM<\/p>\n<p>3 Helmut Schmidt<br \/>\nAuf der Suche nach einer \u00f6ffentlichen Moral<br \/>\nDVA 42,- DM<\/p>\n<p>4 J\u00fcrgen Domian \/ Hella von Sinnen<br \/>\nJenseits der Scham<br \/>\nvgs Verlagsgesellschaft 19,80 DM<\/p>\n<p>5 Bodo Sch\u00e4fer<br \/>\nDer Weg zur finanziellen Freiheit<br \/>\nCampus 39,80 DM<\/p>\n<p>6 Gabriele Kuby<br \/>\nMein Weg zu Maria<br \/>\nGoldmann 39,90 DM<\/p>\n<p>7 Sigrid Damm<br \/>\nChristine und Goethe<br \/>\nInsel 49,80 DM<\/p>\n<p>8 Johanna Barbara Sattler<br \/>\nDie Psyche des linksh\u00e4ndigen Kindes<br \/>\nAuer 29,80 DM<\/p>\n<p>9 Gerd Ruge<br \/>\nSibirisches Tagebuch<br \/>\nBerlin 39,80 DM<\/p>\n<p>10 Alina Fernandez<br \/>\nIch, Alina<br \/>\nRowohlt 39,80 DM<\/p>\n<p>11 Anna Maria Sigmund<br \/>\nDie Frauen der Nazis<br \/>\nUeberreuter 39,80 DM<\/p>\n<p>12 Peter Kafka<br \/>\nGegen den Untergang<br \/>\nHanser 28,- DM<\/p>\n<p>Erstver\u00f6ffentlichungen Sachbuch.<br \/>\nErmittelt aus den Verk\u00e4ufen von Libri<br \/>\n(18.-29.1.) an den Buchhandel weltweit.<br \/>\nLibri ist ein f\u00fchrender deutscher Buchgro\u00dfh\u00e4ndler<\/p>\n","protected":false},"excerpt":{"rendered":"<p>11. Februar 1999 DIE ZEIT Nr. 7 ZEIT &#8211; Bestseller Sachbuch 1 James Cameron Titanic Storybook Burgschmiet 34,- DM Die ZEIT empfiehlt: 2 Waris Dirie W\u00fcstenblume Schneekluth 39,80 DM 3 Helmut Schmidt Auf der Suche nach einer \u00f6ffentlichen Moral DVA 42,- DM 4 J\u00fcrgen Domian \/ Hella von Sinnen Jenseits der Scham vgs Verlagsgesellschaft 19,80 DM 5 Bodo Sch\u00e4fer Der Weg zur finanziellen Freiheit Campus 39,80 DM 6 Gabriele Kuby Mein Weg zu Maria Goldmann 39,90 DM 7 Sigrid Damm Christine und Goethe Insel 49,80 DM 8 Johanna Barbara Sattler Die Psyche des linksh\u00e4ndigen Kindes Auer 29,80 DM 9 Gerd Ruge Sibirisches Tagebuch Berlin 39,80 DM 10 Alina Fernandez Ich, Alina Rowohlt 39,80 DM 11 Anna Maria Sigmund Die Frauen der Nazis Ueberreuter 39,80 DM 12 Peter Kafka Gegen den Untergang Hanser 28,- DM Erstver\u00f6ffentlichungen Sachbuch. Ermittelt aus den Verk\u00e4ufen von Libri (18.-29.1.) an den Buchhandel weltweit. Libri ist ein f\u00fchrender deutscher Buchgro\u00dfh\u00e4ndler<\/p>\n","protected":false},"author":4,"featured_media":0,"parent":41,"menu_order":11,"comment_status":"closed","ping_status":"closed","template":"","meta":{"_cbd_carousel_blocks":"[]","footnotes":""},"class_list":["post-2538","page","type-page","status-publish"],"_links":{"self":[{"href":"https:\/\/lefthander-consulting.org\/deutsch\/wp-json\/wp\/v2\/pages\/2538","targetHints":{"allow":["GET"]}}],"collection":[{"href":"https:\/\/lefthander-consulting.org\/deutsch\/wp-json\/wp\/v2\/pages"}],"about":[{"href":"https:\/\/lefthander-consulting.org\/deutsch\/wp-json\/wp\/v2\/types\/page"}],"author":[{"embeddable":true,"href":"https:\/\/lefthander-consulting.org\/deutsch\/wp-json\/wp\/v2\/users\/4"}],"replies":[{"embeddable":true,"href":"https:\/\/lefthander-consulting.org\/deutsch\/wp-json\/wp\/v2\/comments?post=2538"}],"version-history":[{"count":2,"href":"https:\/\/lefthander-consulting.org\/deutsch\/wp-json\/wp\/v2\/pages\/2538\/revisions"}],"predecessor-version":[{"id":3435,"href":"https:\/\/lefthander-consulting.org\/deutsch\/wp-json\/wp\/v2\/pages\/2538\/revisions\/3435"}],"up":[{"embeddable":true,"href":"https:\/\/lefthander-consulting.org\/deutsch\/wp-json\/wp\/v2\/pages\/41"}],"wp:attachment":[{"href":"https:\/\/lefthander-consulting.org\/deutsch\/wp-json\/wp\/v2\/media?parent=2538"}],"curies":[{"name":"wp","href":"https:\/\/api.w.org\/{rel}","templated":true}]}}