{"id":2515,"date":"2019-01-23T08:26:00","date_gmt":"2019-01-23T07:26:00","guid":{"rendered":"https:\/\/lefthander-consulting.org\/information\/literatur\/linkshaender-in-der-arztpraxis\/"},"modified":"2020-12-07T16:20:31","modified_gmt":"2020-12-07T15:20:31","slug":"linkshaender-in-der-arztpraxis","status":"publish","type":"page","link":"https:\/\/lefthander-consulting.org\/deutsch\/information\/literatur\/linkshaender-in-der-arztpraxis\/","title":{"rendered":"Linksh\u00e4nder in der Arztpraxis"},"content":{"rendered":"<p><strong><span style=\"font-size: 16pt\">Johanna Barbara Sattler<\/span><\/strong><\/p>\n<p><b><span style=\"font-size: 14pt\">Mit Linksh\u00e4ndigkeit wird der Arzt auf verschiedene Arten konfrontiert.<\/span><br \/>\n<\/b><span style=\"font-family: Arial,Helvetica\">Zum einen sind es nat\u00fcrlich Eltern mit linksh\u00e4ndigen Kindern, die manchmal schon sehr fr\u00fch sich Rat und Hilfe bei dem Arzt holen. Sie werden oft alarmiert durch die ersten gezielten Greifbewegungen des kleinen Kindes (ab ca. 12 bis 15 Monaten), die entgegen den Erwartungen mit der linken Hand ausgef\u00fchrt werden. Es handelt sich um das Greifen nach Spielsachen, nach dem Essen, und bald um das Handgeben beim Begr\u00fc\u00dfen. Und leider beginnen schon oft bei dem Kind in diesem Alter die ersten Umschulungsversuche auf die rechte Hand durch gezieltes Geben der Spielsachen, des L\u00f6ffels in die Rechte, durch erzieherische Hinweise und durch den weit verbreiteten Spruch &#8222;gib doch das sch\u00f6ne H\u00e4ndchen&#8220;, und leider suchen gerade diese selbstst\u00e4ndig ma\u00dfregelnden Eltern nicht den Rat des Arztes, sondern schulen nach dem Motto &#8222;man hat das doch immer so gemacht&#8220; oder &#8222;mir hat es auch nicht geschadet&#8220; auf die rechte Hand um.<\/span><\/p>\n<p><span style=\"font-family: Arial,Helvetica\">Dabei wei\u00df man inzwischen, dass Umschulung auf die nicht dominante Hand einen zum Teil schwerwiegenden Eingriff in das menschliche Gehirn bedeutet und viele umgeschulte Linksh\u00e4nder besonders in der Schulzeit Probleme mit Konzentration, Ged\u00e4chtnis, Lese- und Rechtschreibung, Feinmotorik und Sprache haben und diese mehr oder weniger starken St\u00f6rungen &#8211; bei nicht verringerter Intelligenz &#8211; sich wieder in Sekund\u00e4rst\u00f6rungen umsetzen k\u00f6nnen, wie zum Beispiel Minderwertigkeitsgef\u00fchlen, R\u00fcckzugstendenzen, Verhaltensst\u00f6rungen, die sich in den neurotischen und\/oder psychosomatischen Bereich auswirken, und bei Kindern zus\u00e4tzlich auch zu Bettn\u00e4ssen und N\u00e4gelkauen f\u00fchren k\u00f6nnen.<\/span><\/p>\n<p><span style=\"font-family: Arial,Helvetica\">Heutzutage stellen sich aber auch viele an sich linksh\u00e4ndige Kinder (durch Nachahmungs- und Anpassungsverhalten an die rechtsh\u00e4ndige Umwelt) selber auf die rechte Hand um, um nicht aufzufallen, und irritieren damit Eltern und Betreuungspersonen, wie \u00c4rzte, Erzieher, Lehrer, durch &#8222;pseudorechtsh\u00e4ndiges&#8220; Verhalten.<\/span><\/p>\n<p><span style=\"font-family: Arial,Helvetica\">Es w\u00e4re hier sicher von gro\u00dfem Nutzen, wenn schon bei fr\u00fchen \u00e4rztlichen Vorsorgeuntersuchungen auf Anzeichen einer Linksh\u00e4ndigkeit bei den Kindern geachtet w\u00fcrde und Eltern zumindest einen Hinweis auf die Gefahren einer Umschulung der H\u00e4ndigkeit von fachlicher Seite bekommen.<\/span><\/p>\n<p><span style=\"font-family: Arial,Helvetica\">Erst kurz vor Schuleintritt oder manchmal auch erst danach beginnen sich n\u00e4mlich heute viele Eltern wirklich um die H\u00e4ndigkeit ihres Kindes zu k\u00fcmmern, suchen Rat und sind oft besonders verunsichert durch die bei linksh\u00e4ndigen Kindern h\u00e4ufig auftretende Spiegelschrift und das Lesen von rechts nach links: Beides irritierende Anzeichen, die sich aber bei nicht gest\u00f6rter Linksh\u00e4ndigkeit bald wieder geben.<\/span><\/p>\n<p><span style=\"font-family: Arial,Helvetica\">Einfache Verhaltensregeln f\u00fcr linksh\u00e4ndige Kinder bei Schuleintritt, wie die lockere Schreibhaltung (Blatt nach rechts geneigt, Schreibhand unter der Zeile und Stiftende in Richtung linker Schulter zeigend), weiter die Notwendigkeit, keinen Rechtsh\u00e4nder links neben den Linksh\u00e4nder zu setzen, Lichteinfall von rechts durch Sitzm\u00f6belumstellung zu erm\u00f6glichen und auch sinnvolle Gebrauchsgegenst\u00e4nde f\u00fcr Linksh\u00e4nder zur Verf\u00fcgung zu stellen, werden oft nicht beachtet und f\u00fchren zur Benachteiligungen des linksh\u00e4ndigen Kindes.<\/span><\/p>\n<p><span style=\"font-family: Arial,Helvetica\">Die Folgeerscheinungen einer Umschulung der genuinen H\u00e4ndigkeit decken sich in manchem mit den Folgen einer MCD und werden manchmal damit verwechselt. Auf die nicht dominante Hand umgeschulte Kinder leiden oft ihre ganze Schulzeit \u00fcber und manche r\u00e4tseln noch als Erwachsene \u00fcber die Urspr\u00fcnge ihrer Schwierigkeiten und des Gef\u00fchls, st\u00e4ndig irgendwie benachteiligt zu sein, gehen zum Hausarzt, Neurologen oder zum Psychologen und zweifeln oft an der eigenen Intelligenz, und selten wird ihnen ad\u00e4quat geholfen, weil ohne das Wissen \u00fcber die Umschulung der H\u00e4ndigkeit im Kindesalter oft kausale Zusammenh\u00e4nge nicht oder falsch verstanden werden.<\/span><\/p>\n<p><span style=\"font-size: 12pt;font-family: arial, helvetica, sans-serif\">F\u00fcr diese Menschen gibt es auch heute leider kein Patentrezept der Hilfe (ein linksh\u00e4ndiges Schreiben f\u00fchrt nur in manchen F\u00e4llen zu einer Linderung der beklagten Symptome), aber oft \u00e4ndert sich die Betrachtungsweise der Schwierigkeiten, wenn Ursprung und Wirkung der Probleme unter einem anderen Aspekt gesehen werden, und f\u00fchrt h\u00e4ufig zu einer Entspannung im psychischen und psychosomatischen Bereich.<\/span><\/p>\n<p><span style=\"font-family: Arial,Helvetica\">Dr. Johanna Barbara Sattler, Leiterin der Beratungs- und Informationsstelle f\u00fcr Linksh\u00e4nder und umgeschulte Linksh\u00e4nder, Sendlinger Str. 18 [inzwischen umnummeriert, Nr. 17], 80331 M\u00fcnchen<\/span><\/p>\n<p><span style=\"font-family: Arial,Helvetica\"><b>Bayerisches \u00c4rzteblatt Heft 4\/1991, Seite 139<\/b><\/span><\/p>\n<p><span style=\"font-family: arial, helvetica, sans-serif\">\u00a9 Copyright: Erste deutsche Beratungs- und Informationsstelle f\u00fcr Linksh\u00e4nder und umgeschulte Linksh\u00e4nder, Sendlinger Str. 17, 80331 M\u00fcnchen, Tel. \/ Fax: +49 \/ 89 \/ 26 86 14,\u00a0<a href=\"https:\/\/lefthander-consulting.org\/deutsch\/\">https:\/\/www.linkshaender-beratung.de<\/a>, e-mail: info@lefthander-consulting.org<\/span><\/p>\n","protected":false},"excerpt":{"rendered":"<p>Johanna Barbara Sattler Mit Linksh\u00e4ndigkeit wird der Arzt auf verschiedene Arten konfrontiert. Zum einen sind es nat\u00fcrlich Eltern mit linksh\u00e4ndigen Kindern, die manchmal schon sehr fr\u00fch sich Rat und Hilfe bei dem Arzt holen. Sie werden oft alarmiert durch die ersten gezielten Greifbewegungen des kleinen Kindes (ab ca. 12 bis 15 Monaten), die entgegen den Erwartungen mit der linken Hand ausgef\u00fchrt werden. Es handelt sich um das Greifen nach Spielsachen, nach dem Essen, und bald um das Handgeben beim Begr\u00fc\u00dfen. Und leider beginnen schon oft bei dem Kind in diesem Alter die ersten Umschulungsversuche auf die rechte Hand durch gezieltes Geben der Spielsachen, des L\u00f6ffels in die Rechte, durch erzieherische Hinweise und durch den weit verbreiteten Spruch &#8222;gib doch das sch\u00f6ne H\u00e4ndchen&#8220;, und leider suchen gerade diese selbstst\u00e4ndig ma\u00dfregelnden Eltern nicht den Rat des Arztes, sondern schulen nach dem Motto &#8222;man hat das doch immer so gemacht&#8220; oder &#8222;mir hat es auch nicht geschadet&#8220; &#8230; <a title=\"Linksh\u00e4nder in der Arztpraxis\" class=\"read-more\" href=\"https:\/\/lefthander-consulting.org\/deutsch\/information\/literatur\/linkshaender-in-der-arztpraxis\/\" aria-label=\"Mehr Informationen \u00fcber Linksh\u00e4nder in der Arztpraxis\">Read more<\/a><\/p>\n","protected":false},"author":4,"featured_media":0,"parent":41,"menu_order":13,"comment_status":"closed","ping_status":"closed","template":"","meta":{"_cbd_carousel_blocks":"[]","footnotes":""},"class_list":["post-2515","page","type-page","status-publish"],"_links":{"self":[{"href":"https:\/\/lefthander-consulting.org\/deutsch\/wp-json\/wp\/v2\/pages\/2515","targetHints":{"allow":["GET"]}}],"collection":[{"href":"https:\/\/lefthander-consulting.org\/deutsch\/wp-json\/wp\/v2\/pages"}],"about":[{"href":"https:\/\/lefthander-consulting.org\/deutsch\/wp-json\/wp\/v2\/types\/page"}],"author":[{"embeddable":true,"href":"https:\/\/lefthander-consulting.org\/deutsch\/wp-json\/wp\/v2\/users\/4"}],"replies":[{"embeddable":true,"href":"https:\/\/lefthander-consulting.org\/deutsch\/wp-json\/wp\/v2\/comments?post=2515"}],"version-history":[{"count":2,"href":"https:\/\/lefthander-consulting.org\/deutsch\/wp-json\/wp\/v2\/pages\/2515\/revisions"}],"predecessor-version":[{"id":8471,"href":"https:\/\/lefthander-consulting.org\/deutsch\/wp-json\/wp\/v2\/pages\/2515\/revisions\/8471"}],"up":[{"embeddable":true,"href":"https:\/\/lefthander-consulting.org\/deutsch\/wp-json\/wp\/v2\/pages\/41"}],"wp:attachment":[{"href":"https:\/\/lefthander-consulting.org\/deutsch\/wp-json\/wp\/v2\/media?parent=2515"}],"curies":[{"name":"wp","href":"https:\/\/api.w.org\/{rel}","templated":true}]}}