{"id":2449,"date":"2019-01-21T13:42:55","date_gmt":"2019-01-21T12:42:55","guid":{"rendered":"https:\/\/lefthander-consulting.org\/netzwerk\/infomaterial\/links-vorbeitherapiert\/"},"modified":"2019-05-28T08:19:58","modified_gmt":"2019-05-28T06:19:58","slug":"links-vorbeitherapiert","status":"publish","type":"page","link":"https:\/\/lefthander-consulting.org\/deutsch\/netzwerk\/infomaterial\/links-vorbeitherapiert\/","title":{"rendered":"Links vorbeitherapiert"},"content":{"rendered":"<p><strong><span style=\"font-size: 14pt\"><span style=\"font-size: 20pt\">Umgeschulte Linksh\u00e4nder\u00a0 &#8211;\u00a0 Leser fragen Experten<\/span><br \/>\n<\/span><\/strong><\/p>\n<p><strong><span style=\"font-size: 16pt\">Johanna Barbara Sattler<\/span><\/strong><\/p>\n<p><span style=\"font-family: Arial,Helvetica\">Ein Leser, der sich selbst als Fall von Pseudorechtsh\u00e4ndigkeit einstuft, fragte: Ist es sinnvoll oder aber gef\u00e4hrlich, einen umgeschulten Linksh\u00e4nder wieder umzuerziehen, von &#8222;rechts&#8220; nach &#8222;links&#8220; also? Wo finde ich Rat?<\/span><\/p>\n<p><span style=\"font-family: Arial,Helvetica\">Um negative Folgen einer Umschulung der H\u00e4ndigkeit &#8211; Ged\u00e4chtnis-, Konzentrations- und Leistungsst\u00f6rungen, Sprachschwierigkeiten bis zum Stottern sowie motorische St\u00f6rungen &#8211; zu eliminieren bzw. zu lindern, reicht eine rein mechanische R\u00fcckschulung nicht aus.<\/span><\/p>\n<p><span style=\"font-family: Arial,Helvetica\">Zwar hat die Wiederbenutzung der urspr\u00fcnglich dominanten Hand in uns bekannten F\u00e4llen zum R\u00fcckgang mancher Symptome gef\u00fchrt, ersetzt aber keine gezielte therapeutische Behandlung und ist in vielen F\u00e4llen weder praktikabel noch empfehlenswert.<\/span><\/p>\n<p><span style=\"font-family: Arial,Helvetica\">In Berufen, in denen viel Schreibarbeit zu bew\u00e4ltigen ist, liegt die Leistung der urspr\u00fcnglich dominanten linken Hand bez\u00fcglich Ausdruck und Schnelligkeit der Schrift meist weit unter dem erforderlichen Niveau und entspricht etwa den F\u00e4higkeiten eines Zweitkl\u00e4sslers. Schwierigkeiten entstehen auch bei Berufen, die bestimmte handwerkliche Abl\u00e4ufe erfordern. Dort handelt es sich oft um Geschicklichkeitsmechanismen, die so eingepr\u00e4gt sind, dass es bei Umstellung ohne fachliche Hilfe zu neuen St\u00f6rungen und Fehlhandlungen kommen kann.<\/span><\/p>\n<p><span style=\"font-family: Arial,Helvetica\">Anders ist es mit den psychischen Folgeerscheinungen bei der falschen Verarbeitung von Umschulungsfolgen.<\/span><\/p>\n<p><span style=\"font-family: Arial,Helvetica\">Gemeint sind z.B. \u00c4ngste, Minderwertigkeitsgef\u00fchle, Vermeidungsreaktionen, Hemmungen, R\u00fcckzugstendenzen und Depressionen. Hier ist es in schwierigen F\u00e4llen empfehlenswert, einen mit der Materie vertrauten Psychotherapeuten heranzuziehen. Pseudorechtsh\u00e4ndigkeit zu diagnostizieren ist manchmal sehr schwer und ben\u00f6tigt eine entsprechende Ausbildung des Therapeuten. Das betrifft besonders die verdr\u00e4ngten, nicht offensichtlichen Umschulungsf\u00e4lle, wo keine Erinnerung mehr an die Umstellung vorhanden ist. Diese l\u00e4sst sich mit den von uns entwickelten Methoden relativ zuverl\u00e4ssig feststellen (von der ONRS = Organization for Neutral Research and Science). Welche schwerwiegenden Folgen eine Umschulung der H\u00e4ndigkeit haben kann und wie wichtig es f\u00fcr einen Psychotherapeuten ist, die entsprechende differenzialdiagnostische Methodik handhaben zu k\u00f6nnen, um kausale Zusammenh\u00e4nge in den beobachteten St\u00f6rungen richtig einzuordnen, m\u00f6chte ich an einem Fallbeispiel aufzeichnen (siehe Fallbericht am Ende).<\/span><\/p>\n<p><span style=\"font-family: Arial,Helvetica\">In diesem und vielen anderen F\u00e4llen wurde \u00fcber eine l\u00e4ngere Zeitspanne &#8222;vorbeitherapiert&#8220;, da man die verschiedensten, rein psychischen Ursachen bei den Patienten vermutet hatte, nicht dagegen eine somatische St\u00f6rung der Hirnprozesse, also eine Behinderung durch Umschulung der H\u00e4ndigkeit.<\/span><\/p>\n<p><span style=\"font-family: Arial,Helvetica\">In der ONRS-Akademie werden Weiterbildungsveranstaltungen f\u00fcr Psychotherapeuten und \u00c4rzte zur Behandlung von Pseudorechtsh\u00e4ndern angeboten, und im ONRS-Institut f\u00fcr Psychotherapie, klinische Hypnose und angewandte Psychosomatik werden Verbindungen zwischen Umschulung der H\u00e4ndigkeit und neurotischen Verarbeitungsprozessen untersucht.<\/span><\/p>\n<p><span style=\"font-family: Arial,Helvetica\">Inzwischen wurde auch eine kostenlose Beratungsstelle f\u00fcr Linksh\u00e4nder und umgeschulte Linksh\u00e4nder eingerichtet, die von der Stadt M\u00fcnchen gef\u00f6rdert wird und auch Selbsthilfegruppen organisiert. In der deutschen Brain-Breaking-Hilfe haben sich Behandler (\u00c4rzte, Psychologen und P\u00e4dagogen) organisiert. (Zum Thema Linksh\u00e4ndigkeit s. auch M\u00fcnch. Med. Wschr. 128 [1986] 8, S. 28, und 128 [1986] 47, S. 12).<\/span><\/p>\n<p>&nbsp;<\/p>\n<table>\n<tbody>\n<tr>\n<td><span style=\"font-size: 14pt\"><strong>Fallbericht: <\/strong><b>Gel\u00e4hmte Einsersch\u00fclerin<\/b><\/span><\/p>\n<p>Ingrid F. (24) kam halbseitig gel\u00e4hmt in die psychotherapeutische Behandlung. Sie wurde w\u00e4hrend ihrer Schulzeit als Einsersch\u00fclerin ausgezeichnet und bekam nach einem hervorragenden Abitur von ihrem Vater eine Reise in die USA als Belohnung geschenkt. Dort kam es zu einem Autounfall, ihre rechte K\u00f6rperseite war gel\u00e4hmt, und die Patientin begann, sich auf links umzustellen. Das betraf haupts\u00e4chlich das Schreiben, weil sie sich vorgenommen hatte, Literatur zu studieren und \u00dcbersetzerin zu werden. Mit Zielstrebigkeit ohnegleichen schulte sie sich selbst auf die linke Hand um.<\/p>\n<p>Nach einem halben Jahr Bem\u00fchungen bekam sie gro\u00dfe Probleme mit ihrem Ged\u00e4chtnis, die sich progressiv entwickelten. Sie konnte den Stoff nicht behalten, hatte Konzentrationsschwierigkeiten und konnte vor allem das Gelernte nicht reproduzieren. Nach einem weiteren halben Jahr begann sie sogar zu stottern. Es wurde der Verdacht auf eine Hirnverletzung ge\u00e4u\u00dfert, die Patientin wurde mehrmals gr\u00fcndlich untersucht, aber ohne jeglichen Befund. Die Ursache wurde dann auf psychische Prozesse zur\u00fcckgef\u00fchrt.<\/p>\n<p>Sie bekam Minderwertigkeitskomplexe (sie konnte sich auf das Beste, was sie hatte, &#8211; ihr Denken &#8211; nicht mehr verlassen) und unternahm einen Suizidversuch. Nach diesem stellte sich heraus, dass die L\u00e4hmung nachlie\u00df. Sie konnte sich wieder bewegen und schrieb wieder mit der rechten Hand. Heute, drei Jahre sp\u00e4ter, studiert sie mit Erfolg, ihr Stottern ist verschwunden und ihre Ged\u00e4chtnisprobleme auch.<\/p>\n<p>Interessant war: Die Patientin ist Rechtsh\u00e4nderin, im Zuge der L\u00e4hmung wurde sie auf die linke Hand umgeschult, nach Aufhebung der L\u00e4hmung wurde sie wieder zur Rechtsh\u00e4nderin.<\/td>\n<\/tr>\n<\/tbody>\n<\/table>\n<p>&nbsp;<\/p>\n<p><b>M\u00fcnchener Medizinische Wochenschrift, 129 (1987), Heft 14, 3.4.1987<\/b><\/p>\n<p><b><span style=\"font-family: Arial,Helvetica\">\u2014\u2014\u2014\u2014\u2014\u2014\u2014\u2014\u2014\u2014\u2014\u2014\u2014\u2014\u2014\u2014\u2014\u2014\u2014\u2014\u2014\u2014\u2014\u2014\u2014\u2014\u2014\u2014\u2014\u2014\u2014\u2014\u2014\u2014\u2014\u2014\u2014\u2014\u2014\u2014\u2014\u2014\u2014<\/span><\/b><\/p>\n<p><span style=\"font-family: Arial,Helvetica\">Dr. Johanna Barbara Sattler, ONRS, Sendlinger Str. 18, [inzwischen umnummeriert: Nr. 17], 80331 M\u00fcnchen, Tel. 089 \/ 26 86 14<\/span><br \/>\n<span style=\"font-family: Arial,Helvetica\">\u00a9 Copyright: Dr. Johanna Barbara Sattler<\/span><br \/>\n<span style=\"font-family: Arial,Helvetica\">Erste deutsche Beratungs- und Informationsstelle f\u00fcr Linksh\u00e4nder und umgeschulte Linksh\u00e4nder, Sendlinger Str. 17, 80331 M\u00fcnchen, Tel. \/ Fax: +49 \/ 89 \/ 26 86 14, <a href=\"https:\/\/lefthander-consulting.org\">https:\/\/lefthander-consulting.org<\/a>, e-mail: info@lefthander-consulting.org<\/span><\/p>\n","protected":false},"excerpt":{"rendered":"<p>Umgeschulte Linksh\u00e4nder\u00a0 &#8211;\u00a0 Leser fragen Experten Johanna Barbara Sattler Ein Leser, der sich selbst als Fall von Pseudorechtsh\u00e4ndigkeit einstuft, fragte: Ist es sinnvoll oder aber gef\u00e4hrlich, einen umgeschulten Linksh\u00e4nder wieder umzuerziehen, von &#8222;rechts&#8220; nach &#8222;links&#8220; also? Wo finde ich Rat? Um negative Folgen einer Umschulung der H\u00e4ndigkeit &#8211; Ged\u00e4chtnis-, Konzentrations- und Leistungsst\u00f6rungen, Sprachschwierigkeiten bis zum Stottern sowie motorische St\u00f6rungen &#8211; zu eliminieren bzw. zu lindern, reicht eine rein mechanische R\u00fcckschulung nicht aus. Zwar hat die Wiederbenutzung der urspr\u00fcnglich dominanten Hand in uns bekannten F\u00e4llen zum R\u00fcckgang mancher Symptome gef\u00fchrt, ersetzt aber keine gezielte therapeutische Behandlung und ist in vielen F\u00e4llen weder praktikabel noch empfehlenswert. In Berufen, in denen viel Schreibarbeit zu bew\u00e4ltigen ist, liegt die Leistung der urspr\u00fcnglich dominanten linken Hand bez\u00fcglich Ausdruck und Schnelligkeit der Schrift meist weit unter dem erforderlichen Niveau und entspricht etwa den F\u00e4higkeiten eines Zweitkl\u00e4sslers. Schwierigkeiten entstehen auch bei Berufen, die bestimmte handwerkliche Abl\u00e4ufe erfordern. Dort handelt es sich &#8230; <a title=\"Links vorbeitherapiert\" class=\"read-more\" href=\"https:\/\/lefthander-consulting.org\/deutsch\/netzwerk\/infomaterial\/links-vorbeitherapiert\/\" aria-label=\"Mehr Informationen \u00fcber Links vorbeitherapiert\">Read more<\/a><\/p>\n","protected":false},"author":4,"featured_media":0,"parent":45,"menu_order":5,"comment_status":"closed","ping_status":"closed","template":"","meta":{"_cbd_carousel_blocks":"[]","footnotes":"","tve_updated_post":"","tve_custom_css":"","tve_user_custom_css":"","tve_globals":{},"tcb2_ready":0,"tcb_editor_enabled":0,"tve_landing_page":"","_tve_header":"","_tve_footer":""},"class_list":["post-2449","page","type-page","status-publish"],"_links":{"self":[{"href":"https:\/\/lefthander-consulting.org\/deutsch\/wp-json\/wp\/v2\/pages\/2449","targetHints":{"allow":["GET"]}}],"collection":[{"href":"https:\/\/lefthander-consulting.org\/deutsch\/wp-json\/wp\/v2\/pages"}],"about":[{"href":"https:\/\/lefthander-consulting.org\/deutsch\/wp-json\/wp\/v2\/types\/page"}],"author":[{"embeddable":true,"href":"https:\/\/lefthander-consulting.org\/deutsch\/wp-json\/wp\/v2\/users\/4"}],"replies":[{"embeddable":true,"href":"https:\/\/lefthander-consulting.org\/deutsch\/wp-json\/wp\/v2\/comments?post=2449"}],"version-history":[{"count":22,"href":"https:\/\/lefthander-consulting.org\/deutsch\/wp-json\/wp\/v2\/pages\/2449\/revisions"}],"predecessor-version":[{"id":5546,"href":"https:\/\/lefthander-consulting.org\/deutsch\/wp-json\/wp\/v2\/pages\/2449\/revisions\/5546"}],"up":[{"embeddable":true,"href":"https:\/\/lefthander-consulting.org\/deutsch\/wp-json\/wp\/v2\/pages\/45"}],"wp:attachment":[{"href":"https:\/\/lefthander-consulting.org\/deutsch\/wp-json\/wp\/v2\/media?parent=2449"}],"curies":[{"name":"wp","href":"https:\/\/api.w.org\/{rel}","templated":true}]}}