{"id":2433,"date":"2019-01-18T17:11:02","date_gmt":"2019-01-18T16:11:02","guid":{"rendered":"https:\/\/lefthander-consulting.org\/information\/literatur\/linke-hand-rechte-hand-ein-ratgeber-zur-haendigkeit\/"},"modified":"2019-05-07T16:30:45","modified_gmt":"2019-05-07T14:30:45","slug":"linke-hand-rechte-hand-ein-ratgeber-zur-haendigkeit","status":"publish","type":"page","link":"https:\/\/lefthander-consulting.org\/deutsch\/information\/literatur\/linke-hand-rechte-hand-ein-ratgeber-zur-haendigkeit\/","title":{"rendered":"Linke Hand &#8211; Rechte Hand: Ein Ratgeber zur H\u00e4ndigkeit"},"content":{"rendered":"<p><img loading=\"lazy\" decoding=\"async\" class=\"buch-rahmen wp-image-2435 alignright\" src=\"https:\/\/lefthander-consulting.org\/deutsch\/wp-content\/uploads\/2019\/01\/Linke-Hand-Rechte-Hand-Cover-210x300.jpg\" alt=\"\" width=\"182\" height=\"260\" srcset=\"https:\/\/lefthander-consulting.org\/deutsch\/wp-content\/uploads\/2019\/01\/Linke-Hand-Rechte-Hand-Cover-210x300.jpg 210w, https:\/\/lefthander-consulting.org\/deutsch\/wp-content\/uploads\/2019\/01\/Linke-Hand-Rechte-Hand-Cover-768x1098.jpg 768w, https:\/\/lefthander-consulting.org\/deutsch\/wp-content\/uploads\/2019\/01\/Linke-Hand-Rechte-Hand-Cover-716x1024.jpg 716w, https:\/\/lefthander-consulting.org\/deutsch\/wp-content\/uploads\/2019\/01\/Linke-Hand-Rechte-Hand-Cover.jpg 945w\" sizes=\"auto, (max-width: 182px) 100vw, 182px\" \/><\/p>\n<p><span style=\"font-family: Arial,Helvetica\">Mit den H\u00e4nden etwas zu tun, ist f\u00fcr uns alle v\u00f6llig normal. Wir denken in der Regel gar nicht dar\u00fcber nach, sondern machen es einfach.\u00a0<\/span><\/p>\n<p><span style=\"font-family: Arial,Helvetica\">Anders sieht es aus, wenn ein Linksh\u00e4nder z.B. eine Schere in die Hand nimmt und das ausgeschnittene Teil krumm und schief wird. Was ist da passiert? Der Schliff der Schere passte nicht zur H\u00e4ndigkeit dieser Person. Gibt es tats\u00e4chlich unterschiedlich geschliffene Scheren?<\/span><\/p>\n<p><span style=\"font-family: Arial,Helvetica\">Auf diese und weiter Fragen wie:<\/span><\/p>\n<ul>\n<li><span style=\"font-family: Arial,Helvetica\"> Was versteht man unter H\u00e4ndigkeit?<\/span><\/li>\n<li><span style=\"font-family: Arial,Helvetica\"> Ist Linksh\u00e4ndigkeit normal?<\/span><\/li>\n<li><span style=\"font-family: Arial,Helvetica\"> Wie kann ich als Linksh\u00e4nder ohne Probleme durchs Leben kommen? <\/span><\/li>\n<\/ul>\n<p><span style=\"font-family: Arial,Helvetica\">erhalten Sie Antworten in diesem Ratgeber.<\/span><\/p>\n<p><span style=\"font-family: Arial,Helvetica\">Kinder (bzw. deren Bezugspersonen und Erwachsene finden hier ein gro\u00dfes Angebot an alltagsrelevanten und umsetzbaren Ideen. Viele Adressen und Literaturhinweise erg\u00e4nzen den Ratgeber. All das wird Ihnen das Leben als Linksh\u00e4nder erleichtern.<\/span><\/p>\n<p><span style=\"font-family: Arial,Helvetica\"><a href=\"https:\/\/www.schulz-kirchner.de\/\">Schulz-K<span style=\"font-family: arial, helvetica, sans-serif\">irchner Verlag<\/span><\/a><span style=\"font-family: arial, helvetica, sans-serif\">, Idstein, 2011, 2. Auflage 2017, ISBN 978-3-8248-0875-5 , 68 Seiten<\/span><\/span><\/p>\n<p><span style=\"font-family: arial, helvetica, sans-serif\">Erste deutsche Beratungs- und Informationsstelle f\u00fcr Linksh\u00e4nder und umgeschulte Linksh\u00e4nder, Sendlinger Str. 17, 80331 M\u00fcnchen, Tel. \/ Fax: +49 \/ 89 \/ 26 86 14, <a href=\"https:\/\/lefthander-consulting.org\">https:\/\/lefthander-consulting.org<\/a>, e-mail: info@lefthander-consulting.org<\/span><\/p>\n","protected":false},"excerpt":{"rendered":"<p>Mit den H\u00e4nden etwas zu tun, ist f\u00fcr uns alle v\u00f6llig normal. Wir denken in der Regel gar nicht dar\u00fcber nach, sondern machen es einfach.\u00a0 Anders sieht es aus, wenn ein Linksh\u00e4nder z.B. eine Schere in die Hand nimmt und das ausgeschnittene Teil krumm und schief wird. Was ist da passiert? Der Schliff der Schere passte nicht zur H\u00e4ndigkeit dieser Person. Gibt es tats\u00e4chlich unterschiedlich geschliffene Scheren? Auf diese und weiter Fragen wie: Was versteht man unter H\u00e4ndigkeit? Ist Linksh\u00e4ndigkeit normal? Wie kann ich als Linksh\u00e4nder ohne Probleme durchs Leben kommen? erhalten Sie Antworten in diesem Ratgeber. Kinder (bzw. deren Bezugspersonen und Erwachsene finden hier ein gro\u00dfes Angebot an alltagsrelevanten und umsetzbaren Ideen. Viele Adressen und Literaturhinweise erg\u00e4nzen den Ratgeber. All das wird Ihnen das Leben als Linksh\u00e4nder erleichtern. Schulz-Kirchner Verlag, Idstein, 2011, 2. Auflage 2017, ISBN 978-3-8248-0875-5 , 68 Seiten Erste deutsche Beratungs- und Informationsstelle f\u00fcr Linksh\u00e4nder und umgeschulte Linksh\u00e4nder, Sendlinger Str. 17, &#8230; <a title=\"Linke Hand &#8211; Rechte Hand: Ein Ratgeber zur H\u00e4ndigkeit\" class=\"read-more\" href=\"https:\/\/lefthander-consulting.org\/deutsch\/information\/literatur\/linke-hand-rechte-hand-ein-ratgeber-zur-haendigkeit\/\" aria-label=\"Mehr Informationen \u00fcber Linke Hand &#8211; Rechte Hand: Ein Ratgeber zur H\u00e4ndigkeit\">Read more<\/a><\/p>\n","protected":false},"author":4,"featured_media":0,"parent":41,"menu_order":25,"comment_status":"closed","ping_status":"closed","template":"","meta":{"_cbd_carousel_blocks":"[]","footnotes":""},"class_list":["post-2433","page","type-page","status-publish"],"_links":{"self":[{"href":"https:\/\/lefthander-consulting.org\/deutsch\/wp-json\/wp\/v2\/pages\/2433","targetHints":{"allow":["GET"]}}],"collection":[{"href":"https:\/\/lefthander-consulting.org\/deutsch\/wp-json\/wp\/v2\/pages"}],"about":[{"href":"https:\/\/lefthander-consulting.org\/deutsch\/wp-json\/wp\/v2\/types\/page"}],"author":[{"embeddable":true,"href":"https:\/\/lefthander-consulting.org\/deutsch\/wp-json\/wp\/v2\/users\/4"}],"replies":[{"embeddable":true,"href":"https:\/\/lefthander-consulting.org\/deutsch\/wp-json\/wp\/v2\/comments?post=2433"}],"version-history":[{"count":11,"href":"https:\/\/lefthander-consulting.org\/deutsch\/wp-json\/wp\/v2\/pages\/2433\/revisions"}],"predecessor-version":[{"id":5347,"href":"https:\/\/lefthander-consulting.org\/deutsch\/wp-json\/wp\/v2\/pages\/2433\/revisions\/5347"}],"up":[{"embeddable":true,"href":"https:\/\/lefthander-consulting.org\/deutsch\/wp-json\/wp\/v2\/pages\/41"}],"wp:attachment":[{"href":"https:\/\/lefthander-consulting.org\/deutsch\/wp-json\/wp\/v2\/media?parent=2433"}],"curies":[{"name":"wp","href":"https:\/\/api.w.org\/{rel}","templated":true}]}}