{"id":2427,"date":"2019-01-18T17:02:36","date_gmt":"2019-01-18T16:02:36","guid":{"rendered":"https:\/\/lefthander-consulting.org\/information\/literatur\/zahlen-schreiben-fuer-linkshaender-mit-jobasa\/"},"modified":"2022-01-21T08:58:08","modified_gmt":"2022-01-21T07:58:08","slug":"zahlen-schreiben-fuer-linkshaender-mit-jobasa","status":"publish","type":"page","link":"https:\/\/lefthander-consulting.org\/deutsch\/information\/literatur\/zahlen-schreiben-fuer-linkshaender-mit-jobasa\/","title":{"rendered":"Zahlen schreiben f\u00fcr Linksh\u00e4nder mit Jobasa"},"content":{"rendered":"<p><img loading=\"lazy\" decoding=\"async\" class=\"buch-rahmen alignright wp-image-2430\" src=\"https:\/\/lefthander-consulting.org\/deutsch\/wp-content\/uploads\/2019\/01\/Cover-Zahlen_schreiben-211x300.jpg\" alt=\"\" width=\"174\" height=\"247\" srcset=\"https:\/\/lefthander-consulting.org\/deutsch\/wp-content\/uploads\/2019\/01\/Cover-Zahlen_schreiben-211x300.jpg 211w, https:\/\/lefthander-consulting.org\/deutsch\/wp-content\/uploads\/2019\/01\/Cover-Zahlen_schreiben.jpg 399w\" sizes=\"auto, (max-width: 174px) 100vw, 174px\" \/><\/p>\n<p><span style=\"font-family: arial, helvetica, sans-serif\">Das Schreiben von Ziffern wird in dieser Ver\u00f6ffentlichung gezielt unterst\u00fctzt und dem linksh\u00e4ndigen Kind nahe gebracht; dabei wird auch eine lockere Schreibhaltung mit links spielerisch angebahnt.<\/span><\/p>\n<p><span style=\"font-family: arial, helvetica, sans-serif\">Eine lockere Schreibhaltung und das Vorwissen \u00fcber den jeweils richtigen Schreibablauf von Ziffern sind das A und O im Mathematikunterricht der ersten Klasse. Gerade linksh\u00e4ndige Kinder ben\u00f6tigen dabei schon vor der Einschulung gezielte Unterst\u00fctzung. Mit dem speziell auf sie zugeschnittenen Konzept dieses \u00dcbungshefts erhalten Linksh\u00e4nder ab dem 4. Lebensjahr gezielte Impulse, die das Interesse an Schrift, Ziffern und ersten mathematischen Inhalten spielerisch wecken. Eingebettet in eine motivierende Geschichte, rund um die Schildkr\u00f6te Jobasa und ihre Tierfreunde, werden die Formen der Ziffern mit einem passenden Bild verbunden und durch Schwung- und Nachspur\u00fcbungen vorbereitet. Dabei trainieren die Kinder den Schreibablauf, der sp\u00e4ter in der Grundschule verlangt wird. Ganz nebenbei wird eine lockere, unverkrampfte Schreibhaltung entwickelt, die das sp\u00e4tere Lernen in der Grundschule positiv beeinflusst.<\/span><\/p>\n<p><span style=\"font-family: arial, helvetica, sans-serif\">Der Band enth\u00e4lt:<\/span><\/p>\n<ul>\n<li><span style=\"font-family: arial, helvetica, sans-serif\">Schreibvor\u00fcbungen f\u00fcr Linksh\u00e4nder, die das Zahlenschreiben spielerisch anbahnen, eingebettet in eine kindgem\u00e4\u00dfe Geschichte<\/span><\/li>\n<li><span style=\"font-family: arial, helvetica, sans-serif\">Motivierende Aufgaben zu wichtigen mathematischen Vorl\u00e4uferf\u00e4higkeiten.<\/span><\/li>\n<\/ul>\n<p><span style=\"font-family: arial, helvetica, sans-serif\"><a href=\"https:\/\/www.auer-verlag.de\/catalogsearch\/result\/?cat=0&amp;q=Linksh%C3%A4nder\">Auer Verlag<\/a>, Augsburg, Dezember 2016, 2. Auflage 2019, Bestell-Nr. 07717-6<\/span><\/p>\n<p><span style=\"font-family: arial, helvetica, sans-serif\">Erste deutsche Beratungs- und Informationsstelle f\u00fcr Linksh\u00e4nder und umgeschulte Linksh\u00e4nder, Sendlinger Str. 17, 80331 M\u00fcnchen, Tel. \/ Fax: +49 \/ 89 \/ 26 86 14, <a href=\"https:\/\/lefthander-consulting.org\">https:\/\/lefthander-consulting.org<\/a>, e-mail: info@lefthander-consulting.org<\/span><\/p>\n<p>&nbsp;<\/p>\n","protected":false},"excerpt":{"rendered":"<p>Das Schreiben von Ziffern wird in dieser Ver\u00f6ffentlichung gezielt unterst\u00fctzt und dem linksh\u00e4ndigen Kind nahe gebracht; dabei wird auch eine lockere Schreibhaltung mit links spielerisch angebahnt. Eine lockere Schreibhaltung und das Vorwissen \u00fcber den jeweils richtigen Schreibablauf von Ziffern sind das A und O im Mathematikunterricht der ersten Klasse. Gerade linksh\u00e4ndige Kinder ben\u00f6tigen dabei schon vor der Einschulung gezielte Unterst\u00fctzung. Mit dem speziell auf sie zugeschnittenen Konzept dieses \u00dcbungshefts erhalten Linksh\u00e4nder ab dem 4. Lebensjahr gezielte Impulse, die das Interesse an Schrift, Ziffern und ersten mathematischen Inhalten spielerisch wecken. Eingebettet in eine motivierende Geschichte, rund um die Schildkr\u00f6te Jobasa und ihre Tierfreunde, werden die Formen der Ziffern mit einem passenden Bild verbunden und durch Schwung- und Nachspur\u00fcbungen vorbereitet. Dabei trainieren die Kinder den Schreibablauf, der sp\u00e4ter in der Grundschule verlangt wird. Ganz nebenbei wird eine lockere, unverkrampfte Schreibhaltung entwickelt, die das sp\u00e4tere Lernen in der Grundschule positiv beeinflusst. Der Band enth\u00e4lt: Schreibvor\u00fcbungen f\u00fcr Linksh\u00e4nder, &#8230; <a title=\"Zahlen schreiben f\u00fcr Linksh\u00e4nder mit Jobasa\" class=\"read-more\" href=\"https:\/\/lefthander-consulting.org\/deutsch\/information\/literatur\/zahlen-schreiben-fuer-linkshaender-mit-jobasa\/\" aria-label=\"Mehr Informationen \u00fcber Zahlen schreiben f\u00fcr Linksh\u00e4nder mit Jobasa\">Read more<\/a><\/p>\n","protected":false},"author":4,"featured_media":0,"parent":41,"menu_order":24,"comment_status":"closed","ping_status":"closed","template":"","meta":{"_cbd_carousel_blocks":"[]","footnotes":""},"class_list":["post-2427","page","type-page","status-publish"],"_links":{"self":[{"href":"https:\/\/lefthander-consulting.org\/deutsch\/wp-json\/wp\/v2\/pages\/2427","targetHints":{"allow":["GET"]}}],"collection":[{"href":"https:\/\/lefthander-consulting.org\/deutsch\/wp-json\/wp\/v2\/pages"}],"about":[{"href":"https:\/\/lefthander-consulting.org\/deutsch\/wp-json\/wp\/v2\/types\/page"}],"author":[{"embeddable":true,"href":"https:\/\/lefthander-consulting.org\/deutsch\/wp-json\/wp\/v2\/users\/4"}],"replies":[{"embeddable":true,"href":"https:\/\/lefthander-consulting.org\/deutsch\/wp-json\/wp\/v2\/comments?post=2427"}],"version-history":[{"count":2,"href":"https:\/\/lefthander-consulting.org\/deutsch\/wp-json\/wp\/v2\/pages\/2427\/revisions"}],"predecessor-version":[{"id":10159,"href":"https:\/\/lefthander-consulting.org\/deutsch\/wp-json\/wp\/v2\/pages\/2427\/revisions\/10159"}],"up":[{"embeddable":true,"href":"https:\/\/lefthander-consulting.org\/deutsch\/wp-json\/wp\/v2\/pages\/41"}],"wp:attachment":[{"href":"https:\/\/lefthander-consulting.org\/deutsch\/wp-json\/wp\/v2\/media?parent=2427"}],"curies":[{"name":"wp","href":"https:\/\/api.w.org\/{rel}","templated":true}]}}