{"id":2417,"date":"2019-01-18T16:35:00","date_gmt":"2019-01-18T15:35:00","guid":{"rendered":"https:\/\/lefthander-consulting.org\/information\/literatur\/schreibvoruebungen-fuer-linkshaender-mit-jobasa-teil-1\/"},"modified":"2022-05-04T09:49:45","modified_gmt":"2022-05-04T07:49:45","slug":"schreibvoruebungen-fuer-linkshaender-mit-jobasa-teil-1-und-2","status":"publish","type":"page","link":"https:\/\/lefthander-consulting.org\/deutsch\/information\/literatur\/schreibvoruebungen-fuer-linkshaender-mit-jobasa-teil-1-und-2\/","title":{"rendered":"Schreibvor\u00fcbungen f\u00fcr Linksh\u00e4nder mit Jobasa"},"content":{"rendered":"<p><img loading=\"lazy\" decoding=\"async\" class=\"buch-rahmen alignright wp-image-2425\" src=\"https:\/\/lefthander-consulting.org\/deutsch\/wp-content\/uploads\/2019\/01\/Schreibvor\u00fcbungen-f\u00fcr-Linksh\u00e4nder-mit-Jobasa-Teil-1-211x300.jpg\" alt=\"\" width=\"190\" height=\"270\" srcset=\"https:\/\/lefthander-consulting.org\/deutsch\/wp-content\/uploads\/2019\/01\/Schreibvor\u00fcbungen-f\u00fcr-Linksh\u00e4nder-mit-Jobasa-Teil-1-211x300.jpg 211w, https:\/\/lefthander-consulting.org\/deutsch\/wp-content\/uploads\/2019\/01\/Schreibvor\u00fcbungen-f\u00fcr-Linksh\u00e4nder-mit-Jobasa-Teil-1.jpg 300w\" sizes=\"auto, (max-width: 190px) 100vw, 190px\" \/><\/p>\n<p>Die <em>Schreibvor\u00fcbungen f\u00fcr Linksh\u00e4nder mit Jobasa<\/em> bestehen aus zwei \u00dcbungsheften. Eingebettet in die Geschichte der Schildkr\u00f6te Jobasa, die die verschiedensten Tiere trifft, werden die Formen der Anfangsbuchstaben der Tiernamen mit einem passenden Bild verbunden und durch Schwung- und Nachspur\u00fcbungen vorbereitet. Dabei wird der Buchstabenablauf, wie er in der Schule sp\u00e4ter gelehrt wird, vorbereitend ge\u00fcbt.<\/p>\n<p>Es ist hier jedoch nicht beabsichtigt, wie in einem Schreiblernheft, die Buchstaben einzuf\u00fchren, sondern die Kinder sollen eine vorbereitende Hilfestellung ab dem Alter von etwa 4 Jahren bekommen, in dem viele bereits gro\u00dfes Interesse an Buchstaben entwickeln. Oft \u00fcben sich dann die Kinder aber ung\u00fcnstige Bewegungsabl\u00e4ufe f\u00fcr Buchstaben ein, die sp\u00e4ter in der Schule wieder korrigiert werden m\u00fcssen. Die Entt\u00e4uschung bei den Kindern und die M\u00fche bei den Lehrern sind vorausprogrammiert.<img loading=\"lazy\" decoding=\"async\" class=\"buch-rahmen alignright wp-image-2424\" src=\"https:\/\/lefthander-consulting.org\/deutsch\/wp-content\/uploads\/2019\/01\/Schreibvor\u00fcbungen-f\u00fcr-Linksh\u00e4nder-mit-Jobasa-Teil-2-212x300.jpg\" alt=\"\" width=\"191\" height=\"270\" srcset=\"https:\/\/lefthander-consulting.org\/deutsch\/wp-content\/uploads\/2019\/01\/Schreibvor\u00fcbungen-f\u00fcr-Linksh\u00e4nder-mit-Jobasa-Teil-2-212x300.jpg 212w, https:\/\/lefthander-consulting.org\/deutsch\/wp-content\/uploads\/2019\/01\/Schreibvor\u00fcbungen-f\u00fcr-Linksh\u00e4nder-mit-Jobasa-Teil-2.jpg 300w\" sizes=\"auto, (max-width: 191px) 100vw, 191px\" \/><\/p>\n<p>Das haupts\u00e4chliche Ziel dieser Schreibvor\u00fcbungen ist jedoch die wirksame Unterst\u00fctzung beim Erlernen einer lockeren, unverkrampften K\u00f6rperhaltung bei den Nachspur- und Schwung\u00fcbungen als Vorbereitung auf eine lockere Schreibhaltung des linksh\u00e4ndigen Kindes sp\u00e4ter in der Schule. Es sollen dadurch von Anfang an ung\u00fcnstige K\u00f6rperhaltungen vermieden und Eltern, P\u00e4dagogen und Therapeuten eine Hilfestellung gegeben werden, fr\u00fchzeitig eine gute Haltung mit dem linksh\u00e4ndigen Kind einzu\u00fcben.<\/p>\n<p><u>Die B\u00e4nde enthalten<\/u>:<\/p>\n<ul>\n<li style=\"list-style-type: none\">\n<ul>\n<li>Schreibvor\u00fcbungen f\u00fcr Linksh\u00e4nder, eingebettet in die Geschichte der Schildkr\u00f6te Jobasa<\/li>\n<li>Schwung- und Nachspur\u00fcbungen<\/li>\n<\/ul>\n<\/li>\n<\/ul>\n<p><u>Buchstaben in Teil 1<\/u>: I, O, U, V, W, D, B, R, H<\/p>\n<p style=\"text-align: left\"><u>Buchstaben in Teil 2<\/u>: Q, T, P, N, E, L, M, G, S, C, F, K, Z, A, X, J, Y<\/p>\n<p style=\"text-align: left\">Teil 1: <a href=\"https:\/\/www.auer-verlag.de\/catalogsearch\/result\/?cat=0&amp;q=Linksh%C3%A4nder\">Auer Verlag<\/a>, Donauw\u00f6rth, 2011, 6. Auflage 2022, ISBN 3-403-06609-5<\/p>\n<p>Teil 2: <a href=\"https:\/\/www.auer-verlag.de\/catalogsearch\/result\/?cat=0&amp;q=Linksh%C3%A4nder\">Auer Verlag<\/a>, Donauw\u00f6rth, 2012, 4. Auflage 2019, ISBN 3-403-06865-5<\/p>\n<p style=\"text-align: right\"><span style=\"font-size: 18pt\">\u00a0 \u00a0 \u00a0\u00a0 <a href=\"https:\/\/jobasa.de\/\">Homepage<\/a> der Schildkr\u00f6te JOBASA:<br \/>\n<\/span><\/p>\n<p style=\"text-align: right\"><a href=\"https:\/\/jobasa.de\/\"><img loading=\"lazy\" decoding=\"async\" class=\" wp-image-6290 alignright\" src=\"https:\/\/lefthander-consulting.org\/deutsch\/wp-content\/uploads\/2019\/09\/Homepage-JOBASA-1-300x66.jpg\" alt=\"\" width=\"372\" height=\"82\" srcset=\"https:\/\/lefthander-consulting.org\/deutsch\/wp-content\/uploads\/2019\/09\/Homepage-JOBASA-1-300x66.jpg 300w, https:\/\/lefthander-consulting.org\/deutsch\/wp-content\/uploads\/2019\/09\/Homepage-JOBASA-1-768x168.jpg 768w, https:\/\/lefthander-consulting.org\/deutsch\/wp-content\/uploads\/2019\/09\/Homepage-JOBASA-1.jpg 796w\" sizes=\"auto, (max-width: 372px) 100vw, 372px\" \/><\/a><\/p>\n<p style=\"text-align: right\">\n","protected":false},"excerpt":{"rendered":"<p>Die Schreibvor\u00fcbungen f\u00fcr Linksh\u00e4nder mit Jobasa bestehen aus zwei \u00dcbungsheften. Eingebettet in die Geschichte der Schildkr\u00f6te Jobasa, die die verschiedensten Tiere trifft, werden die Formen der Anfangsbuchstaben der Tiernamen mit einem passenden Bild verbunden und durch Schwung- und Nachspur\u00fcbungen vorbereitet. Dabei wird der Buchstabenablauf, wie er in der Schule sp\u00e4ter gelehrt wird, vorbereitend ge\u00fcbt. Es ist hier jedoch nicht beabsichtigt, wie in einem Schreiblernheft, die Buchstaben einzuf\u00fchren, sondern die Kinder sollen eine vorbereitende Hilfestellung ab dem Alter von etwa 4 Jahren bekommen, in dem viele bereits gro\u00dfes Interesse an Buchstaben entwickeln. Oft \u00fcben sich dann die Kinder aber ung\u00fcnstige Bewegungsabl\u00e4ufe f\u00fcr Buchstaben ein, die sp\u00e4ter in der Schule wieder korrigiert werden m\u00fcssen. Die Entt\u00e4uschung bei den Kindern und die M\u00fche bei den Lehrern sind vorausprogrammiert. Das haupts\u00e4chliche Ziel dieser Schreibvor\u00fcbungen ist jedoch die wirksame Unterst\u00fctzung beim Erlernen einer lockeren, unverkrampften K\u00f6rperhaltung bei den Nachspur- und Schwung\u00fcbungen als Vorbereitung auf eine lockere Schreibhaltung des linksh\u00e4ndigen &#8230; <a title=\"Schreibvor\u00fcbungen f\u00fcr Linksh\u00e4nder mit Jobasa\" class=\"read-more\" href=\"https:\/\/lefthander-consulting.org\/deutsch\/information\/literatur\/schreibvoruebungen-fuer-linkshaender-mit-jobasa-teil-1-und-2\/\" aria-label=\"Mehr Informationen \u00fcber Schreibvor\u00fcbungen f\u00fcr Linksh\u00e4nder mit Jobasa\">Read more<\/a><\/p>\n","protected":false},"author":4,"featured_media":0,"parent":41,"menu_order":23,"comment_status":"closed","ping_status":"closed","template":"","meta":{"_cbd_carousel_blocks":"[]","footnotes":""},"class_list":["post-2417","page","type-page","status-publish"],"_links":{"self":[{"href":"https:\/\/lefthander-consulting.org\/deutsch\/wp-json\/wp\/v2\/pages\/2417","targetHints":{"allow":["GET"]}}],"collection":[{"href":"https:\/\/lefthander-consulting.org\/deutsch\/wp-json\/wp\/v2\/pages"}],"about":[{"href":"https:\/\/lefthander-consulting.org\/deutsch\/wp-json\/wp\/v2\/types\/page"}],"author":[{"embeddable":true,"href":"https:\/\/lefthander-consulting.org\/deutsch\/wp-json\/wp\/v2\/users\/4"}],"replies":[{"embeddable":true,"href":"https:\/\/lefthander-consulting.org\/deutsch\/wp-json\/wp\/v2\/comments?post=2417"}],"version-history":[{"count":2,"href":"https:\/\/lefthander-consulting.org\/deutsch\/wp-json\/wp\/v2\/pages\/2417\/revisions"}],"predecessor-version":[{"id":10610,"href":"https:\/\/lefthander-consulting.org\/deutsch\/wp-json\/wp\/v2\/pages\/2417\/revisions\/10610"}],"up":[{"embeddable":true,"href":"https:\/\/lefthander-consulting.org\/deutsch\/wp-json\/wp\/v2\/pages\/41"}],"wp:attachment":[{"href":"https:\/\/lefthander-consulting.org\/deutsch\/wp-json\/wp\/v2\/media?parent=2417"}],"curies":[{"name":"wp","href":"https:\/\/api.w.org\/{rel}","templated":true}]}}