{"id":2414,"date":"2019-01-18T16:31:20","date_gmt":"2019-01-18T15:31:20","guid":{"rendered":"https:\/\/lefthander-consulting.org\/information\/literatur\/linkshaendige-kinder-im-kindergartenalter\/"},"modified":"2022-01-21T09:08:26","modified_gmt":"2022-01-21T08:08:26","slug":"linkshaendige-kinder-im-kindergartenalter","status":"publish","type":"page","link":"https:\/\/lefthander-consulting.org\/deutsch\/information\/literatur\/linkshaendige-kinder-im-kindergartenalter\/","title":{"rendered":"Linksh\u00e4ndige Kinder im Kindergartenalter"},"content":{"rendered":"<p><span style=\"font-size: 12pt\"><img loading=\"lazy\" decoding=\"async\" class=\"buch-rahmen alignleft wp-image-2404\" src=\"https:\/\/lefthander-consulting.org\/deutsch\/wp-content\/uploads\/2019\/01\/Das_linkshaendige_Kind_im_Kindergartenalter_Cover-232x300.jpg\" alt=\"\" width=\"195\" height=\"252\" srcset=\"https:\/\/lefthander-consulting.org\/deutsch\/wp-content\/uploads\/2019\/01\/Das_linkshaendige_Kind_im_Kindergartenalter_Cover-232x300.jpg 232w, https:\/\/lefthander-consulting.org\/deutsch\/wp-content\/uploads\/2019\/01\/Das_linkshaendige_Kind_im_Kindergartenalter_Cover-768x994.jpg 768w, https:\/\/lefthander-consulting.org\/deutsch\/wp-content\/uploads\/2019\/01\/Das_linkshaendige_Kind_im_Kindergartenalter_Cover-791x1024.jpg 791w, https:\/\/lefthander-consulting.org\/deutsch\/wp-content\/uploads\/2019\/01\/Das_linkshaendige_Kind_im_Kindergartenalter_Cover.jpg 927w\" sizes=\"auto, (max-width: 195px) 100vw, 195px\" \/><\/span><\/p>\n<p><span style=\"font-size: 12pt\">Dieses Buch wurde speziell f\u00fcr linksh\u00e4ndige Kinder und ihre kleinen und gro\u00dfen Freunde geschrieben. <\/span><\/p>\n<p><span style=\"font-size: 12pt\">Durch leicht verst\u00e4ndliche Texte, viele detaillierte Zeichnungen und Abbildungen werden die Handlungsabl\u00e4ufe beim Spielen, Malen, Schleife binden und Hantieren demonstriert. Die Handhabung von Gebrauchsgegenst\u00e4nden wie z.B. Schere, Spitzer und vieles andere mehr wird f\u00fcr linksh\u00e4ndige Kinder, seine Eltern, Gro\u00dfeltern und Erzieherinnen leicht nachvollziehbar dargestellt.<\/span><\/p>\n<p><span style=\"font-size: 12pt\">Kleine Abbildungen am oberen Seitenrand weisen auf die behandelten Themen im Text hin und erm\u00f6glichen so den Kindern, die f\u00fcr sie interessanten Texten selbst zu erkennen und sich vorlesen zu lassen.<\/span><\/p>\n<p><span style=\"font-size: 12pt\">Durch das aktive Ausmalen und Weitergestalten der beiliegenden Zeichnungen werden Auge und Verstand sowohl rechtsh\u00e4ndiger als auch linksh\u00e4ndiger Kinder f\u00fcr Fragen der H\u00e4ndigkeit gesch\u00e4rft und geschult.<\/span><\/p>\n<p><span style=\"font-size: 12pt\">Die Sorgen vieler Erwachsener: &#8222;Wie gebe ich als Rechtsh\u00e4nder dem linksh\u00e4ndigen Kind einen guten Start ins Leben?&#8220; wird in diesem reich bebilderten Buch beantwortet.<\/span><\/p>\n<p><span style=\"font-size: 12pt\">Reich bebildert mit Zeichnungen von Monika Mulzer-Adam.<\/span><\/p>\n<p><span style=\"font-size: 12pt\"><a href=\"https:\/\/www.auer-verlag.de\/catalogsearch\/result\/?cat=0&amp;q=Linksh%C3%A4nder\">Auer Verlag,<\/a> Donauw\u00f6rth, 4. Auflage 2019, ISBN 3-403-04465-9, 152 Seiten<\/span><\/p>\n<p>&nbsp;<\/p>\n","protected":false},"excerpt":{"rendered":"<p>Dieses Buch wurde speziell f\u00fcr linksh\u00e4ndige Kinder und ihre kleinen und gro\u00dfen Freunde geschrieben. Durch leicht verst\u00e4ndliche Texte, viele detaillierte Zeichnungen und Abbildungen werden die Handlungsabl\u00e4ufe beim Spielen, Malen, Schleife binden und Hantieren demonstriert. Die Handhabung von Gebrauchsgegenst\u00e4nden wie z.B. Schere, Spitzer und vieles andere mehr wird f\u00fcr linksh\u00e4ndige Kinder, seine Eltern, Gro\u00dfeltern und Erzieherinnen leicht nachvollziehbar dargestellt. Kleine Abbildungen am oberen Seitenrand weisen auf die behandelten Themen im Text hin und erm\u00f6glichen so den Kindern, die f\u00fcr sie interessanten Texten selbst zu erkennen und sich vorlesen zu lassen. Durch das aktive Ausmalen und Weitergestalten der beiliegenden Zeichnungen werden Auge und Verstand sowohl rechtsh\u00e4ndiger als auch linksh\u00e4ndiger Kinder f\u00fcr Fragen der H\u00e4ndigkeit gesch\u00e4rft und geschult. Die Sorgen vieler Erwachsener: &#8222;Wie gebe ich als Rechtsh\u00e4nder dem linksh\u00e4ndigen Kind einen guten Start ins Leben?&#8220; wird in diesem reich bebilderten Buch beantwortet. Reich bebildert mit Zeichnungen von Monika Mulzer-Adam. Auer Verlag, Donauw\u00f6rth, 4. Auflage 2019, ISBN 3-403-04465-9, &#8230; <a title=\"Linksh\u00e4ndige Kinder im Kindergartenalter\" class=\"read-more\" href=\"https:\/\/lefthander-consulting.org\/deutsch\/information\/literatur\/linkshaendige-kinder-im-kindergartenalter\/\" aria-label=\"Mehr Informationen \u00fcber Linksh\u00e4ndige Kinder im Kindergartenalter\">Read more<\/a><\/p>\n","protected":false},"author":4,"featured_media":0,"parent":41,"menu_order":22,"comment_status":"closed","ping_status":"closed","template":"","meta":{"_cbd_carousel_blocks":"[]","footnotes":""},"class_list":["post-2414","page","type-page","status-publish"],"_links":{"self":[{"href":"https:\/\/lefthander-consulting.org\/deutsch\/wp-json\/wp\/v2\/pages\/2414","targetHints":{"allow":["GET"]}}],"collection":[{"href":"https:\/\/lefthander-consulting.org\/deutsch\/wp-json\/wp\/v2\/pages"}],"about":[{"href":"https:\/\/lefthander-consulting.org\/deutsch\/wp-json\/wp\/v2\/types\/page"}],"author":[{"embeddable":true,"href":"https:\/\/lefthander-consulting.org\/deutsch\/wp-json\/wp\/v2\/users\/4"}],"replies":[{"embeddable":true,"href":"https:\/\/lefthander-consulting.org\/deutsch\/wp-json\/wp\/v2\/comments?post=2414"}],"version-history":[{"count":1,"href":"https:\/\/lefthander-consulting.org\/deutsch\/wp-json\/wp\/v2\/pages\/2414\/revisions"}],"predecessor-version":[{"id":10169,"href":"https:\/\/lefthander-consulting.org\/deutsch\/wp-json\/wp\/v2\/pages\/2414\/revisions\/10169"}],"up":[{"embeddable":true,"href":"https:\/\/lefthander-consulting.org\/deutsch\/wp-json\/wp\/v2\/pages\/41"}],"wp:attachment":[{"href":"https:\/\/lefthander-consulting.org\/deutsch\/wp-json\/wp\/v2\/media?parent=2414"}],"curies":[{"name":"wp","href":"https:\/\/api.w.org\/{rel}","templated":true}]}}