{"id":2408,"date":"2019-01-18T16:27:11","date_gmt":"2019-01-18T15:27:11","guid":{"rendered":"https:\/\/lefthander-consulting.org\/information\/literatur\/das-linkshaendige-kind-seine-begabungen-und-seine-schwierigkeiten\/vorwort-zum-buch-das-linkshaendige-kind-seine-begabungen-und-seine-schwierigkeiten\/"},"modified":"2019-04-12T12:54:32","modified_gmt":"2019-04-12T10:54:32","slug":"vorwort-zum-buch-das-linkshaendige-kind-seine-begabungen-und-seine-schwierigkeiten","status":"publish","type":"page","link":"https:\/\/lefthander-consulting.org\/deutsch\/information\/literatur\/das-linkshaendige-kind-seine-begabungen-und-seine-schwierigkeiten\/vorwort-zum-buch-das-linkshaendige-kind-seine-begabungen-und-seine-schwierigkeiten\/","title":{"rendered":"Vorwort zum Buch: Das linksh\u00e4ndige Kind &#8211; seine Begabungen und seine Schwierigkeiten"},"content":{"rendered":"<p>&nbsp;<\/p>\n<p>Seit Linksh\u00e4ndigkeit kein gesellschaftliches Tabu ist, scheint die Zahl der linksh\u00e4ndigen Menschen zugenommen zu haben. Wir haben erfolgreiche Staatsm\u00e4nner &#8211; \u00fcber die Fernsehkameras \u00fcberall auf der Welt sichtbar &#8211; erlebt, die wichtige Vertr\u00e4ge mit der linken Hand unterschrieben haben. Wir haben uns daran gew\u00f6hnt, dass Spitzensportler H\u00f6chstleistungen &#8222;mit links&#8220; erbringen. Und wir erleben im Alltag immer h\u00e4ufiger die Linksh\u00e4ndigkeit als Normalfall. <\/span><\/span><\/p>\n<p>Und doch &#8211; f\u00fcr viele Eltern entstehen erst einmal Fragen, wenn sie herausfinden, dass ihr Kind die linke Hand bevorzugt. Weniger in der h\u00e4uslichen Umgebung, mehr im Hinblick auf die schulische Anforderungen des Schreibens. In der Regel sind die Lehrer\/-innen dann die Ansprechpartner. F\u00fcr sie, die die Kinder in der ersten Klasse auf ihrem Weg ins Schreiben hineinbegleiten, ist dieses Buch geschrieben. Es soll ihnen Hilfestellungen geben bei der Information und Beratung der Eltern. <\/span><\/span><\/p>\n<p>Was sollen Eltern allgemein \u00fcber Linksh\u00e4ndigkeit wissen? Was wollen Eltern linksh\u00e4ndiger Kinder wissen? Wie kann man ihre m\u00f6glicherweise vorhandenen Bef\u00fcrchtungen zerstreuen? Welche speziellen Hilfen kann man Kindern beim Schreiben anbieten? Dar\u00fcber sollen Lehrer\/-innen Bescheid wissen. Da es aber nicht allen m\u00f6glich sein wird, sich ausf\u00fchrlich \u00fcber das Thema zu informieren, hat Dr. Johanna Barbara Sattler, die nicht m\u00fcde wird, sich f\u00fcr die Sache der Linksh\u00e4nder\/-innen einzusetzen, ihr profundes Wissen im vorliegenden Buch zusammengefasst und praxisnah aufbereitet, so dass sich damit mindestens ein Elternabend bestreiten l\u00e4sst (wahrscheinlich sogar mehrere). Die Lehrer\/-innen k\u00f6nnen sicher sein, dass sie aktuelle Erkenntnisse und aus langj\u00e4hriger Praxis gewonnene Erfahrungen weitergeben. Sie haben damit eine gesicherte Basis f\u00fcr die unerl\u00e4sslich notwendige Zusammenarbeit mit den Eltern. <\/span><\/span><\/p>\n<p>Ich w\u00fcnsche diesem Buch eine hohe Aufmerksamkeit und eine weite Verbreitung, damit der Normalfall Linksh\u00e4ndigkeit sich noch weiter etablieren kann. <\/span><\/span><\/p>\n<p>Prof. Dr. Angelika Speck-Hamdan <\/span><br \/>\nLudwig-Maximilians-Universit\u00e4t M\u00fcnchen <\/span><br \/>\n<span style=\"font-size: 12pt\">\u00a0 <\/span><\/span><\/p>\n<p>\u00a9 Copyright: Prof. Dr. Angelika Speck-Hamdan <\/span><\/span><\/p>\n<p>&nbsp;<\/p>\n","protected":false},"excerpt":{"rendered":"<p>&nbsp; Seit Linksh\u00e4ndigkeit kein gesellschaftliches Tabu ist, scheint die Zahl der linksh\u00e4ndigen Menschen zugenommen zu haben. Wir haben erfolgreiche Staatsm\u00e4nner &#8211; \u00fcber die Fernsehkameras \u00fcberall auf der Welt sichtbar &#8211; erlebt, die wichtige Vertr\u00e4ge mit der linken Hand unterschrieben haben. Wir haben uns daran gew\u00f6hnt, dass Spitzensportler H\u00f6chstleistungen &#8222;mit links&#8220; erbringen. Und wir erleben im Alltag immer h\u00e4ufiger die Linksh\u00e4ndigkeit als Normalfall. Und doch &#8211; f\u00fcr viele Eltern entstehen erst einmal Fragen, wenn sie herausfinden, dass ihr Kind die linke Hand bevorzugt. Weniger in der h\u00e4uslichen Umgebung, mehr im Hinblick auf die schulische Anforderungen des Schreibens. In der Regel sind die Lehrer\/-innen dann die Ansprechpartner. F\u00fcr sie, die die Kinder in der ersten Klasse auf ihrem Weg ins Schreiben hineinbegleiten, ist dieses Buch geschrieben. Es soll ihnen Hilfestellungen geben bei der Information und Beratung der Eltern. Was sollen Eltern allgemein \u00fcber Linksh\u00e4ndigkeit wissen? Was wollen Eltern linksh\u00e4ndiger Kinder wissen? Wie kann man ihre m\u00f6glicherweise &#8230; <a title=\"Vorwort zum Buch: Das linksh\u00e4ndige Kind &#8211; seine Begabungen und seine Schwierigkeiten\" class=\"read-more\" href=\"https:\/\/lefthander-consulting.org\/deutsch\/information\/literatur\/das-linkshaendige-kind-seine-begabungen-und-seine-schwierigkeiten\/vorwort-zum-buch-das-linkshaendige-kind-seine-begabungen-und-seine-schwierigkeiten\/\" aria-label=\"Mehr Informationen \u00fcber Vorwort zum Buch: Das linksh\u00e4ndige Kind &#8211; seine Begabungen und seine Schwierigkeiten\">Read more<\/a><\/p>\n","protected":false},"author":4,"featured_media":0,"parent":2402,"menu_order":0,"comment_status":"closed","ping_status":"closed","template":"","meta":{"_cbd_carousel_blocks":"[]","footnotes":""},"class_list":["post-2408","page","type-page","status-publish"],"_links":{"self":[{"href":"https:\/\/lefthander-consulting.org\/deutsch\/wp-json\/wp\/v2\/pages\/2408","targetHints":{"allow":["GET"]}}],"collection":[{"href":"https:\/\/lefthander-consulting.org\/deutsch\/wp-json\/wp\/v2\/pages"}],"about":[{"href":"https:\/\/lefthander-consulting.org\/deutsch\/wp-json\/wp\/v2\/types\/page"}],"author":[{"embeddable":true,"href":"https:\/\/lefthander-consulting.org\/deutsch\/wp-json\/wp\/v2\/users\/4"}],"replies":[{"embeddable":true,"href":"https:\/\/lefthander-consulting.org\/deutsch\/wp-json\/wp\/v2\/comments?post=2408"}],"version-history":[{"count":3,"href":"https:\/\/lefthander-consulting.org\/deutsch\/wp-json\/wp\/v2\/pages\/2408\/revisions"}],"predecessor-version":[{"id":4957,"href":"https:\/\/lefthander-consulting.org\/deutsch\/wp-json\/wp\/v2\/pages\/2408\/revisions\/4957"}],"up":[{"embeddable":true,"href":"https:\/\/lefthander-consulting.org\/deutsch\/wp-json\/wp\/v2\/pages\/2402"}],"wp:attachment":[{"href":"https:\/\/lefthander-consulting.org\/deutsch\/wp-json\/wp\/v2\/media?parent=2408"}],"curies":[{"name":"wp","href":"https:\/\/api.w.org\/{rel}","templated":true}]}}