{"id":2402,"date":"2019-01-18T16:20:24","date_gmt":"2019-01-18T15:20:24","guid":{"rendered":"https:\/\/lefthander-consulting.org\/information\/literatur\/das-linkshaendige-kind-seine-begabungen-und-seine-schwierigkeiten\/"},"modified":"2022-01-21T09:07:44","modified_gmt":"2022-01-21T08:07:44","slug":"das-linkshaendige-kind-seine-begabungen-und-seine-schwierigkeiten","status":"publish","type":"page","link":"https:\/\/lefthander-consulting.org\/deutsch\/information\/literatur\/das-linkshaendige-kind-seine-begabungen-und-seine-schwierigkeiten\/","title":{"rendered":"Das linksh\u00e4ndige Kind &#8211; seine Begabungen und seine Schwierigkeiten"},"content":{"rendered":"<p><img loading=\"lazy\" decoding=\"async\" class=\"buch-rahmen alignleft wp-image-2405\" src=\"https:\/\/lefthander-consulting.org\/deutsch\/wp-content\/uploads\/2019\/01\/Das_linkshaendige_Kind_seine_Begabungen_und_seine_Schwierigkeiten_Cover-209x300.jpg\" alt=\"\" width=\"172\" height=\"247\" srcset=\"https:\/\/lefthander-consulting.org\/deutsch\/wp-content\/uploads\/2019\/01\/Das_linkshaendige_Kind_seine_Begabungen_und_seine_Schwierigkeiten_Cover-209x300.jpg 209w, https:\/\/lefthander-consulting.org\/deutsch\/wp-content\/uploads\/2019\/01\/Das_linkshaendige_Kind_seine_Begabungen_und_seine_Schwierigkeiten_Cover-768x1101.jpg 768w, https:\/\/lefthander-consulting.org\/deutsch\/wp-content\/uploads\/2019\/01\/Das_linkshaendige_Kind_seine_Begabungen_und_seine_Schwierigkeiten_Cover-714x1024.jpg 714w, https:\/\/lefthander-consulting.org\/deutsch\/wp-content\/uploads\/2019\/01\/Das_linkshaendige_Kind_seine_Begabungen_und_seine_Schwierigkeiten_Cover.jpg 1674w\" sizes=\"auto, (max-width: 172px) 100vw, 172px\" \/>Das Buch erleichtert Lehrerinnen und Lehrern die Vorbereitung auf die Beratung von Eltern linksh\u00e4ndiger Kinder. Es enth\u00e4lt ein ausgearbeitetes Referat f\u00fcr den Elternabend, Kopiervorlagen zur Erstellung von Folien f\u00fcr den Tageslichtprojektor und Vorlagen f\u00fcr Informationsbl\u00e4tter mit Tipps, was M\u00fctter und V\u00e4ter bei der Erziehung des linksh\u00e4ndigen Kindes beachten sollen. Ein Glossar mit Hinweisen auf weiterf\u00fchrende Literatur bietet die M\u00f6glichkeit, den Einblick in die Materie zu vertiefen.<\/p>\n<p>Diese Ver\u00f6ffentlichung ist auch f\u00fcr <strong>Referenten <\/strong>bei einer Informationsveranstaltung \u00fcber Linksh\u00e4ndigkeit geeignet.<\/p>\n<p>&nbsp;<\/p>\n<p><strong>Aus dem Inhalt<\/strong>:<\/p>\n<ul>\n<li>Vorschlag f\u00fcr die Formulierung in der Einladung zum Elternabend<\/li>\n<li>Vorschlag f\u00fcr die Ank\u00fcndigung zu einer Informationsveranstaltung<\/li>\n<li>Referat<\/li>\n<li>Informationsmaterial f\u00fcr Eltern zum Kopieren<\/li>\n<li>Vorlagen zur Herstellung von Folien<\/li>\n<li>Glossar &#8211; vertiefende Begriffs- und Sacherl\u00e4uterungen<\/li>\n<\/ul>\n<p><a href=\"https:\/\/www.auer-verlag.de\/catalogsearch\/result\/?cat=0&amp;q=Linksh%C3%A4nder\">Auer Verlag<\/a>, Donauw\u00f6rth, 2003, 7., mehrfach \u00fcberarbeitete und aktualisierte Auflage 2021, ISBN 3-403-03491-7, 72 Seiten<\/p>\n<p>Weiteres in dem <a href=\"https:\/\/lefthander-consulting.org\/deutsch\/information\/literatur\/das-linkshaendige-kind-seine-begabungen-und-seine-schwierigkeiten\/vorwort-zum-buch-das-linkshaendige-kind-seine-begabungen-und-seine-schwierigkeiten\/\">Vorwort zum Buch<\/a> von Professor Dr. Angelika Speck-Hamdan.<\/p>\n","protected":false},"excerpt":{"rendered":"<p>Das Buch erleichtert Lehrerinnen und Lehrern die Vorbereitung auf die Beratung von Eltern linksh\u00e4ndiger Kinder. Es enth\u00e4lt ein ausgearbeitetes Referat f\u00fcr den Elternabend, Kopiervorlagen zur Erstellung von Folien f\u00fcr den Tageslichtprojektor und Vorlagen f\u00fcr Informationsbl\u00e4tter mit Tipps, was M\u00fctter und V\u00e4ter bei der Erziehung des linksh\u00e4ndigen Kindes beachten sollen. Ein Glossar mit Hinweisen auf weiterf\u00fchrende Literatur bietet die M\u00f6glichkeit, den Einblick in die Materie zu vertiefen. Diese Ver\u00f6ffentlichung ist auch f\u00fcr Referenten bei einer Informationsveranstaltung \u00fcber Linksh\u00e4ndigkeit geeignet. &nbsp; Aus dem Inhalt: Vorschlag f\u00fcr die Formulierung in der Einladung zum Elternabend Vorschlag f\u00fcr die Ank\u00fcndigung zu einer Informationsveranstaltung Referat Informationsmaterial f\u00fcr Eltern zum Kopieren Vorlagen zur Herstellung von Folien Glossar &#8211; vertiefende Begriffs- und Sacherl\u00e4uterungen Auer Verlag, Donauw\u00f6rth, 2003, 7., mehrfach \u00fcberarbeitete und aktualisierte Auflage 2021, ISBN 3-403-03491-7, 72 Seiten Weiteres in dem Vorwort zum Buch von Professor Dr. Angelika Speck-Hamdan.<\/p>\n","protected":false},"author":4,"featured_media":0,"parent":41,"menu_order":21,"comment_status":"closed","ping_status":"closed","template":"","meta":{"_cbd_carousel_blocks":"[]","footnotes":""},"class_list":["post-2402","page","type-page","status-publish"],"_links":{"self":[{"href":"https:\/\/lefthander-consulting.org\/deutsch\/wp-json\/wp\/v2\/pages\/2402","targetHints":{"allow":["GET"]}}],"collection":[{"href":"https:\/\/lefthander-consulting.org\/deutsch\/wp-json\/wp\/v2\/pages"}],"about":[{"href":"https:\/\/lefthander-consulting.org\/deutsch\/wp-json\/wp\/v2\/types\/page"}],"author":[{"embeddable":true,"href":"https:\/\/lefthander-consulting.org\/deutsch\/wp-json\/wp\/v2\/users\/4"}],"replies":[{"embeddable":true,"href":"https:\/\/lefthander-consulting.org\/deutsch\/wp-json\/wp\/v2\/comments?post=2402"}],"version-history":[{"count":1,"href":"https:\/\/lefthander-consulting.org\/deutsch\/wp-json\/wp\/v2\/pages\/2402\/revisions"}],"predecessor-version":[{"id":10168,"href":"https:\/\/lefthander-consulting.org\/deutsch\/wp-json\/wp\/v2\/pages\/2402\/revisions\/10168"}],"up":[{"embeddable":true,"href":"https:\/\/lefthander-consulting.org\/deutsch\/wp-json\/wp\/v2\/pages\/41"}],"wp:attachment":[{"href":"https:\/\/lefthander-consulting.org\/deutsch\/wp-json\/wp\/v2\/media?parent=2402"}],"curies":[{"name":"wp","href":"https:\/\/api.w.org\/{rel}","templated":true}]}}