{"id":2383,"date":"2019-01-18T15:57:49","date_gmt":"2019-01-18T14:57:49","guid":{"rendered":"https:\/\/lefthander-consulting.org\/information\/literatur\/uebungsheft-fuer-linkshaender\/"},"modified":"2022-01-21T09:05:58","modified_gmt":"2022-01-21T08:05:58","slug":"uebungsheft-fuer-linkshaender","status":"publish","type":"page","link":"https:\/\/lefthander-consulting.org\/deutsch\/information\/literatur\/uebungsheft-fuer-linkshaender\/","title":{"rendered":"\u00dcbungsheft f\u00fcr Linksh\u00e4nder"},"content":{"rendered":"<p><img loading=\"lazy\" decoding=\"async\" class=\"buch-rahmen alignleft wp-image-2388\" src=\"https:\/\/lefthander-consulting.org\/deutsch\/wp-content\/uploads\/2019\/01\/2926-212x300.jpg\" alt=\"\u00dcbungsheft f\u00fcr Linksh\u00e4nder\" width=\"148\" height=\"210\" srcset=\"https:\/\/lefthander-consulting.org\/deutsch\/wp-content\/uploads\/2019\/01\/2926-212x300.jpg 212w, https:\/\/lefthander-consulting.org\/deutsch\/wp-content\/uploads\/2019\/01\/2926-768x1089.jpg 768w, https:\/\/lefthander-consulting.org\/deutsch\/wp-content\/uploads\/2019\/01\/2926-722x1024.jpg 722w, https:\/\/lefthander-consulting.org\/deutsch\/wp-content\/uploads\/2019\/01\/2926.jpg 846w\" sizes=\"auto, (max-width: 148px) 100vw, 148px\" \/><\/p>\n<p>Dieses hilfreiche \u00dcbungsheft ist speziell f\u00fcr linksh\u00e4ndige Kinder gedacht und sollte unter Anleitung eines Elternteils, Erziehers, Lehrers, Ergotherapeutens oder Heilp\u00e4dagogens durchgearbeitet werden. Spa\u00df und Freude an der Ausf\u00fchrung stehen im Vordergrund. Ziel ist das Erlernen einer lockeren K\u00f6rperhaltung als Vorbereitung f\u00fcr das Schreiben.<\/p>\n<p>In DIN A4-Format werden mit kurzen einf\u00fchrenden Erkl\u00e4rungen (einschlie\u00dflich der Geschichte vom Zauberbaum, mit der ein motivationssteigerndes Belohnungs-systems verbunden ist) die Nachspur\u00fcbungen speziell f\u00fcr Linksh\u00e4nder dargestellt.<\/p>\n<p>Auch f\u00fcr umgeschulte Linksh\u00e4nder, die sich wieder auf ihre linke Hand zum Schreiben zur\u00fcckschulen m\u00f6chten, kann das \u00dcbungsheft hilfreich sein.<\/p>\n<p><a href=\"https:\/\/www.auer-verlag.de\/catalogsearch\/result\/?cat=0&amp;q=Linksh%C3%A4nder\">Auer Verlag<\/a>, Donauw\u00f6rth, 1997, 14., mehrfach \u00fcberarbeitete und aktualisierte Auflage 2019, ISBN 3-403-02925-5, 44 Seiten<\/p>\n<p>Erste deutsche Beratungs- und Informationsstelle f\u00fcr Linksh\u00e4nder und umgeschulte Linksh\u00e4nder, Sendlinger Str. 17, 80331 M\u00fcnchen, Tel. \/ Fax: +49 \/ 89 \/ 26 86 14, <a href=\"https:\/\/lefthander-consulting.org\">https:\/\/lefthander-consulting.org<\/a>, e-mail: info@lefthander-consulting.org<\/p>\n","protected":false},"excerpt":{"rendered":"<p>Dieses hilfreiche \u00dcbungsheft ist speziell f\u00fcr linksh\u00e4ndige Kinder gedacht und sollte unter Anleitung eines Elternteils, Erziehers, Lehrers, Ergotherapeutens oder Heilp\u00e4dagogens durchgearbeitet werden. Spa\u00df und Freude an der Ausf\u00fchrung stehen im Vordergrund. Ziel ist das Erlernen einer lockeren K\u00f6rperhaltung als Vorbereitung f\u00fcr das Schreiben. In DIN A4-Format werden mit kurzen einf\u00fchrenden Erkl\u00e4rungen (einschlie\u00dflich der Geschichte vom Zauberbaum, mit der ein motivationssteigerndes Belohnungs-systems verbunden ist) die Nachspur\u00fcbungen speziell f\u00fcr Linksh\u00e4nder dargestellt. Auch f\u00fcr umgeschulte Linksh\u00e4nder, die sich wieder auf ihre linke Hand zum Schreiben zur\u00fcckschulen m\u00f6chten, kann das \u00dcbungsheft hilfreich sein. Auer Verlag, Donauw\u00f6rth, 1997, 14., mehrfach \u00fcberarbeitete und aktualisierte Auflage 2019, ISBN 3-403-02925-5, 44 Seiten Erste deutsche Beratungs- und Informationsstelle f\u00fcr Linksh\u00e4nder und umgeschulte Linksh\u00e4nder, Sendlinger Str. 17, 80331 M\u00fcnchen, Tel. \/ Fax: +49 \/ 89 \/ 26 86 14, https:\/\/lefthander-consulting.org, e-mail: info@lefthander-consulting.org<\/p>\n","protected":false},"author":4,"featured_media":0,"parent":41,"menu_order":19,"comment_status":"closed","ping_status":"closed","template":"","meta":{"_cbd_carousel_blocks":"[]","footnotes":""},"class_list":["post-2383","page","type-page","status-publish"],"_links":{"self":[{"href":"https:\/\/lefthander-consulting.org\/deutsch\/wp-json\/wp\/v2\/pages\/2383","targetHints":{"allow":["GET"]}}],"collection":[{"href":"https:\/\/lefthander-consulting.org\/deutsch\/wp-json\/wp\/v2\/pages"}],"about":[{"href":"https:\/\/lefthander-consulting.org\/deutsch\/wp-json\/wp\/v2\/types\/page"}],"author":[{"embeddable":true,"href":"https:\/\/lefthander-consulting.org\/deutsch\/wp-json\/wp\/v2\/users\/4"}],"replies":[{"embeddable":true,"href":"https:\/\/lefthander-consulting.org\/deutsch\/wp-json\/wp\/v2\/comments?post=2383"}],"version-history":[{"count":2,"href":"https:\/\/lefthander-consulting.org\/deutsch\/wp-json\/wp\/v2\/pages\/2383\/revisions"}],"predecessor-version":[{"id":10166,"href":"https:\/\/lefthander-consulting.org\/deutsch\/wp-json\/wp\/v2\/pages\/2383\/revisions\/10166"}],"up":[{"embeddable":true,"href":"https:\/\/lefthander-consulting.org\/deutsch\/wp-json\/wp\/v2\/pages\/41"}],"wp:attachment":[{"href":"https:\/\/lefthander-consulting.org\/deutsch\/wp-json\/wp\/v2\/media?parent=2383"}],"curies":[{"name":"wp","href":"https:\/\/api.w.org\/{rel}","templated":true}]}}