{"id":2377,"date":"2019-01-18T15:53:36","date_gmt":"2019-01-18T14:53:36","guid":{"rendered":"https:\/\/lefthander-consulting.org\/information\/literatur\/uebungen-fuer-linkshaender\/vorwort-zum-buch-uebungen-fuer-linkshaender-schreiben-und-hantieren-mit-links\/"},"modified":"2019-03-04T11:29:20","modified_gmt":"2019-03-04T10:29:20","slug":"vorwort-zum-buch-uebungen-fuer-linkshaender-schreiben-und-hantieren-mit-links","status":"publish","type":"page","link":"https:\/\/lefthander-consulting.org\/deutsch\/information\/literatur\/uebungen-fuer-linkshaender\/vorwort-zum-buch-uebungen-fuer-linkshaender-schreiben-und-hantieren-mit-links\/","title":{"rendered":"Vorwort zum Buch: \u00dcbungen f\u00fcr Linksh\u00e4nder. Schreiben und Hantieren mit links"},"content":{"rendered":"<p><span style=\"font-size: 22pt\">Prof. Dr. Angelika Speck-Hamdan<\/span><\/p>\n<p><span style=\"font-family: Arial,Helvetica\">Wir haben noch kein Klima der Selbstverst\u00e4ndlichkeit, was Linksh\u00e4ndigkeit angeht. Eltern reagieren teils immer noch verunsichert, wenn sie Anzeichen daf\u00fcr entdecken, dass ihr Kind die linke Hand bevorzugt. Die Ratschl\u00e4ge, die sie aus ihrer Umgebung erhalten, sind nicht immer f\u00f6rderlich. Nicht selten setzt auch heute noch ein leidvoller Prozess f\u00fcr das linksh\u00e4ndige Kind ein, an dessen Ende mehr Probleme als am Anfang stehen. Dies zu verhindern, ist das wichtigste Anliegen dieses Buches. Es will linksh\u00e4ndige Kinder und ihre Eltern unterst\u00fctzen, ihnen Hilfestellungen anbieten, damit das Schreiben &#8222;mit links&#8220; funktioniert. <\/span><\/p>\n<p><span style=\"font-family: Arial,Helvetica\">Linksh\u00e4ndige Kinder k\u00f6nnen genauso sch\u00f6n und genauso h\u00e4sslich, genauso schnell und genauso langsam schreiben wie rechtsh\u00e4ndige Kinder auch. Unterschiede in der Schreibfertigkeit sind stets auf Einwirkungen durch andere Umst\u00e4nde als die H\u00e4ndigkeit zur\u00fcckzuf\u00fchren. Eine sorgf\u00e4ltige Diagnose kann hier Klarheit schaffen. Um Schwierigkeiten vorzubeugen, kommt es vor allem f\u00fcr die linksh\u00e4ndigen Kinder beim Schreibenlernen auf die richtigen Hilfestellungen an. In der Regel haben sie auch keine Vorbilder f\u00fcr das linksh\u00e4ndige Schreiben. Sie m\u00fcssen in einer rechtsh\u00e4ndig orientierten Umgebung den eigenen Weg zum Schreiben finden. <\/span><\/p>\n<p><span style=\"font-family: Arial,Helvetica\">Die Verfasserin dieses Buches hat sich nicht nur intensiv mit den wissenschaftlichen Erkenntnissen und Grundlagen besch\u00e4ftigt, sie kann vor allem aus einer langen Erfahrung in der Beratung und Behandlung von Linksh\u00e4nderinnen und Linksh\u00e4ndern sprechen. Mit gr\u00f6\u00dftem Engagement hat sie seit vielen Jahren das Thema &#8222;Linksh\u00e4ndigkeit&#8220; in das Blickfeld der verantwortlichen P\u00e4dagoginnen und P\u00e4dagogen ger\u00fcckt. Immer wieder habe ich ihre Kompetenz in Anspruch nehmen k\u00f6nnen, wenn ich Studierenden die konkrete Auseinandersetzung mit dem Thema Linksh\u00e4ndigkeit erm\u00f6glichen wollte. Sie hat den Blick daf\u00fcr gesch\u00e4rft, dass die Probleme linksh\u00e4ndiger Menschen in erster Linie auf den unangemessenen Umgang mit der Linksh\u00e4ndigkeit zur\u00fcckzuf\u00fchren sind. Die Hilfsmittel, die sie selbst entwickelt hat, sind in diesem Buch vorgestellt. <\/span><\/p>\n<p><span style=\"font-family: Arial,Helvetica\">Ich w\u00fcnsche mir, dass dieses Buch in m\u00f6glichst viele H\u00e4nde von Eltern, Lehrerinnen und Lehrern kommt, damit Linksh\u00e4ndigkeit als Risikofaktor f\u00fcr eine gedeihliche Entwicklung schlie\u00dflich keine Rolle mehr spielt.<br \/>\n<\/span><\/p>\n<p><span style=\"font-family: Arial,Helvetica\"><span style=\"font-size: 12pt\">Prof. Dr. Angelika Speck-Hamdan<\/span><br \/>\n<span style=\"font-family: Arial,Helvetica\">Ludwig-Maximilians-Universit\u00e4t M\u00fcnchen<\/span><br \/>\n<span style=\"font-family: Arial,Helvetica\">\u00a0 <\/span><\/span><\/p>\n<p><span style=\"font-family: Arial,Helvetica\"><span style=\"font-size: 12pt\">\u00a9 Copyright: Prof. Dr. Angelika Speck-Hamdan <\/span><\/span><\/p>\n<p>&nbsp;<\/p>\n","protected":false},"excerpt":{"rendered":"<p>Prof. Dr. Angelika Speck-Hamdan Wir haben noch kein Klima der Selbstverst\u00e4ndlichkeit, was Linksh\u00e4ndigkeit angeht. Eltern reagieren teils immer noch verunsichert, wenn sie Anzeichen daf\u00fcr entdecken, dass ihr Kind die linke Hand bevorzugt. Die Ratschl\u00e4ge, die sie aus ihrer Umgebung erhalten, sind nicht immer f\u00f6rderlich. Nicht selten setzt auch heute noch ein leidvoller Prozess f\u00fcr das linksh\u00e4ndige Kind ein, an dessen Ende mehr Probleme als am Anfang stehen. Dies zu verhindern, ist das wichtigste Anliegen dieses Buches. Es will linksh\u00e4ndige Kinder und ihre Eltern unterst\u00fctzen, ihnen Hilfestellungen anbieten, damit das Schreiben &#8222;mit links&#8220; funktioniert. Linksh\u00e4ndige Kinder k\u00f6nnen genauso sch\u00f6n und genauso h\u00e4sslich, genauso schnell und genauso langsam schreiben wie rechtsh\u00e4ndige Kinder auch. Unterschiede in der Schreibfertigkeit sind stets auf Einwirkungen durch andere Umst\u00e4nde als die H\u00e4ndigkeit zur\u00fcckzuf\u00fchren. Eine sorgf\u00e4ltige Diagnose kann hier Klarheit schaffen. Um Schwierigkeiten vorzubeugen, kommt es vor allem f\u00fcr die linksh\u00e4ndigen Kinder beim Schreibenlernen auf die richtigen Hilfestellungen an. In der Regel &#8230; <a title=\"Vorwort zum Buch: \u00dcbungen f\u00fcr Linksh\u00e4nder. Schreiben und Hantieren mit links\" class=\"read-more\" href=\"https:\/\/lefthander-consulting.org\/deutsch\/information\/literatur\/uebungen-fuer-linkshaender\/vorwort-zum-buch-uebungen-fuer-linkshaender-schreiben-und-hantieren-mit-links\/\" aria-label=\"Mehr Informationen \u00fcber Vorwort zum Buch: \u00dcbungen f\u00fcr Linksh\u00e4nder. Schreiben und Hantieren mit links\">Read more<\/a><\/p>\n","protected":false},"author":4,"featured_media":0,"parent":2371,"menu_order":0,"comment_status":"closed","ping_status":"closed","template":"","meta":{"_cbd_carousel_blocks":"[]","footnotes":""},"class_list":["post-2377","page","type-page","status-publish"],"_links":{"self":[{"href":"https:\/\/lefthander-consulting.org\/deutsch\/wp-json\/wp\/v2\/pages\/2377","targetHints":{"allow":["GET"]}}],"collection":[{"href":"https:\/\/lefthander-consulting.org\/deutsch\/wp-json\/wp\/v2\/pages"}],"about":[{"href":"https:\/\/lefthander-consulting.org\/deutsch\/wp-json\/wp\/v2\/types\/page"}],"author":[{"embeddable":true,"href":"https:\/\/lefthander-consulting.org\/deutsch\/wp-json\/wp\/v2\/users\/4"}],"replies":[{"embeddable":true,"href":"https:\/\/lefthander-consulting.org\/deutsch\/wp-json\/wp\/v2\/comments?post=2377"}],"version-history":[{"count":5,"href":"https:\/\/lefthander-consulting.org\/deutsch\/wp-json\/wp\/v2\/pages\/2377\/revisions"}],"predecessor-version":[{"id":4337,"href":"https:\/\/lefthander-consulting.org\/deutsch\/wp-json\/wp\/v2\/pages\/2377\/revisions\/4337"}],"up":[{"embeddable":true,"href":"https:\/\/lefthander-consulting.org\/deutsch\/wp-json\/wp\/v2\/pages\/2371"}],"wp:attachment":[{"href":"https:\/\/lefthander-consulting.org\/deutsch\/wp-json\/wp\/v2\/media?parent=2377"}],"curies":[{"name":"wp","href":"https:\/\/api.w.org\/{rel}","templated":true}]}}