{"id":2371,"date":"2019-01-18T15:49:04","date_gmt":"2019-01-18T14:49:04","guid":{"rendered":"https:\/\/lefthander-consulting.org\/information\/literatur\/uebungen-fuer-linkshaender\/"},"modified":"2022-02-18T11:59:15","modified_gmt":"2022-02-18T10:59:15","slug":"uebungen-fuer-linkshaender","status":"publish","type":"page","link":"https:\/\/lefthander-consulting.org\/deutsch\/information\/literatur\/uebungen-fuer-linkshaender\/","title":{"rendered":"\u00dcbungen f\u00fcr Linksh\u00e4nder.  Schreiben und Hantieren mit links"},"content":{"rendered":"<p><img loading=\"lazy\" decoding=\"async\" class=\"buch-rahmen alignleft wp-image-2374\" src=\"https:\/\/lefthander-consulting.org\/deutsch\/wp-content\/uploads\/2019\/01\/02778-Cover-\u00dcbungen-f\u00fcr-Linksh\u00e4nder-neu-210x300.jpg\" alt=\"\" width=\"152\" height=\"218\" srcset=\"https:\/\/lefthander-consulting.org\/deutsch\/wp-content\/uploads\/2019\/01\/02778-Cover-\u00dcbungen-f\u00fcr-Linksh\u00e4nder-neu-210x300.jpg 210w, https:\/\/lefthander-consulting.org\/deutsch\/wp-content\/uploads\/2019\/01\/02778-Cover-\u00dcbungen-f\u00fcr-Linksh\u00e4nder-neu.jpg 400w\" sizes=\"auto, (max-width: 152px) 100vw, 152px\" \/>Aus ihrer \u00fcber 16-j\u00e4hrigen Erfahrungen als Leiterin der Ersten deutschen Beratungs- und Informationsstelle f\u00fcr Linksh\u00e4nder und umgeschulte Linksh\u00e4nder und aus dem Gedanken- und Erfahrungsaustausch mit Kinder- und Schul\u00e4rzten, Psychologen, Lehrern, Ergo- und Mototherapeuten und Heil- und Sozialp\u00e4dagogen erarbeitete die Autorin die neu- und einzigartige <span class=\"SpellE\">Triologie<\/span> (einschlie\u00dflich eines \u00dcbungsheftes und eines Schreibunterlagen-Blocks f\u00fcr Linksh\u00e4nder) zur praktischen Hilfe f\u00fcr linksh\u00e4ndige Kinder und ihre Eltern, Erzieher, Lehrer und Behandler, aber auch f\u00fcr umgeschulte Linksh\u00e4nder, die sich wieder auf ihre eigentlich dominante Hand zur\u00fcckschulen m\u00f6chten.<\/p>\n<p>Es wird ausf\u00fchrlich das Erlernen einer lockeren, unverkrampften Schreibhaltung bei Linksh\u00e4ndern geschildert und mit zahlreichen Abbildungen dokumentiert. Sehr hilfreich ist dabei die herausnehmbare Schreibunterlage (DIN A2-Format). Praktische Vorschl\u00e4ge f\u00fcr Nachspur\u00fcbungen zum Erlernen einer unverkrampften Schreibhaltung erg\u00e4nzen die Ausf\u00fchrungen. Tipps und Hilfestellungen finden auch Linksh\u00e4nder mit einer eher verkrampften, kaum noch korrigierbaren Schreibhaltung.<\/p>\n<p>Ausf\u00fchrlich wird auch die richtige Handhabung von Gebrauchsgegenst\u00e4nden f\u00fcr Linksh\u00e4nder, wie z.B. F\u00fcller und Scheren, und auf deren Bezugsquellen hingewiesen.<\/p>\n<p><a href=\"https:\/\/www.auer-verlag.de\/catalogsearch\/result\/?cat=0&amp;q=Linksh%C3%A4nder\">Auer Verlag<\/a>, Donauw\u00f6rth, 14., mehrfach \u00fcberarbeitete und aktualisierte Auflage 2019, ISBN 3-403-02778-3, 152 Seiten<br \/>\nWeiteres in dem <a href=\"https:\/\/lefthander-consulting.org\/deutsch\/information\/literatur\/uebungen-fuer-linkshaender\/vorwort-zum-buch-uebungen-fuer-linkshaender-schreiben-und-hantieren-mit-links\/\">Vorwort\u00a0 zum Buch<\/a> von Professor Dr. Angelika Speck-Hamdan.<\/p>\n","protected":false},"excerpt":{"rendered":"<p>Aus ihrer \u00fcber 16-j\u00e4hrigen Erfahrungen als Leiterin der Ersten deutschen Beratungs- und Informationsstelle f\u00fcr Linksh\u00e4nder und umgeschulte Linksh\u00e4nder und aus dem Gedanken- und Erfahrungsaustausch mit Kinder- und Schul\u00e4rzten, Psychologen, Lehrern, Ergo- und Mototherapeuten und Heil- und Sozialp\u00e4dagogen erarbeitete die Autorin die neu- und einzigartige Triologie (einschlie\u00dflich eines \u00dcbungsheftes und eines Schreibunterlagen-Blocks f\u00fcr Linksh\u00e4nder) zur praktischen Hilfe f\u00fcr linksh\u00e4ndige Kinder und ihre Eltern, Erzieher, Lehrer und Behandler, aber auch f\u00fcr umgeschulte Linksh\u00e4nder, die sich wieder auf ihre eigentlich dominante Hand zur\u00fcckschulen m\u00f6chten. Es wird ausf\u00fchrlich das Erlernen einer lockeren, unverkrampften Schreibhaltung bei Linksh\u00e4ndern geschildert und mit zahlreichen Abbildungen dokumentiert. Sehr hilfreich ist dabei die herausnehmbare Schreibunterlage (DIN A2-Format). Praktische Vorschl\u00e4ge f\u00fcr Nachspur\u00fcbungen zum Erlernen einer unverkrampften Schreibhaltung erg\u00e4nzen die Ausf\u00fchrungen. Tipps und Hilfestellungen finden auch Linksh\u00e4nder mit einer eher verkrampften, kaum noch korrigierbaren Schreibhaltung. Ausf\u00fchrlich wird auch die richtige Handhabung von Gebrauchsgegenst\u00e4nden f\u00fcr Linksh\u00e4nder, wie z.B. F\u00fcller und Scheren, und auf deren Bezugsquellen hingewiesen. Auer &#8230; <a title=\"\u00dcbungen f\u00fcr Linksh\u00e4nder.  Schreiben und Hantieren mit links\" class=\"read-more\" href=\"https:\/\/lefthander-consulting.org\/deutsch\/information\/literatur\/uebungen-fuer-linkshaender\/\" aria-label=\"Mehr Informationen \u00fcber \u00dcbungen f\u00fcr Linksh\u00e4nder.  Schreiben und Hantieren mit links\">Read more<\/a><\/p>\n","protected":false},"author":4,"featured_media":0,"parent":41,"menu_order":18,"comment_status":"closed","ping_status":"closed","template":"","meta":{"_cbd_carousel_blocks":"[]","footnotes":""},"class_list":["post-2371","page","type-page","status-publish"],"_links":{"self":[{"href":"https:\/\/lefthander-consulting.org\/deutsch\/wp-json\/wp\/v2\/pages\/2371","targetHints":{"allow":["GET"]}}],"collection":[{"href":"https:\/\/lefthander-consulting.org\/deutsch\/wp-json\/wp\/v2\/pages"}],"about":[{"href":"https:\/\/lefthander-consulting.org\/deutsch\/wp-json\/wp\/v2\/types\/page"}],"author":[{"embeddable":true,"href":"https:\/\/lefthander-consulting.org\/deutsch\/wp-json\/wp\/v2\/users\/4"}],"replies":[{"embeddable":true,"href":"https:\/\/lefthander-consulting.org\/deutsch\/wp-json\/wp\/v2\/comments?post=2371"}],"version-history":[{"count":1,"href":"https:\/\/lefthander-consulting.org\/deutsch\/wp-json\/wp\/v2\/pages\/2371\/revisions"}],"predecessor-version":[{"id":10165,"href":"https:\/\/lefthander-consulting.org\/deutsch\/wp-json\/wp\/v2\/pages\/2371\/revisions\/10165"}],"up":[{"embeddable":true,"href":"https:\/\/lefthander-consulting.org\/deutsch\/wp-json\/wp\/v2\/pages\/41"}],"wp:attachment":[{"href":"https:\/\/lefthander-consulting.org\/deutsch\/wp-json\/wp\/v2\/media?parent=2371"}],"curies":[{"name":"wp","href":"https:\/\/api.w.org\/{rel}","templated":true}]}}