{"id":2291,"date":"2019-01-18T10:37:15","date_gmt":"2019-01-18T09:37:15","guid":{"rendered":"https:\/\/lefthander-consulting.org\/information\/musik-und-linkshaendigkeit\/quellen-und-literaturangaben-zu-musik-und-linkshaendigkeit\/protokoll-vom-workshop-mit-christopher-seed\/"},"modified":"2019-01-18T10:43:51","modified_gmt":"2019-01-18T09:43:51","slug":"protokoll-vom-workshop-mit-christopher-seed","status":"publish","type":"page","link":"https:\/\/lefthander-consulting.org\/deutsch\/information\/musik-und-linkshaendigkeit\/quellen-und-literaturangaben-zu-musik-und-linkshaendigkeit\/protokoll-vom-workshop-mit-christopher-seed\/","title":{"rendered":"Protokoll vom Workshop mit Christopher Seed"},"content":{"rendered":"<table>\n<tbody>\n<tr>\n<td style=\"width: 620px\"><strong>\u00a0<img loading=\"lazy\" decoding=\"async\" class=\"alignnone  wp-image-2293\" src=\"https:\/\/lefthander-consulting.org\/deutsch\/wp-content\/uploads\/2019\/01\/Christopher-Seed-Fachtagung-18.9.09-Foto-Vasterling-6-1-300x201.jpg\" alt=\"\" width=\"400\" height=\"268\" srcset=\"https:\/\/lefthander-consulting.org\/deutsch\/wp-content\/uploads\/2019\/01\/Christopher-Seed-Fachtagung-18.9.09-Foto-Vasterling-6-1-300x201.jpg 300w, https:\/\/lefthander-consulting.org\/deutsch\/wp-content\/uploads\/2019\/01\/Christopher-Seed-Fachtagung-18.9.09-Foto-Vasterling-6-1-768x515.jpg 768w, https:\/\/lefthander-consulting.org\/deutsch\/wp-content\/uploads\/2019\/01\/Christopher-Seed-Fachtagung-18.9.09-Foto-Vasterling-6-1-1024x687.jpg 1024w, https:\/\/lefthander-consulting.org\/deutsch\/wp-content\/uploads\/2019\/01\/Christopher-Seed-Fachtagung-18.9.09-Foto-Vasterling-6-1.jpg 1663w\" sizes=\"auto, (max-width: 400px) 100vw, 400px\" \/><\/strong><\/td>\n<td style=\"width: 757px\"><strong>Workshop mit <\/strong><\/p>\n<p><strong>Christopher Seed<\/strong><\/p>\n<p>Pianist, England<\/p>\n<p><strong>\u00a0<\/strong><\/p>\n<p><strong>Vertiefung der Arbeit mit Christoper Seed und seinem Spiel auf dem Linksh\u00e4nderklavier<\/strong><\/p>\n<p>Bad Soden-Salm\u00fcnster am 19.9.09\u00dcbersetzung aus dem Englischen von<\/p>\n<p>Eva Hartmann<\/td>\n<\/tr>\n<\/tbody>\n<\/table>\n<p><strong>\u00a0<\/strong><\/p>\n<p><strong>Fragestellungen <\/strong><\/p>\n<table>\n<tbody>\n<tr>\n<td width=\"37\">1.<\/td>\n<td width=\"1091\">Was ist beim Linksh\u00e4nderklavier anders?<\/td>\n<\/tr>\n<tr>\n<td width=\"37\">2.<\/td>\n<td width=\"1091\">Wie unterrichtet Christopher Seed das Spiel mit dem Linksh\u00e4nder-Piano?<\/td>\n<\/tr>\n<tr>\n<td width=\"37\">3.<\/td>\n<td width=\"1091\">Mit welchen Methoden, Tipps und Tricks werden auf dem Rechtsh\u00e4nder-Piano erlernte Musikst\u00fccke f\u00fcr das Linksh\u00e4nder-Piano umgelernt?<\/td>\n<\/tr>\n<tr>\n<td width=\"37\">4.<\/td>\n<td width=\"1091\">Quiz<\/td>\n<\/tr>\n<\/tbody>\n<\/table>\n<p><strong>\u00a0<\/strong><\/p>\n<table>\n<tbody>\n<tr>\n<td colspan=\"3\" width=\"1330\"><strong>Besprechungsergebnis:<\/strong><strong>\u00a0<\/strong><\/td>\n<\/tr>\n<tr>\n<td width=\"43\">1.<\/td>\n<td colspan=\"2\" width=\"1287\">Dadurch, dass beim Linksh\u00e4nderklavier die tiefen T\u00f6ne rechts und die hohen T\u00f6ne links sind, ist auch der Aufbau des Pianos \u201egespiegelt\u201c. Das gleiche gilt nat\u00fcrlich auch f\u00fcr die Tastatur. Dabei f\u00e4llt auf, dass die einzigen T\u00f6ne deren Tasten bei beiden Bauweisen identisch sind, das \u201ed\u201c und das \u201egis\u201c (oder \u201eas\u201c) sind. Alle anderen T\u00f6ne sind optisch anders angeordnet. Die Pedale sind ebenfalls umgebaut: Das sostenuto-Pedal ist beim Linksh\u00e4nderklavier auf der linken Seite angebracht.<\/td>\n<\/tr>\n<tr>\n<td width=\"43\">2.<\/td>\n<td colspan=\"2\" width=\"1287\">Normalerweise werden die Melodien vorwiegend mit der rechten und die Akkorde vorwiegend mit der linken Hand gespielt. Diese laterale Gravur muss also umgestellt werden. Christopher Seed beginnt sein Umstellungsprogramm normalerweise, indem er das Spielen der Tonleiter(n) links mit dem rechtsh\u00e4ndigen Spielen der Akkorde 1, 4 und 5 verbindet. Darauf wird dann das weitere Lernprogramm aufgebaut. Noten und Fingernummerierung (Daumen = 1, kleiner Finger = 5) werden gleich geschrieben. Als Beispiel im Workshop diente das englische Kinderlied \u201ebaa baa black sheep\u201c.<\/p>\n<p>Christopher Seed teilt, zumindest teilweise, die Auffassung, dass Linksh\u00e4nder ein bevorzugtes Improvisationstalent zeigen. Er nutzt diese F\u00e4higkeit auch im Unterricht, wo die Improvisation einen \u00fcberdurchschnittlich gro\u00dfen Raum einnimmt.<\/td>\n<\/tr>\n<tr>\n<td width=\"43\">3.<\/td>\n<td width=\"924\">Gem\u00e4\u00df Christopher Seed ist es nicht n\u00f6tig, ein St\u00fcck von Grund auf neu auf dem gespiegelten Linksh\u00e4nderklavier zu lernen; das bereits im Gehirn registrierte musikalische Wissen kann in der Praxis durch eine Art Informationstransfer auf die jeweils andere Hand \u00fcbertragen werden.<\/p>\n<p>Zur Erleichterung gibt es einige didaktische Tricks. Der Ansatz einer solchen \u201eUmschulung eines Musikst\u00fcckes\u201c wurde anhand eines Beispiels veranschaulicht. Eva Hartmann spielte zun\u00e4chst ein von ihr einge\u00fcbtes St\u00fcck wie gewohnt auf dem Rechtsh\u00e4nderklavier.<\/p>\n<p>Danach wurde sie aufgefordert, das gleiche St\u00fcck auf dem<br \/>\nLinksh\u00e4nder-Piano zu spielen. Im ersten Versuch bekundete Eva Hartmann noch einige M\u00fche, insbesondere bez\u00fcglich der Richtung der Melodiel\u00e4ufe.<br \/>\nChristopher Seed empfahl ihr dann, das St\u00fcck mit geschlossenen Augen zun\u00e4chst nur imagin\u00e4r linksh\u00e4ndig zu spielen. Nach dieser \u00dcbung gelang ihr das St\u00fcck im<br \/>\nzweiten Versuch schon deutlich besser. Nebst dem Schlie\u00dfen der Augen kann auch das Mitsingen w\u00e4hrend des Spielens eine Hilfe sein.<\/td>\n<td width=\"363\">Christopher Seed<br \/>\nEva Hartmann<br \/>\nFoto: Almuth Vasterling<\/td>\n<\/tr>\n<tr>\n<td width=\"43\">4.<\/td>\n<td colspan=\"2\" width=\"1287\">Als Abschluss des Workshop veranstaltete Christopher Seed ein kleines am\u00fcsantes Quiz, in welchem er ein paar St\u00fccke von Beethoven, Schubert, sowie ein paar Jazzklassiker auf dem Linksh\u00e4nderklavier so spielte wie auf einer Rechtsh\u00e4nder-Tastatur, wobei die Teilnehmer den Titel des St\u00fcckes herausfinden mussten.<\/p>\n<p>Mit diesem humorvollen Spiel wurde dieser ausgesprochen interessante und lehrreiche<br \/>\nWorkshop p\u00fcnktlich abgeschlossen.<\/td>\n<\/tr>\n<tr>\n<td colspan=\"3\" width=\"1330\">Protokoll von Dr. Philip Barth<\/td>\n<\/tr>\n<\/tbody>\n<\/table>\n","protected":false},"excerpt":{"rendered":"<p>\u00a0 Workshop mit Christopher Seed Pianist, England \u00a0 Vertiefung der Arbeit mit Christoper Seed und seinem Spiel auf dem Linksh\u00e4nderklavier Bad Soden-Salm\u00fcnster am 19.9.09\u00dcbersetzung aus dem Englischen von Eva Hartmann \u00a0 Fragestellungen 1. Was ist beim Linksh\u00e4nderklavier anders? 2. Wie unterrichtet Christopher Seed das Spiel mit dem Linksh\u00e4nder-Piano? 3. Mit welchen Methoden, Tipps und Tricks werden auf dem Rechtsh\u00e4nder-Piano erlernte Musikst\u00fccke f\u00fcr das Linksh\u00e4nder-Piano umgelernt? 4. Quiz \u00a0 Besprechungsergebnis:\u00a0 1. Dadurch, dass beim Linksh\u00e4nderklavier die tiefen T\u00f6ne rechts und die hohen T\u00f6ne links sind, ist auch der Aufbau des Pianos \u201egespiegelt\u201c. Das gleiche gilt nat\u00fcrlich auch f\u00fcr die Tastatur. Dabei f\u00e4llt auf, dass die einzigen T\u00f6ne deren Tasten bei beiden Bauweisen identisch sind, das \u201ed\u201c und das \u201egis\u201c (oder \u201eas\u201c) sind. Alle anderen T\u00f6ne sind optisch anders angeordnet. Die Pedale sind ebenfalls umgebaut: Das sostenuto-Pedal ist beim Linksh\u00e4nderklavier auf der linken Seite angebracht. 2. Normalerweise werden die Melodien vorwiegend mit der rechten und die &#8230; <a title=\"Protokoll vom Workshop mit Christopher Seed\" class=\"read-more\" href=\"https:\/\/lefthander-consulting.org\/deutsch\/information\/musik-und-linkshaendigkeit\/quellen-und-literaturangaben-zu-musik-und-linkshaendigkeit\/protokoll-vom-workshop-mit-christopher-seed\/\" aria-label=\"Mehr Informationen \u00fcber Protokoll vom Workshop mit Christopher Seed\">Read more<\/a><\/p>\n","protected":false},"author":4,"featured_media":0,"parent":2278,"menu_order":5,"comment_status":"closed","ping_status":"closed","template":"","meta":{"_cbd_carousel_blocks":"[]","footnotes":""},"class_list":["post-2291","page","type-page","status-publish"],"_links":{"self":[{"href":"https:\/\/lefthander-consulting.org\/deutsch\/wp-json\/wp\/v2\/pages\/2291","targetHints":{"allow":["GET"]}}],"collection":[{"href":"https:\/\/lefthander-consulting.org\/deutsch\/wp-json\/wp\/v2\/pages"}],"about":[{"href":"https:\/\/lefthander-consulting.org\/deutsch\/wp-json\/wp\/v2\/types\/page"}],"author":[{"embeddable":true,"href":"https:\/\/lefthander-consulting.org\/deutsch\/wp-json\/wp\/v2\/users\/4"}],"replies":[{"embeddable":true,"href":"https:\/\/lefthander-consulting.org\/deutsch\/wp-json\/wp\/v2\/comments?post=2291"}],"version-history":[{"count":2,"href":"https:\/\/lefthander-consulting.org\/deutsch\/wp-json\/wp\/v2\/pages\/2291\/revisions"}],"predecessor-version":[{"id":2294,"href":"https:\/\/lefthander-consulting.org\/deutsch\/wp-json\/wp\/v2\/pages\/2291\/revisions\/2294"}],"up":[{"embeddable":true,"href":"https:\/\/lefthander-consulting.org\/deutsch\/wp-json\/wp\/v2\/pages\/2278"}],"wp:attachment":[{"href":"https:\/\/lefthander-consulting.org\/deutsch\/wp-json\/wp\/v2\/media?parent=2291"}],"curies":[{"name":"wp","href":"https:\/\/api.w.org\/{rel}","templated":true}]}}