{"id":2278,"date":"2019-01-18T10:13:11","date_gmt":"2019-01-18T09:13:11","guid":{"rendered":"https:\/\/lefthander-consulting.org\/information\/musik-und-linkshaendigkeit\/quellen-und-literaturangaben-zu-musik-und-linkshaendigkeit\/"},"modified":"2023-04-12T17:11:14","modified_gmt":"2023-04-12T15:11:14","slug":"quellen-und-literaturangaben-zu-musik-und-linkshaendigkeit","status":"publish","type":"page","link":"https:\/\/lefthander-consulting.org\/deutsch\/information\/musik-und-linkshaendigkeit\/quellen-und-literaturangaben-zu-musik-und-linkshaendigkeit\/","title":{"rendered":"Quellen- und Literaturangaben zu Musik und Linksh\u00e4ndigkeit"},"content":{"rendered":"<p>Diese Seite ist in Bearbeitung und wird weiter vervollst\u00e4ndigt.<\/p>\n<ul>\n<li>Arnoldussen, Andrea: Rezension der Ver\u00f6ffentlichung zur Linksh\u00e4ndigkeit und Musik von Walter Mengler. \u201e<a href=\"https:\/\/lefthander-consulting.org\/deutsch\/information\/musik-und-linkshaendigkeit\/quellen-und-literaturangaben-zu-musik-und-linkshaendigkeit\/rezension-musizieren-mit-links-von-walter-mengler\/\">Musizieren mit links. Linksh\u00e4ndiges Instrumentalspiel in Theorie und Praxis<\/a>\u201c. Schott Music, Mainz, 2010. In: S-MH Jahresbrief-Brosch\u00fcre 2010 an die Linksh\u00e4nder-BeraterInnen, M\u00fcnchen, 20.12.2010, S. 58-60<\/li>\n<li>Arnoldussen, Andrea: <a href=\"https:\/\/lefthander-consulting.org\/deutsch\/andrea-arnoldussen-haendigkeit-und-instrument-wie-machen-linkshaender-musik\/\">H\u00e4ndigkeit und Instrument. Wie machen Linksh\u00e4nder Musik?<\/a> Schott Music, Mainz, 2020<\/li>\n<li>Engel, John: Uncommon Sound. The Left-Handed Guitar Players That Changed Music. 2 B\u00e4nde. Left field Ventures sprl, Br\u00fcssel, 2006<\/li>\n<li>J\u00e4ncke, Lutz: Macht Musik schlau? Erkenntnisse aus den Neurowissenschaften un der kognitiven Psychologie, Verlag Hans Huber, Bern, 2008<\/li>\n<li>Mengler, Walter: <a href=\"https:\/\/lefthander-consulting.org\/deutsch\/information\/musik-und-linkshaendigkeit\/musizieren-mit-links\/\">Musizieren mit links. Linksh\u00e4ndiges Instrumentalspiel in Theorie und Praxis<\/a>. Schott Music, Mainz, 2010<\/li>\n<li>Mengler, Walter: Nur der Teufel fiedelt mit der Linken. Linksh\u00e4ndigkeit und Streichinstrumentenspiel. In: \u00dcben &amp; Musizieren 3\/2004, S. 39 \u2013 43<\/li>\n<li>Sattler, Johanna Barbara: <a href=\"https:\/\/lefthander-consulting.org\/deutsch\/information\/literatur\/das-linkshaendige-kind-in-der-grundschule\/\">Das linksh\u00e4ndige Kind in der Grundschule<\/a>. Auer Verlag, Donauw\u00f6rth, 1993, 17. Aufl., 2018<\/li>\n<li>Sattler, Johanna Barbara: <a href=\"https:\/\/lefthander-consulting.org\/deutsch\/information\/literatur\/der-umgeschulte-linkshaender-oder-der-knoten-im-gehirn\/\">Der umgeschulte Linksh\u00e4nder oder Der Knoten im Gehirn<\/a>. Auer Verlag, Donauw\u00f6rth, 1995, 14. Aufl. 2020<\/li>\n<li>Sattler, Johanna Barbara: <a href=\"https:\/\/lefthander-consulting.org\/deutsch\/information\/literatur\/linkshaendige-kinder-im-kindergartenalter\/\">Linksh\u00e4ndige Kinder im Kindergartenalter<\/a>. Auer Verlag, Donauw\u00f6rth, 2007, 4. Aufl., 2019<\/li>\n<li>Singer, Lea: Konzert f\u00fcr die linke Hand. Hoffmann und Campe Verlag, Hamburg, 2008<\/li>\n<li>Tr\u00f6ster, Patrick: Das Alta-Ensemble und seine Instrumente von der Sp\u00e4tgotik bis zur Hochrenaissance (1300 \u2013 1550). Eine musikikonographische Studie. MVK Medien Verlag K\u00f6hler, T\u00fcbingen 2001<\/li>\n<li>Vasterling, Almuth, Gabriele Weiland, Johanna Barbara Sattler: <a href=\"https:\/\/lefthander-consulting.org\/deutsch\/information\/literatur\/linke-hand-rechte-hand-ein-ratgeber-zur-haendigkeit\/\">Linke Hand \u2013 Rechte Hand: Ein Ratgeber zur H\u00e4ndigkeit<\/a>. Schulz-Kirchner Verlag Idstein, 2011, 2. Aufl., 2016<\/li>\n<li>Almuth Vasterling: <a href=\"https:\/\/lefthander-consulting.org\/deutsch\/information\/musik-und-linkshaendigkeit\/quellen-und-literaturangaben-zu-musik-und-linkshaendigkeit\/rezension-haendigkeit-und-instrument-von-almuth-vasterling\/\">Rezension der Ver\u00f6ffentlichung zur Linksh\u00e4ndigkeit und Musik von Andrea Arnoldussen<\/a>. Wie machen Linksh\u00e4nder Musik? Schott Music, Mainz, 2020. In: 1. Infobrief 2020 an zertifizierte Linksh\u00e4nder-BeraterInnen, 19.06.2020, S. 5-7.<\/li>\n<li>Vogel, Christine, Linksgespielt. Musizieren \u201eauf verkehrte Arth\u201c, <a href=\"http:\/\/www.linksgespielt.de\">www.linksgespielt.de<\/a><\/li>\n<\/ul>\n<p>Diese Seiten wird von dem <em>\u201eArbeitskreis Linksh\u00e4ndigkeit und Musik der S-MH<sup>\u00ae<\/sup> Linksh\u00e4nder-Beraterinnen und Linksh\u00e4nder-Berater\u201c<\/em> bearbeitet.<\/p>\n<p>\u00a9 Copyright: Erste deutsche Beratungs- und Informationsstelle f\u00fcr Linksh\u00e4nder und umgeschulte Linksh\u00e4nder, Sendlinger Str. 17, 80331 M\u00fcnchen, Tel. \/ Fax: +49 \/ 89 \/ 26 86 14, <a href=\"https:\/\/lefthander-consulting.org\">https:\/\/www.linkshaender-beratung.de<\/a>, e-mail: info@lefthander-consulting.org<\/p>\n<p>Stand: 12.04.2023<\/p>\n","protected":false},"excerpt":{"rendered":"<p>Diese Seite ist in Bearbeitung und wird weiter vervollst\u00e4ndigt. Arnoldussen, Andrea: Rezension der Ver\u00f6ffentlichung zur Linksh\u00e4ndigkeit und Musik von Walter Mengler. \u201eMusizieren mit links. Linksh\u00e4ndiges Instrumentalspiel in Theorie und Praxis\u201c. Schott Music, Mainz, 2010. In: S-MH Jahresbrief-Brosch\u00fcre 2010 an die Linksh\u00e4nder-BeraterInnen, M\u00fcnchen, 20.12.2010, S. 58-60 Arnoldussen, Andrea: H\u00e4ndigkeit und Instrument. Wie machen Linksh\u00e4nder Musik? Schott Music, Mainz, 2020 Engel, John: Uncommon Sound. The Left-Handed Guitar Players That Changed Music. 2 B\u00e4nde. Left field Ventures sprl, Br\u00fcssel, 2006 J\u00e4ncke, Lutz: Macht Musik schlau? Erkenntnisse aus den Neurowissenschaften un der kognitiven Psychologie, Verlag Hans Huber, Bern, 2008 Mengler, Walter: Musizieren mit links. Linksh\u00e4ndiges Instrumentalspiel in Theorie und Praxis. Schott Music, Mainz, 2010 Mengler, Walter: Nur der Teufel fiedelt mit der Linken. Linksh\u00e4ndigkeit und Streichinstrumentenspiel. In: \u00dcben &amp; Musizieren 3\/2004, S. 39 \u2013 43 Sattler, Johanna Barbara: Das linksh\u00e4ndige Kind in der Grundschule. Auer Verlag, Donauw\u00f6rth, 1993, 17. Aufl., 2018 Sattler, Johanna Barbara: Der umgeschulte Linksh\u00e4nder oder &#8230; <a title=\"Quellen- und Literaturangaben zu Musik und Linksh\u00e4ndigkeit\" class=\"read-more\" href=\"https:\/\/lefthander-consulting.org\/deutsch\/information\/musik-und-linkshaendigkeit\/quellen-und-literaturangaben-zu-musik-und-linkshaendigkeit\/\" aria-label=\"Mehr Informationen \u00fcber Quellen- und Literaturangaben zu Musik und Linksh\u00e4ndigkeit\">Read more<\/a><\/p>\n","protected":false},"author":4,"featured_media":0,"parent":103,"menu_order":4,"comment_status":"closed","ping_status":"closed","template":"","meta":{"_cbd_carousel_blocks":"[]","footnotes":""},"class_list":["post-2278","page","type-page","status-publish"],"_links":{"self":[{"href":"https:\/\/lefthander-consulting.org\/deutsch\/wp-json\/wp\/v2\/pages\/2278","targetHints":{"allow":["GET"]}}],"collection":[{"href":"https:\/\/lefthander-consulting.org\/deutsch\/wp-json\/wp\/v2\/pages"}],"about":[{"href":"https:\/\/lefthander-consulting.org\/deutsch\/wp-json\/wp\/v2\/types\/page"}],"author":[{"embeddable":true,"href":"https:\/\/lefthander-consulting.org\/deutsch\/wp-json\/wp\/v2\/users\/4"}],"replies":[{"embeddable":true,"href":"https:\/\/lefthander-consulting.org\/deutsch\/wp-json\/wp\/v2\/comments?post=2278"}],"version-history":[{"count":15,"href":"https:\/\/lefthander-consulting.org\/deutsch\/wp-json\/wp\/v2\/pages\/2278\/revisions"}],"predecessor-version":[{"id":12026,"href":"https:\/\/lefthander-consulting.org\/deutsch\/wp-json\/wp\/v2\/pages\/2278\/revisions\/12026"}],"up":[{"embeddable":true,"href":"https:\/\/lefthander-consulting.org\/deutsch\/wp-json\/wp\/v2\/pages\/103"}],"wp:attachment":[{"href":"https:\/\/lefthander-consulting.org\/deutsch\/wp-json\/wp\/v2\/media?parent=2278"}],"curies":[{"name":"wp","href":"https:\/\/api.w.org\/{rel}","templated":true}]}}