{"id":2221,"date":"2019-01-16T18:41:56","date_gmt":"2019-01-16T17:41:56","guid":{"rendered":"https:\/\/lefthander-consulting.org\/information\/musik-und-linkshaendigkeit\/musikinstrumente-und-linkshaendigkeit\/streichinstrumente\/"},"modified":"2024-01-25T14:01:15","modified_gmt":"2024-01-25T13:01:15","slug":"streichinstrumente","status":"publish","type":"page","link":"https:\/\/lefthander-consulting.org\/deutsch\/information\/musik-und-linkshaendigkeit\/musikinstrumente-und-linkshaendigkeit\/streichinstrumente\/","title":{"rendered":"Streichinstrumente"},"content":{"rendered":"<p>&nbsp;<\/p>\n<table style=\"height: 144px\" width=\"1096\">\n<tbody>\n<tr style=\"height: 24px\">\n<td style=\"height: 24px;width: 832.533px\">Geige<\/td>\n<td style=\"height: 24px;width: 15.7333px\"><\/td>\n<td style=\"height: 24px;width: 474.733px\"><strong><a href=\"https:\/\/lefthander-consulting.org\/deutsch\/information\/musik-und-linkshaendigkeit\/musikinstrumente-und-linkshaendigkeit\/blechblasinstrumente\/\">Blechblasinstrumente<\/a><\/strong><\/td>\n<\/tr>\n<tr style=\"height: 24px\">\n<td style=\"height: 24px;width: 832.533px\">Bratsche<\/td>\n<td style=\"height: 24px;width: 15.7333px\"><\/td>\n<td style=\"height: 24px;width: 474.733px\"><strong><a href=\"https:\/\/lefthander-consulting.org\/deutsch\/information\/musik-und-linkshaendigkeit\/musikinstrumente-und-linkshaendigkeit\/holzblasinstrumente\/\">Holzblasinstrumente<\/a><\/strong><\/td>\n<\/tr>\n<tr style=\"height: 24px\">\n<td style=\"height: 24px;width: 832.533px\">Cello<\/td>\n<td style=\"height: 24px;width: 15.7333px\"><\/td>\n<td style=\"height: 24px;width: 474.733px\"><strong><a href=\"https:\/\/lefthander-consulting.org\/deutsch\/information\/musik-und-linkshaendigkeit\/musikinstrumente-und-linkshaendigkeit\/schlagzeug-und-perkussionsinstrumente\/\">Schlagzeug und Perkussionsinstrumente<\/a> <\/strong><\/td>\n<\/tr>\n<tr style=\"height: 24px\">\n<td style=\"height: 24px;width: 832.533px\">Kontrabass<\/td>\n<td style=\"height: 24px;width: 15.7333px\"><\/td>\n<td style=\"height: 24px;width: 474.733px\"><strong><a href=\"https:\/\/lefthander-consulting.org\/deutsch\/information\/musik-und-linkshaendigkeit\/musikinstrumente-und-linkshaendigkeit\/tasteninstrumente\/\">Tasteninstrumente<\/a><\/strong><\/td>\n<\/tr>\n<tr style=\"height: 24px\">\n<td style=\"height: 24px;width: 832.533px\"><\/td>\n<td style=\"height: 24px;width: 15.7333px\"><\/td>\n<td style=\"height: 24px;width: 474.733px\"><strong><a href=\"https:\/\/lefthander-consulting.org\/deutsch\/netzwerk\/musikinstrumente-verkauf-und-verleih\/\"><span style=\"font-size: 12pt\">Bezugsquellen<\/span><\/a><\/strong><\/td>\n<\/tr>\n<\/tbody>\n<\/table>\n<p><strong>Streichinstrumente <\/strong>\u2013 <strong>Geige (Violine)<\/strong>, <strong>Bratsche (Viola)<\/strong>, <strong>Cello (Violoncello) <\/strong>und <strong>Kontrabass<\/strong> \u2013 sind in der Bau- und Spielweise asymmetrisch angelegt und beide H\u00e4nde \u00fcbernehmen unterschiedliche Aufgaben: Eine Hand ist die \u201eGreifhand\u201c, die andere die \u201eBogenhand\u201c. \u00a0Von der Greifhand \u2013 normalerweise der linken \u2013 wird h\u00f6chste Genauigkeit, Schnelligkeit und Zuverl\u00e4ssigkeit verlangt. Dies ist zweifellos eine hohe Anforderung an die Beweglichkeit des Handgelenks und die Geschicklichkeit der Finger. Die Aufgabe der Bogenhand ist aber noch anspruchsvoller: Sie muss viele grob- und feinmotorische Bewegungsmuster beherrschen, von ihr ist Flexibilit\u00e4t und ein differenzierter Krafteinsatz gefordert. Durch den Bogenstrich wird der Klang erst h\u00f6rbar gemacht, werden Klangfarbe, Dynamik und Artikulation nach au\u00dfen transportiert. Dies ist mit dem musikalischen und k\u00fcnstlerischen Ausdruck verbunden. (Mengler, Musizieren mit links, 2010, S. 77 ff.) So erscheint es sinnvoll, dass Linksh\u00e4nder*innen ein Streichinstrument \u201eanders herum\u201c spielen, also den Bogen mit der linken Hand f\u00fchren.<\/p>\n<p>Immer mehr linksh\u00e4ndige professionelle Streicher*innen lernen auf Linksspielen um, immer mehr Instrumentallehrkr\u00e4ften erscheint es konsequent, dass linksh\u00e4ndige Geigen- oder Cellosch\u00fcler*innen ihr Instrument links herum erlernen und spielen. Entgegen aller (Orchester-) Konventionen unterrichten sie aus \u00dcberzeugung links herum. F\u00fcr Geigenbauer*innen wird es inzwischen selbstverst\u00e4ndlicher, Instrumente umzubauen oder von Anfang an spiegelbildlich zu konzipieren. Einige bieten \u2013 ohne h\u00f6here Kosten \u2013 Linksh\u00e4ndermodelle zum Verkauf und zur Vermietung an. Professionelle Musiker*innen finden Geigenbaubetriebe, die ihnen Linksinstrumente von h\u00f6chster Qualit\u00e4t neu bauen oder umbauen.<\/p>\n<p>Beim Umbau m\u00fcssen die Saiten umgespannt, der Steg und die Neigung des Griffbretts ver\u00e4ndert sowie Stimme und Bassbalken im Innern des Corpus umgebaut werden. Bei einfacheren Sch\u00fclerinstrumenten bedeutet es kaum klangliche Einbu\u00dfen, wenn lediglich die Saiten anders herum aufgezogen und Griffbrett und Steg angepasst werden. In jedem Falle ist es bei Geige und Bratsche aber notwendig, die Stellung der Wirbel zu vertauschen. Au\u00dferdem sind ein passender Kinnhalter und eine entsprechende Schulterst\u00fctze erforderlich. Beim Umbau eines Cellos kann auf die aufw\u00e4ndige Ver\u00e4nderung der Wirbelstellung verzichtet werden. F\u00fcr die gesamte K\u00f6rperhaltung ist das Beibehalten der originalen Wirbelstellung sogar angenehmer. (Mengler, Musizieren mit links, 2010, S. 86 ff.)<\/p>\n<p>Beispiele f\u00fcr links streichende professionelle Musiker*innen finden sich auf der Seite <a href=\"http:\/\/www.linksgespielt.de\">www.linksgespielt.de<\/a>.<\/p>\n","protected":false},"excerpt":{"rendered":"<p>&nbsp; Geige Blechblasinstrumente Bratsche Holzblasinstrumente Cello Schlagzeug und Perkussionsinstrumente Kontrabass Tasteninstrumente Bezugsquellen Streichinstrumente \u2013 Geige (Violine), Bratsche (Viola), Cello (Violoncello) und Kontrabass \u2013 sind in der Bau- und Spielweise asymmetrisch angelegt und beide H\u00e4nde \u00fcbernehmen unterschiedliche Aufgaben: Eine Hand ist die \u201eGreifhand\u201c, die andere die \u201eBogenhand\u201c. \u00a0Von der Greifhand \u2013 normalerweise der linken \u2013 wird h\u00f6chste Genauigkeit, Schnelligkeit und Zuverl\u00e4ssigkeit verlangt. Dies ist zweifellos eine hohe Anforderung an die Beweglichkeit des Handgelenks und die Geschicklichkeit der Finger. Die Aufgabe der Bogenhand ist aber noch anspruchsvoller: Sie muss viele grob- und feinmotorische Bewegungsmuster beherrschen, von ihr ist Flexibilit\u00e4t und ein differenzierter Krafteinsatz gefordert. Durch den Bogenstrich wird der Klang erst h\u00f6rbar gemacht, werden Klangfarbe, Dynamik und Artikulation nach au\u00dfen transportiert. Dies ist mit dem musikalischen und k\u00fcnstlerischen Ausdruck verbunden. (Mengler, Musizieren mit links, 2010, S. 77 ff.) So erscheint es sinnvoll, dass Linksh\u00e4nder*innen ein Streichinstrument \u201eanders herum\u201c spielen, also den Bogen mit der linken Hand &#8230; <a title=\"Streichinstrumente\" class=\"read-more\" href=\"https:\/\/lefthander-consulting.org\/deutsch\/information\/musik-und-linkshaendigkeit\/musikinstrumente-und-linkshaendigkeit\/streichinstrumente\/\" aria-label=\"Mehr Informationen \u00fcber Streichinstrumente\">Read more<\/a><\/p>\n","protected":false},"author":4,"featured_media":0,"parent":2190,"menu_order":3,"comment_status":"closed","ping_status":"closed","template":"","meta":{"_cbd_carousel_blocks":"[]","footnotes":""},"class_list":["post-2221","page","type-page","status-publish"],"_links":{"self":[{"href":"https:\/\/lefthander-consulting.org\/deutsch\/wp-json\/wp\/v2\/pages\/2221","targetHints":{"allow":["GET"]}}],"collection":[{"href":"https:\/\/lefthander-consulting.org\/deutsch\/wp-json\/wp\/v2\/pages"}],"about":[{"href":"https:\/\/lefthander-consulting.org\/deutsch\/wp-json\/wp\/v2\/types\/page"}],"author":[{"embeddable":true,"href":"https:\/\/lefthander-consulting.org\/deutsch\/wp-json\/wp\/v2\/users\/4"}],"replies":[{"embeddable":true,"href":"https:\/\/lefthander-consulting.org\/deutsch\/wp-json\/wp\/v2\/comments?post=2221"}],"version-history":[{"count":2,"href":"https:\/\/lefthander-consulting.org\/deutsch\/wp-json\/wp\/v2\/pages\/2221\/revisions"}],"predecessor-version":[{"id":13032,"href":"https:\/\/lefthander-consulting.org\/deutsch\/wp-json\/wp\/v2\/pages\/2221\/revisions\/13032"}],"up":[{"embeddable":true,"href":"https:\/\/lefthander-consulting.org\/deutsch\/wp-json\/wp\/v2\/pages\/2190"}],"wp:attachment":[{"href":"https:\/\/lefthander-consulting.org\/deutsch\/wp-json\/wp\/v2\/media?parent=2221"}],"curies":[{"name":"wp","href":"https:\/\/api.w.org\/{rel}","templated":true}]}}