{"id":2199,"date":"2019-01-16T16:55:31","date_gmt":"2019-01-16T15:55:31","guid":{"rendered":"https:\/\/lefthander-consulting.org\/information\/literatur\/der-umgeschulte-linkshaender-oder-der-knoten-im-gehirn\/"},"modified":"2025-07-28T12:48:03","modified_gmt":"2025-07-28T10:48:03","slug":"der-umgeschulte-linkshaender-oder-der-knoten-im-gehirn","status":"publish","type":"page","link":"https:\/\/lefthander-consulting.org\/deutsch\/information\/literatur\/der-umgeschulte-linkshaender-oder-der-knoten-im-gehirn\/","title":{"rendered":"Der umgeschulte Linksh\u00e4nder oder Der Knoten im Gehirn"},"content":{"rendered":"<p><strong><img loading=\"lazy\" decoding=\"async\" class=\"buch-rahmen alignleft\" src=\"https:\/\/lefthander-consulting.org\/deutsch\/wp-content\/uploads\/2019\/08\/Cover_Der_umgeschulte_Linkshaender-210x300.jpg\" alt=\"\" width=\"202\" height=\"289\" \/><\/strong><\/p>\n<p><span style=\"font-size: 16pt\">Johanna Barbara Sattler<\/span><\/p>\n<p>Die Umschulung der angeborenen H\u00e4ndigkeit ist einer der massivsten Eingriffe in das menschliche Gehirn: Durch den bevorzugten Gebrauch der nicht dominanten Hand, besonders zum Schreiben, kommt es im Gehirn oft zu schwersten St\u00f6rungen und Irritationen, die den Menschen individuell meist sehr belasten und Auswirkungen f\u00fcr sein ganzes Leben haben k\u00f6nnen.<\/p>\n<p>In dem Buch wird ausf\u00fchrlich die Umschulung der H\u00e4ndigkeit dargestellt und an zahlreichen Einzelschicksalen werde die daraus resultierenden m\u00f6glichen Pers\u00f6nlichkeitsentwicklungen analysiert. Dabei wird ein fundierter Einblick in die Erkenntnisse der medizinischen und p\u00e4dagogischen Forschung gegeben. Das Buch bietet auch viele praktische Hilfestellungen f\u00fcr Betroffene und Berufsgruppen, die mit Linksh\u00e4ndigkeit und umgeschulter H\u00e4ndigkeit im Kindes- und Erwachsenenalter konfrontiert sind. Des Weiteren werden Hilfestellungen und Hinweise f\u00fcr den Berufsalltag gegeben, so z.B. f\u00fcr Kinder\u00e4rzte, f\u00fcr Fachleute im heilp\u00e4dagogischen Bereich, f\u00fcr Ergo- und Mototherapeuten, Erzieher, P\u00e4dagogen und Psychologen und es werden Hinweise zu manchen psychosomatischen St\u00f6rungen eingebracht, mit denen insbesondere Haus\u00e4rzte und Internisten oft konfrontiert werden.<\/p>\n<p>Risiken und Chancen einer R\u00fcckschulung der H\u00e4ndigkeit, vornehmlich zum Schreiben mit der dominanten Hand, werden fundiert diskutiert.<\/p>\n<p><a href=\"https:\/\/www.auer-verlag.de\/catalogsearch\/result\/?cat=0&amp;q=Linksh%C3%A4nder\">Auer Verlag<\/a>, Donauw\u00f6rth, 14., mehrfach \u00fcberarbeitete und aktualisierte Auflage 2023, ISBN 3-403-02645-0, 384 Seiten<br \/>\nWeiteres in dem <a href=\"https:\/\/lefthander-consulting.org\/deutsch\/information\/literatur\/der-umgeschulte-linkshaender-oder-der-knoten-im-gehirn\/vorwort-zum-buch-der-umgeschulte-linkshaender-oder-der-knoten-im-gehirn\/\">Vorwort zum Buch<\/a> von Dr. Ivo-Kurt Cizek, Dipl.-Psych., M.A. (Soz.)<\/p>\n","protected":false},"excerpt":{"rendered":"<p>Johanna Barbara Sattler Die Umschulung der angeborenen H\u00e4ndigkeit ist einer der massivsten Eingriffe in das menschliche Gehirn: Durch den bevorzugten Gebrauch der nicht dominanten Hand, besonders zum Schreiben, kommt es im Gehirn oft zu schwersten St\u00f6rungen und Irritationen, die den Menschen individuell meist sehr belasten und Auswirkungen f\u00fcr sein ganzes Leben haben k\u00f6nnen. In dem Buch wird ausf\u00fchrlich die Umschulung der H\u00e4ndigkeit dargestellt und an zahlreichen Einzelschicksalen werde die daraus resultierenden m\u00f6glichen Pers\u00f6nlichkeitsentwicklungen analysiert. Dabei wird ein fundierter Einblick in die Erkenntnisse der medizinischen und p\u00e4dagogischen Forschung gegeben. Das Buch bietet auch viele praktische Hilfestellungen f\u00fcr Betroffene und Berufsgruppen, die mit Linksh\u00e4ndigkeit und umgeschulter H\u00e4ndigkeit im Kindes- und Erwachsenenalter konfrontiert sind. Des Weiteren werden Hilfestellungen und Hinweise f\u00fcr den Berufsalltag gegeben, so z.B. f\u00fcr Kinder\u00e4rzte, f\u00fcr Fachleute im heilp\u00e4dagogischen Bereich, f\u00fcr Ergo- und Mototherapeuten, Erzieher, P\u00e4dagogen und Psychologen und es werden Hinweise zu manchen psychosomatischen St\u00f6rungen eingebracht, mit denen insbesondere Haus\u00e4rzte und Internisten oft &#8230; <a title=\"Der umgeschulte Linksh\u00e4nder oder Der Knoten im Gehirn\" class=\"read-more\" href=\"https:\/\/lefthander-consulting.org\/deutsch\/information\/literatur\/der-umgeschulte-linkshaender-oder-der-knoten-im-gehirn\/\" aria-label=\"Mehr Informationen \u00fcber Der umgeschulte Linksh\u00e4nder oder Der Knoten im Gehirn\">Read more<\/a><\/p>\n","protected":false},"author":4,"featured_media":0,"parent":41,"menu_order":16,"comment_status":"closed","ping_status":"closed","template":"","meta":{"_cbd_carousel_blocks":"[]","footnotes":""},"class_list":["post-2199","page","type-page","status-publish"],"_links":{"self":[{"href":"https:\/\/lefthander-consulting.org\/deutsch\/wp-json\/wp\/v2\/pages\/2199","targetHints":{"allow":["GET"]}}],"collection":[{"href":"https:\/\/lefthander-consulting.org\/deutsch\/wp-json\/wp\/v2\/pages"}],"about":[{"href":"https:\/\/lefthander-consulting.org\/deutsch\/wp-json\/wp\/v2\/types\/page"}],"author":[{"embeddable":true,"href":"https:\/\/lefthander-consulting.org\/deutsch\/wp-json\/wp\/v2\/users\/4"}],"replies":[{"embeddable":true,"href":"https:\/\/lefthander-consulting.org\/deutsch\/wp-json\/wp\/v2\/comments?post=2199"}],"version-history":[{"count":2,"href":"https:\/\/lefthander-consulting.org\/deutsch\/wp-json\/wp\/v2\/pages\/2199\/revisions"}],"predecessor-version":[{"id":14846,"href":"https:\/\/lefthander-consulting.org\/deutsch\/wp-json\/wp\/v2\/pages\/2199\/revisions\/14846"}],"up":[{"embeddable":true,"href":"https:\/\/lefthander-consulting.org\/deutsch\/wp-json\/wp\/v2\/pages\/41"}],"wp:attachment":[{"href":"https:\/\/lefthander-consulting.org\/deutsch\/wp-json\/wp\/v2\/media?parent=2199"}],"curies":[{"name":"wp","href":"https:\/\/api.w.org\/{rel}","templated":true}]}}