{"id":2193,"date":"2019-01-16T16:18:09","date_gmt":"2019-01-16T15:18:09","guid":{"rendered":"https:\/\/lefthander-consulting.org\/information\/musik-und-linkshaendigkeit\/musikinstrumente-und-linkshaendigkeit\/schlagzeug-und-perkussionsinstrumente\/"},"modified":"2023-04-12T14:35:28","modified_gmt":"2023-04-12T12:35:28","slug":"schlagzeug-und-perkussionsinstrumente","status":"publish","type":"page","link":"https:\/\/lefthander-consulting.org\/deutsch\/information\/musik-und-linkshaendigkeit\/musikinstrumente-und-linkshaendigkeit\/schlagzeug-und-perkussionsinstrumente\/","title":{"rendered":"Schlagzeug und Schlaginstrumente"},"content":{"rendered":"<p>&nbsp;<\/p>\n<table style=\"height: 168px\" width=\"1096\">\n<tbody>\n<tr style=\"height: 24px\">\n<td style=\"height: 24px;width: 832.533px\">Schlagzeug<\/td>\n<td style=\"height: 24px;width: 15.7333px\"><\/td>\n<td style=\"height: 24px;width: 474.733px\"><strong><a href=\"https:\/\/lefthander-consulting.org\/deutsch\/information\/musik-und-linkshaendigkeit\/musikinstrumente-und-linkshaendigkeit\/blechblasinstrumente\/\">Blechblasinstrumente<\/a><\/strong><\/td>\n<\/tr>\n<tr style=\"height: 24px\">\n<td style=\"height: 24px;width: 832.533px\">Trommel<\/td>\n<td style=\"height: 24px;width: 15.7333px\"><\/td>\n<td style=\"height: 24px;width: 474.733px\"><strong><a href=\"https:\/\/lefthander-consulting.org\/deutsch\/information\/musik-und-linkshaendigkeit\/musikinstrumente-und-linkshaendigkeit\/holzblasinstrumente\/\">Holzblasinstrumente<\/a><\/strong><\/td>\n<\/tr>\n<tr style=\"height: 24px\">\n<td style=\"height: 24px;width: 832.533px\">Pauke<\/td>\n<td style=\"height: 24px;width: 15.7333px\"><\/td>\n<td style=\"height: 24px;width: 474.733px\"><strong><a href=\"https:\/\/lefthander-consulting.org\/deutsch\/information\/musik-und-linkshaendigkeit\/musikinstrumente-und-linkshaendigkeit\/streichinstrumente\/\">Streichinstrumente<\/a> <\/strong><\/td>\n<\/tr>\n<tr style=\"height: 24px\">\n<td style=\"height: 24px;width: 832.533px\">Metallophon<\/td>\n<td style=\"height: 24px;width: 15.7333px\"><\/td>\n<td style=\"height: 24px;width: 474.733px\"><strong><a href=\"https:\/\/lefthander-consulting.org\/deutsch\/information\/musik-und-linkshaendigkeit\/musikinstrumente-und-linkshaendigkeit\/tasteninstrumente\/\">Tasteninstrumente<\/a><\/strong><\/td>\n<\/tr>\n<tr style=\"height: 24px\">\n<td style=\"height: 24px;width: 832.533px\">Xylophon<\/td>\n<td style=\"height: 24px;width: 15.7333px\"><\/td>\n<td style=\"height: 24px;width: 474.733px\"><strong><a href=\"https:\/\/lefthander-consulting.org\/deutsch\/information\/musik-und-linkshaendigkeit\/musikinstrumente-und-linkshaendigkeit\/zupfinstrumente\/\">Zupfinstrumente<\/a> <\/strong><\/td>\n<\/tr>\n<tr style=\"height: 24px\">\n<td style=\"height: 24px;width: 832.533px\">Triangel<\/td>\n<td style=\"height: 24px;width: 15.7333px\"><\/td>\n<td style=\"height: 24px;width: 474.733px\"><strong>\u00a0<\/strong><\/td>\n<\/tr>\n<tr style=\"height: 24px\">\n<td style=\"height: 24px;width: 832.533px\">Hackbrett<\/td>\n<td style=\"height: 24px;width: 15.7333px\"><\/td>\n<td style=\"height: 24px;width: 474.733px\"><strong><a href=\"https:\/\/lefthander-consulting.org\/deutsch\/netzwerk\/musikinstrumente-verkauf-und-verleih\/\">Bezugsquellen<\/a><\/strong><\/td>\n<\/tr>\n<\/tbody>\n<\/table>\n<p>Bei den sogenannten Schlaginstrumenten, wie sie im Orchester verwendet werden, sind als erstes die <strong><em>Pauken<\/em><\/strong> zu nennen. Pauken sind Fellinstrumente (Membranophone) in verschiedenen Gr\u00f6\u00dfen, die jeweils auf einen bestimmten Ton gestimmt sind. In Orchestern werden zwei oder vier Pauken gespielt, also jeweils zwei bzw. vier verschiedene T\u00f6ne. Dabei gibt es zwei Aufstellungsvarianten: In der \u201adeutschen\u2018 Aufstellung sind die tiefergestimmten Pauken rechts, die h\u00f6her gestimmten links vom Spieler aufgestellt. In der \u201aamerikanischen\u2018 oder \u201ainternationalen\u2018 Aufstellung befinden sich die tieferen Pauken links und die h\u00f6heren rechts, wie es der Anordnung der T\u00f6ne auf dem Klavier entspricht. M\u00f6glicherweise kommt die deutsche Aufstellung den Rechtsh\u00e4nder*innen entgegen, da der tiefere Ton (auf der rechten Seite) etwas mehr Kraft und Flexibilit\u00e4t im Handgelenk ben\u00f6tigt. In jedem Fall muss sich der Spieler\/die Spielerin an die vorgegebene Aufstellung anpassen. Auch die Anordnung der Pedale bei den modernen Pauken auf der rechten oder linken Seite legt den Aufbau fest. (Mengler, Musizieren mit links, 2010, S. 107 f.)<\/p>\n<p>Die <strong><em>Trommeln<\/em><\/strong> sind weitere Fellinstrumente. Man unterscheidet im Orchester gro\u00dfe Trommel und kleine Trommel (Snare). Trommeln werden normalerweise \u2013 so in Milit\u00e4rkapellen und Spielmannsz\u00fcgen \u2013 mit einer Technik mit stark abgewinkelten Schlagst\u00f6cken bedient, wodurch sie zur rechten Seite geneigt werden m\u00fcssen. Im Orchester kann sich ein linksh\u00e4ndiger Spieler die Trommel seiner dominanten Hand entsprechend einrichten.<\/p>\n<p>Weitere Schlaginstrumente im Orchester wie Becken, Gong, Triangel und Holzblocktrommel k\u00f6nnen ohne weiteres mit der dominanten Hand bedient werden.<\/p>\n<p>Im klassischen Orchester werden von einem oder mehreren Perkussionisten viele verschiedene Schlaginstrumente gespielt \u2013 gerade bei Werken der Sp\u00e4tromantik und der Moderne ist reichhaltiges Schlagwerk eingesetzt. Linksh\u00e4ndige Musiker*innen k\u00f6nnen sich prinzipiell die Instrumente ihrer Spielweise entsprechend aufstellen und die Schl\u00e4gel mit ihrer dominanten Hand f\u00fchren.<\/p>\n<p>Die Stabinstrumente <strong><em>Metallophon<\/em><\/strong>, <strong><em>Marimbaphon<\/em><\/strong>, <strong><em>Glockenspiel <\/em><\/strong>und <strong><em>Vibraphon <\/em><\/strong>sind angeordnet wie die Tasten bei Tasteninstrumenten: links die tieferen, rechts die h\u00f6heren T\u00f6ne. Da die Anzahl der T\u00f6ne f\u00fcr beide H\u00e4nde meist gleich ist, kann man davon ausgehen, dass die Arbeit der beiden Seiten relativ ausgeglichen ist\u00a0(Mengler, Musizieren mit links, 2010, S. 109). Zu bedenken ist: Wenn z.B. das Marimbaphon nach Noten gespielt wird, kann es eventuell f\u00fcr Linksh\u00e4nder zu Schwierigkeiten kommen. Denn in der Literatur ist (wie in der Klavierliteratur) die \u201eMelodie\u201c der rechten Hand und den h\u00f6heren T\u00f6nen und die \u201eBegleitung\u201c der linken Hand und den tieferen T\u00f6nen zugeordnet.<\/p>\n<p>Viele der genannten Schlaginstrumente werden in der <em><strong>elementaren Musikp\u00e4dagogik<\/strong> <\/em>verwendet. Man sollte Kindern die Wahl lassen, mit welcher Hand sie das jeweilige Instrument schlagen bzw. welche Hand f\u00fchrt. Kinder machen dies intuitiv und linksh\u00e4ndige Kinder setzen spontan ihre linke Hand f\u00fchrend ein. Wenn diese Kinder zu rechts f\u00fchrendem Spiel angeleitet werden, k\u00f6nnen sich h\u00e4ufig weder die Hand-Hand-Koordination noch der Rhythmus stabilisieren. (Arnoldussen, H\u00e4ndigkeit und Instrument, 2020, S. 169)<\/p>\n<p>Stabinstrumente wie Glockenspiel, Xylophon und Metallophon folgen im Aufbau den Tasteninstrumenten: Links befinden sich die tieferen, rechts die h\u00f6heren T\u00f6ne. Beim Melodiespiel, bei dem beide H\u00e4nde mit den Schl\u00e4geln abwechselnd spielen, empfinden linksh\u00e4ndige Kinder vermutlich keine Schwierigkeiten.<\/p>\n<p>Das <strong><em>Schlagzeug<\/em><\/strong> (\u201eDrumset\u201c) ist standardm\u00e4\u00dfig f\u00fcr Rechtsh\u00e4nder*innen aufgebaut, die Abfolge der Schl\u00e4ge wird von der rechten Hand angef\u00fchrt, der Bewegungsablauf ist nach rechts ausgerichtet, und der rechte Fu\u00df bedient die Basstrommel (Base Drum). Gerade beim Schlagzeugspielen, wo es auf ein harmonisches Spiel des ganzen K\u00f6rpers ankommt, hat die Handdominanz eine wichtige Bedeutung.\u00a0 Linksh\u00e4nder*innen am Standard-Schlagzeug haben h\u00e4ufig Schwierigkeiten im Ablauf und in der Gleichm\u00e4\u00dfigkeit der Schl\u00e4ge, in der Genauigkeit des Rhythmus sowie in der Hand-Fu\u00df-Koordination. Das Spiel wirkt eher unkontrolliert und h\u00e4ufig kann kein richtiger musikalischer Fluss, kein \u201eGroove\u201c, entstehen. Wenn die dominante Hand (und der dominante Fu\u00df an der Basstrommel) die F\u00fchrung \u00fcbernehmen darf, ist der gesamte Ablauf ungleich stimmiger und die rhythmische Sicherheit viel gr\u00f6\u00dfer. Au\u00dferdem wird das Spiel wird als nat\u00fcrlich und fl\u00fcssig empfunden.<\/p>\n<p>Es ist durchaus verbreitet, f\u00fcr Linksh\u00e4nder*innen ein Schlagzeug links herum aufzubauen. Ein Standardset l\u00e4sst sich innerhalb weniger Minuten umstellen, es ist also kein gro\u00dfer Aufwand! (Arnoldussen, H\u00e4ndigkeit und Instrument, 2020, S. 180 ff.)<\/p>\n<p>Zu den Schlaginstrumenten im weiteren Sinne z\u00e4hlt auch das <strong><em>Hackbrett.<\/em> <\/strong>Es ist ein Saiteninstrument, dessen Saiten von zwei H\u00e4mmerchen abwechselnd mit beiden H\u00e4nden angeschlagen werden, so dass keine Abstufung der Aufgaben der H\u00e4nde besteht. Es scheint somit gleicherma\u00dfen f\u00fcr Rechts- und Linksh\u00e4nderInnen geeignet. Das Hackbrett ist in vielen Kulturen zuhause und wird z.B. in bayerischen Musikschulen h\u00e4ufig unterrichtet. (Arnoldussen, H\u00e4ndigkeit und Instrument, 2020, S. 190 f.)<\/p>\n","protected":false},"excerpt":{"rendered":"<p>&nbsp; Schlagzeug Blechblasinstrumente Trommel Holzblasinstrumente Pauke Streichinstrumente Metallophon Tasteninstrumente Xylophon Zupfinstrumente Triangel \u00a0 Hackbrett Bezugsquellen Bei den sogenannten Schlaginstrumenten, wie sie im Orchester verwendet werden, sind als erstes die Pauken zu nennen. Pauken sind Fellinstrumente (Membranophone) in verschiedenen Gr\u00f6\u00dfen, die jeweils auf einen bestimmten Ton gestimmt sind. In Orchestern werden zwei oder vier Pauken gespielt, also jeweils zwei bzw. vier verschiedene T\u00f6ne. Dabei gibt es zwei Aufstellungsvarianten: In der \u201adeutschen\u2018 Aufstellung sind die tiefergestimmten Pauken rechts, die h\u00f6her gestimmten links vom Spieler aufgestellt. In der \u201aamerikanischen\u2018 oder \u201ainternationalen\u2018 Aufstellung befinden sich die tieferen Pauken links und die h\u00f6heren rechts, wie es der Anordnung der T\u00f6ne auf dem Klavier entspricht. M\u00f6glicherweise kommt die deutsche Aufstellung den Rechtsh\u00e4nder*innen entgegen, da der tiefere Ton (auf der rechten Seite) etwas mehr Kraft und Flexibilit\u00e4t im Handgelenk ben\u00f6tigt. In jedem Fall muss sich der Spieler\/die Spielerin an die vorgegebene Aufstellung anpassen. Auch die Anordnung der Pedale bei den modernen &#8230; <a title=\"Schlagzeug und Schlaginstrumente\" class=\"read-more\" href=\"https:\/\/lefthander-consulting.org\/deutsch\/information\/musik-und-linkshaendigkeit\/musikinstrumente-und-linkshaendigkeit\/schlagzeug-und-perkussionsinstrumente\/\" aria-label=\"Mehr Informationen \u00fcber Schlagzeug und Schlaginstrumente\">Read more<\/a><\/p>\n","protected":false},"author":4,"featured_media":0,"parent":2190,"menu_order":2,"comment_status":"closed","ping_status":"closed","template":"","meta":{"_cbd_carousel_blocks":"[]","footnotes":""},"class_list":["post-2193","page","type-page","status-publish"],"_links":{"self":[{"href":"https:\/\/lefthander-consulting.org\/deutsch\/wp-json\/wp\/v2\/pages\/2193","targetHints":{"allow":["GET"]}}],"collection":[{"href":"https:\/\/lefthander-consulting.org\/deutsch\/wp-json\/wp\/v2\/pages"}],"about":[{"href":"https:\/\/lefthander-consulting.org\/deutsch\/wp-json\/wp\/v2\/types\/page"}],"author":[{"embeddable":true,"href":"https:\/\/lefthander-consulting.org\/deutsch\/wp-json\/wp\/v2\/users\/4"}],"replies":[{"embeddable":true,"href":"https:\/\/lefthander-consulting.org\/deutsch\/wp-json\/wp\/v2\/comments?post=2193"}],"version-history":[{"count":13,"href":"https:\/\/lefthander-consulting.org\/deutsch\/wp-json\/wp\/v2\/pages\/2193\/revisions"}],"predecessor-version":[{"id":12004,"href":"https:\/\/lefthander-consulting.org\/deutsch\/wp-json\/wp\/v2\/pages\/2193\/revisions\/12004"}],"up":[{"embeddable":true,"href":"https:\/\/lefthander-consulting.org\/deutsch\/wp-json\/wp\/v2\/pages\/2190"}],"wp:attachment":[{"href":"https:\/\/lefthander-consulting.org\/deutsch\/wp-json\/wp\/v2\/media?parent=2193"}],"curies":[{"name":"wp","href":"https:\/\/api.w.org\/{rel}","templated":true}]}}