{"id":2192,"date":"2019-01-16T16:17:37","date_gmt":"2019-01-16T15:17:37","guid":{"rendered":"https:\/\/lefthander-consulting.org\/information\/musik-und-linkshaendigkeit\/musikinstrumente-und-linkshaendigkeit\/holzblasinstrumente\/"},"modified":"2023-04-12T15:03:21","modified_gmt":"2023-04-12T13:03:21","slug":"holzblasinstrumente","status":"publish","type":"page","link":"https:\/\/lefthander-consulting.org\/deutsch\/information\/musik-und-linkshaendigkeit\/musikinstrumente-und-linkshaendigkeit\/holzblasinstrumente\/","title":{"rendered":"Holzblasinstrumente"},"content":{"rendered":"<p>&nbsp;<\/p>\n<table style=\"height: 144px\" width=\"1096\">\n<tbody>\n<tr style=\"height: 24px\">\n<td style=\"height: 24px;width: 837.133px\">Blockfl\u00f6ten: Sopranblockfl\u00f6te (C-Fl\u00f6te) \/ Altfl\u00f6te \/ Tenor- und Bassblockfl\u00f6te<\/td>\n<td style=\"height: 24px;width: 15.2167px\"><\/td>\n<td style=\"height: 24px;width: 470.65px\"><strong><a href=\"https:\/\/lefthander-consulting.org\/deutsch\/information\/musik-und-linkshaendigkeit\/musikinstrumente-und-linkshaendigkeit\/blechblasinstrumente\/\">Blechblasinstrumente<\/a><\/strong><\/td>\n<\/tr>\n<tr style=\"height: 24px\">\n<td style=\"height: 24px;width: 837.133px\">Querfl\u00f6te \/ Flauto traverso<\/td>\n<td style=\"height: 24px;width: 15.2167px\"><\/td>\n<td style=\"height: 24px;width: 470.65px\"><strong><a href=\"https:\/\/lefthander-consulting.org\/deutsch\/information\/musik-und-linkshaendigkeit\/musikinstrumente-und-linkshaendigkeit\/schlagzeug-und-perkussionsinstrumente\/\">Schlagzeug und Perkussionsinstrumente<\/a><\/strong><\/td>\n<\/tr>\n<tr style=\"height: 24px\">\n<td style=\"height: 24px;width: 837.133px\">Oboe<\/td>\n<td style=\"height: 24px;width: 15.2167px\"><\/td>\n<td style=\"height: 24px;width: 470.65px\"><strong><a href=\"https:\/\/lefthander-consulting.org\/deutsch\/information\/musik-und-linkshaendigkeit\/musikinstrumente-und-linkshaendigkeit\/streichinstrumente\/\">Streichinstrumente<\/a> <\/strong><\/td>\n<\/tr>\n<tr style=\"height: 24px\">\n<td style=\"height: 24px;width: 837.133px\">Klarinette<\/td>\n<td style=\"height: 24px;width: 15.2167px\"><\/td>\n<td style=\"height: 24px;width: 470.65px\"><strong><a href=\"https:\/\/lefthander-consulting.org\/deutsch\/information\/musik-und-linkshaendigkeit\/musikinstrumente-und-linkshaendigkeit\/tasteninstrumente\/\">Tasteninstrumente<\/a><\/strong><\/td>\n<\/tr>\n<tr style=\"height: 24px\">\n<td style=\"height: 24px;width: 837.133px\">Fagott<\/td>\n<td style=\"height: 24px;width: 15.2167px\"><\/td>\n<td style=\"height: 24px;width: 470.65px\"><strong><a href=\"https:\/\/lefthander-consulting.org\/deutsch\/information\/musik-und-linkshaendigkeit\/musikinstrumente-und-linkshaendigkeit\/zupfinstrumente\/\">Zupfinstrumente<\/a> <\/strong><\/td>\n<\/tr>\n<tr style=\"height: 24px\">\n<td style=\"height: 24px;width: 837.133px\">Saxophon<\/td>\n<td style=\"height: 24px;width: 15.2167px\"><\/td>\n<td style=\"height: 24px;width: 470.65px\"><a href=\"https:\/\/lefthander-consulting.org\/deutsch\/netzwerk\/musikinstrumente-verkauf-und-verleih\/\"><strong>Bezugsquellen<\/strong><\/a><\/td>\n<\/tr>\n<\/tbody>\n<\/table>\n<p><strong><em>Blockfl\u00f6ten <\/em><\/strong>sind in ihrer normalen Bauweise so ausgelegt, dass die linke Hand in der oberen Position, die rechte Hand in der unteren Position ist. Der unteren Hand, insbesondere dem Daumen, kommt die wesentliche Aufgabe zu, die Fl\u00f6te beim Spielen auszubalancieren. Dies ist besonders wichtig, wenn beim Greifen bestimmter T\u00f6ne sich der obere Daumen nicht an der Fl\u00f6te befindet. Der untere Daumen muss permanent mobil und gleichzeitig stabil sein, um den st\u00e4ndig unterschiedlichen Druck der Finger von oben abzufangen und auszugleichen und so die Haltungskontinuit\u00e4t zu sichern. Erst wenn diese stabile Mobilit\u00e4t gew\u00e4hrleistet ist, kann der obere Daumen die Technik des \u00dcberblasens sicher durchf\u00fchren. Wenn diese mobile Stabilit\u00e4t des unteren Daumens nicht gew\u00e4hrleistet ist, besteht Gefahr, dass Gegendruck der Lippen und Z\u00e4hne zur Kompensation benutzt wird und das bekannte \u201eAnnagen\u201c des Mundst\u00fccks sich bei den kleinen Fl\u00f6tenanf\u00e4ngern verst\u00e4rkt (aus: Sattler, Linksh\u00e4ndige Kinder im Krippen- und Kindergartenalter, 2007, S. 105).<\/p>\n<p>Es gibt\u00a0Blockfl\u00f6ten, die speziell f\u00fcr Linksh\u00e4nder hergestellt wurden. Dabei ist die Handhaltung im Gegensatz zur Fl\u00f6te f\u00fcr Rechtsh\u00e4nder umgekehrt, und die Aufgaben der unteren Hand \u00fcbernimmt nun die dominante linke Hand.<\/p>\n<p>Als Einstiegsinstrumente im Anfangsunterricht werden h\u00e4ufig die C-Sopran-Blockfl\u00f6ten verwendet. Es gibt linksh\u00e4ndige Kinder, die keine Schwierigkeiten mit \u201enormalen\u201c Blockfl\u00f6ten haben; viele zeigen aber spontan, dass f\u00fcr sie die umgekehrte Haltung besser passt. Die C-Sopranblockfl\u00f6ten sind relativ leicht als Linkshandinstrument erh\u00e4ltlich, qualitativ hochwertige Holzfl\u00f6ten f\u00fcr Linksh\u00e4nder f\u00fchren inzwischen die meisten guten Musikgesch\u00e4fte. Die preisg\u00fcnstigen Plastikblockfl\u00f6ten gibt es allerdings bisher selten f\u00fcr Linksh\u00e4nder \u2013 diese Fl\u00f6ten werden gegossen, und man kann die L\u00f6cher nicht anders bohren. Dreiteilige Sopranfl\u00f6ten mit Doppellochbohrung k\u00f6nnte man zwar zur linken Hand drehen, jedoch k\u00f6nnen die Doppell\u00f6cher dann nicht exakt gegriffen werden.<\/p>\n<p>Bei fortgeschrittenen Fl\u00f6tenspieler*innen kommen weitere Instrumente der Blockfl\u00f6tenfamilie (Alt-, Tenor- und Bassfl\u00f6te) hinzu. Wenn mit einer C-Sopranfl\u00f6te f\u00fcr Linksh\u00e4nder begonnen wurde, sollten auch die Folgeinstrumente in Linksh\u00e4nderversion angeschafft werden. Obgleich Altfl\u00f6ten dreiteilig sind und man das unterste Loch durch Drehung einfach zur linken Seite her\u00fcberdrehen kann, funktioniert das f\u00fcr den linkshandgerechten Gebrauch nur bei Altfl\u00f6ten, die f\u00fcr den kleinen Finger nur ein Loch, also kein Doppelloch oder eine Metallklappe, vorgesehen haben. Altfl\u00f6ten f\u00fcr Linksh\u00e4nder werden von verschiedenen Herstellern angeboten, wobei es sich wieder um das unterste bzw. die beiden untersten L\u00f6cher handelt, die dann in Sonderanfertigung gebohrt werden.<\/p>\n<p>Bei der <strong><em>Querfl\u00f6te<\/em><\/strong> ist es die \u00e4u\u00dfere Hand, die f\u00fcr die Stabilit\u00e4t des Instrumentes sorgt; die Aufgabe des Daumens der \u00e4u\u00dferen, also normalerweise der rechten, Hand ist es, das Instrument quasi zu balancieren. Damit wird es zugleich so stabilisiert, dass der Fl\u00f6tist\/die Fl\u00f6tistin die Griffe sicher ausf\u00fchren kann und die Kontrolle \u00fcber die Fingerbewegungen beh\u00e4lt. Linksh\u00e4ndige Kinder halten meist spontan die Fl\u00f6te nach links, was zugleich zeigt, dass die Drehung nach links dem nat\u00fcrlichen K\u00f6rpergef\u00fchl von Linksh\u00e4nder*innen entspricht.<\/p>\n<table style=\"width: 100.437%;height: 300px\">\n<tbody>\n<tr style=\"height: 300px\">\n<td style=\"width: 266px;height: 300px\"><img loading=\"lazy\" decoding=\"async\" class=\"size-medium wp-image-2217 aligncenter\" src=\"https:\/\/lefthander-consulting.org\/deutsch\/wp-content\/uploads\/2019\/01\/Floetenspieler-241x300.jpg\" alt=\"\" width=\"241\" height=\"300\" srcset=\"https:\/\/lefthander-consulting.org\/deutsch\/wp-content\/uploads\/2019\/01\/Floetenspieler-241x300.jpg 241w, https:\/\/lefthander-consulting.org\/deutsch\/wp-content\/uploads\/2019\/01\/Floetenspieler.jpg 420w\" sizes=\"auto, (max-width: 241px) 100vw, 241px\" \/><\/td>\n<td style=\"width: 1097px;height: 300px\">Die Vorg\u00e4ngerin der Querfl\u00f6te, die <strong><em>Flauto traverso<\/em><\/strong> &#8211; die Renaissance-Querfl\u00f6te aus Holz -, die von manchen Firmen als Nachbau des historischen Instrumentes angeboten wird, kann als Tenorausf\u00fchrung ohne Schwierigkeit nach links gehalten gespielt werden, wie man es auch auf alten Gem\u00e4lden (siehe Abbildung) sehen kann. Bei der Bass-Flauto traverso m\u00fcssen zwei L\u00f6cher anders gebohrt werden (aus: Sattler, 1993, S. 61).<\/p>\n<p>Verschiedene Hand- und Richtungshaltungen beim Fl\u00f6ten. Graphik von Urs Graf, 1523 (aus: Sattler, Das linksh\u00e4ndige Kind in der Grundschule, 17. Aufl. 2018, S. 61)<\/td>\n<\/tr>\n<\/tbody>\n<\/table>\n<p>In der irischen oder schottischen Folkmusik, wo die Musiker*innen freier in ihrer Spielweise sind als beim klassischen Fl\u00f6tenspiel, sieht man immer wieder Fl\u00f6tist*innen mit &#8211; selbst hergestellten &#8211; Fl\u00f6ten, die sie nach links halten und mit der linken Hand in der \u00e4u\u00dferen Position spielen.<\/p>\n<p>Auch im klassischen professionellen Bereich gibt es in neuester Zeit linksh\u00e4ndige Musiker*innen, f\u00fcr die nur das Spiel in der gespiegelten Haltung und auf einer Linksfl\u00f6te in Frage kommt. (Arnoldussen, H\u00e4ndigkeit und Instrument, 2020, S. 206 ff. und <a href=\"https:\/\/www.linksgespielt.de\/silkebecker\">www.linksgespielt.de<\/a>)<\/p>\n<p>Was die Verf\u00fcgbarkeit von Instrumenten betrifft, ist mit der Firma <em>Viento<\/em> erstmals eine klassische Querfl\u00f6te zum Linksspielen auf den Markt gebracht worden \u2013 dort gibt es inzwischen sowohl Anf\u00e4ngermodelle (auch mit gebogenem Kopfst\u00fcck) als auch bessere Fl\u00f6ten mit Silberkopf oder Silberrohr. F\u00fcr den professionellen Bereich ist die Firma <em>Fl\u00f6tenbau<\/em> <em>Mehnert<\/em> aus Ottenbach\/Baden-W\u00fcrttemberg die erste Adresse \u2013 im Familienunternehmen gibt es bereits Erfahrung im Bau von hochwertigsten Linksfl\u00f6ten.<\/p>\n<p>F\u00fcr die <strong><em>Klarinette<\/em><\/strong> gilt das gleiche wie f\u00fcr die Blockfl\u00f6te: Es ist die untere Hand, also normalerweise die rechte, die die entscheidende Haltearbeit leistet. Gerade der Daumen, der f\u00fcr das Stabilisieren zust\u00e4ndig ist, muss ein betr\u00e4chtliches Gewicht tragen, insofern braucht die untere Hand zum Halten der Klarinette mehr Kraft als die obere Hand. Gleichzeitig m\u00fcssen die schwierigen Griffverbindungen bewerkstelligt werden. All dies legt nahe, dass dies die Aufgabe f\u00fcr die dominante Hand ist.<\/p>\n<p>Bisher ist nur eine linksh\u00e4ndige professionelle Klarinettistin bekannt, die sich f\u00fcr die Spielweise in gespiegelter Haltung, mit ihrer dominanten linken Hand in der unteren Position, entschieden hat. Sie lie\u00df sich eine Linksh\u00e4nderklarinette in Sonderanfertigung bauen (Firma Klarinettenbau Dietz in Neustadt\/Aisch). Sie beschreibt eindr\u00fccklich ihre Erfahrung, dass sogleich mit der Umstellung ihres Instrumentes sich Atmung, Tonbildung, Ausdrucksf\u00e4higkeit, Virtuosit\u00e4t und das gesamte Spielgef\u00fchl ungleich verbesserten. (Arnoldussen, H\u00e4ndigkeit und Instrument, 2022, S. 209 ff.)<br \/>\nAuch vereinzelte erwachsene Hobbyklarinettist*innen haben sich f\u00fcr die linksh\u00e4ndige Spielweise entschieden. Soweit bekannt, wird an Musikschulen die Klarinette bisher nicht auf Linksinstrumenten unterrichtet.<br \/>\nEinfache Klarinetten in Linksh\u00e4nderversion sind \u00fcber Klarinettenbauer erh\u00e4ltlich. Hochwertige Instrumente in verschiedenen Stimmungen k\u00f6nnen als Sonderanfertigung hergestellt werden. Wegen der komplizierten Klappenmechanik ist dies jedoch mit einem gro\u00dfen Aufwand und damit mit h\u00f6heren Kosten verbunden und wird auch \u00e4u\u00dferst selten angefragt.<\/p>\n<p>Die Holzblasinstrumente <strong><em>Oboe<\/em><\/strong> und <strong><em>Fagott<\/em><\/strong> wurden bisher nicht als Linksh\u00e4nderinstrumente hergestellt.\u00a0 Beim Fagott ist es die Form des Corpus im Zusammenspiel mit der Klappenmechanik, was einen Bau als Linksh\u00e4nderinstrument sehr aufw\u00e4ndig machen w\u00fcrde. Saxophone werden industriell hergestellt, da ist eine Linksh\u00e4nderversion nicht vorgesehen.<\/p>\n","protected":false},"excerpt":{"rendered":"<p>&nbsp; Blockfl\u00f6ten: Sopranblockfl\u00f6te (C-Fl\u00f6te) \/ Altfl\u00f6te \/ Tenor- und Bassblockfl\u00f6te Blechblasinstrumente Querfl\u00f6te \/ Flauto traverso Schlagzeug und Perkussionsinstrumente Oboe Streichinstrumente Klarinette Tasteninstrumente Fagott Zupfinstrumente Saxophon Bezugsquellen Blockfl\u00f6ten sind in ihrer normalen Bauweise so ausgelegt, dass die linke Hand in der oberen Position, die rechte Hand in der unteren Position ist. Der unteren Hand, insbesondere dem Daumen, kommt die wesentliche Aufgabe zu, die Fl\u00f6te beim Spielen auszubalancieren. Dies ist besonders wichtig, wenn beim Greifen bestimmter T\u00f6ne sich der obere Daumen nicht an der Fl\u00f6te befindet. Der untere Daumen muss permanent mobil und gleichzeitig stabil sein, um den st\u00e4ndig unterschiedlichen Druck der Finger von oben abzufangen und auszugleichen und so die Haltungskontinuit\u00e4t zu sichern. Erst wenn diese stabile Mobilit\u00e4t gew\u00e4hrleistet ist, kann der obere Daumen die Technik des \u00dcberblasens sicher durchf\u00fchren. Wenn diese mobile Stabilit\u00e4t des unteren Daumens nicht gew\u00e4hrleistet ist, besteht Gefahr, dass Gegendruck der Lippen und Z\u00e4hne zur Kompensation benutzt wird und das bekannte &#8230; <a title=\"Holzblasinstrumente\" class=\"read-more\" href=\"https:\/\/lefthander-consulting.org\/deutsch\/information\/musik-und-linkshaendigkeit\/musikinstrumente-und-linkshaendigkeit\/holzblasinstrumente\/\" aria-label=\"Mehr Informationen \u00fcber Holzblasinstrumente\">Read more<\/a><\/p>\n","protected":false},"author":4,"featured_media":0,"parent":2190,"menu_order":1,"comment_status":"closed","ping_status":"closed","template":"","meta":{"_cbd_carousel_blocks":"[]","footnotes":""},"class_list":["post-2192","page","type-page","status-publish"],"_links":{"self":[{"href":"https:\/\/lefthander-consulting.org\/deutsch\/wp-json\/wp\/v2\/pages\/2192","targetHints":{"allow":["GET"]}}],"collection":[{"href":"https:\/\/lefthander-consulting.org\/deutsch\/wp-json\/wp\/v2\/pages"}],"about":[{"href":"https:\/\/lefthander-consulting.org\/deutsch\/wp-json\/wp\/v2\/types\/page"}],"author":[{"embeddable":true,"href":"https:\/\/lefthander-consulting.org\/deutsch\/wp-json\/wp\/v2\/users\/4"}],"replies":[{"embeddable":true,"href":"https:\/\/lefthander-consulting.org\/deutsch\/wp-json\/wp\/v2\/comments?post=2192"}],"version-history":[{"count":12,"href":"https:\/\/lefthander-consulting.org\/deutsch\/wp-json\/wp\/v2\/pages\/2192\/revisions"}],"predecessor-version":[{"id":12014,"href":"https:\/\/lefthander-consulting.org\/deutsch\/wp-json\/wp\/v2\/pages\/2192\/revisions\/12014"}],"up":[{"embeddable":true,"href":"https:\/\/lefthander-consulting.org\/deutsch\/wp-json\/wp\/v2\/pages\/2190"}],"wp:attachment":[{"href":"https:\/\/lefthander-consulting.org\/deutsch\/wp-json\/wp\/v2\/media?parent=2192"}],"curies":[{"name":"wp","href":"https:\/\/api.w.org\/{rel}","templated":true}]}}