{"id":2191,"date":"2019-01-16T16:16:48","date_gmt":"2019-01-16T15:16:48","guid":{"rendered":"https:\/\/lefthander-consulting.org\/information\/musik-und-linkshaendigkeit\/musikinstrumente-und-linkshaendigkeit\/blechblasinstrumente\/"},"modified":"2023-04-12T14:52:42","modified_gmt":"2023-04-12T12:52:42","slug":"blechblasinstrumente","status":"publish","type":"page","link":"https:\/\/lefthander-consulting.org\/deutsch\/information\/musik-und-linkshaendigkeit\/musikinstrumente-und-linkshaendigkeit\/blechblasinstrumente\/","title":{"rendered":"Blechblasinstrumente"},"content":{"rendered":"<p>&nbsp;<\/p>\n<table style=\"height: 144px\" width=\"1096\">\n<tbody>\n<tr style=\"height: 24px\">\n<td style=\"height: 24px;width: 835.667px\">Trompete<\/td>\n<td style=\"height: 144px;width: 15.15px\" rowspan=\"6\"><\/td>\n<td style=\"height: 24px;width: 472.183px\"><strong><a href=\"https:\/\/lefthander-consulting.org\/deutsch\/information\/musik-und-linkshaendigkeit\/musikinstrumente-und-linkshaendigkeit\/holzblasinstrumente\/\">Holzblasinstrbumente<\/a><\/strong><\/td>\n<\/tr>\n<tr style=\"height: 24px\">\n<td style=\"height: 24px;width: 835.667px\">Posaune \/ Zugposaune<\/td>\n<td style=\"height: 24px;width: 472.183px\"><strong><a href=\"https:\/\/lefthander-consulting.org\/deutsch\/information\/musik-und-linkshaendigkeit\/musikinstrumente-und-linkshaendigkeit\/schlagzeug-und-perkussionsinstrumente\/\">Schlagzeug und Perkussionsinstrumente<\/a><\/strong><\/td>\n<\/tr>\n<tr style=\"height: 24px\">\n<td style=\"height: 24px;width: 835.667px\">Tuba<\/td>\n<td style=\"height: 24px;width: 472.183px\"><strong><a href=\"https:\/\/lefthander-consulting.org\/deutsch\/information\/musik-und-linkshaendigkeit\/musikinstrumente-und-linkshaendigkeit\/streichinstrumente\/\">Streichinstrumente<\/a> <\/strong><\/td>\n<\/tr>\n<tr style=\"height: 24px\">\n<td style=\"height: 24px;width: 835.667px\">Horn \/ Waldhorn \/ Fl\u00fcgelhorn<\/td>\n<td style=\"height: 24px;width: 472.183px\"><strong><a href=\"https:\/\/lefthander-consulting.org\/deutsch\/information\/musik-und-linkshaendigkeit\/musikinstrumente-und-linkshaendigkeit\/tasteninstrumente\/\">Tasteninstrumente<\/a><\/strong><\/td>\n<\/tr>\n<tr style=\"height: 24px\">\n<td style=\"height: 24px;width: 835.667px\">Tenorhorn<\/td>\n<td style=\"height: 24px;width: 472.183px\"><strong><a href=\"https:\/\/lefthander-consulting.org\/deutsch\/information\/musik-und-linkshaendigkeit\/musikinstrumente-und-linkshaendigkeit\/zupfinstrumente\/\">Zupfinstrumente<\/a> <\/strong><\/td>\n<\/tr>\n<tr style=\"height: 24px\">\n<td style=\"height: 24px;width: 835.667px\">Euphonium<\/td>\n<td style=\"height: 24px;width: 472.183px\"><a href=\"https:\/\/lefthander-consulting.org\/deutsch\/information\/musik-und-linkshaendigkeit\/bezugsquellen-von-musikinstrumenten-fuer-linkshaender\/\"><strong>Bezugsquellen<\/strong><\/a><\/td>\n<\/tr>\n<\/tbody>\n<\/table>\n<p>Die <strong><em>Trompete<\/em><\/strong> wird normalerweise mit der linken Hand gehalten und die Ventile mit der rechten Hand bedient. Somit ist die rechte Hand f\u00fcr die Koordination des Lippenansatzes mit der Tongebung zust\u00e4ndig, von den drei Spielfingern wird Schnelligkeit und differenzierte Kraftdosierung verlangt.\u00a0Einfache Trompeten mit Pumpventilen, sogenannte <em><strong>Perinetventil-Trompeten,<\/strong><\/em>\u00a0k\u00f6nnen auch links gegriffen werden, wobei nur der Fingerhaken f\u00fcr den kleinen Finger der linken Hand (Spielhand) versetzt werden muss. Dies wird von Linksh\u00e4ndern immer wieder praktiziert. Aus Sicht von Instrumentenbauern sei das Linksgreifen allerdings nur ein Kompromiss, der auf Kosten einer sauberen Intonation gehen k\u00f6nne.<br \/>\nTrompeten mit Zylinderdrehventilen und Druckvorkehrungen k\u00f6nnen nicht links gegriffen und m\u00fcssen umgebaut werden. Ein derartiger Umbau \u2013 so, dass die Ventile mit der linken Hand bedient werden k\u00f6nnen \u2013 kommt heute durchaus vor und ist je nach Bauart und Zusatzeinrichtungen mehr oder weniger aufw\u00e4ndig. Verschiedene Instrumentenbauer bieten Linksh\u00e4ndertrompeten an.<\/p>\n<p>Auch die klassische <strong><em>Zugposaune<\/em><\/strong> ist in ihrer normalen Bauweise ein Rechtsh\u00e4nderinstrument: Die linke Hand h\u00e4lt das Instrument in der N\u00e4he des Mundst\u00fccks, die rechte Hand bedient den Zug, \u00fcber den die Tonh\u00f6he stufenlos ver\u00e4ndert werden kann. Um die genaue Position des Zuges f\u00fcr einen Ton zu finden, braucht es ein besonderes Feingef\u00fchl in der Zughand \u2013 also normalerweise der rechten Hand. Da Zugposaunen in Teile zerlegbar sind, kann der Zug auch andersherum, um 180 Grad gedreht, angesteckt und mit der linken Hand bedient werden, was Linksh\u00e4ndern entgegenkommt und von Posaunisten sowie von jungen Instrumentalsch\u00fclern bereits praktiziert wird.<\/p>\n<p>Bei den h\u00e4ufig verwendeten Tenorbassposaunen (Quartposaunen) muss das Quartventil zum Linksspielen umgebaut werden. Der Umbau ist bei einfachen Ventilen nicht sehr aufw\u00e4ndig. Bei Bassposaunen ist der Umbau komplizierter, weil zwei Ventile umgebaut werden m\u00fcssen.<br \/>\nSonderanfertigungen f\u00fcr Linksh\u00e4nder sind bei Instrumentenbauern erh\u00e4ltlich, wurden bisher allerdings noch selten angefragt.<\/p>\n<p>Die <strong><em>Tuba <\/em><\/strong>ist das Bassinstrument der Bl\u00e4sergruppe (im Orchester). Die Ventile werden nur mit der rechten Hand bedient \u2013 ebenso wie die anderen Modelle der tiefsten Blechblasinstrumente. Da beim Spiel nicht die schnelle Koordination der Fingerbewegungen oberste Priorit\u00e4t hat, stellt sich die Frage, ob und wie sich f\u00fcr Linksh\u00e4nder*innen ein linksgriffiger Handgebrauch auswirkt. (Mengler, Musizieren mit links, 2010, S. 107) Soweit bekannt, wurde noch keine Tuba zum Linksspielen umgebaut.<\/p>\n<p>Das <strong><em>Horn (Waldhorn)<\/em><\/strong> wird links gegriffen, was historisch bedingt ist: Bevor das Horn mit einer Ventiltechnik ausgestattet wurde, konnten die T\u00f6ne au\u00dferhalb der Naturtonreihe nur durch \u201eStopfen\u201c mit der Hand im Inneren des Schalltrichters ver\u00e4ndert werden, was Aufgabe der rechten Hand war. Bei den heutigen H\u00f6rnern, bei denen die Ventile mit der linken Hand bedient werden, ruht die rechte Hand im Schalltrichter und st\u00fctzt das Horn. Sie wird im Wesentlichen zur Intonationskontrolle oder zur Ver\u00e4nderung der Klangfarbe gebraucht. (Mengler, Musizieren mit links, 2010, S. 102)<br \/>\nSomit scheint das Waldhorn ein ideales Linksh\u00e4nderinstrument zu sein.<\/p>\n<p>Wie das Horn ist auch die <strong><em>Wagnertuba<\/em><\/strong> (ca. 1870 nach Richard Wagners klanglichen Vorstellungen f\u00fcr seine Oper \u201eRing des Nibelungen\u201c entwickelt) linksgriffig gebaut. Trotz des Namens \u201eTuba\u201c geh\u00f6rt das Instrument zur Familie der Waldh\u00f6rner und wird im Orchester von Hornisten gespielt.<\/p>\n<p>Weitere Instrumente der Blechbl\u00e4serfamilie, wie sie vor allem in Blaskapellen verwendet werden, sind <strong><em>Fl\u00fcgelhorn, Tenorhorn, Bariton und Euphonium<\/em><\/strong><em>.<\/em> Alle sind rechtsgriffig und lassen sich nicht ohne gr\u00f6\u00dferen Aufwand auf Linksspielen umbauen. Spezialanfertigungen f\u00fcr Linksh\u00e4nder wurden bisher selten angefragt.<\/p>\n","protected":false},"excerpt":{"rendered":"<p>&nbsp; Trompete Holzblasinstrbumente Posaune \/ Zugposaune Schlagzeug und Perkussionsinstrumente Tuba Streichinstrumente Horn \/ Waldhorn \/ Fl\u00fcgelhorn Tasteninstrumente Tenorhorn Zupfinstrumente Euphonium Bezugsquellen Die Trompete wird normalerweise mit der linken Hand gehalten und die Ventile mit der rechten Hand bedient. Somit ist die rechte Hand f\u00fcr die Koordination des Lippenansatzes mit der Tongebung zust\u00e4ndig, von den drei Spielfingern wird Schnelligkeit und differenzierte Kraftdosierung verlangt.\u00a0Einfache Trompeten mit Pumpventilen, sogenannte Perinetventil-Trompeten,\u00a0k\u00f6nnen auch links gegriffen werden, wobei nur der Fingerhaken f\u00fcr den kleinen Finger der linken Hand (Spielhand) versetzt werden muss. Dies wird von Linksh\u00e4ndern immer wieder praktiziert. Aus Sicht von Instrumentenbauern sei das Linksgreifen allerdings nur ein Kompromiss, der auf Kosten einer sauberen Intonation gehen k\u00f6nne. Trompeten mit Zylinderdrehventilen und Druckvorkehrungen k\u00f6nnen nicht links gegriffen und m\u00fcssen umgebaut werden. Ein derartiger Umbau \u2013 so, dass die Ventile mit der linken Hand bedient werden k\u00f6nnen \u2013 kommt heute durchaus vor und ist je nach Bauart und Zusatzeinrichtungen mehr oder &#8230; <a title=\"Blechblasinstrumente\" class=\"read-more\" href=\"https:\/\/lefthander-consulting.org\/deutsch\/information\/musik-und-linkshaendigkeit\/musikinstrumente-und-linkshaendigkeit\/blechblasinstrumente\/\" aria-label=\"Mehr Informationen \u00fcber Blechblasinstrumente\">Read more<\/a><\/p>\n","protected":false},"author":4,"featured_media":0,"parent":2190,"menu_order":0,"comment_status":"closed","ping_status":"closed","template":"","meta":{"_cbd_carousel_blocks":"[]","footnotes":""},"class_list":["post-2191","page","type-page","status-publish"],"_links":{"self":[{"href":"https:\/\/lefthander-consulting.org\/deutsch\/wp-json\/wp\/v2\/pages\/2191","targetHints":{"allow":["GET"]}}],"collection":[{"href":"https:\/\/lefthander-consulting.org\/deutsch\/wp-json\/wp\/v2\/pages"}],"about":[{"href":"https:\/\/lefthander-consulting.org\/deutsch\/wp-json\/wp\/v2\/types\/page"}],"author":[{"embeddable":true,"href":"https:\/\/lefthander-consulting.org\/deutsch\/wp-json\/wp\/v2\/users\/4"}],"replies":[{"embeddable":true,"href":"https:\/\/lefthander-consulting.org\/deutsch\/wp-json\/wp\/v2\/comments?post=2191"}],"version-history":[{"count":5,"href":"https:\/\/lefthander-consulting.org\/deutsch\/wp-json\/wp\/v2\/pages\/2191\/revisions"}],"predecessor-version":[{"id":12010,"href":"https:\/\/lefthander-consulting.org\/deutsch\/wp-json\/wp\/v2\/pages\/2191\/revisions\/12010"}],"up":[{"embeddable":true,"href":"https:\/\/lefthander-consulting.org\/deutsch\/wp-json\/wp\/v2\/pages\/2190"}],"wp:attachment":[{"href":"https:\/\/lefthander-consulting.org\/deutsch\/wp-json\/wp\/v2\/media?parent=2191"}],"curies":[{"name":"wp","href":"https:\/\/api.w.org\/{rel}","templated":true}]}}