{"id":2190,"date":"2019-01-16T16:15:55","date_gmt":"2019-01-16T15:15:55","guid":{"rendered":"https:\/\/lefthander-consulting.org\/information\/musik-und-linkshaendigkeit\/musikinstrumente-und-linkshaendigkeit\/"},"modified":"2023-04-12T12:12:34","modified_gmt":"2023-04-12T10:12:34","slug":"musikinstrumente-und-linkshaendigkeit","status":"publish","type":"page","link":"https:\/\/lefthander-consulting.org\/deutsch\/information\/musik-und-linkshaendigkeit\/musikinstrumente-und-linkshaendigkeit\/","title":{"rendered":"Musikinstrumente und Linksh\u00e4ndigkeit"},"content":{"rendered":"<p>&nbsp;<\/p>\n<table>\n<tbody>\n<tr>\n<td width=\"111\">\u266a<\/td>\n<td width=\"598\"><a href=\"https:\/\/lefthander-consulting.org\/deutsch\/information\/musik-und-linkshaendigkeit\/musikinstrumente-und-linkshaendigkeit\/blechblasinstrumente\/\">Blechblasinstrumente<\/a><\/p>\n<p>&nbsp;<\/td>\n<\/tr>\n<tr>\n<td width=\"111\">\u266a<\/td>\n<td width=\"598\"><a href=\"https:\/\/lefthander-consulting.org\/deutsch\/information\/musik-und-linkshaendigkeit\/musikinstrumente-und-linkshaendigkeit\/holzblasinstrumente\/\">Holzblasinstrumente<\/a><\/p>\n<p>&nbsp;<\/td>\n<\/tr>\n<tr>\n<td width=\"111\">\u266a<\/td>\n<td width=\"598\"><a href=\"https:\/\/lefthander-consulting.org\/deutsch\/information\/musik-und-linkshaendigkeit\/musikinstrumente-und-linkshaendigkeit\/schlagzeug-und-perkussionsinstrumente\/\">Schlagzeug und Schlaginstrumente<\/a><\/p>\n<p>&nbsp;<\/td>\n<\/tr>\n<tr>\n<td width=\"111\">\u266a<\/td>\n<td width=\"598\"><a href=\"https:\/\/lefthander-consulting.org\/deutsch\/information\/musik-und-linkshaendigkeit\/musikinstrumente-und-linkshaendigkeit\/streichinstrumente\/\">Streichinstrumente<\/a><\/p>\n<p>&nbsp;<\/td>\n<\/tr>\n<tr>\n<td width=\"111\">\u266a<\/td>\n<td width=\"598\"><a href=\"https:\/\/lefthander-consulting.org\/deutsch\/information\/musik-und-linkshaendigkeit\/musikinstrumente-und-linkshaendigkeit\/tasteninstrumente\/\">Tasteninstrumente<\/a><\/p>\n<p>&nbsp;<\/td>\n<\/tr>\n<tr>\n<td width=\"111\">\u266a<\/td>\n<td width=\"598\"><a href=\"https:\/\/lefthander-consulting.org\/deutsch\/information\/musik-und-linkshaendigkeit\/musikinstrumente-und-linkshaendigkeit\/zupfinstrumente\/\">Zupfinstrumente<\/a><\/p>\n<p>&nbsp;<\/td>\n<\/tr>\n<tr>\n<td width=\"111\">\u266a<\/td>\n<td width=\"598\"><a href=\"https:\/\/lefthander-consulting.org\/deutsch\/netzwerk\/musikinstrumente-verkauf-und-verleih\/\">Bezugsquellen von Musikinstrumenten f\u00fcr Linksh\u00e4nder<\/a><\/p>\n<p>&nbsp;<\/td>\n<\/tr>\n<\/tbody>\n<\/table>\n<p>\u00a9 Copyright: Erste deutsche Beratungs- und Informationsstelle f\u00fcr Linksh\u00e4nder und umgeschulte Linksh\u00e4nder, Sendlinger Str. 17, 80331 M\u00fcnchen, Tel. \/ Fax: +49 \/ 89 \/ 26 86 14, <a href=\"https:\/\/lefthander-consulting.org\">https:\/\/lefthander-consulting.org<\/a>, e-mail: info@lefthander-consulting.org<\/p>\n","protected":false},"excerpt":{"rendered":"<p>&nbsp; \u266a Blechblasinstrumente &nbsp; \u266a Holzblasinstrumente &nbsp; \u266a Schlagzeug und Schlaginstrumente &nbsp; \u266a Streichinstrumente &nbsp; \u266a Tasteninstrumente &nbsp; \u266a Zupfinstrumente &nbsp; \u266a Bezugsquellen von Musikinstrumenten f\u00fcr Linksh\u00e4nder &nbsp; \u00a9 Copyright: Erste deutsche Beratungs- und Informationsstelle f\u00fcr Linksh\u00e4nder und umgeschulte Linksh\u00e4nder, Sendlinger Str. 17, 80331 M\u00fcnchen, Tel. \/ Fax: +49 \/ 89 \/ 26 86 14, https:\/\/lefthander-consulting.org, e-mail: info@lefthander-consulting.org<\/p>\n","protected":false},"author":4,"featured_media":0,"parent":103,"menu_order":2,"comment_status":"closed","ping_status":"closed","template":"","meta":{"_cbd_carousel_blocks":"[]","footnotes":""},"class_list":["post-2190","page","type-page","status-publish"],"_links":{"self":[{"href":"https:\/\/lefthander-consulting.org\/deutsch\/wp-json\/wp\/v2\/pages\/2190","targetHints":{"allow":["GET"]}}],"collection":[{"href":"https:\/\/lefthander-consulting.org\/deutsch\/wp-json\/wp\/v2\/pages"}],"about":[{"href":"https:\/\/lefthander-consulting.org\/deutsch\/wp-json\/wp\/v2\/types\/page"}],"author":[{"embeddable":true,"href":"https:\/\/lefthander-consulting.org\/deutsch\/wp-json\/wp\/v2\/users\/4"}],"replies":[{"embeddable":true,"href":"https:\/\/lefthander-consulting.org\/deutsch\/wp-json\/wp\/v2\/comments?post=2190"}],"version-history":[{"count":3,"href":"https:\/\/lefthander-consulting.org\/deutsch\/wp-json\/wp\/v2\/pages\/2190\/revisions"}],"predecessor-version":[{"id":11989,"href":"https:\/\/lefthander-consulting.org\/deutsch\/wp-json\/wp\/v2\/pages\/2190\/revisions\/11989"}],"up":[{"embeddable":true,"href":"https:\/\/lefthander-consulting.org\/deutsch\/wp-json\/wp\/v2\/pages\/103"}],"wp:attachment":[{"href":"https:\/\/lefthander-consulting.org\/deutsch\/wp-json\/wp\/v2\/media?parent=2190"}],"curies":[{"name":"wp","href":"https:\/\/api.w.org\/{rel}","templated":true}]}}