{"id":2160,"date":"2019-01-12T18:40:59","date_gmt":"2019-01-12T17:40:59","guid":{"rendered":"https:\/\/lefthander-consulting.org\/information\/literatur\/auer-verlag\/"},"modified":"2019-05-08T08:24:07","modified_gmt":"2019-05-08T06:24:07","slug":"auer-verlag","status":"publish","type":"page","link":"https:\/\/lefthander-consulting.org\/deutsch\/information\/literatur\/auer-verlag\/","title":{"rendered":"Auer Verlag"},"content":{"rendered":"<h3 style=\"font-weight: 400\"><span style=\"font-family: arial, helvetica, sans-serif\">Auer Verlag<\/span><\/h3>\n<p style=\"font-weight: 400\"><span style=\"font-family: arial, helvetica, sans-serif\">Der Auer Verlag mit Sitz in Augsburg (westlich von M\u00fcnchen), bis vor kurzem auch mit Nebenstellen in Leipzig und Dortmund, hat eine lange Verlagstradition als einer der gr\u00f6\u00dften bayerischen Schulbuchverlage. Der Verlag publiziert f\u00fcr staatliche Bildungseinrichtungen p\u00e4dagogische Fachliteratur und besitzt eine ansehnliche wissenschaftliche Abteilung.<\/span><\/p>\n<p style=\"font-weight: 400\"><span style=\"font-family: arial, helvetica, sans-serif\">Teil der historischen Geb\u00e4ude der P\u00e4dagogischen Stiftung\u00a0Cassianeum,<\/span><br \/>\n<span style=\"font-family: arial, helvetica, sans-serif\">in der der\u00a0<a href=\"http:\/\/www.auer-verlag.de\/\">Auer Verlag<\/a>\u00a0seinen Sitz hat.<\/span><\/p>\n<p style=\"font-weight: 400\"><span style=\"font-family: arial, helvetica, sans-serif\">Gr\u00fcnder und Namensgeber war der P\u00e4dagoge Ludwig Auer. Die von ihm ins Leben gerufene und bis heute t\u00e4tige\u00a0P\u00e4dagogische\u00a0Stiftung\u00a0Cassianeum\u00a0hielt lange Zeit Anteile des Auer Verlags, besitzt verschiedene Liegenschaften, einschlie\u00dflich eines ehemaligen Klosters mit Kirche und Nebengeb\u00e4uden, in denen eine Schule mit Internat, die Stiftung\u00a0Cassianeum\u00a0und der Verlag untergebracht sind.<\/span><\/p>\n<p style=\"font-weight: 400\"><span style=\"font-family: arial, helvetica, sans-serif\">Die Stiftung\u00a0Cassianeum\u00a0vergibt j\u00e4hrlich einen Preis f\u00fcr eine wissenschaftliche Arbeit \u00fcber Kinder in Sondersituationen.<\/span><\/p>\n<p><span style=\"font-family: arial, helvetica, sans-serif\">Erste deutsche Beratungs- und Informationsstelle f\u00fcr Linksh\u00e4nder und umgeschulte Linksh\u00e4nder, Sendlinger Str. 17, 80331 M\u00fcnchen, Tel. \/ Fax: +49 \/ 89 \/ 26 86 14, <a href=\"https:\/\/lefthander-consulting.org\">https:\/\/lefthander-consulting.org<\/a>, e-mail: info@lefthander-consulting.org<\/span><\/p>\n","protected":false},"excerpt":{"rendered":"<p>Auer Verlag Der Auer Verlag mit Sitz in Augsburg (westlich von M\u00fcnchen), bis vor kurzem auch mit Nebenstellen in Leipzig und Dortmund, hat eine lange Verlagstradition als einer der gr\u00f6\u00dften bayerischen Schulbuchverlage. Der Verlag publiziert f\u00fcr staatliche Bildungseinrichtungen p\u00e4dagogische Fachliteratur und besitzt eine ansehnliche wissenschaftliche Abteilung. Teil der historischen Geb\u00e4ude der P\u00e4dagogischen Stiftung\u00a0Cassianeum, in der der\u00a0Auer Verlag\u00a0seinen Sitz hat. Gr\u00fcnder und Namensgeber war der P\u00e4dagoge Ludwig Auer. Die von ihm ins Leben gerufene und bis heute t\u00e4tige\u00a0P\u00e4dagogische\u00a0Stiftung\u00a0Cassianeum\u00a0hielt lange Zeit Anteile des Auer Verlags, besitzt verschiedene Liegenschaften, einschlie\u00dflich eines ehemaligen Klosters mit Kirche und Nebengeb\u00e4uden, in denen eine Schule mit Internat, die Stiftung\u00a0Cassianeum\u00a0und der Verlag untergebracht sind. Die Stiftung\u00a0Cassianeum\u00a0vergibt j\u00e4hrlich einen Preis f\u00fcr eine wissenschaftliche Arbeit \u00fcber Kinder in Sondersituationen. Erste deutsche Beratungs- und Informationsstelle f\u00fcr Linksh\u00e4nder und umgeschulte Linksh\u00e4nder, Sendlinger Str. 17, 80331 M\u00fcnchen, Tel. \/ Fax: +49 \/ 89 \/ 26 86 14, https:\/\/lefthander-consulting.org, e-mail: info@lefthander-consulting.org<\/p>\n","protected":false},"author":1,"featured_media":0,"parent":41,"menu_order":27,"comment_status":"closed","ping_status":"closed","template":"","meta":{"_cbd_carousel_blocks":"[]","footnotes":""},"class_list":["post-2160","page","type-page","status-publish"],"_links":{"self":[{"href":"https:\/\/lefthander-consulting.org\/deutsch\/wp-json\/wp\/v2\/pages\/2160","targetHints":{"allow":["GET"]}}],"collection":[{"href":"https:\/\/lefthander-consulting.org\/deutsch\/wp-json\/wp\/v2\/pages"}],"about":[{"href":"https:\/\/lefthander-consulting.org\/deutsch\/wp-json\/wp\/v2\/types\/page"}],"author":[{"embeddable":true,"href":"https:\/\/lefthander-consulting.org\/deutsch\/wp-json\/wp\/v2\/users\/1"}],"replies":[{"embeddable":true,"href":"https:\/\/lefthander-consulting.org\/deutsch\/wp-json\/wp\/v2\/comments?post=2160"}],"version-history":[{"count":5,"href":"https:\/\/lefthander-consulting.org\/deutsch\/wp-json\/wp\/v2\/pages\/2160\/revisions"}],"predecessor-version":[{"id":5357,"href":"https:\/\/lefthander-consulting.org\/deutsch\/wp-json\/wp\/v2\/pages\/2160\/revisions\/5357"}],"up":[{"embeddable":true,"href":"https:\/\/lefthander-consulting.org\/deutsch\/wp-json\/wp\/v2\/pages\/41"}],"wp:attachment":[{"href":"https:\/\/lefthander-consulting.org\/deutsch\/wp-json\/wp\/v2\/media?parent=2160"}],"curies":[{"name":"wp","href":"https:\/\/api.w.org\/{rel}","templated":true}]}}