{"id":2139,"date":"2019-01-12T17:37:17","date_gmt":"2019-01-12T16:37:17","guid":{"rendered":"https:\/\/lefthander-consulting.org\/netzwerk\/angebote\/zusatzausbildung\/"},"modified":"2019-04-12T09:20:16","modified_gmt":"2019-04-12T07:20:16","slug":"zusatzausbildung","status":"publish","type":"page","link":"https:\/\/lefthander-consulting.org\/deutsch\/netzwerk\/angebote\/zusatzausbildung\/","title":{"rendered":"Zusatzausbildung"},"content":{"rendered":"<p style=\"font-weight: 400;text-align: center\"><span style=\"font-family: arial, helvetica, sans-serif;font-size: 14pt\">zum\/zur<\/span><\/p>\n<h3 style=\"font-weight: 400;text-align: center\"><span style=\"font-family: arial, helvetica, sans-serif;font-size: 20pt\">S-MH<sup>\u00ae<\/sup> Linksh\u00e4nder-BeraterIn<\/span><\/h3>\n<p style=\"font-weight: 400;text-align: center\"><span style=\"font-family: arial, helvetica, sans-serif;font-size: 14pt\">nach Methodik Dr. Johanna Barbara Sattler<\/span><\/p>\n<h3>Seminare &amp; Vortr\u00e4ge<\/h3>\n<table width=\"97%\">\n<tbody>\n<tr>\n<td>Die\u00a0<em>Zusatzausbildung zum\/zur Linksh\u00e4nder-BeraterIn nach Methodik Dr. Johanna Barbara Sattler<\/em>\u00a0k\u00f6nnen Fachleute erwerben, die eine Berufsausbildung und Berufserfahrungen in p\u00e4dagogischen, therapeutischen oder medizinischen Bereichen haben. Genauere Einzelheiten finden Sie auf unserer Seite\u00a0<a href=\"https:\/\/lefthander-consulting.org\/deutsch\/aktuelles\/zusatzausbildung-zum-s-mh-berater\/\">Zusatzausbildung<\/a>.<\/p>\n<p>Frau Dr. Sattler f\u00fchrt bei den im Folgenden aufgef\u00fchrten Veranstaltern und an verschiedenen Orten die Kurse der Zusatzausbildung durch; Preis und Ort erfragen Sie bitte bei den Veranstaltern:<\/td>\n<\/tr>\n<\/tbody>\n<\/table>\n<p style=\"font-weight: 400\"><b><strong>Akademie f\u00fcr praxisnahe Bildung<\/strong><\/b><\/p>\n<p style=\"font-weight: 400\">Lichtenhaidestr. 15, 96052 Bamberg, Tel. 0951 \/ 20 20 76<br \/>\n<a href=\"http:\/\/www.akademiebamberg.de\">www.akademiebamberg.de<\/a><\/p>\n<table width=\"95%\">\n<tbody>\n<tr>\n<td style=\"width: 99%\" colspan=\"3\"><b><strong>M\u00fcnchen<\/strong><\/b><\/p>\n<p><b><strong>Achtung; Ge\u00e4nderter Kursort<\/strong><\/b>: Beratungsstelle f\u00fcr Linksh\u00e4nder, Sendlinger Str. 17, M\u00fcnchen, Tel 089 \/ 26 86 14<\/td>\n<\/tr>\n<tr>\n<td style=\"width: 182px\"><b><strong>Kursreihe:<\/strong><\/b><\/td>\n<td style=\"width: 182px\"><\/td>\n<td style=\"width: 182px\"><\/td>\n<\/tr>\n<tr>\n<td style=\"width: 182px\">3. Seminar-Block<\/td>\n<td style=\"width: 182px\">05.04.2019<br \/>\n06.04.2019<\/td>\n<td style=\"width: 182px\">10.00 &#8211; 19.00 Uhr<br \/>\n09.00 &#8211; 13.00 Uhr<\/td>\n<\/tr>\n<tr>\n<td style=\"width: 182px\">Supervisionsseminar<\/td>\n<td style=\"width: 182px\">09.10.2019<br \/>\n10.10.2019<\/td>\n<td style=\"width: 182px\">10.00 &#8211; 19.00 Uhr<br \/>\n09.00 &#8211; 13.00 Uhr<\/td>\n<\/tr>\n<tr>\n<td style=\"width: 182px\">4. Seminar-Block<\/td>\n<td style=\"width: 182px\">11.10.2019<br \/>\n12.10.2019<\/td>\n<td style=\"width: 182px\">10.00 &#8211; 19.00 Uhr<br \/>\n09.00 &#8211; 13.00 Uhr<\/td>\n<\/tr>\n<tr>\n<td style=\"width: 182px\">Supervisionsseminar<\/td>\n<td style=\"width: 182px\">M\u00e4rz 2020<\/td>\n<td style=\"width: 182px\">10.00 &#8211; 19.00 Uhr<br \/>\n09.00 &#8211; 13.00 Uhr<\/td>\n<\/tr>\n<tr>\n<td style=\"width: 182px\">5. Seminar-Block<\/td>\n<td style=\"width: 182px\">M\u00e4rz 2020<\/td>\n<td style=\"width: 182px\">10.00 &#8211; 19.00 Uhr<br \/>\n09.00 &#8211; 13.00 Uhr<\/td>\n<\/tr>\n<tr>\n<td style=\"width: 182px\">6. Seminar-Block<\/td>\n<td style=\"width: 182px\">September 2020<\/td>\n<td style=\"width: 182px\">10.00 &#8211; 19.00 Uhr<br \/>\n09.00 &#8211; 13.00 Uhr<\/td>\n<\/tr>\n<\/tbody>\n<\/table>\n<table style=\"height: 408px;width: 95%\" width=\"95%\">\n<tbody>\n<tr style=\"height: 24px\">\n<td style=\"width: 99.5727%;height: 24px\" colspan=\"3\"><b><strong>Bad Nenndorf\u00a0<\/strong><\/b>bei Hannover<\/td>\n<\/tr>\n<tr style=\"height: 24px\">\n<td style=\"width: 33.1909%;height: 24px\"><b><strong>Kursreihe:<\/strong><\/b><\/td>\n<td style=\"width: 33.1909%;height: 24px\"><\/td>\n<td style=\"width: 33.1909%;height: 24px\"><\/td>\n<\/tr>\n<tr style=\"height: 96px\">\n<td style=\"width: 33.1909%;height: 50px\">1. Seminar-Block<\/td>\n<td style=\"width: 33.1909%;height: 50px\">28.04.2019<br \/>\n29.04.2019<\/td>\n<td style=\"width: 33.1909%;height: 50px\">10.00 &#8211; 19.00 Uhr<br \/>\n09.00 &#8211; 13.00 Uhr<\/td>\n<\/tr>\n<tr style=\"height: 96px\">\n<td style=\"width: 33.1909%;height: 45px\">2. Seminar-Block<\/td>\n<td style=\"width: 33.1909%;height: 45px\">29.09.2019<br \/>\n30.09.2019<\/td>\n<td style=\"width: 33.1909%;height: 45px\">10.00 &#8211; 19.00 Uhr<br \/>\n09.00 &#8211; 13.00 Uhr<\/td>\n<\/tr>\n<tr style=\"height: 96px\">\n<td style=\"width: 33.1909%;height: 52px\">3. Seminar-Block<\/td>\n<td style=\"width: 33.1909%;height: 52px\">14.02.2020<br \/>\n15.02.2020<\/td>\n<td style=\"width: 33.1909%;height: 52px\">10.00 &#8211; 19.00 Uhr<br \/>\n09.00 &#8211; 13.00 Uhr<\/td>\n<\/tr>\n<tr style=\"height: 96px\">\n<td style=\"width: 33.1909%;height: 52px\">Supervisionsseminar<\/td>\n<td style=\"width: 33.1909%;height: 52px\">19.06.2020<br \/>\n20.06.2020<\/td>\n<td style=\"width: 33.1909%;height: 52px\">10.00 &#8211; 19.00 Uhr<br \/>\n09.00 &#8211; 13.00 Uhr<\/td>\n<\/tr>\n<tr style=\"height: 96px\">\n<td style=\"width: 33.1909%;height: 53px\">4. Seminar-Block<\/td>\n<td style=\"width: 33.1909%;height: 53px\">21.06.2020<br \/>\n22.06.2020<\/td>\n<td style=\"width: 33.1909%;height: 53px\">10.00 &#8211; 19.00 Uhr<br \/>\n&#8218;09.00 &#8211; 13.00 Uhr<\/td>\n<\/tr>\n<tr style=\"height: 96px\">\n<td style=\"width: 33.1909%;height: 42px\">Supervisionsseminar<\/td>\n<td style=\"width: 33.1909%;height: 42px\">16.10.2020<br \/>\n17.10.2020<\/td>\n<td style=\"width: 33.1909%;height: 42px\">10.00 &#8211; 19.00 Uhr<br \/>\n09.00 &#8211; 13.00 Uhr<\/td>\n<\/tr>\n<tr style=\"height: 96px\">\n<td style=\"width: 33.1909%;height: 34px\">5. Seminar-Block<\/td>\n<td style=\"width: 33.1909%;height: 34px\">18.10.2020<br \/>\n19.10.2020<\/td>\n<td style=\"width: 33.1909%;height: 34px\">10.00 &#8211; 19.00 Uhr<br \/>\n09.00 &#8211; 13.00 Uhr<\/td>\n<\/tr>\n<tr style=\"height: 96px\">\n<td style=\"width: 33.1909%;height: 32px\">6 Seminar-Block<\/td>\n<td style=\"width: 33.1909%;height: 32px\">April 2021<\/td>\n<td style=\"width: 33.1909%;height: 32px\">10.00 &#8211; 19.00 Uhr<br \/>\n09.00 &#8211; 13.00 Uhr<\/td>\n<\/tr>\n<\/tbody>\n<\/table>\n<p style=\"font-weight: 400\"><b><strong>Institut f\u00fcr Fortbildung und Beratung &#8211; INFO<\/strong><\/b><\/p>\n<p style=\"font-weight: 400\">Hermann-Pr\u00fcser-Str. 4, 28237 Bremen, Tel. 0421 \/ 3 49 92 47<br \/>\n<a href=\"http:\/\/www.info-in-bremen.de\">www.info-in-bremen.de<\/a><\/p>\n<table width=\"0\">\n<tbody>\n<tr>\n<td colspan=\"4\" width=\"99%\"><b><strong>Bremen<\/strong><\/b><\/td>\n<\/tr>\n<tr>\n<td width=\"23%\"><b><strong>Kursreihe:<\/strong><\/b><\/td>\n<td width=\"16%\"><\/td>\n<td width=\"19%\"><\/td>\n<td width=\"38%\"><\/td>\n<\/tr>\n<tr>\n<td width=\"23%\">4. Seminar-Block<\/td>\n<td width=\"16%\">26.04.2019<br \/>\n27.04.2019<\/td>\n<td width=\"19%\">10.00 &#8211; 19.00 Uhr<br \/>\n09.00 &#8211; 13.00 Uhr<\/td>\n<td width=\"38%\"><\/td>\n<\/tr>\n<tr>\n<td width=\"23%\">Supervisionsseminar<\/td>\n<td width=\"16%\">25.09.2019<br \/>\n26.09.2019<\/td>\n<td width=\"19%\">10.00 &#8211; 19.00 Uhr<br \/>\n09.00 &#8211; 13.00 Uhr<\/td>\n<td width=\"38%\"><\/td>\n<\/tr>\n<tr>\n<td width=\"23%\">5. Seminar-Block<\/td>\n<td width=\"16%\">27.09.2019<br \/>\n28.09.2019<\/td>\n<td width=\"19%\">10.00 &#8211; 19.00 Uhr<br \/>\n09.00 &#8211; 13.00 Uhr<\/td>\n<td width=\"38%\"><\/td>\n<\/tr>\n<tr>\n<td width=\"23%\">6. Seminar-Block<\/td>\n<td width=\"16%\">24.04.2020<br \/>\n25.04.2020<\/td>\n<td width=\"19%\">10.00 &#8211; 19.00 Uhr<br \/>\n09.00 &#8211; 13.00 Uhr<\/td>\n<td width=\"38%\"><\/td>\n<\/tr>\n<tr>\n<td width=\"23%\"><b><strong>N\u00e4chste Kursreihe:<\/strong><\/b><\/td>\n<td width=\"16%\"><\/td>\n<td width=\"19%\"><\/td>\n<td width=\"38%\"><\/td>\n<\/tr>\n<tr>\n<td width=\"23%\">1. Seminar-Block<\/td>\n<td width=\"16%\">08.09.2019<br \/>\n09.09.2019<\/td>\n<td width=\"19%\">10.00 &#8211; 19.00 Uhr<br \/>\n09.00 &#8211; 13.00 Uhr<\/td>\n<td width=\"38%\"><\/td>\n<\/tr>\n<tr>\n<td width=\"23%\">1. Seminar-Block<\/td>\n<td width=\"16%\">16.02.2020<br \/>\n17.02.2020<\/td>\n<td width=\"19%\">10.00 &#8211; 19.00 Uhr<br \/>\n09.00 &#8211; 13.00 Uhr<\/td>\n<td width=\"38%\"><\/td>\n<\/tr>\n<tr>\n<td width=\"23%\">2. Seminar-Block<\/td>\n<td width=\"16%\">26.04.2020<br \/>\n27.04.2020<\/td>\n<td width=\"19%\">10.00 &#8211; 19.00 Uhr<br \/>\n09.00 &#8211; 13.00 Uhr<\/td>\n<td width=\"38%\"><\/td>\n<\/tr>\n<\/tbody>\n<\/table>\n<p style=\"font-weight: 400\"><b><strong>Fobi-ZENtrum Carpe Diem Berlin<\/strong><\/b><\/p>\n<p style=\"font-weight: 400\">Uhlandstr. 101, 10715 Berlin,\u00a0Tel. 030 \/ 85 40 89 81<br \/>\n<a href=\"http:\/\/www.fobi-zentrum-berlin.de\">www.fobi-zentrum-berlin.de<\/a><\/p>\n<table width=\"0\">\n<tbody>\n<tr>\n<td colspan=\"4\" width=\"99%\"><b><strong>Berlin<\/strong><\/b><\/td>\n<\/tr>\n<tr>\n<td width=\"23%\"><b><strong>Kursreihe:<\/strong><\/b><\/td>\n<td width=\"16%\"><\/td>\n<td width=\"19%\"><\/td>\n<td width=\"38%\"><\/td>\n<\/tr>\n<tr>\n<td width=\"23%\">3. Seminar-Block<\/td>\n<td width=\"16%\">17.05.2019<br \/>\n18.05.2019<\/td>\n<td width=\"19%\">09.00 &#8211; 17.00 Uhr<br \/>\n09.00 &#8211; 16.00 Uhr<\/td>\n<td width=\"38%\"><\/td>\n<\/tr>\n<tr>\n<td width=\"23%\">4. Seminar-Block<\/td>\n<td width=\"16%\">22.11.2019<br \/>\n23.11.2019<\/td>\n<td width=\"19%\">09.00 &#8211; 17.00 Uhr<br \/>\n09.00 &#8211; 16.00 Uhr<\/td>\n<td width=\"38%\"><\/td>\n<\/tr>\n<tr>\n<td width=\"23%\">5. Seminar-Block<\/td>\n<td width=\"16%\">20.03.2020<br \/>\n21.03.2020<\/td>\n<td width=\"19%\">09.00 &#8211; 17.00 Uhr<br \/>\n09.00 &#8211; 16.00 Uhr<\/td>\n<td width=\"38%\"><\/td>\n<\/tr>\n<tr>\n<td width=\"23%\">Supervisionsseminar<\/td>\n<td width=\"16%\">22.03.2020<br \/>\n23.03.2020<\/td>\n<td width=\"19%\">09.00 &#8211; 17.00 Uhr<br \/>\n09.00 &#8211; 16.00 Uhr<\/td>\n<td width=\"38%\"><\/td>\n<\/tr>\n<tr>\n<td width=\"23%\">6. Seminar-Block<\/td>\n<td width=\"16%\">21.08.2020<br \/>\n22.08.2020<\/td>\n<td width=\"19%\">09.00 &#8211; 17.00 Uhr<\/p>\n<p>09.00 &#8211; 16.00 Uhr<\/td>\n<td width=\"38%\"><\/td>\n<\/tr>\n<tr>\n<td width=\"23%\"><b><strong>N\u00e4chste Kursreihe:<\/strong><\/b><\/td>\n<td width=\"16%\"><\/td>\n<td width=\"19%\"><\/td>\n<td width=\"38%\"><\/td>\n<\/tr>\n<tr>\n<td width=\"23%\">1. Seminar-Block<\/td>\n<td width=\"16%\">24.11.2019<br \/>\n25.11.2019<\/td>\n<td width=\"19%\">09.00 &#8211; 17.00 Uhr<br \/>\n09.00 &#8211; 16.00 Uhr<\/td>\n<td width=\"38%\"><\/td>\n<\/tr>\n<tr>\n<td width=\"23%\">2. Seminar-Block<\/td>\n<td width=\"16%\">16.03.2020<br \/>\n17.03.2020<\/td>\n<td width=\"19%\">09.00 &#8211; 17.00 Uhr<br \/>\n09.00 &#8211; 16.00 Uhr<\/td>\n<td width=\"38%\"><\/td>\n<\/tr>\n<tr>\n<td width=\"23%\">3. Seminar-Block<\/td>\n<td width=\"16%\">23.08.2020<br \/>\n24.08.2020<\/td>\n<td width=\"19%\">09.00 &#8211; 17.00 Uhr<br \/>\n09.00 &#8211; 16.00 Uhr<\/td>\n<td width=\"38%\"><\/td>\n<\/tr>\n<tr>\n<td width=\"23%\">4. Seminar-Block<\/td>\n<td width=\"16%\">20.11.2020<br \/>\n21.11.2020<\/td>\n<td width=\"19%\">09.00 &#8211; 17.00 Uhr<br \/>\n09.00 &#8211; 16.00 Uhr<\/td>\n<td width=\"38%\"><\/td>\n<\/tr>\n<tr>\n<td width=\"23%\">Supervisionsseminar<\/td>\n<td width=\"16%\">22.11.2020<br \/>\n23.11.2020<\/td>\n<td width=\"19%\">09.00 &#8211; 17.00 Uhr<br \/>\n09.00 &#8211; 16.00 Uhr<\/td>\n<td width=\"38%\"><\/td>\n<\/tr>\n<tr>\n<td width=\"23%\">5. Seminar-Block<\/td>\n<td width=\"16%\">23.04.2021<br \/>\n24.04.2021<\/td>\n<td width=\"19%\">09.00 &#8211; 17.00 Uhr<br \/>\n09.00 &#8211; 16.00 Uhr<\/td>\n<td width=\"38%\"><\/td>\n<\/tr>\n<tr>\n<td width=\"23%\">6. Seminar-Block<\/td>\n<td width=\"16%\">20.08.2021<br \/>\n21.08.2021<\/td>\n<td width=\"19%\">09.00 &#8211; 17.00 Uhr<br \/>\n09.00 &#8211; 16.00 Uhr<\/td>\n<td width=\"38%\"><\/td>\n<\/tr>\n<\/tbody>\n<\/table>\n<p style=\"font-weight: 400\"><b><strong>Heimerer Akademie<\/strong><\/b><\/p>\n<p style=\"font-weight: 400\">Hohmannstr. 7b, 04129 Leipzig, Tel. 03421 \/ 72 87 72 \u2013 0<br \/>\n<a href=\"http:\/\/www.heimerer-akademie.de\/index.php?id=53\">www.heimerer-akademie.de<\/a><b><strong>\u00a0<\/strong><\/b><\/p>\n<table width=\"0\">\n<tbody>\n<tr>\n<td colspan=\"4\" width=\"99%\"><b><strong>Leipzig<\/strong><\/b><\/td>\n<\/tr>\n<tr>\n<td width=\"23%\"><b><strong>Kursreihe:<\/strong><\/b><\/td>\n<td width=\"16%\"><\/td>\n<td width=\"20%\"><\/td>\n<td width=\"38%\"><\/td>\n<\/tr>\n<tr>\n<td width=\"23%\">2. Seminar-Block<\/td>\n<td width=\"16%\">24.05.2019<br \/>\n25.05.2019<\/td>\n<td width=\"20%\">09.00 &#8211; 16.00 Uhr<br \/>\n09.00 &#8211; 16.00 Uhr<\/td>\n<td width=\"38%\"><\/td>\n<\/tr>\n<tr>\n<td width=\"23%\">3. Seminar-Block<\/td>\n<td width=\"16%\">25.10.2019<br \/>\n26.10.2019<\/td>\n<td width=\"20%\">09.00 &#8211; 16.00 Uhr<br \/>\n09.00 &#8211; 16.00 Uhr<\/td>\n<td width=\"38%\"><\/td>\n<\/tr>\n<\/tbody>\n<\/table>\n<table width=\"0\">\n<tbody>\n<tr>\n<td colspan=\"4\" width=\"99%\"><b><strong>M\u00fcnchen<\/strong><\/b><\/td>\n<\/tr>\n<tr>\n<td width=\"23%\"><b><strong>Kursreihe:<\/strong><\/b><\/td>\n<td width=\"16%\"><\/td>\n<td width=\"19%\"><\/td>\n<td width=\"39%\"><\/td>\n<\/tr>\n<tr>\n<td width=\"23%\">1. Seminar-Block<\/td>\n<td width=\"16%\">15.02.2019<br \/>\n16.02.2019<\/td>\n<td width=\"19%\">09.00 &#8211; 16.00 Uhr<br \/>\n09.00 &#8211; 16.00 Uhr<\/td>\n<td width=\"39%\"><\/td>\n<\/tr>\n<tr>\n<td width=\"23%\">2. Seminar-Block<\/td>\n<td width=\"16%\">05.07.2019<br \/>\n06.07.2019<\/td>\n<td width=\"19%\">09.00 &#8211; 16.00 Uhr<br \/>\n09.00 &#8211; 16.00 Uhr<\/td>\n<td width=\"39%\"><\/td>\n<\/tr>\n<tr>\n<td width=\"23%\">3. Seminar-Block<\/td>\n<td width=\"16%\">29.11.2019<br \/>\n30.11.2019<\/td>\n<td width=\"19%\">09.00 &#8211; 16.00 Uhr<br \/>\n09.00 &#8211; 16.00 Uhr<\/td>\n<td width=\"39%\"><\/td>\n<\/tr>\n<\/tbody>\n<\/table>\n<table width=\"0\">\n<tbody>\n<tr>\n<td colspan=\"4\" width=\"99%\"><b><strong>Stuttgart<\/strong><\/b><\/td>\n<\/tr>\n<tr>\n<td width=\"22%\"><b><strong>N\u00e4chster Kursreihe:<\/strong><\/b><\/td>\n<td width=\"16%\"><\/td>\n<td width=\"19%\"><\/td>\n<td width=\"39%\"><\/td>\n<\/tr>\n<tr>\n<td width=\"22%\">1. Seminar-Block<\/td>\n<td width=\"16%\">03.05.2019<br \/>\n04.05.2019<\/td>\n<td width=\"19%\">09.00 &#8211; 16.00 Uhr<br \/>\n09.00 &#8211; 16.00 Uhr<\/td>\n<td width=\"39%\"><\/td>\n<\/tr>\n<tr>\n<td width=\"22%\">2. Seminar-Block<\/td>\n<td width=\"16%\">06.12.2019<br \/>\n07.12.2019<\/td>\n<td width=\"19%\">09.00 &#8211; 16.00 Uhr<br \/>\n09.00 &#8211; 16.00 Uhr<\/td>\n<td width=\"39%\"><\/td>\n<\/tr>\n<\/tbody>\n<\/table>\n<h3 style=\"font-weight: 400\">Weitere Orte, wo Seminare u.a. Veranstaltungen angeboten werden:<\/h3>\n<table width=\"0\">\n<tbody>\n<tr>\n<td width=\"99%\"><b><strong>\u00a0<\/strong><\/b><\/p>\n<p><b><strong>1.\u00a0\u00a0\u00a0\u00a0\u00a0\u00a0\u00a0<\/strong><\/b><b><strong>Seminar-Block<\/strong><\/b><\/td>\n<\/tr>\n<\/tbody>\n<\/table>\n<table width=\"0\">\n<tbody>\n<tr>\n<td colspan=\"4\" width=\"99%\"><b><strong>Dornstadt<\/strong><\/b><\/td>\n<\/tr>\n<tr>\n<td colspan=\"4\" width=\"99%\"><b><strong>Linksh\u00e4nder und umgeschulte Linksh\u00e4nder im p\u00e4dagogischen und therapeutischen Bereich<\/strong><\/b><\/td>\n<\/tr>\n<tr>\n<td width=\"16%\"><b><strong>Datum<\/strong><\/b><\/td>\n<td width=\"21%\"><b><strong>Uhrzeit<\/strong><\/b><\/td>\n<td width=\"30%\"><b><strong>Veranstalter und Ort<\/strong><\/b><\/td>\n<td width=\"30%\"><b><strong>Anmeldung<\/strong><\/b><\/td>\n<\/tr>\n<tr>\n<td width=\"16%\">08.07.2019<br \/>\n09.07.2019<\/td>\n<td width=\"21%\">09.00 &#8211; 16.30 Uhr<br \/>\n09.00 &#8211; 16.30 Uhr<\/td>\n<td width=\"30%\">Diakonisches Institut f\u00fcr soziale Berufe<\/td>\n<td width=\"30%\">Tel. 07348 \/ 98 74 73<\/td>\n<\/tr>\n<\/tbody>\n<\/table>\n<table width=\"0\">\n<tbody>\n<tr>\n<td colspan=\"4\" width=\"99%\"><b><strong>Supervisionsseminar f\u00fcr<\/strong><\/b><b><strong><br \/>\n<\/strong><\/b><b><strong>\u00a0zertifizierte Linksh\u00e4nderberaterInnen<\/strong><\/b><\/td>\n<\/tr>\n<tr>\n<td colspan=\"4\" width=\"99%\"><b><strong>M\u00fcnchen<\/strong><\/b><\/td>\n<\/tr>\n<tr>\n<td width=\"16%\"><b><strong>Datum<\/strong><\/b><\/td>\n<td width=\"19%\"><b><strong>Uhrzeit<\/strong><\/b><\/td>\n<td width=\"36%\"><b><strong>Veranstalter und Ort<\/strong><\/b><\/td>\n<td width=\"26%\"><b><strong>Anmeldung<\/strong><\/b><\/td>\n<\/tr>\n<tr>\n<td width=\"16%\">04.01.2019<br \/>\n05.01.2019<\/td>\n<td width=\"19%\">10.00 &#8211; 19.00 Uhr<br \/>\n09.00 &#8211; 13.00 Uhr<\/td>\n<td width=\"36%\">Beratungsstelle f\u00fcr Linksh\u00e4nder e.V.<br \/>\nSendlinger Str. 17<\/td>\n<td width=\"26%\">Tel. 089 \/ 26 86 14<\/td>\n<\/tr>\n<tr>\n<td colspan=\"4\" width=\"99%\"><\/td>\n<\/tr>\n<\/tbody>\n<\/table>\n<table width=\"0\">\n<tbody>\n<tr>\n<td colspan=\"4\" width=\"99%\"><b><strong>Neurologie &amp; H\u00e4ndigkeit<\/strong><\/b><\/td>\n<\/tr>\n<tr>\n<td colspan=\"4\" width=\"99%\"><b><strong>M\u00fcnchen<\/strong><\/b><\/td>\n<\/tr>\n<tr>\n<td width=\"16%\"><b><strong>Datum<\/strong><\/b><\/td>\n<td width=\"19%\"><b><strong>Uhrzeit<\/strong><\/b><\/td>\n<td width=\"36%\"><b><strong>Veranstalter und Ort<\/strong><\/b><\/td>\n<td width=\"26%\"><b><strong>Anmeldung<\/strong><\/b><\/td>\n<\/tr>\n<tr>\n<td width=\"16%\">12.07.2019<br \/>\n13.07.2019<\/td>\n<td width=\"19%\">10.00 &#8211; 19.00 Uhr<br \/>\n09.00 &#8211; 13.00 Uhr<\/td>\n<td width=\"36%\">Beratungsstelle f\u00fcr Linksh\u00e4nder e.V.<br \/>\nSendlinger Str. 17<\/td>\n<td width=\"26%\">Tel. 089 \/ 26 86 14<\/td>\n<\/tr>\n<tr>\n<td colspan=\"4\" width=\"99%\"><b><strong>Inhalt<\/strong><\/b>: In diesem Seminar werden wir uns mit folgenden Themenschwerpunkten besch\u00e4ftigen:<\/p>\n<p>\u00b7\u00a0\u00a0\u00a0\u00a0\u00a0\u00a0\u00a0\u00a0\u00a0\u00dcberlegungen von Prof. Dr. Annunciato w\u00e4hrend der Fachtagung \u201eNeurologie &amp; H\u00e4ndigkeit in Schloss Beuggen<\/p>\n<p>\u00b7\u00a0\u00a0\u00a0\u00a0\u00a0\u00a0\u00a0\u00a0\u00a0Erkenntnisse aus Forschungen von Prof. Dr. Siebner und Dr. Kl\u00f6ppel<\/p>\n<p>\u00b7\u00a0\u00a0\u00a0\u00a0\u00a0\u00a0\u00a0\u00a0\u00a0Umschulung der H\u00e4ndigkeit unter dem Aspekt der Plastizit\u00e4t des Gehirns<\/p>\n<p>\u00b7\u00a0\u00a0\u00a0\u00a0\u00a0\u00a0\u00a0\u00a0\u00a0Neurologische Pr\u00e4gung: Umwelt und Erziehung oder Vererbung?<\/p>\n<p>\u00b7\u00a0\u00a0\u00a0\u00a0\u00a0\u00a0\u00a0\u00a0\u00a0Langzeitfolgen und Konsequenzen der umgeschulten Linksh\u00e4ndigkeit<\/p>\n<p><b><strong>Zielgruppe<\/strong><\/b>: Zertifizierte Linksh\u00e4nder-BeraterInnen und Fachleute mit neurologischem Grundwissen<br \/>\n<b><strong>Dozentinnen:\u00a0<\/strong><\/b>Dr. J. Barbara Sattler und Wiebke Kaas<\/td>\n<\/tr>\n<\/tbody>\n<\/table>\n<h3 style=\"font-weight: 400\">Weitere Veranstaltungen<\/h3>\n<table width=\"0\">\n<tbody>\n<tr>\n<td colspan=\"4\" width=\"99%\"><b><strong>Vortrag<\/strong><\/b><\/td>\n<\/tr>\n<tr>\n<td colspan=\"4\" width=\"99%\"><b><strong>Oberschlei\u00dfheim<\/strong><\/b><\/td>\n<\/tr>\n<tr>\n<td colspan=\"4\" width=\"99%\"><b><strong>Das linksh\u00e4ndige Kind &#8211; seine Begabungen und seine Schwierigkeiten<\/strong><\/b><\/td>\n<\/tr>\n<tr>\n<td width=\"16%\"><b><strong>Datum<\/strong><\/b><\/td>\n<td width=\"21%\"><b><strong>Uhrzeit<\/strong><\/b><\/td>\n<td width=\"30%\"><b><strong>Veranstalter und Ort<\/strong><\/b><\/td>\n<td width=\"30%\"><b><strong>Anmeldung<\/strong><\/b><\/td>\n<\/tr>\n<tr>\n<td width=\"16%\">04.05.2020<\/td>\n<td width=\"21%\">19.30 Uhr<\/td>\n<td width=\"30%\">VHS- Oberschlei\u00dfheim<\/p>\n<p>B\u00fcrgerhaus Oberschlei\u00dfheim, Konferenzraum<\/td>\n<td width=\"30%\">Tel. . 089 \/ 3 15 38 06<\/td>\n<\/tr>\n<\/tbody>\n<\/table>\n<table width=\"0\">\n<tbody>\n<tr>\n<td style=\"width: 719px\" colspan=\"4\"><b><strong>Workshop f\u00fcr Kinder<\/strong><\/b><\/td>\n<\/tr>\n<tr>\n<td style=\"width: 719px\" colspan=\"4\"><b><strong>Oberschlei\u00dfheim<\/strong><\/b><\/td>\n<\/tr>\n<tr>\n<td style=\"width: 719px\" colspan=\"4\"><b><strong>Schreibhaltung mit links f\u00fcr Vorsch\u00fcler und Erstkl\u00e4sser &#8211; Anleitung von Kind und Eltern<\/strong><\/b><\/td>\n<\/tr>\n<tr>\n<td style=\"width: 166.25px\"><b><strong>Datum<\/strong><\/b><\/td>\n<td style=\"width: 166.25px\"><b><strong>Uhrzeit<\/strong><\/b><\/td>\n<td style=\"width: 166.25px\"><b><strong>Veranstalter und Ort<\/strong><\/b><\/td>\n<td style=\"width: 166.25px\"><b><strong>Anmeldung<\/strong><\/b><\/td>\n<\/tr>\n<tr>\n<td style=\"width: 166.25px\">18.04.2020<\/td>\n<td style=\"width: 166.25px\">16.00 &#8211; 18.00 Uhr<\/td>\n<td style=\"width: 166.25px\">VHS- Oberschlei\u00dfheim<\/p>\n<p>St.-Margarethenstr. 25 \/<br \/>\nOG, Kursraum 2<\/td>\n<td style=\"width: 166.25px\">Tel. . 089 \/ 3 15 38 06<\/p>\n<p>Beratungsstelle:<br \/>\nTel. . 089 \/ 26 86 14<\/td>\n<\/tr>\n<tr>\n<td style=\"width: 719px\" colspan=\"4\">Die Vorbereitung einer lockeren Schreibhaltung ist f\u00fcr linksh\u00e4ndige Kinder besonders wichtig. So k\u00f6nnen Haltungssch\u00e4den in der Schulzeit und im Erwachsenenalter vorgebeugt werden, die mit der heute noch h\u00e4ufig vorkommenden verkrampften Hakenhaltung der linken Schreibhand &#8222;von oben&#8220; zusammenh\u00e4ngen.<\/p>\n<p>In einem einmaligen Treffen soll versucht werden, dem linksh\u00e4ndigen Kind und seinen Eltern eine lockere Schreib- und Stifthaltung, sowie die angemessene Blattlage zu vermitteln. So soll es den Kindern erleichtert werden, in der Schule eine lockere, entspannte Schreibhaltung zu finden, in der sie dann auch das Verwischen der Tinte vermeiden. Eltern erlangen die Kompetenz, ihrem Kind Hilfestellung zu geben.<\/td>\n<\/tr>\n<\/tbody>\n<\/table>\n<table width=\"97%\">\n<tbody>\n<tr>\n<td>Eine Liste mit weiteren Angaben zu den Veranstaltungen k\u00f6nnen Sie in der\u00a0<em>\u201eErsten deutschen Beratungs- und Informationsstelle f\u00fcr Linksh\u00e4nder und umgeschulte Linksh\u00e4nder\u201c<\/em>\u00a0in M\u00fcnchen anfordern.<\/p>\n<p>Tel.: +49 \/ 89 \/ 26 86 14<\/p>\n<p>E-Mail: info@lefthander-consulting.org<\/td>\n<\/tr>\n<\/tbody>\n<\/table>\n<p style=\"font-weight: 400\">Stand: 29. M\u00e4rz 2019<\/p>\n","protected":false},"excerpt":{"rendered":"<p>zum\/zur S-MH\u00ae Linksh\u00e4nder-BeraterIn nach Methodik Dr. Johanna Barbara Sattler Seminare &amp; Vortr\u00e4ge Die\u00a0Zusatzausbildung zum\/zur Linksh\u00e4nder-BeraterIn nach Methodik Dr. Johanna Barbara Sattler\u00a0k\u00f6nnen Fachleute erwerben, die eine Berufsausbildung und Berufserfahrungen in p\u00e4dagogischen, therapeutischen oder medizinischen Bereichen haben. Genauere Einzelheiten finden Sie auf unserer Seite\u00a0Zusatzausbildung. Frau Dr. Sattler f\u00fchrt bei den im Folgenden aufgef\u00fchrten Veranstaltern und an verschiedenen Orten die Kurse der Zusatzausbildung durch; Preis und Ort erfragen Sie bitte bei den Veranstaltern: Akademie f\u00fcr praxisnahe Bildung Lichtenhaidestr. 15, 96052 Bamberg, Tel. 0951 \/ 20 20 76 www.akademiebamberg.de M\u00fcnchen Achtung; Ge\u00e4nderter Kursort: Beratungsstelle f\u00fcr Linksh\u00e4nder, Sendlinger Str. 17, M\u00fcnchen, Tel 089 \/ 26 86 14 Kursreihe: 3. Seminar-Block 05.04.2019 06.04.2019 10.00 &#8211; 19.00 Uhr 09.00 &#8211; 13.00 Uhr Supervisionsseminar 09.10.2019 10.10.2019 10.00 &#8211; 19.00 Uhr 09.00 &#8211; 13.00 Uhr 4. Seminar-Block 11.10.2019 12.10.2019 10.00 &#8211; 19.00 Uhr 09.00 &#8211; 13.00 Uhr Supervisionsseminar M\u00e4rz 2020 10.00 &#8211; 19.00 Uhr 09.00 &#8211; 13.00 Uhr 5. Seminar-Block M\u00e4rz 2020 10.00 &#8230; <a title=\"Zusatzausbildung\" class=\"read-more\" href=\"https:\/\/lefthander-consulting.org\/deutsch\/netzwerk\/angebote\/zusatzausbildung\/\" aria-label=\"Mehr Informationen \u00fcber Zusatzausbildung\">Read more<\/a><\/p>\n","protected":false},"author":1,"featured_media":0,"parent":37,"menu_order":0,"comment_status":"closed","ping_status":"closed","template":"","meta":{"_cbd_carousel_blocks":"[]","footnotes":""},"class_list":["post-2139","page","type-page","status-publish"],"_links":{"self":[{"href":"https:\/\/lefthander-consulting.org\/deutsch\/wp-json\/wp\/v2\/pages\/2139","targetHints":{"allow":["GET"]}}],"collection":[{"href":"https:\/\/lefthander-consulting.org\/deutsch\/wp-json\/wp\/v2\/pages"}],"about":[{"href":"https:\/\/lefthander-consulting.org\/deutsch\/wp-json\/wp\/v2\/types\/page"}],"author":[{"embeddable":true,"href":"https:\/\/lefthander-consulting.org\/deutsch\/wp-json\/wp\/v2\/users\/1"}],"replies":[{"embeddable":true,"href":"https:\/\/lefthander-consulting.org\/deutsch\/wp-json\/wp\/v2\/comments?post=2139"}],"version-history":[{"count":21,"href":"https:\/\/lefthander-consulting.org\/deutsch\/wp-json\/wp\/v2\/pages\/2139\/revisions"}],"predecessor-version":[{"id":4947,"href":"https:\/\/lefthander-consulting.org\/deutsch\/wp-json\/wp\/v2\/pages\/2139\/revisions\/4947"}],"up":[{"embeddable":true,"href":"https:\/\/lefthander-consulting.org\/deutsch\/wp-json\/wp\/v2\/pages\/37"}],"wp:attachment":[{"href":"https:\/\/lefthander-consulting.org\/deutsch\/wp-json\/wp\/v2\/media?parent=2139"}],"curies":[{"name":"wp","href":"https:\/\/api.w.org\/{rel}","templated":true}]}}