{"id":2094,"date":"2019-01-09T17:52:14","date_gmt":"2019-01-09T16:52:14","guid":{"rendered":"https:\/\/lefthander-consulting.org\/?page_id=2094"},"modified":"2025-08-15T14:34:43","modified_gmt":"2025-08-15T12:34:43","slug":"unterstuetzung","status":"publish","type":"page","link":"https:\/\/lefthander-consulting.org\/deutsch\/ueber-uns\/unterstuetzung\/","title":{"rendered":"Unterst\u00fctzung"},"content":{"rendered":"<p><span style=\"font-family: helvetica, arial, sans-serif;\">Liebe Nutzer der Angebote der Beratungsstelle f\u00fcr Linksh\u00e4nder in M\u00fcnchen,<\/span><\/p>\n<p><span style=\"font-family: helvetica, arial, sans-serif;\">die \u201e<em>Erste deutsche Beratungs- und Informationsstelle f\u00fcr Linksh\u00e4nder und umgeschulte Linksh\u00e4nder e.V.\u201c<\/em> ist eine gemeinn\u00fctzige Institution, die sich intensiv f\u00fcr die Belange von Linksh\u00e4ndern und umgeschulten Linksh\u00e4ndern einsetzt.<\/span><\/p>\n<p><span style=\"font-family: helvetica, arial, sans-serif;\">Dabei ist die Beratungsstelle auf Spendengelder angewiesen, um diese Aufgaben zu erhalten und zu erweitern, wie zum Beispiel: Zugang zu Informationen zur H\u00e4ndigkeit, \u00d6ffentlichkeitsarbeit, Verbraucherberatung, Netzwerk zwischen Eltern linksh\u00e4ndiger Kinder, umgeschulter Linksh\u00e4nder und zwischen Berufsgruppen wie Therapeuten, P\u00e4dagogen und \u00c4rzten.\u00a0 <\/span><\/p>\n<p><span style=\"font-family: helvetica, arial, sans-serif;\">Es geht auch darum, Menschen jeden Alters vor Umschulung und deren negativen Folgen zu bewahren und eine Chancengleichheit in Schule, Ausbildung und Arbeitsplatz zu erreichen.<\/span><\/p>\n<p><span style=\"font-family: helvetica, arial, sans-serif;\">Auch Sie k\u00f6nnen sich daf\u00fcr einsetzen und mit Ihrer <a href=\"https:\/\/lefthander-consulting.org\/deutsch\/wp-content\/uploads\/2019\/01\/Spendenzahlschein_DL_051218_Korr3.pdf\">Spende<\/a> daran teilhaben, dass Menschen nicht mehr umgeschult werden oder durch Umschulungsfolgen ihr Leben lang beeintr\u00e4chtigt und belastet sind. <\/span><\/p>\n<p><span style=\"font-family: helvetica, arial, sans-serif;\">Mit Ihrer Spende erm\u00f6glichen Sie, dass die Arbeit in der Beratungsstelle kontinuierlich aufrechterhalten und fortgef\u00fchrt werden kann.<br \/>\n<\/span><\/p>\n<p><span style=\"font-family: helvetica, arial, sans-serif;\">Vielen Dank! <\/span><\/p>\n<p><span style=\"font-family: helvetica, arial, sans-serif;\">Dr. Barbara Sattler<\/span><\/p>\n<p><span style=\"font-family: helvetica, arial, sans-serif;\">Leiterin und Vorsitzende der<\/span><br \/>\n<span style=\"font-family: helvetica, arial, sans-serif;\"><em>Ersten deutschen Beratungs- und Informationsstelle f\u00fcr<br \/>\nLinksh\u00e4nder und umgeschulte Linksh\u00e4nder e.V. <\/em><\/span><\/p>\n<p>&nbsp;<\/p>\n<p><span style=\"font-family: helvetica, arial, sans-serif;\"><strong>Bankverbindung:<\/strong>\u00a0 Konto bei der Postbank M\u00fcnchen IBAN DE78 7001 0080 0177 5308 07, BIC PBNKDEFF.<\/span><\/p>\n<p><span style=\"font-family: helvetica, arial, sans-serif;\"><strong>Anmerkung: <\/strong>Als gemeinn\u00fctzig anerkannter Verein k\u00f6nnen wir Ihnen gerne eine Spendenquittung ausstellen. Wenn Sie uns Ihre Adresse mitteilen, senden wir Ihnen eine Spendenquittung zu. <\/span><\/p>\n<p><strong><a href=\"https:\/\/lefthander-consulting.org\/deutsch\/ueber-uns\/unterstuetzung\/print\/\" title=\"Print This Post\" rel=\"nofollow\"><img decoding=\"async\" class=\"WP-PrintIcon\" src=\"https:\/\/lefthander-consulting.org\/deutsch\/wp-content\/plugins\/wp-print\/images\/print.gif\" alt=\"Print This Post\" title=\"Print This Post\" style=\"border: 0px;\" \/><\/a>&nbsp;<a href=\"https:\/\/lefthander-consulting.org\/deutsch\/ueber-uns\/unterstuetzung\/print\/\" title=\"Print This Post\" rel=\"nofollow\">Print This Post<\/a><\/strong><\/p>\n","protected":false},"excerpt":{"rendered":"<p>Liebe Nutzer der Angebote der Beratungsstelle f\u00fcr Linksh\u00e4nder in M\u00fcnchen, die \u201eErste deutsche Beratungs- und Informationsstelle f\u00fcr Linksh\u00e4nder und umgeschulte Linksh\u00e4nder e.V.\u201c ist eine gemeinn\u00fctzige Institution, die sich intensiv f\u00fcr die Belange von Linksh\u00e4ndern und umgeschulten Linksh\u00e4ndern einsetzt. Dabei ist die Beratungsstelle auf Spendengelder angewiesen, um diese Aufgaben zu erhalten und zu erweitern, wie zum Beispiel: Zugang zu Informationen zur H\u00e4ndigkeit, \u00d6ffentlichkeitsarbeit, Verbraucherberatung, Netzwerk zwischen Eltern linksh\u00e4ndiger Kinder, umgeschulter Linksh\u00e4nder und zwischen Berufsgruppen wie Therapeuten, P\u00e4dagogen und \u00c4rzten.\u00a0 Es geht auch darum, Menschen jeden Alters vor Umschulung und deren negativen Folgen zu bewahren und eine Chancengleichheit in Schule, Ausbildung und Arbeitsplatz zu erreichen. Auch Sie k\u00f6nnen sich daf\u00fcr einsetzen und mit Ihrer Spende daran teilhaben, dass Menschen nicht mehr umgeschult werden oder durch Umschulungsfolgen ihr Leben lang beeintr\u00e4chtigt und belastet sind. Mit Ihrer Spende erm\u00f6glichen Sie, dass die Arbeit in der Beratungsstelle kontinuierlich aufrechterhalten und fortgef\u00fchrt werden kann. Vielen Dank! Dr. Barbara Sattler Leiterin &#8230; <a title=\"Unterst\u00fctzung\" class=\"read-more\" href=\"https:\/\/lefthander-consulting.org\/deutsch\/ueber-uns\/unterstuetzung\/\" aria-label=\"Mehr Informationen \u00fcber Unterst\u00fctzung\">Read more<\/a><\/p>\n","protected":false},"author":4,"featured_media":0,"parent":319,"menu_order":63,"comment_status":"closed","ping_status":"closed","template":"","meta":{"_cbd_carousel_blocks":"[]","footnotes":""},"class_list":["post-2094","page","type-page","status-publish"],"_links":{"self":[{"href":"https:\/\/lefthander-consulting.org\/deutsch\/wp-json\/wp\/v2\/pages\/2094","targetHints":{"allow":["GET"]}}],"collection":[{"href":"https:\/\/lefthander-consulting.org\/deutsch\/wp-json\/wp\/v2\/pages"}],"about":[{"href":"https:\/\/lefthander-consulting.org\/deutsch\/wp-json\/wp\/v2\/types\/page"}],"author":[{"embeddable":true,"href":"https:\/\/lefthander-consulting.org\/deutsch\/wp-json\/wp\/v2\/users\/4"}],"replies":[{"embeddable":true,"href":"https:\/\/lefthander-consulting.org\/deutsch\/wp-json\/wp\/v2\/comments?post=2094"}],"version-history":[{"count":9,"href":"https:\/\/lefthander-consulting.org\/deutsch\/wp-json\/wp\/v2\/pages\/2094\/revisions"}],"predecessor-version":[{"id":2198,"href":"https:\/\/lefthander-consulting.org\/deutsch\/wp-json\/wp\/v2\/pages\/2094\/revisions\/2198"}],"up":[{"embeddable":true,"href":"https:\/\/lefthander-consulting.org\/deutsch\/wp-json\/wp\/v2\/pages\/319"}],"wp:attachment":[{"href":"https:\/\/lefthander-consulting.org\/deutsch\/wp-json\/wp\/v2\/media?parent=2094"}],"curies":[{"name":"wp","href":"https:\/\/api.w.org\/{rel}","templated":true}]}}