{"id":189,"date":"2018-06-10T18:47:03","date_gmt":"2018-06-10T16:47:03","guid":{"rendered":"https:\/\/lefthander-consulting.org\/?page_id=189"},"modified":"2025-08-15T14:34:42","modified_gmt":"2025-08-15T12:34:42","slug":"spielzeugbegruendung-2004","status":"publish","type":"page","link":"https:\/\/lefthander-consulting.org\/deutsch\/information\/kindergartenalter\/spielzeug-fuer-linkshaendige-kinder\/auszeichnung-2002-2013\/spielzeugbegruendung-2004\/","title":{"rendered":"Spielzeugbegr\u00fcndung 2004"},"content":{"rendered":"<p>&nbsp;<\/p>\n<p><strong><img loading=\"lazy\" decoding=\"async\" class=\"alignleft wp-image-2809\" src=\"https:\/\/lefthander-consulting.org\/deutsch\/wp-content\/uploads\/2019\/01\/Logo-Pr\u00e4mierung-Spielzeug-des-Jahres-300x300.jpg\" alt=\"\" width=\"250\" height=\"250\" srcset=\"https:\/\/lefthander-consulting.org\/deutsch\/wp-content\/uploads\/2019\/01\/Logo-Pr\u00e4mierung-Spielzeug-des-Jahres-300x300.jpg 300w, https:\/\/lefthander-consulting.org\/deutsch\/wp-content\/uploads\/2019\/01\/Logo-Pr\u00e4mierung-Spielzeug-des-Jahres-150x150.jpg 150w, https:\/\/lefthander-consulting.org\/deutsch\/wp-content\/uploads\/2019\/01\/Logo-Pr\u00e4mierung-Spielzeug-des-Jahres.jpg 617w\" sizes=\"auto, (max-width: 250px) 100vw, 250px\" \/><\/strong><\/p>\n<p>&nbsp;<\/p>\n<p><span style=\"font-size: 14pt\"><strong>Erste deutsche Beratungs- und Informationsstelle f\u00fcr <\/strong><\/span><br \/>\n<span style=\"font-size: 14pt\"><strong>Linksh\u00e4nder und umgeschulte Linksh\u00e4nder e.V.<\/strong><\/span><br \/>\n<span style=\"font-size: 14pt\">Sendlinger Str. 17<\/span><br \/>\n<span style=\"font-size: 14pt\">80331 M\u00fcnchen<\/span><br \/>\n<span style=\"font-size: 14pt\">Tel.\/Fax 089 \/ 26 86 14<\/span><\/p>\n<p>&nbsp;<\/p>\n<p>&nbsp;<\/p>\n<p style=\"font-weight: 400;text-align: center\"><span style=\"font-size: 14pt\">Begr\u00fcndung der Auszeichnung<\/span><\/p>\n<p style=\"font-weight: 400;text-align: center\"><span style=\"font-size: 18pt\"><b><strong>Spielzeug f\u00fcr linksh\u00e4ndige Kinder des Jahres 2004<\/strong><\/b><\/span><\/p>\n<p style=\"font-weight: 400;text-align: center\">f\u00fcr den Bumerang VARIO-RANG<\/p>\n<p style=\"font-weight: 400;text-align: center\"><strong><span style=\"font-size: 16pt\">der Firma Holz-Hoerz GmbH<\/span><\/strong><\/p>\n<p style=\"font-weight: 400\">Die Firma Holz-Hoerz hat den Bumerang\u00a0<b><strong>VARIO-RANG<\/strong><\/b>\u00a0entwickelt, der sowohl f\u00fcr Links- als auch Rechtsh\u00e4nder geeignet ist. Die Umwandlung von einem Linksh\u00e4nder- in ein Rechtsh\u00e4ndermodell ist dabei ganz einfach und kann mit Hilfe eines kleinen Kreuzschlitzschraubendrehers zusammengebaut und so der individuellen H\u00e4ndigkeit angepasst werden. Andererseits kann dieser Bumerang entsprechend der H\u00e4ndigkeit der Benutzer in unz\u00e4hlige Bumerangvarianten verwandelt werden und bietet so Links- und Rechtsh\u00e4ndern viel Spa\u00df durch immer neue Variationen und Flugversuche.<\/p>\n<p style=\"font-weight: 400;text-align: center\"><span style=\"font-size: 14pt\">Deshalb verleihen wir der Firma\u00a0Holz-Hoerz <\/span><br \/>\n<span style=\"font-size: 14pt\">f\u00fcr den Bumerang\u00a0<b><strong>VARIO-RANG<\/strong><\/b>\u00a0die Auszeichnung<\/span><\/p>\n<p style=\"font-weight: 400;text-align: center\"><span style=\"font-size: 14pt\"><b><strong>Spielzeug f\u00fcr linksh\u00e4ndige Kinder des Jahres 2004.<\/strong><\/b><\/span><\/p>\n<p style=\"font-weight: 400\">Als verdeutlichendes Beispiel w\u00e4hlen wir die Form &#8222;Tomahawk&#8220; des Bumerangs VARIO-RANG (Art. Nr. 143040) aus.<\/p>\n<figure id=\"attachment_154\" aria-describedby=\"caption-attachment-154\" style=\"width: 233px\" class=\"wp-caption alignleft\"><img loading=\"lazy\" decoding=\"async\" class=\"bild-rahmen wp-image-154 \" src=\"https:\/\/lefthander-consulting.org\/deutsch\/wp-content\/uploads\/2018\/06\/Holz-Hoerz-Bumerang-232x300.jpg\" alt=\"\" width=\"243\" height=\"315\" srcset=\"https:\/\/lefthander-consulting.org\/deutsch\/wp-content\/uploads\/2018\/06\/Holz-Hoerz-Bumerang-232x300.jpg 232w, https:\/\/lefthander-consulting.org\/deutsch\/wp-content\/uploads\/2018\/06\/Holz-Hoerz-Bumerang-116x150.jpg 116w, https:\/\/lefthander-consulting.org\/deutsch\/wp-content\/uploads\/2018\/06\/Holz-Hoerz-Bumerang-768x994.jpg 768w, https:\/\/lefthander-consulting.org\/deutsch\/wp-content\/uploads\/2018\/06\/Holz-Hoerz-Bumerang-791x1024.jpg 791w, https:\/\/lefthander-consulting.org\/deutsch\/wp-content\/uploads\/2018\/06\/Holz-Hoerz-Bumerang-50x65.jpg 50w, https:\/\/lefthander-consulting.org\/deutsch\/wp-content\/uploads\/2018\/06\/Holz-Hoerz-Bumerang-170x220.jpg 170w, https:\/\/lefthander-consulting.org\/deutsch\/wp-content\/uploads\/2018\/06\/Holz-Hoerz-Bumerang-77x100.jpg 77w, https:\/\/lefthander-consulting.org\/deutsch\/wp-content\/uploads\/2018\/06\/Holz-Hoerz-Bumerang-125x162.jpg 125w, https:\/\/lefthander-consulting.org\/deutsch\/wp-content\/uploads\/2018\/06\/Holz-Hoerz-Bumerang-124x160.jpg 124w, https:\/\/lefthander-consulting.org\/deutsch\/wp-content\/uploads\/2018\/06\/Holz-Hoerz-Bumerang-269x348.jpg 269w, https:\/\/lefthander-consulting.org\/deutsch\/wp-content\/uploads\/2018\/06\/Holz-Hoerz-Bumerang-312x404.jpg 312w, https:\/\/lefthander-consulting.org\/deutsch\/wp-content\/uploads\/2018\/06\/Holz-Hoerz-Bumerang-402x520.jpg 402w, https:\/\/lefthander-consulting.org\/deutsch\/wp-content\/uploads\/2018\/06\/Holz-Hoerz-Bumerang-66x86.jpg 66w, https:\/\/lefthander-consulting.org\/deutsch\/wp-content\/uploads\/2018\/06\/Holz-Hoerz-Bumerang.jpg 1568w\" sizes=\"auto, (max-width: 243px) 100vw, 243px\" \/><figcaption id=\"caption-attachment-154\" class=\"wp-caption-text\">&#8222;Tomahawk&#8220;,<br \/>Darstellung f\u00fcr Linksh\u00e4nder,<br \/>f\u00fcr Rechtsh\u00e4nder spiegelbildlich<\/figcaption><\/figure>\n<p style=\"font-weight: 400\"><span style=\"font-size: 14pt\"><strong>Beschreibung des Bumerangs<\/strong><\/span><br \/>\nDer VARIO-RANG besteht aus drei gleich langen Schichtholzleisten (L\u00e4nge 33 cm), welche an beiden Seiten gleich abgeschr\u00e4gt sind. Alle drei Leisten sind mit jeweils sieben Bohrl\u00f6chern versehen und k\u00f6nnen mittels dreier Schraubverbindungen beispielweise zu einem gleichschenkligen Dreieck oder zu einer beliebigen anderen flugf\u00e4higen Form verbunden werden.<\/p>\n<p style=\"font-weight: 400\"><span style=\"font-size: 14pt\"><strong>Zusammenbau<\/strong><\/span><br \/>\nBeim Zusammenbau ist darauf zu achten, dass die Abschr\u00e4gungen alle auf der gleichen Seite sind. Da immer ein Fl\u00fcgel den anderen in Rotationsrichtung &#8222;vorausfliegt&#8220;, ist zu bedenken, dass bei linksh\u00e4ndigem Gebrauch das vordere obere Ende der linken Leiste oben auf der rechten Nachbarleiste liegt; das unter Ende der Leiste liegt dann unter der anderen Nachbarleiste. Bei Rechtsh\u00e4ndern liegt das vordere obere Ende der rechten Leiste oben.<br \/>\nDie Schrauben sollen sich immer auf der flachen, nichtabgeschr\u00e4gten Leistenseite befinden. Dies ist wichtig f\u00fcr die Aerodynamik und damit f\u00fcr das Flugverhalten des VARIO-RANG.<\/p>\n<p style=\"font-weight: 400\"><span style=\"font-size: 14pt\"><strong>H\u00e4ndigkeitsgerechter Umbau<\/strong><\/span><br \/>\nDer Umbau von einem Linksh\u00e4nder- in ein Rechtsh\u00e4ndermodell ist denkbar einfach: Durch das L\u00f6sen einer Schraube kann der VARIO-RANG einfach umgeklappt und neu verschraubt werden. Dadurch ist die abwechselnde Handhabung des Bumerangs unter links- und rechtsh\u00e4ndigen Freunden und Familienmitgliedern problemlos in der Handhabung.<\/p>\n<p style=\"font-weight: 400\"><span style=\"font-size: 14pt\"><strong>Bau- und Bedienungsanleitung<\/strong><\/span><br \/>\nDem VARIO-RANG liegt eine Anleitung bei, die durch Texte und Abbildungen folgende Themen ber\u00fccksichtigt:<\/p>\n<ul>\n<li style=\"font-weight: 400\">die Montage f\u00fcr Links- und Rechtsh\u00e4nder<\/li>\n<li style=\"font-weight: 400\">Sicherheitshinweise<\/li>\n<li style=\"font-weight: 400\">eine genaue Anleitung zum Werfen und Fangen<\/li>\n<li style=\"font-weight: 400\">Hinweise zur Feinabstimmung (Tuning)<\/li>\n<li style=\"font-weight: 400\">Hinweis &#8222;wenn\u2019s einfach nicht\u00a0klappen will&#8220;<\/li>\n<li style=\"font-weight: 400\">auf die gegenl\u00e4ufige Flugbahn je nach H\u00e4ndigkeit wird hingewiesen:<br \/>\no bei Linksh\u00e4ndern fliegt der VARIO-RANG mit dem Uhrzeigersinn<br \/>\no bei Rechtsh\u00e4ndern entgegen dem Uhrzeigersinn<\/li>\n<\/ul>\n<p style=\"font-weight: 400\">Der VARIO-RANG passt zusammengeklappt (durch L\u00f6sen einer Schraube) mit der Anleitung in eine mitgelieferte Kunststoffbox und kann so platzsparend mitgenommen werden. Schraubendreher nicht vergessen!<\/p>\n<p style=\"font-weight: 400\"><span style=\"font-size: 14pt\"><strong>Altersempfehlung<\/strong><\/span><br \/>\nBei guten motorischen F\u00e4higkeiten und visueller Wahrnehmung ist der VARIO-RANG in bestimmten Varianten f\u00fcr Kinder ab ca. sechs bis sieben Jahren geeignet. Nach oben hin gibt es keine Altersbegrenzung f\u00fcr diesen Bumerang, der so ein gutes Spielzeug f\u00fcr \u00e4ltere Kinder, Jugendliche und sogar Erwachsene ist.<\/p>\n<p style=\"font-weight: 400\"><span style=\"font-size: 14pt\"><strong>Varianten des VARIO-RANGs f\u00fcr Kinder<\/strong><\/span><br \/>\nF\u00fcr Kinder sind besonders &#8222;Zweiteiler&#8220; empfehlenswert.<\/p>\n<p style=\"font-weight: 400\"><b><strong><img loading=\"lazy\" decoding=\"async\" class=\"bild-rahmen alignleft wp-image-195\" src=\"https:\/\/lefthander-consulting.org\/deutsch\/wp-content\/uploads\/2018\/06\/Image29-300x289.gif\" alt=\"\" width=\"190\" height=\"183\" srcset=\"https:\/\/lefthander-consulting.org\/deutsch\/wp-content\/uploads\/2018\/06\/Image29-300x289.gif 300w, https:\/\/lefthander-consulting.org\/deutsch\/wp-content\/uploads\/2018\/06\/Image29-150x144.gif 150w, https:\/\/lefthander-consulting.org\/deutsch\/wp-content\/uploads\/2018\/06\/Image29-768x739.gif 768w, https:\/\/lefthander-consulting.org\/deutsch\/wp-content\/uploads\/2018\/06\/Image29-1024x985.gif 1024w, https:\/\/lefthander-consulting.org\/deutsch\/wp-content\/uploads\/2018\/06\/Image29-65x63.gif 65w, https:\/\/lefthander-consulting.org\/deutsch\/wp-content\/uploads\/2018\/06\/Image29-220x212.gif 220w, https:\/\/lefthander-consulting.org\/deutsch\/wp-content\/uploads\/2018\/06\/Image29-104x100.gif 104w, https:\/\/lefthander-consulting.org\/deutsch\/wp-content\/uploads\/2018\/06\/Image29-168x162.gif 168w, https:\/\/lefthander-consulting.org\/deutsch\/wp-content\/uploads\/2018\/06\/Image29-166x160.gif 166w, https:\/\/lefthander-consulting.org\/deutsch\/wp-content\/uploads\/2018\/06\/Image29-362x348.gif 362w, https:\/\/lefthander-consulting.org\/deutsch\/wp-content\/uploads\/2018\/06\/Image29-420x404.gif 420w, https:\/\/lefthander-consulting.org\/deutsch\/wp-content\/uploads\/2018\/06\/Image29-540x520.gif 540w, https:\/\/lefthander-consulting.org\/deutsch\/wp-content\/uploads\/2018\/06\/Image29-86x83.gif 86w\" sizes=\"auto, (max-width: 190px) 100vw, 190px\" \/><\/strong><\/b><\/p>\n<p>&nbsp;<\/p>\n<p style=\"font-weight: 400\"><b><strong>1.a) &#8222;Fliegendes Kreuz&#8220;<\/strong><\/b><br \/>\nZwei Fl\u00fcgelteile werden mit einer Schraubverbindung in der Mitte zu einen Kreuz verbunden. Dieser Bumerang ist sehr leicht und fliegt &#8211; wenn mit wenig Kraft und Rotation aus dem Handgelenk &#8222;geschlenzt&#8220; &#8211; bei Windstille oder wenig Wind. Diese Variante ist v\u00f6llig ungef\u00e4hrlich.<\/p>\n<p>&nbsp;<\/p>\n<p style=\"font-weight: 400\"><b><strong><img loading=\"lazy\" decoding=\"async\" class=\"bild-rahmen alignleft wp-image-196\" src=\"https:\/\/lefthander-consulting.org\/deutsch\/wp-content\/uploads\/2018\/06\/Image30-300x296.gif\" alt=\"\" width=\"190\" height=\"187\" srcset=\"https:\/\/lefthander-consulting.org\/deutsch\/wp-content\/uploads\/2018\/06\/Image30-300x296.gif 300w, https:\/\/lefthander-consulting.org\/deutsch\/wp-content\/uploads\/2018\/06\/Image30-150x148.gif 150w, https:\/\/lefthander-consulting.org\/deutsch\/wp-content\/uploads\/2018\/06\/Image30-768x757.gif 768w, https:\/\/lefthander-consulting.org\/deutsch\/wp-content\/uploads\/2018\/06\/Image30-1024x1009.gif 1024w, https:\/\/lefthander-consulting.org\/deutsch\/wp-content\/uploads\/2018\/06\/Image30-65x65.gif 65w, https:\/\/lefthander-consulting.org\/deutsch\/wp-content\/uploads\/2018\/06\/Image30-220x217.gif 220w, https:\/\/lefthander-consulting.org\/deutsch\/wp-content\/uploads\/2018\/06\/Image30-102x100.gif 102w, https:\/\/lefthander-consulting.org\/deutsch\/wp-content\/uploads\/2018\/06\/Image30-164x162.gif 164w, https:\/\/lefthander-consulting.org\/deutsch\/wp-content\/uploads\/2018\/06\/Image30-162x160.gif 162w, https:\/\/lefthander-consulting.org\/deutsch\/wp-content\/uploads\/2018\/06\/Image30-353x348.gif 353w, https:\/\/lefthander-consulting.org\/deutsch\/wp-content\/uploads\/2018\/06\/Image30-410x404.gif 410w, https:\/\/lefthander-consulting.org\/deutsch\/wp-content\/uploads\/2018\/06\/Image30-528x520.gif 528w, https:\/\/lefthander-consulting.org\/deutsch\/wp-content\/uploads\/2018\/06\/Image30-86x86.gif 86w\" sizes=\"auto, (max-width: 190px) 100vw, 190px\" \/><\/strong><\/b><\/p>\n<p>&nbsp;<\/p>\n<p style=\"font-weight: 400\"><b><strong>1.b) &#8222;Fliegendes T&#8220;<\/strong><\/b><br \/>\nDas &#8222;Fliegende T&#8220; besteht ebenfalls aus nur zwei Fl\u00fcgelleisten und einer Schraubverbindung. Wurftechnik und Windbedingungen sind die gleichen wie beim &#8222;Fliegenden Kreuz&#8220;. Es verh\u00e4lt sich im Flug schon &#8222;temperamentvoller&#8220;, aber immer noch ungef\u00e4hrlich.<\/p>\n<p style=\"font-weight: 400\">Abbildungen: Diese beiden Modelle sind ohne Umbau von Links- und Rechtsh\u00e4ndern zu benutzen<\/p>\n<p>&nbsp;<\/p>\n<p style=\"font-weight: 400\"><span style=\"font-size: 14pt\"><strong>Varianten des VARIO-RANGs f\u00fcr Jugendliche und Erwachsene<\/strong><\/span><br \/>\nAls &#8222;Dreiteiler&#8220; bieten sich u.a. folgende Variationen an:<\/p>\n<p><b><strong>2.a) &#8222;Tomahawk&#8220;<img loading=\"lazy\" decoding=\"async\" class=\"bild-rahmen alignleft wp-image-154\" src=\"https:\/\/lefthander-consulting.org\/deutsch\/wp-content\/uploads\/2018\/06\/Holz-Hoerz-Bumerang-232x300.jpg\" alt=\"\" width=\"170\" height=\"220\" srcset=\"https:\/\/lefthander-consulting.org\/deutsch\/wp-content\/uploads\/2018\/06\/Holz-Hoerz-Bumerang-232x300.jpg 232w, https:\/\/lefthander-consulting.org\/deutsch\/wp-content\/uploads\/2018\/06\/Holz-Hoerz-Bumerang-116x150.jpg 116w, https:\/\/lefthander-consulting.org\/deutsch\/wp-content\/uploads\/2018\/06\/Holz-Hoerz-Bumerang-768x994.jpg 768w, https:\/\/lefthander-consulting.org\/deutsch\/wp-content\/uploads\/2018\/06\/Holz-Hoerz-Bumerang-791x1024.jpg 791w, https:\/\/lefthander-consulting.org\/deutsch\/wp-content\/uploads\/2018\/06\/Holz-Hoerz-Bumerang-50x65.jpg 50w, https:\/\/lefthander-consulting.org\/deutsch\/wp-content\/uploads\/2018\/06\/Holz-Hoerz-Bumerang-170x220.jpg 170w, https:\/\/lefthander-consulting.org\/deutsch\/wp-content\/uploads\/2018\/06\/Holz-Hoerz-Bumerang-77x100.jpg 77w, https:\/\/lefthander-consulting.org\/deutsch\/wp-content\/uploads\/2018\/06\/Holz-Hoerz-Bumerang-125x162.jpg 125w, https:\/\/lefthander-consulting.org\/deutsch\/wp-content\/uploads\/2018\/06\/Holz-Hoerz-Bumerang-124x160.jpg 124w, https:\/\/lefthander-consulting.org\/deutsch\/wp-content\/uploads\/2018\/06\/Holz-Hoerz-Bumerang-269x348.jpg 269w, https:\/\/lefthander-consulting.org\/deutsch\/wp-content\/uploads\/2018\/06\/Holz-Hoerz-Bumerang-312x404.jpg 312w, https:\/\/lefthander-consulting.org\/deutsch\/wp-content\/uploads\/2018\/06\/Holz-Hoerz-Bumerang-402x520.jpg 402w, https:\/\/lefthander-consulting.org\/deutsch\/wp-content\/uploads\/2018\/06\/Holz-Hoerz-Bumerang-66x86.jpg 66w, https:\/\/lefthander-consulting.org\/deutsch\/wp-content\/uploads\/2018\/06\/Holz-Hoerz-Bumerang.jpg 1568w\" sizes=\"auto, (max-width: 170px) 100vw, 170px\" \/><\/strong><\/b><\/p>\n<p style=\"font-weight: 400\">Der &#8222;Tomahawk&#8220; besteht aus drei Fl\u00fcgelteilen und drei Schraubverbindungen. Er ist, wie alle &#8222;Dreifl\u00fcglervarianten&#8220;, deutlich schwerer als die &#8222;Zweiteiler&#8220; und fliegt bei Windstille und m\u00e4\u00dfigem Wind. Das Flugverhalten ist nur m\u00e4\u00dfig &#8222;temperamentvoll&#8220;. Durch die lange Schwebephase am Ende ist er ungef\u00e4hrlich und somit ebenfalls f\u00fcr Kinder und Jugendliche geeignet, die aber unbedingt den &#8222;flachen&#8220; Wurf (&#8222;Sichelwurf&#8220;) vermeiden m\u00fcssen!<\/p>\n<p>&nbsp;<\/p>\n<p style=\"font-weight: 400\"><b><strong>2.b) &#8222;Fliegendes Dreieck&#8220;<img loading=\"lazy\" decoding=\"async\" class=\"bild-rahmen alignleft wp-image-197\" src=\"https:\/\/lefthander-consulting.org\/deutsch\/wp-content\/uploads\/2018\/06\/Image31-300x292.gif\" alt=\"\" width=\"170\" height=\"165\" srcset=\"https:\/\/lefthander-consulting.org\/deutsch\/wp-content\/uploads\/2018\/06\/Image31-300x292.gif 300w, https:\/\/lefthander-consulting.org\/deutsch\/wp-content\/uploads\/2018\/06\/Image31-150x146.gif 150w, https:\/\/lefthander-consulting.org\/deutsch\/wp-content\/uploads\/2018\/06\/Image31-768x748.gif 768w, https:\/\/lefthander-consulting.org\/deutsch\/wp-content\/uploads\/2018\/06\/Image31-1024x997.gif 1024w, https:\/\/lefthander-consulting.org\/deutsch\/wp-content\/uploads\/2018\/06\/Image31-65x63.gif 65w, https:\/\/lefthander-consulting.org\/deutsch\/wp-content\/uploads\/2018\/06\/Image31-220x214.gif 220w, https:\/\/lefthander-consulting.org\/deutsch\/wp-content\/uploads\/2018\/06\/Image31-103x100.gif 103w, https:\/\/lefthander-consulting.org\/deutsch\/wp-content\/uploads\/2018\/06\/Image31-166x162.gif 166w, https:\/\/lefthander-consulting.org\/deutsch\/wp-content\/uploads\/2018\/06\/Image31-164x160.gif 164w, https:\/\/lefthander-consulting.org\/deutsch\/wp-content\/uploads\/2018\/06\/Image31-357x348.gif 357w, https:\/\/lefthander-consulting.org\/deutsch\/wp-content\/uploads\/2018\/06\/Image31-415x404.gif 415w, https:\/\/lefthander-consulting.org\/deutsch\/wp-content\/uploads\/2018\/06\/Image31-534x520.gif 534w, https:\/\/lefthander-consulting.org\/deutsch\/wp-content\/uploads\/2018\/06\/Image31-86x84.gif 86w\" sizes=\"auto, (max-width: 170px) 100vw, 170px\" \/><\/strong><\/b><br \/>\nDas &#8222;Fliegende Dreieck&#8220; besteht ebenfalls aus drei Fl\u00fcgeln, drei Schrauben, sowie drei Zusatzgewichten (z.B. kurze Gewindeschrauben M 4 mit Hutmuttern). Es fliegt bei m\u00e4\u00dfigem bis starkem Wind, mit voller Kraft und hoher Rotation voll &#8222;aus der Schulter&#8220; (eventuell mit H\u00fcftdrehung) geschleudert. Obwohl diese Variante vergleichsweise schnell und &#8222;temperamentvoll&#8220; fliegt, ist sie ungef\u00e4hrlich, eignet sich jedoch wegen des erforderlichen hohen Kraftaufwandes beim Wurf eher f\u00fcr kr\u00e4ftige Jugendliche und Erwachsene.<\/p>\n<p>&nbsp;<\/p>\n<p style=\"font-weight: 400\"><span style=\"font-size: 14pt\"><strong>Varianten des VARIO-RANGs nur f\u00fcr &#8222;K\u00f6nner&#8220;<\/strong><\/span><\/p>\n<p style=\"font-weight: 400\"><b><strong>2.c) &#8222;Dreifl\u00fcgler&#8220;<img loading=\"lazy\" decoding=\"async\" class=\"bild-rahmen alignleft wp-image-198\" src=\"https:\/\/lefthander-consulting.org\/deutsch\/wp-content\/uploads\/2018\/06\/Image32-294x300.gif\" alt=\"\" width=\"170\" height=\"174\" srcset=\"https:\/\/lefthander-consulting.org\/deutsch\/wp-content\/uploads\/2018\/06\/Image32-294x300.gif 294w, https:\/\/lefthander-consulting.org\/deutsch\/wp-content\/uploads\/2018\/06\/Image32-147x150.gif 147w, https:\/\/lefthander-consulting.org\/deutsch\/wp-content\/uploads\/2018\/06\/Image32-768x785.gif 768w, https:\/\/lefthander-consulting.org\/deutsch\/wp-content\/uploads\/2018\/06\/Image32-1002x1024.gif 1002w, https:\/\/lefthander-consulting.org\/deutsch\/wp-content\/uploads\/2018\/06\/Image32-215x220.gif 215w, https:\/\/lefthander-consulting.org\/deutsch\/wp-content\/uploads\/2018\/06\/Image32-98x100.gif 98w, https:\/\/lefthander-consulting.org\/deutsch\/wp-content\/uploads\/2018\/06\/Image32-159x162.gif 159w, https:\/\/lefthander-consulting.org\/deutsch\/wp-content\/uploads\/2018\/06\/Image32-157x160.gif 157w, https:\/\/lefthander-consulting.org\/deutsch\/wp-content\/uploads\/2018\/06\/Image32-341x348.gif 341w, https:\/\/lefthander-consulting.org\/deutsch\/wp-content\/uploads\/2018\/06\/Image32-395x404.gif 395w, https:\/\/lefthander-consulting.org\/deutsch\/wp-content\/uploads\/2018\/06\/Image32-509x520.gif 509w, https:\/\/lefthander-consulting.org\/deutsch\/wp-content\/uploads\/2018\/06\/Image32-84x86.gif 84w\" sizes=\"auto, (max-width: 170px) 100vw, 170px\" \/><\/strong><\/b><br \/>\nDie Variante &#8222;Dreifl\u00fcgler&#8220; ohne Zusatzgewicht ist sehr &#8222;temperamentvoll&#8220; und \u00e4hnelt eher einer &#8222;fliegenden Kreiss\u00e4ge&#8220;, deshalb ist dieser Bumerang nur f\u00fcr wurferfahrene Jugendliche und Erwachsene geeignet!<\/p>\n<p>Alle weiteren Modellversuche sollten wegen m\u00f6glicher Verletzungsgefahr nur von erfahrenen Werdern erprobt werden!<\/p>\n<p>&nbsp;<\/p>\n<p style=\"font-weight: 400\"><span style=\"font-size: 14pt\"><strong>F\u00f6rdernde Aspekte<\/strong><\/span><br \/>\nDer Firma\u00a0Holz-Hoerz\u00a0ist mit dem VARIO-RANG ein gut durchdachtes und verarbeitetes Produkt gelungen, dass Links- und Rechtsh\u00e4ndern von Kindesbeinen an chancengleich entgegenkommt. Beim Zusammenbau werden unabh\u00e4ngig von der H\u00e4ndigkeit Feinmotorik und die r\u00e4umliche Wahrnehmung gef\u00f6rdert. Dar\u00fcber hinaus werden die gesamt-motorischen F\u00e4higkeiten, die K\u00f6rperkoordination, sowie die visuelle Wahrnehmung beim Werfen und Fangen ge\u00fcbt. Durch die vielf\u00e4ltigen Variationsm\u00f6glichkeiten beim Zusammenbau wird die Kreativit\u00e4t angesprochen und &#8211; im Zusammenspiel mit anderen Menschen &#8211; die Kommunikationsf\u00e4higkeit und Akzeptanz der Linksh\u00e4ndigkeit gef\u00f6rdert.<\/p>\n<p style=\"font-weight: 400\"><strong><span style=\"font-size: 14pt\">Adresse:<\/span><\/strong><br \/>\nHolz-Hoerz GmbH, Lichtensteinstr. 50, D-72525 M\u00fcnsingen, Tel. 073 81 \/ 93 57-0,\u00a0<a href=\"http:\/\/www.pedalo.de\/\">www.pedalo.de<\/a>, e-mail:\u00a0<a href=\"mailto:holz-hoerz@t-online.de\">holz-hoerz@t-online.de<\/a><\/p>\n<p style=\"font-weight: 400\">Die Abbildungen wurde mit freundlicher Genehmigung der Firma\u00a0Holz-Hoerz\u00a0zur Verf\u00fcgung gestellt.<\/p>\n<p style=\"font-weight: 400\"><u><a href=\"https:\/\/lefthander-consulting.org\/deutsch\/information\/spielzeug-fuer-linkshaendige-kinder\/auszeichnung-2002-2013\/spielzeugbegruendung-2004\/interview-martin-zips\/\">Interview von Martin Zips (S\u00fcddeutsche Zeitung)<\/a><\/u>\u00a0mit dem Schreiner Tobias Herrmann, der zusammen mit dem Erfinder Michael Kandl das Spielzeug entwickelt hat.<\/p>\n","protected":false},"excerpt":{"rendered":"<p>&nbsp; &nbsp; Erste deutsche Beratungs- und Informationsstelle f\u00fcr Linksh\u00e4nder und umgeschulte Linksh\u00e4nder e.V. Sendlinger Str. 17 80331 M\u00fcnchen Tel.\/Fax 089 \/ 26 86 14 &nbsp; &nbsp; Begr\u00fcndung der Auszeichnung Spielzeug f\u00fcr linksh\u00e4ndige Kinder des Jahres 2004 f\u00fcr den Bumerang VARIO-RANG der Firma Holz-Hoerz GmbH Die Firma Holz-Hoerz hat den Bumerang\u00a0VARIO-RANG\u00a0entwickelt, der sowohl f\u00fcr Links- als auch Rechtsh\u00e4nder geeignet ist. Die Umwandlung von einem Linksh\u00e4nder- in ein Rechtsh\u00e4ndermodell ist dabei ganz einfach und kann mit Hilfe eines kleinen Kreuzschlitzschraubendrehers zusammengebaut und so der individuellen H\u00e4ndigkeit angepasst werden. Andererseits kann dieser Bumerang entsprechend der H\u00e4ndigkeit der Benutzer in unz\u00e4hlige Bumerangvarianten verwandelt werden und bietet so Links- und Rechtsh\u00e4ndern viel Spa\u00df durch immer neue Variationen und Flugversuche. Deshalb verleihen wir der Firma\u00a0Holz-Hoerz f\u00fcr den Bumerang\u00a0VARIO-RANG\u00a0die Auszeichnung Spielzeug f\u00fcr linksh\u00e4ndige Kinder des Jahres 2004. Als verdeutlichendes Beispiel w\u00e4hlen wir die Form &#8222;Tomahawk&#8220; des Bumerangs VARIO-RANG (Art. Nr. 143040) aus. Beschreibung des Bumerangs Der VARIO-RANG besteht aus drei gleich &#8230; <a title=\"Spielzeugbegr\u00fcndung 2004\" class=\"read-more\" href=\"https:\/\/lefthander-consulting.org\/deutsch\/information\/kindergartenalter\/spielzeug-fuer-linkshaendige-kinder\/auszeichnung-2002-2013\/spielzeugbegruendung-2004\/\" aria-label=\"Mehr Informationen \u00fcber Spielzeugbegr\u00fcndung 2004\">Read more<\/a><\/p>\n","protected":false},"author":1,"featured_media":0,"parent":63,"menu_order":20,"comment_status":"closed","ping_status":"closed","template":"","meta":{"_cbd_carousel_blocks":"[]","footnotes":""},"class_list":["post-189","page","type-page","status-publish"],"_links":{"self":[{"href":"https:\/\/lefthander-consulting.org\/deutsch\/wp-json\/wp\/v2\/pages\/189","targetHints":{"allow":["GET"]}}],"collection":[{"href":"https:\/\/lefthander-consulting.org\/deutsch\/wp-json\/wp\/v2\/pages"}],"about":[{"href":"https:\/\/lefthander-consulting.org\/deutsch\/wp-json\/wp\/v2\/types\/page"}],"author":[{"embeddable":true,"href":"https:\/\/lefthander-consulting.org\/deutsch\/wp-json\/wp\/v2\/users\/1"}],"replies":[{"embeddable":true,"href":"https:\/\/lefthander-consulting.org\/deutsch\/wp-json\/wp\/v2\/comments?post=189"}],"version-history":[{"count":47,"href":"https:\/\/lefthander-consulting.org\/deutsch\/wp-json\/wp\/v2\/pages\/189\/revisions"}],"predecessor-version":[{"id":4582,"href":"https:\/\/lefthander-consulting.org\/deutsch\/wp-json\/wp\/v2\/pages\/189\/revisions\/4582"}],"up":[{"embeddable":true,"href":"https:\/\/lefthander-consulting.org\/deutsch\/wp-json\/wp\/v2\/pages\/63"}],"wp:attachment":[{"href":"https:\/\/lefthander-consulting.org\/deutsch\/wp-json\/wp\/v2\/media?parent=189"}],"curies":[{"name":"wp","href":"https:\/\/api.w.org\/{rel}","templated":true}]}}