{"id":184,"date":"2018-06-10T18:42:11","date_gmt":"2018-06-10T16:42:11","guid":{"rendered":"https:\/\/lefthander-consulting.org\/?page_id=184"},"modified":"2025-08-15T14:34:42","modified_gmt":"2025-08-15T12:34:42","slug":"spielzeugbegruendung-2003","status":"publish","type":"page","link":"https:\/\/lefthander-consulting.org\/deutsch\/information\/kindergartenalter\/spielzeug-fuer-linkshaendige-kinder\/auszeichnung-2002-2013\/spielzeugbegruendung-2003\/","title":{"rendered":"Spielzeugbegr\u00fcndung 2003"},"content":{"rendered":"<p>&nbsp;<\/p>\n<p><strong><img loading=\"lazy\" decoding=\"async\" class=\"alignleft wp-image-2809\" src=\"https:\/\/lefthander-consulting.org\/deutsch\/wp-content\/uploads\/2019\/01\/Logo-Pr\u00e4mierung-Spielzeug-des-Jahres-300x300.jpg\" alt=\"\" width=\"250\" height=\"250\" srcset=\"https:\/\/lefthander-consulting.org\/deutsch\/wp-content\/uploads\/2019\/01\/Logo-Pr\u00e4mierung-Spielzeug-des-Jahres-300x300.jpg 300w, https:\/\/lefthander-consulting.org\/deutsch\/wp-content\/uploads\/2019\/01\/Logo-Pr\u00e4mierung-Spielzeug-des-Jahres-150x150.jpg 150w, https:\/\/lefthander-consulting.org\/deutsch\/wp-content\/uploads\/2019\/01\/Logo-Pr\u00e4mierung-Spielzeug-des-Jahres.jpg 617w\" sizes=\"auto, (max-width: 250px) 100vw, 250px\" \/><\/strong><\/p>\n<p>&nbsp;<\/p>\n<p><strong><span style=\"font-size: 14pt\">Erste deutsche Beratungs- und Informationsstelle f\u00fcr <\/span><\/strong><br \/>\n<span style=\"font-size: 14pt\"><strong>Linksh\u00e4nder und umgeschulte Linksh\u00e4nder e.V.<\/strong><\/span><br \/>\n<span style=\"font-size: 14pt\">Sendlinger Str. 17<\/span><br \/>\n<span style=\"font-size: 14pt\">80331 M\u00fcnchen<\/span><br \/>\n<span style=\"font-size: 14pt\">Tel.\/Fax 089 \/ 26 86 14<\/span><\/p>\n<p>&nbsp;<\/p>\n<p>&nbsp;<\/p>\n<p style=\"font-weight: 400;text-align: center\"><span style=\"font-size: 14pt\">Begr\u00fcndung der Auszeichnun<\/span>g<\/p>\n<p style=\"font-weight: 400;text-align: center\"><span style=\"font-size: 18pt\"><b><strong>Spielzeug f\u00fcr linksh\u00e4ndige Kinder <\/strong><\/b><b><strong>des Jahres 2003<\/strong><\/b><\/span><\/p>\n<p style=\"font-weight: 400;text-align: center\"><strong>f\u00fcr das Handschuh-Theater der Spielzeugserie<\/strong><\/p>\n<p style=\"font-weight: 400;text-align: center\"><strong><span style=\"font-size: 16pt\">der Firma KERSA Spielwaren-Atelier GmbH<\/span><\/strong><\/p>\n<p style=\"font-weight: 400\">Die Firma\u00a0<b><strong>KERSA\u00a0<\/strong><\/b>hat in ihrem Handschuh-Theater der Serie KersaKletti den Fingerhandschuh so gestaltet, dass er hervorragend sowohl mit der linken als auch mit der rechten Hand benutzt werden kann. Bei anderen vergleichbaren Handschuhfiguren wird in der Regel nur die Form der rechten Hand ber\u00fccksichtigt. Hier hingegen gibt es kein Dr\u00fccken und Zerren, wenn die linke oder die rechte Hand in dem Handschuh steckt. Daumen und kleiner Finger finden hervorragend auf der linken als auch auf der rechten Seite Platz. Somit haben linksh\u00e4ndige als auch rechtsh\u00e4ndige Kinder bei diesen Produkten gleich gute M\u00f6glichkeiten bei der individuellen Handhabung dieser Spielzeuge.<\/p>\n<p style=\"font-weight: 400;text-align: center\"><span style=\"font-size: 14pt\">Deshalb verleihen wir der Serie KersaKletti <\/span><br \/>\n<span style=\"font-size: 14pt\">der Firma\u00a0<b><strong>KERSA Spielwaren-Atelier<\/strong><\/b>\u00a0GmbH &amp; Co. KG die Auszeichnung\u00a0<\/span><\/p>\n<p style=\"font-weight: 400;text-align: center\"><span style=\"font-size: 14pt\"><b><strong>Spielzeug f\u00fcr linksh\u00e4ndige Kinder des Jahres 2003.<\/strong><\/b><\/span><\/p>\n<p style=\"font-weight: 400\">Als verdeutlichendes Beispiel w\u00e4hlen wir das Handschuh-Kasperl-Theater (Art. Nr. 17000) mit den Abmessungen 33 x 25 cm aus.<\/p>\n<p><img loading=\"lazy\" decoding=\"async\" class=\"size-medium wp-image-149 alignleft\" src=\"https:\/\/lefthander-consulting.org\/deutsch\/wp-content\/uploads\/2018\/06\/17000-Kasperltheater-227x300.jpg\" alt=\"\" width=\"227\" height=\"300\" srcset=\"https:\/\/lefthander-consulting.org\/deutsch\/wp-content\/uploads\/2018\/06\/17000-Kasperltheater-227x300.jpg 227w, https:\/\/lefthander-consulting.org\/deutsch\/wp-content\/uploads\/2018\/06\/17000-Kasperltheater-113x150.jpg 113w, https:\/\/lefthander-consulting.org\/deutsch\/wp-content\/uploads\/2018\/06\/17000-Kasperltheater-49x65.jpg 49w, https:\/\/lefthander-consulting.org\/deutsch\/wp-content\/uploads\/2018\/06\/17000-Kasperltheater-166x220.jpg 166w, https:\/\/lefthander-consulting.org\/deutsch\/wp-content\/uploads\/2018\/06\/17000-Kasperltheater-76x100.jpg 76w, https:\/\/lefthander-consulting.org\/deutsch\/wp-content\/uploads\/2018\/06\/17000-Kasperltheater-122x162.jpg 122w, https:\/\/lefthander-consulting.org\/deutsch\/wp-content\/uploads\/2018\/06\/17000-Kasperltheater-121x160.jpg 121w, https:\/\/lefthander-consulting.org\/deutsch\/wp-content\/uploads\/2018\/06\/17000-Kasperltheater-263x348.jpg 263w, https:\/\/lefthander-consulting.org\/deutsch\/wp-content\/uploads\/2018\/06\/17000-Kasperltheater-65x86.jpg 65w, https:\/\/lefthander-consulting.org\/deutsch\/wp-content\/uploads\/2018\/06\/17000-Kasperltheater.jpg 300w\" sizes=\"auto, (max-width: 227px) 100vw, 227px\" \/><\/p>\n<p style=\"font-weight: 400\"><b><strong>Beschreibung des Handschuh-Theaters<\/strong><\/b><br \/>\nDie Hand schl\u00fcpft in einen weichen, innen gef\u00fctterten und au\u00dfen flauschigen Fingerhandschuh, der von einem &#8222;Theaterprospekt&#8220; \/ einer &#8222;Theaterkulisse&#8220; aus Filz umrahmt wird. Ein gut anliegendes B\u00fcndchen gibt Halt und verhindert, dass man aus dem Handschuh herausrutscht.<\/p>\n<p style=\"font-weight: 400\">Auf die einzelnen Finger in dem Handschuh werden mit Klettverschl\u00fcssen Puppenk\u00f6pfe aus Textil oder B\u00e4ume, ein Krokodil oder anderes Zubeh\u00f6r aus Filz befestigt.<\/p>\n<p style=\"font-weight: 400\">Als Theaterkulisse im Hintergrund gibt es ein Kasperltheater, einen Zauberwald oder ein Schloss aus Filz.<\/p>\n<p style=\"font-weight: 400\"><b><strong>F\u00f6rderung der Fingermotorik, Sprache und Fantasie<\/strong><\/b><br \/>\nDas Handschuh-Theater f\u00f6rdert die Fingerbeweglichkeit der Kinder und regt sie an, spielerisch ihre Fingermotorik zu \u00fcben. Die Kreativit\u00e4t und die M\u00f6glichkeit mit einer Hand eine ganze Spielhandlung zu gestalten, kommt Kindern entgegen, die Freude an Rollenspielen haben. Durch die Dialoge zwischen den einzelnen Figuren wird die Sprache und der sprachliche Ausdruck gef\u00f6rdert.<\/p>\n<p style=\"font-weight: 400\">Linksh\u00e4ndige Kinder zeigen manchmal besondere Freude am Versinken in ihren Fantasiegeschichten. Dem kommt dieses Finger-Theater entgegen.<\/p>\n<p style=\"font-weight: 400\">Es ist sicher kein Zufall, dass es in der Familie, die diese Firma gegr\u00fcndet hat und heute noch f\u00fchrt, Linksh\u00e4nder gibt und dass der Sohn des Gesch\u00e4ftsf\u00fchrers, G\u00fcnther Schubert, gerade als Linksh\u00e4nder sich schon l\u00e4ngere Zeit Gedanken \u00fcber die Bed\u00fcrfnisse linksh\u00e4ndiger Kinder machte und als Vertriebs- und Marketingleiter diese auch umsetzt.<\/p>\n<p style=\"font-weight: 400\">Hier ist der Firma ein liebevoll \u00fcberlegtes Spielzeug gelungen, das Links- und Rechtsh\u00e4nder eine echte Chancengleichheit gew\u00e4hrt, das die Fingermotorik \u00fcbt und das durch spielerische Dialoge der Figuren untereinander zur Sprachf\u00f6rderung beitr\u00e4gt.<\/p>\n<p style=\"font-weight: 400\">Dieses Spielzeug entspricht also in sehr vielen Bereichen in hohem Ma\u00dfe den Erwartungen an ein gutes, kindgerechtes Spielzeug.<\/p>\n<p style=\"font-weight: 400\"><b><strong>Vorschlag zu einer Variation f\u00fcr besonders zarte Kinderh\u00e4nde<\/strong><\/b><br \/>\nBei einigen Kindern, deren Finger noch nicht so gro\u00df und stark sind, kann es geschehen, dass die Textilk\u00f6pfchen nach vorne kippen. Abhilfe kann man schaffen, indem an einen Tischtennisball ein Klettverschluss geklebt und auf die andere Seite das Gesicht gemalt wird. Haare bekommt die Puppe durch aufgeklebte Wollf\u00e4den oder etwas Watte\/M\u00e4rchenwolle. Ein M\u00fctzchen oder ein Tuch durch ein St\u00fcck Stoff oder Filz sind schnell gemacht. Der kindlichen Fantasie sind hier keine Grenzen gesetzt und eines der vorgefertigten Textilk\u00f6pfchen schm\u00fcckt den Daumen, der oft mehr Kraft zum Halten hat.<\/p>\n<p style=\"font-weight: 400\"><b><strong>Firmenadresse:<\/strong><\/b><br \/>\n<b><strong>KERSA<\/strong><\/b>\u00a0Spielwaren-Atelier GmbH &amp; Co. KG, Ifenstra\u00dfe 7 D-87719 Mindelheim, Tel. 0 82 61) 76 57-0,\u00a0<a href=\"http:\/\/www.kersa.de\/\">www.kersa.de<\/a>, e-mail: info@kersa.de<\/p>\n<p style=\"font-weight: 400\">Die Abbildung wurde mit freundlicher Genehmigung der Firma\u00a0<b><strong>KERSA<\/strong><\/b>\u00a0zur Verf\u00fcgung gestellt.<\/p>\n","protected":false},"excerpt":{"rendered":"<p>&nbsp; &nbsp; Erste deutsche Beratungs- und Informationsstelle f\u00fcr Linksh\u00e4nder und umgeschulte Linksh\u00e4nder e.V. Sendlinger Str. 17 80331 M\u00fcnchen Tel.\/Fax 089 \/ 26 86 14 &nbsp; &nbsp; Begr\u00fcndung der Auszeichnung Spielzeug f\u00fcr linksh\u00e4ndige Kinder des Jahres 2003 f\u00fcr das Handschuh-Theater der Spielzeugserie der Firma KERSA Spielwaren-Atelier GmbH Die Firma\u00a0KERSA\u00a0hat in ihrem Handschuh-Theater der Serie KersaKletti den Fingerhandschuh so gestaltet, dass er hervorragend sowohl mit der linken als auch mit der rechten Hand benutzt werden kann. Bei anderen vergleichbaren Handschuhfiguren wird in der Regel nur die Form der rechten Hand ber\u00fccksichtigt. Hier hingegen gibt es kein Dr\u00fccken und Zerren, wenn die linke oder die rechte Hand in dem Handschuh steckt. Daumen und kleiner Finger finden hervorragend auf der linken als auch auf der rechten Seite Platz. Somit haben linksh\u00e4ndige als auch rechtsh\u00e4ndige Kinder bei diesen Produkten gleich gute M\u00f6glichkeiten bei der individuellen Handhabung dieser Spielzeuge. Deshalb verleihen wir der Serie KersaKletti der Firma\u00a0KERSA Spielwaren-Atelier\u00a0GmbH &amp; Co. &#8230; <a title=\"Spielzeugbegr\u00fcndung 2003\" class=\"read-more\" href=\"https:\/\/lefthander-consulting.org\/deutsch\/information\/kindergartenalter\/spielzeug-fuer-linkshaendige-kinder\/auszeichnung-2002-2013\/spielzeugbegruendung-2003\/\" aria-label=\"Mehr Informationen \u00fcber Spielzeugbegr\u00fcndung 2003\">Read more<\/a><\/p>\n","protected":false},"author":1,"featured_media":0,"parent":63,"menu_order":19,"comment_status":"closed","ping_status":"closed","template":"","meta":{"_cbd_carousel_blocks":"[]","footnotes":""},"class_list":["post-184","page","type-page","status-publish"],"_links":{"self":[{"href":"https:\/\/lefthander-consulting.org\/deutsch\/wp-json\/wp\/v2\/pages\/184","targetHints":{"allow":["GET"]}}],"collection":[{"href":"https:\/\/lefthander-consulting.org\/deutsch\/wp-json\/wp\/v2\/pages"}],"about":[{"href":"https:\/\/lefthander-consulting.org\/deutsch\/wp-json\/wp\/v2\/types\/page"}],"author":[{"embeddable":true,"href":"https:\/\/lefthander-consulting.org\/deutsch\/wp-json\/wp\/v2\/users\/1"}],"replies":[{"embeddable":true,"href":"https:\/\/lefthander-consulting.org\/deutsch\/wp-json\/wp\/v2\/comments?post=184"}],"version-history":[{"count":12,"href":"https:\/\/lefthander-consulting.org\/deutsch\/wp-json\/wp\/v2\/pages\/184\/revisions"}],"predecessor-version":[{"id":2901,"href":"https:\/\/lefthander-consulting.org\/deutsch\/wp-json\/wp\/v2\/pages\/184\/revisions\/2901"}],"up":[{"embeddable":true,"href":"https:\/\/lefthander-consulting.org\/deutsch\/wp-json\/wp\/v2\/pages\/63"}],"wp:attachment":[{"href":"https:\/\/lefthander-consulting.org\/deutsch\/wp-json\/wp\/v2\/media?parent=184"}],"curies":[{"name":"wp","href":"https:\/\/api.w.org\/{rel}","templated":true}]}}