{"id":180,"date":"2018-06-10T18:40:35","date_gmt":"2018-06-10T16:40:35","guid":{"rendered":"https:\/\/lefthander-consulting.org\/?page_id=180"},"modified":"2025-08-15T14:34:42","modified_gmt":"2025-08-15T12:34:42","slug":"spielzeugbegruendung-2002","status":"publish","type":"page","link":"https:\/\/lefthander-consulting.org\/deutsch\/information\/kindergartenalter\/spielzeug-fuer-linkshaendige-kinder\/auszeichnung-2002-2013\/spielzeugbegruendung-2002\/","title":{"rendered":"Spielzeugbegr\u00fcndung 2002"},"content":{"rendered":"<p>&nbsp;<\/p>\n<p><strong><img loading=\"lazy\" decoding=\"async\" class=\"alignleft wp-image-2809\" src=\"https:\/\/lefthander-consulting.org\/deutsch\/wp-content\/uploads\/2019\/01\/Logo-Pr\u00e4mierung-Spielzeug-des-Jahres-300x300.jpg\" alt=\"\" width=\"250\" height=\"250\" srcset=\"https:\/\/lefthander-consulting.org\/deutsch\/wp-content\/uploads\/2019\/01\/Logo-Pr\u00e4mierung-Spielzeug-des-Jahres-300x300.jpg 300w, https:\/\/lefthander-consulting.org\/deutsch\/wp-content\/uploads\/2019\/01\/Logo-Pr\u00e4mierung-Spielzeug-des-Jahres-150x150.jpg 150w, https:\/\/lefthander-consulting.org\/deutsch\/wp-content\/uploads\/2019\/01\/Logo-Pr\u00e4mierung-Spielzeug-des-Jahres.jpg 617w\" sizes=\"auto, (max-width: 250px) 100vw, 250px\" \/><\/strong><\/p>\n<p>&nbsp;<\/p>\n<p><strong><span style=\"font-size: 14pt\">Erste deutsche Beratungs- und Informationsstelle f\u00fcr <\/span><\/strong><br \/>\n<span style=\"font-size: 14pt\"><strong>Linksh\u00e4nder und umgeschulte Linksh\u00e4nder e.V.<\/strong><\/span><br \/>\n<span style=\"font-size: 14pt\">Sendlinger Str. 17<\/span><br \/>\n<span style=\"font-size: 14pt\">80331 M\u00fcnchen<\/span><br \/>\n<span style=\"font-size: 14pt\">Tel.\/Fax 089 \/ 26 86 14<\/span><\/p>\n<p>&nbsp;<\/p>\n<p>&nbsp;<\/p>\n<p style=\"font-weight: 400;text-align: center\"><span style=\"font-size: 14pt\">Begr\u00fcndung der Auszeichnung<\/span><\/p>\n<p style=\"font-weight: 400;text-align: center\"><span style=\"font-size: 18pt\"><b><strong>Spielzeug f\u00fcr linksh\u00e4ndige Kinder <\/strong><\/b><\/span><span style=\"font-size: 18pt\"><b><strong>des Jahres 2002<\/strong><\/b><\/span><\/p>\n<p style=\"font-weight: 400;text-align: center\">f\u00fcr die Holzspielzeug-Serie creamobil<\/p>\n<p style=\"font-weight: 400;text-align: center\"><span style=\"font-size: 16pt\">der\u00a0<b><strong>Firma nic Spiel &amp; Art\u00a0<\/strong><\/b>GmbH<\/span><\/p>\n<p style=\"font-weight: 400\">Die Firma nic hat in ihrer Serie nic creamobil alle funktionalen Elemente, wie zum Beispiel Drehkurbeln und Lenkgriffe, so gestaltet, dass sie hervorragend sowohl mit der linken als auch mit der rechten Hand bedient werden k\u00f6nnen. Somit haben linksh\u00e4ndige als auch rechtsh\u00e4ndige Kinder gleich gute M\u00f6glichkeiten bei der individuellen Handhabung dieser Spielzeuge.<\/p>\n<p style=\"font-weight: 400;text-align: center\"><span style=\"font-size: 14pt\">Deshalb verleihen wir der <strong>Serie nic creamobil<\/strong><br \/>\n<\/span><span style=\"font-size: 14pt\">der Firma nic Spiel &amp; Art GmbH die Auszeichnung<\/span><\/p>\n<p style=\"font-weight: 400;text-align: center\"><span style=\"font-size: 14pt\"><b><strong>Spielzeug f\u00fcr Linksh\u00e4nder des Jahres 2002<\/strong><\/b>.<\/span><\/p>\n<p style=\"font-weight: 400\">Als verdeutlichendes Beispiel w\u00e4hlen wir den Gabelstapler (Art. Nr. 1881) mit den Abmessungen 17 x 24 x 34 cm aus.<\/p>\n<p><img loading=\"lazy\" decoding=\"async\" class=\"size-medium wp-image-156 alignleft\" src=\"https:\/\/lefthander-consulting.org\/deutsch\/wp-content\/uploads\/2018\/06\/Image14-300x272.gif\" alt=\"\" width=\"300\" height=\"272\" srcset=\"https:\/\/lefthander-consulting.org\/deutsch\/wp-content\/uploads\/2018\/06\/Image14-300x272.gif 300w, https:\/\/lefthander-consulting.org\/deutsch\/wp-content\/uploads\/2018\/06\/Image14-150x136.gif 150w, https:\/\/lefthander-consulting.org\/deutsch\/wp-content\/uploads\/2018\/06\/Image14-768x697.gif 768w, https:\/\/lefthander-consulting.org\/deutsch\/wp-content\/uploads\/2018\/06\/Image14-65x59.gif 65w, https:\/\/lefthander-consulting.org\/deutsch\/wp-content\/uploads\/2018\/06\/Image14-220x200.gif 220w, https:\/\/lefthander-consulting.org\/deutsch\/wp-content\/uploads\/2018\/06\/Image14-110x100.gif 110w, https:\/\/lefthander-consulting.org\/deutsch\/wp-content\/uploads\/2018\/06\/Image14-178x162.gif 178w, https:\/\/lefthander-consulting.org\/deutsch\/wp-content\/uploads\/2018\/06\/Image14-176x160.gif 176w, https:\/\/lefthander-consulting.org\/deutsch\/wp-content\/uploads\/2018\/06\/Image14-383x348.gif 383w, https:\/\/lefthander-consulting.org\/deutsch\/wp-content\/uploads\/2018\/06\/Image14-445x404.gif 445w, https:\/\/lefthander-consulting.org\/deutsch\/wp-content\/uploads\/2018\/06\/Image14-573x520.gif 573w, https:\/\/lefthander-consulting.org\/deutsch\/wp-content\/uploads\/2018\/06\/Image14-86x78.gif 86w\" sizes=\"auto, (max-width: 300px) 100vw, 300px\" \/><\/p>\n<p style=\"font-weight: 400\"><b><strong>Die Lenkung<\/strong><\/b><br \/>\nDie Lenkung besteht aus einem mittig angebrachten Lenkgriff, der mit der ganzen Hand umschlossen wird. Er ist mit der linken und rechten Hand gleicherma\u00dfen gut zu bedienen, unabh\u00e4ngig davon, wo das linksh\u00e4ndige Kind oder das rechtsh\u00e4ndige Kind sitzt. Der Lenkgriff ist so stabil, dass sich kleinere Kinder darauf abst\u00fctzen k\u00f6nnen. Beim Lenkvorgang handelt es sich um eine f\u00fcr Gabelstapler typische Hinterradachsenlenkung.<\/p>\n<p style=\"font-weight: 400\"><b><strong>Die Bedienelemente zum Heben und Senken der Gabel<\/strong><\/b><br \/>\nDie Bedienelemente zum Heben und Senken der Gabel befinden sich auf beiden Seiten des Gabelstaplers und sind einfache Drehkn\u00f6pfe. Dadurch kann ein linksh\u00e4ndiges Kind von der linken Seite mit seiner linken Hand, ein rechtsh\u00e4ndiges Kind von der rechten Seite mit seiner rechten Hand die Drehbewegung ausf\u00fchren.<br \/>\nDie Drehbewegung wird \u00fcberwiegend mit Daumen und Zeigefinger ausgef\u00fchrt. Die Drehrichtung zum Heben oder Senken der Gabel ist nicht festgelegt. Dadurch kann jedes Kind, abh\u00e4ngig von seiner H\u00e4ndigkeit, die Drehrichtung so w\u00e4hlen, wie es vom Kraftaufwand her \u00f6konomischer ist: f\u00fcr Linksh\u00e4nder aus dem Handgelenk vom K\u00f6rper weg und ebenso f\u00fcr Rechtsh\u00e4nder.<\/p>\n<p>Durch diese freie Wahl in der Drehrichtung entstehen f\u00fcr linksh\u00e4ndige Kinder keine Benachteiligung sondern eine Gleichbehandlung:<\/p>\n<ul>\n<li style=\"font-weight: 400\">Sie k\u00f6nnen die ihnen gem\u00e4\u00dfe Drehrichtung mit der linken Hand ausf\u00fchren und sto\u00dfen nicht an die Grenzen einer DIN-Norm, die grunds\u00e4tzlich Rechtsh\u00e4ndern entgegenkommt.<\/li>\n<li style=\"font-weight: 400\">Dadurch werden Irritationen in Bezug auf Drehrichtungen vermieden. Die Bestehenden DIN-Normen k\u00f6nnen sp\u00e4ter durch bewusstes Verstehen leichter erlernt werden.<\/li>\n<li style=\"font-weight: 400\">Das gemeinsame Spiel in einer Spielsituation wird gef\u00f6rdert, ohne auf die realen Funktionen des Fahrzeugs verzichten zu m\u00fcssen.<\/li>\n<\/ul>\n<p style=\"font-weight: 400\">Dieses Spielzeug entspricht aber auch in anderen Bereichen in hohem Ma\u00dfe den Erwartungen an ein gutes, kindgerechtes Spielzeug, sowohl was das Material als auch was Stabilit\u00e4t und Form angeht. Einige weitere Abbildungen aus der Serie nic creamobil, in der konsequent die oben genannten Gesichtspunkte ber\u00fccksichtigt werden:<\/p>\n<p>&nbsp;<\/p>\n<p style=\"font-weight: 400\">Spiel &amp; Art GmbH, Uhlmannstr. 42, D-88471 Laupheim, Tel. 0 73 92 \/ 1 00 21,<br \/>\n<a href=\"http:\/\/www.nictoys.de\/\">www.nictoys.de<\/a>, e-mail: info@nictoys.de Die Abbildung wurde mit freundlicher Genehmigung der Firma nic zur Verf\u00fcgung gestellt.<\/p>\n","protected":false},"excerpt":{"rendered":"<p>&nbsp; &nbsp; Erste deutsche Beratungs- und Informationsstelle f\u00fcr Linksh\u00e4nder und umgeschulte Linksh\u00e4nder e.V. Sendlinger Str. 17 80331 M\u00fcnchen Tel.\/Fax 089 \/ 26 86 14 &nbsp; &nbsp; Begr\u00fcndung der Auszeichnung Spielzeug f\u00fcr linksh\u00e4ndige Kinder des Jahres 2002 f\u00fcr die Holzspielzeug-Serie creamobil der\u00a0Firma nic Spiel &amp; Art\u00a0GmbH Die Firma nic hat in ihrer Serie nic creamobil alle funktionalen Elemente, wie zum Beispiel Drehkurbeln und Lenkgriffe, so gestaltet, dass sie hervorragend sowohl mit der linken als auch mit der rechten Hand bedient werden k\u00f6nnen. Somit haben linksh\u00e4ndige als auch rechtsh\u00e4ndige Kinder gleich gute M\u00f6glichkeiten bei der individuellen Handhabung dieser Spielzeuge. Deshalb verleihen wir der Serie nic creamobil der Firma nic Spiel &amp; Art GmbH die Auszeichnung Spielzeug f\u00fcr Linksh\u00e4nder des Jahres 2002. Als verdeutlichendes Beispiel w\u00e4hlen wir den Gabelstapler (Art. Nr. 1881) mit den Abmessungen 17 x 24 x 34 cm aus. Die Lenkung Die Lenkung besteht aus einem mittig angebrachten Lenkgriff, der mit der ganzen Hand &#8230; <a title=\"Spielzeugbegr\u00fcndung 2002\" class=\"read-more\" href=\"https:\/\/lefthander-consulting.org\/deutsch\/information\/kindergartenalter\/spielzeug-fuer-linkshaendige-kinder\/auszeichnung-2002-2013\/spielzeugbegruendung-2002\/\" aria-label=\"Mehr Informationen \u00fcber Spielzeugbegr\u00fcndung 2002\">Read more<\/a><\/p>\n","protected":false},"author":1,"featured_media":0,"parent":63,"menu_order":18,"comment_status":"closed","ping_status":"closed","template":"","meta":{"_cbd_carousel_blocks":"[]","footnotes":""},"class_list":["post-180","page","type-page","status-publish"],"_links":{"self":[{"href":"https:\/\/lefthander-consulting.org\/deutsch\/wp-json\/wp\/v2\/pages\/180","targetHints":{"allow":["GET"]}}],"collection":[{"href":"https:\/\/lefthander-consulting.org\/deutsch\/wp-json\/wp\/v2\/pages"}],"about":[{"href":"https:\/\/lefthander-consulting.org\/deutsch\/wp-json\/wp\/v2\/types\/page"}],"author":[{"embeddable":true,"href":"https:\/\/lefthander-consulting.org\/deutsch\/wp-json\/wp\/v2\/users\/1"}],"replies":[{"embeddable":true,"href":"https:\/\/lefthander-consulting.org\/deutsch\/wp-json\/wp\/v2\/comments?post=180"}],"version-history":[{"count":23,"href":"https:\/\/lefthander-consulting.org\/deutsch\/wp-json\/wp\/v2\/pages\/180\/revisions"}],"predecessor-version":[{"id":3784,"href":"https:\/\/lefthander-consulting.org\/deutsch\/wp-json\/wp\/v2\/pages\/180\/revisions\/3784"}],"up":[{"embeddable":true,"href":"https:\/\/lefthander-consulting.org\/deutsch\/wp-json\/wp\/v2\/pages\/63"}],"wp:attachment":[{"href":"https:\/\/lefthander-consulting.org\/deutsch\/wp-json\/wp\/v2\/media?parent=180"}],"curies":[{"name":"wp","href":"https:\/\/api.w.org\/{rel}","templated":true}]}}