{"id":11907,"date":"2023-03-28T11:33:46","date_gmt":"2023-03-28T09:33:46","guid":{"rendered":"https:\/\/lefthander-consulting.org\/deutsch\/?page_id=11907"},"modified":"2025-08-15T14:34:42","modified_gmt":"2025-08-15T12:34:42","slug":"andrea-arnoldussen-haendigkeit-und-instrument-wie-machen-linkshaender-musik","status":"publish","type":"page","link":"https:\/\/lefthander-consulting.org\/deutsch\/information\/musik-und-linkshaendigkeit\/andrea-arnoldussen-haendigkeit-und-instrument-wie-machen-linkshaender-musik\/","title":{"rendered":"Andrea Arnoldussen: H\u00e4ndigkeit und Instrument. Wie machen Linksh\u00e4nder Musik?"},"content":{"rendered":"<p><img loading=\"lazy\" decoding=\"async\" class=\"wp-image-11883 alignleft\" src=\"https:\/\/ahajftmovo.cloudimg.io\/v7\/lefthander-consulting.org\/deutsch\/wp-content\/uploads\/2023\/03\/Cover-Arnoldussen-Haendigkeit-und-Musik.jpg?func=bound&amp;w=300&amp;h=300\" alt=\"\" width=\"203\" height=\"286\" srcset=\"https:\/\/lefthander-consulting.org\/deutsch\/wp-content\/uploads\/2023\/03\/Cover-Arnoldussen-Haendigkeit-und-Musik.jpg 490w, https:\/\/lefthander-consulting.org\/deutsch\/wp-content\/uploads\/2023\/03\/Cover-Arnoldussen-Haendigkeit-und-Musik-213x300.jpg 213w\" sizes=\"auto, (max-width: 203px) 100vw, 203px\" \/>Musizieren Linksh\u00e4nderInnen anders? So, wie linksh\u00e4ndige Kinder in unserer heutigen Gesellschaft ihre dominante linke Hand zum Schreiben verwenden, so m\u00f6chten sie \u2013 wie die Praxis zeigt \u2013 auch \u00abmit links\u00bb musizieren. Kulturelle Konventionen, nach denen nur\u00a0 rechts als \u00abrichtig\u00bb gilt, scheinen diesem nat\u00fcrlichen Bed\u00fcrfnis immer noch entgegenzustehen. Inzwischen sind die negativen Folgen einer Umschulung von Linksh\u00e4nderInnen zum Schreiben auf die rechte Hand allgemein bekannt. In \u00e4hnlicher Form sind MusikerInnen beeintr\u00e4chtigt, wenn sie sich an ein Instrument anpassen m\u00fcssen, das in seiner Bauweise f\u00fcr Rechtsh\u00e4nderInnen ausgelegt ist.<\/p>\n<p>An dieser Stelle sind die Erfahrungen linksh\u00e4ndiger MusikerInnen von gr\u00f6\u00dfter Bedeutung. Zusammen mit Erkenntnissen aus der Literatur und pers\u00f6nlichen Eindr\u00fccken der Autorin als Linksh\u00e4nderberaterin und Musikp\u00e4dagogin ergeben diese einen umfassenden und praxisbezogenen Einblick in die Thematik.<\/p>\n<p>Unter anderem sollen Impulse f\u00fcr eine \u00d6ffnung in der Instrumentalp\u00e4dagogik gegeben werden. Warum nicht dem nat\u00fcrlichen K\u00f6rpergef\u00fchl eines linksh\u00e4ndigen Kindes nachgehen und es das Musikinstrument seiner Wahl \u00ablinks herum\u00bb spielen lassen? Fast alle Musikinstrumente lassen sich f\u00fcr linksh\u00e4ndiges Spiel umstellen. Nur, wenn die H\u00e4ndigkeit beim Musizieren ber\u00fccksichtigt wird, ist gew\u00e4hrleistet, dass alle Kinder \u2013 rechtsh\u00e4ndig oder linksh\u00e4ndig \u2013 ihr musikalisches Potenzial gleicherma\u00dfen zur Entfaltung bringen k\u00f6nnen.<\/p>\n<p>(Dieser Text stammt von dem Cover des Buches von Andrea Arnoldussen, H\u00e4ndigkeit und Instrument. Wie machen Linksh\u00e4nder Musik? Schott Verlag, 2020)<\/p>\n<p>&nbsp;<\/p>\n","protected":false},"excerpt":{"rendered":"<p>Musizieren Linksh\u00e4nderInnen anders? So, wie linksh\u00e4ndige Kinder in unserer heutigen Gesellschaft ihre dominante linke Hand zum Schreiben verwenden, so m\u00f6chten sie \u2013 wie die Praxis zeigt \u2013 auch \u00abmit links\u00bb musizieren. Kulturelle Konventionen, nach denen nur\u00a0 rechts als \u00abrichtig\u00bb gilt, scheinen diesem nat\u00fcrlichen Bed\u00fcrfnis immer noch entgegenzustehen. Inzwischen sind die negativen Folgen einer Umschulung von Linksh\u00e4nderInnen zum Schreiben auf die rechte Hand allgemein bekannt. In \u00e4hnlicher Form sind MusikerInnen beeintr\u00e4chtigt, wenn sie sich an ein Instrument anpassen m\u00fcssen, das in seiner Bauweise f\u00fcr Rechtsh\u00e4nderInnen ausgelegt ist. An dieser Stelle sind die Erfahrungen linksh\u00e4ndiger MusikerInnen von gr\u00f6\u00dfter Bedeutung. Zusammen mit Erkenntnissen aus der Literatur und pers\u00f6nlichen Eindr\u00fccken der Autorin als Linksh\u00e4nderberaterin und Musikp\u00e4dagogin ergeben diese einen umfassenden und praxisbezogenen Einblick in die Thematik. Unter anderem sollen Impulse f\u00fcr eine \u00d6ffnung in der Instrumentalp\u00e4dagogik gegeben werden. Warum nicht dem nat\u00fcrlichen K\u00f6rpergef\u00fchl eines linksh\u00e4ndigen Kindes nachgehen und es das Musikinstrument seiner Wahl \u00ablinks herum\u00bb spielen lassen? Fast &#8230; <a title=\"Andrea Arnoldussen: H\u00e4ndigkeit und Instrument. Wie machen Linksh\u00e4nder Musik?\" class=\"read-more\" href=\"https:\/\/lefthander-consulting.org\/deutsch\/information\/musik-und-linkshaendigkeit\/andrea-arnoldussen-haendigkeit-und-instrument-wie-machen-linkshaender-musik\/\" aria-label=\"Mehr Informationen \u00fcber Andrea Arnoldussen: H\u00e4ndigkeit und Instrument. Wie machen Linksh\u00e4nder Musik?\">Read more<\/a><\/p>\n","protected":false},"author":4,"featured_media":0,"parent":103,"menu_order":40,"comment_status":"closed","ping_status":"closed","template":"","meta":{"_cbd_carousel_blocks":"[]","footnotes":""},"class_list":["post-11907","page","type-page","status-publish"],"_links":{"self":[{"href":"https:\/\/lefthander-consulting.org\/deutsch\/wp-json\/wp\/v2\/pages\/11907","targetHints":{"allow":["GET"]}}],"collection":[{"href":"https:\/\/lefthander-consulting.org\/deutsch\/wp-json\/wp\/v2\/pages"}],"about":[{"href":"https:\/\/lefthander-consulting.org\/deutsch\/wp-json\/wp\/v2\/types\/page"}],"author":[{"embeddable":true,"href":"https:\/\/lefthander-consulting.org\/deutsch\/wp-json\/wp\/v2\/users\/4"}],"replies":[{"embeddable":true,"href":"https:\/\/lefthander-consulting.org\/deutsch\/wp-json\/wp\/v2\/comments?post=11907"}],"version-history":[{"count":6,"href":"https:\/\/lefthander-consulting.org\/deutsch\/wp-json\/wp\/v2\/pages\/11907\/revisions"}],"predecessor-version":[{"id":11918,"href":"https:\/\/lefthander-consulting.org\/deutsch\/wp-json\/wp\/v2\/pages\/11907\/revisions\/11918"}],"up":[{"embeddable":true,"href":"https:\/\/lefthander-consulting.org\/deutsch\/wp-json\/wp\/v2\/pages\/103"}],"wp:attachment":[{"href":"https:\/\/lefthander-consulting.org\/deutsch\/wp-json\/wp\/v2\/media?parent=11907"}],"curies":[{"name":"wp","href":"https:\/\/api.w.org\/{rel}","templated":true}]}}