{"id":10358,"date":"2022-02-26T11:24:00","date_gmt":"2022-02-26T10:24:52","guid":{"rendered":"https:\/\/lefthander-consulting.org\/deutsch\/?page_id=10358"},"modified":"2022-03-01T10:34:01","modified_gmt":"2022-03-01T09:34:01","slug":"deckblatt-dokumentationsbogen","status":"publish","type":"page","link":"https:\/\/lefthander-consulting.org\/deutsch\/information\/deckblatt-dokumentationsbogen\/","title":{"rendered":"Deckblatt Dokumentationsbogen"},"content":{"rendered":"<p>&nbsp;<\/p>\n<table style=\"border-collapse: collapse;width: 100%;height: 116px\">\n<tbody>\n<tr style=\"height: 116px\">\n<td style=\"width: 100%;background-color: #ccebdc;border-color: #000000;border-style: hidden;height: 116px\">\n<p style=\"text-align: center\"><span style=\"font-size: 16pt\"><strong>Dokumentationsbogen zur H\u00e4ndigkeitsabkl\u00e4rung S-MH<sup>\u00ae<\/sup><\/strong><\/span><\/p>\n<p style=\"text-align: center\"><span style=\"font-size: 14pt\"><strong><sup>\u00a0<\/sup><\/strong><strong>H\u00e4ndigkeitsabkl\u00e4rung S-MH<sup>\u00ae <\/sup>nach der Sattler-Methodik zu H\u00e4ndigkeitsfragen<\/strong><\/span><\/p>\n<\/td>\n<\/tr>\n<\/tbody>\n<\/table>\n<p>&nbsp;<\/p>\n<table style=\"border-collapse: collapse;width: 100%\">\n<tbody>\n<tr>\n<td style=\"width: 100%;background-color: #ccebdc\"><strong>Wichiger Hinweis: Dieser Dokumentationsbogen ist nicht zur Selbsttestung bei sich oder den eigenen Kindern bestimmt. Er dient der Information \u00fcber die Komplexit\u00e4t einer H\u00e4ndigkeitsuntersuchung (siehe <\/strong><a href=\"https:\/\/lefthander-consulting.org\/deutsch\/netzwerk\/infomaterial\/zur-testung-der-haendigkeit\/\"><strong>Zur Testung der H\u00e4ndigkeit<\/strong><\/a><strong>). Eine H\u00e4ndigkeitsuntersuchung sollte von spezialisierten Fachleuten (zertifizierte Linksh\u00e4nder-BeraterInnen) durchgef\u00fchrt werden. Hinweise zu diesen findet man in der Internetseite der <\/strong><a href=\"https:\/\/lefthander-consulting.org\/deutsch\/\"><strong><em>Ersten deutschen Beratungsstelle f\u00fcr Linksh\u00e4nder und umgeschulte Linksh\u00e4nder<\/em><\/strong><\/a><strong>.<\/strong><\/p>\n<p><strong>\u00a0<\/strong><\/p>\n<p><strong>Zur Bewertung der Ergebnisse der H\u00e4ndigkeitsabkl\u00e4rung: <\/strong>Eine valide, unseren statischen Vorstellungen entsprechende Normierung und Auswertung der T\u00e4tigleitsitems dieses Fragebogens ist kaum m\u00f6glich. Eine rein quantitativ ermitteltes Ergebnis (das bedeutet eine \u201eblo\u00dfe\u201c Ausz\u00e4hlung der einzelnen T\u00e4tigkeitsitems, also rechte Hand, linke Hand oder wechselnd einmal die rechte und einmal die linke Hand) kann kein hinreichend valider Indikator f\u00fcr die H\u00e4ndigkeitsbestimmung sein. Denn auf der Ph\u00e4nomenebene sind und werden wesentliche biografische Entwicklungen nicht sichtbar. Diese bed\u00fcrfen eher einer qualitativ orientierten Exploration (siehe <a href=\"https:\/\/lefthander-consulting.org\/deutsch\/information\/literatur\/linkshaender-und-umgeschulte-linkshaender-in-der-ergotherapie\/\">Linksh\u00e4ndige und umgeschulte linksh\u00e4ndige Kinder sowie Kinder mit wechselndem Handgebrauch in der Ergotherapie<\/a>).<\/p>\n<p>Genauere Hinweise zu der Durchf\u00fchrung und Bewertung der T\u00e4tigkeitsitems werden in der <a href=\"https:\/\/lefthander-consulting.org\/deutsch\/aktuelles\/veranstaltungen\/\"><em>Zusatzausbildung zum\/zur Linksh\u00e4nder-BeraterIn<\/em><\/a> vermittelt.<\/td>\n<\/tr>\n<\/tbody>\n<\/table>\n<p>&nbsp;<\/p>\n","protected":false},"excerpt":{"rendered":"<p>&nbsp; Dokumentationsbogen zur H\u00e4ndigkeitsabkl\u00e4rung S-MH\u00ae \u00a0H\u00e4ndigkeitsabkl\u00e4rung S-MH\u00ae nach der Sattler-Methodik zu H\u00e4ndigkeitsfragen &nbsp; Wichiger Hinweis: Dieser Dokumentationsbogen ist nicht zur Selbsttestung bei sich oder den eigenen Kindern bestimmt. Er dient der Information \u00fcber die Komplexit\u00e4t einer H\u00e4ndigkeitsuntersuchung (siehe Zur Testung der H\u00e4ndigkeit). Eine H\u00e4ndigkeitsuntersuchung sollte von spezialisierten Fachleuten (zertifizierte Linksh\u00e4nder-BeraterInnen) durchgef\u00fchrt werden. Hinweise zu diesen findet man in der Internetseite der Ersten deutschen Beratungsstelle f\u00fcr Linksh\u00e4nder und umgeschulte Linksh\u00e4nder. \u00a0 Zur Bewertung der Ergebnisse der H\u00e4ndigkeitsabkl\u00e4rung: Eine valide, unseren statischen Vorstellungen entsprechende Normierung und Auswertung der T\u00e4tigleitsitems dieses Fragebogens ist kaum m\u00f6glich. Eine rein quantitativ ermitteltes Ergebnis (das bedeutet eine \u201eblo\u00dfe\u201c Ausz\u00e4hlung der einzelnen T\u00e4tigkeitsitems, also rechte Hand, linke Hand oder wechselnd einmal die rechte und einmal die linke Hand) kann kein hinreichend valider Indikator f\u00fcr die H\u00e4ndigkeitsbestimmung sein. Denn auf der Ph\u00e4nomenebene sind und werden wesentliche biografische Entwicklungen nicht sichtbar. Diese bed\u00fcrfen eher einer qualitativ orientierten Exploration (siehe Linksh\u00e4ndige und umgeschulte linksh\u00e4ndige Kinder &#8230; <a title=\"Deckblatt Dokumentationsbogen\" class=\"read-more\" href=\"https:\/\/lefthander-consulting.org\/deutsch\/information\/deckblatt-dokumentationsbogen\/\" aria-label=\"Mehr Informationen \u00fcber Deckblatt Dokumentationsbogen\">Read more<\/a><\/p>\n","protected":false},"author":4,"featured_media":0,"parent":811,"menu_order":1,"comment_status":"closed","ping_status":"closed","template":"","meta":{"_cbd_carousel_blocks":"[]","footnotes":""},"class_list":["post-10358","page","type-page","status-publish"],"_links":{"self":[{"href":"https:\/\/lefthander-consulting.org\/deutsch\/wp-json\/wp\/v2\/pages\/10358","targetHints":{"allow":["GET"]}}],"collection":[{"href":"https:\/\/lefthander-consulting.org\/deutsch\/wp-json\/wp\/v2\/pages"}],"about":[{"href":"https:\/\/lefthander-consulting.org\/deutsch\/wp-json\/wp\/v2\/types\/page"}],"author":[{"embeddable":true,"href":"https:\/\/lefthander-consulting.org\/deutsch\/wp-json\/wp\/v2\/users\/4"}],"replies":[{"embeddable":true,"href":"https:\/\/lefthander-consulting.org\/deutsch\/wp-json\/wp\/v2\/comments?post=10358"}],"version-history":[{"count":2,"href":"https:\/\/lefthander-consulting.org\/deutsch\/wp-json\/wp\/v2\/pages\/10358\/revisions"}],"predecessor-version":[{"id":10386,"href":"https:\/\/lefthander-consulting.org\/deutsch\/wp-json\/wp\/v2\/pages\/10358\/revisions\/10386"}],"up":[{"embeddable":true,"href":"https:\/\/lefthander-consulting.org\/deutsch\/wp-json\/wp\/v2\/pages\/811"}],"wp:attachment":[{"href":"https:\/\/lefthander-consulting.org\/deutsch\/wp-json\/wp\/v2\/media?parent=10358"}],"curies":[{"name":"wp","href":"https:\/\/api.w.org\/{rel}","templated":true}]}}