{"id":10089,"date":"2022-01-21T08:45:00","date_gmt":"2022-01-21T07:45:57","guid":{"rendered":"https:\/\/lefthander-consulting.org\/deutsch\/?page_id=10089"},"modified":"2022-06-01T13:08:13","modified_gmt":"2022-06-01T11:08:13","slug":"linkshaender-starterset","status":"publish","type":"page","link":"https:\/\/lefthander-consulting.org\/deutsch\/information\/literatur\/linkshaender-starterset\/","title":{"rendered":"Linksh\u00e4nder-Starterset"},"content":{"rendered":"<p><img loading=\"lazy\" decoding=\"async\" class=\"alignleft wp-image-10091\" src=\"https:\/\/lefthander-consulting.org\/deutsch\/wp-content\/uploads\/2022\/01\/08494_linkshaender-starterset_linkshaendigkeit_ratgeber-257x300.jpg\" alt=\"\" width=\"295\" height=\"345\" srcset=\"https:\/\/lefthander-consulting.org\/deutsch\/wp-content\/uploads\/2022\/01\/08494_linkshaender-starterset_linkshaendigkeit_ratgeber-257x300.jpg 257w, https:\/\/lefthander-consulting.org\/deutsch\/wp-content\/uploads\/2022\/01\/08494_linkshaender-starterset_linkshaendigkeit_ratgeber-876x1024.jpg 876w, https:\/\/lefthander-consulting.org\/deutsch\/wp-content\/uploads\/2022\/01\/08494_linkshaender-starterset_linkshaendigkeit_ratgeber-768x898.jpg 768w, https:\/\/lefthander-consulting.org\/deutsch\/wp-content\/uploads\/2022\/01\/08494_linkshaender-starterset_linkshaendigkeit_ratgeber-1314x1536.jpg 1314w, https:\/\/lefthander-consulting.org\/deutsch\/wp-content\/uploads\/2022\/01\/08494_linkshaender-starterset_linkshaendigkeit_ratgeber-1752x2048.jpg 1752w\" sizes=\"auto, (max-width: 295px) 100vw, 295px\" \/><\/p>\n<div class=\"product attribute author\">\n<p>Alles, was ein linksh\u00e4ndiges Kind f\u00fcr die gesunde Entwicklung der Motorik braucht<\/p>\n<\/div>\n<div class=\"product attribute short_description\">\n<p>Von Linksh\u00e4nder-Experten ausgew\u00e4hlt f\u00fcr die gesunde Entwicklung des linksh\u00e4ndigen Kindes: Starterset mit Spitzer, Schere, Abstandhalter und Co.<\/p>\n<p>Schon im Kindergarten und im Anfangsunterricht merken linksh\u00e4ndige Kinder, dass sie Stift, Schere und Spitzer beim Malen, Schreiben und Schneiden mit der linken Hand bedienen und sich so von anderen Kindern unterscheiden. Manchmal m\u00fcssen sie mit Rechtshandprodukten arbeiten, manchmal schauen sie sich den Gebrauch der H\u00e4ndigkeit vom Nachbarkind ab und arbeiten fortan gegen das eigene Wohlbefinden. Mit dem Linksh\u00e4nder-Starterset f\u00fcr Kita und Grundschule erh\u00e4lt das Kind von Anfang an die richtigen Werkzeuge an die Hand, damit es sich gut entwickeln, positive Lernerfahrungen machen und von Anfang an Freude in der Schule gewinnen kann.<\/p>\n<\/div>\n<div class=\"product attribute description\">\n<div class=\"product attribute desc\">\n<p><strong>Das Set enth\u00e4lt in einer ansprechenden Faltbox folgende Produkte:<\/strong><\/p>\n<ul>\n<li>1 Spitzer, Click Clack, Lefty, blau<\/li>\n<li>1 Schere, Softie Cut R, Lefty mit runder Spitze<\/li>\n<li>1 Sattler-Grip, blau<\/li>\n<li>1 Satter-Tri-Grip, rot<\/li>\n<li>1 Kennenlernheft zur Linksh\u00e4ndigkeit (19 x 26 cm mit vielen Erkl\u00e4rungen und Tipps sowie Ausz\u00fcgen aus den Publikationen der Autorin)<\/li>\n<li>1 stabile Desk-Pad-Lefty-Vorlage im Papierformat<\/li>\n<li>3 Elefantenr\u00fcssel als Abstandhalter f\u00fcr das Schreibenlernen in Kita und Anfangsunterricht<\/li>\n<\/ul>\n<p>Die Produkte kommen ausschlie\u00dflich aus dem Auer Verlag und von KUM, dem Hersteller f\u00fcr Anspitzer und Zeichenbedarf aus Erlangen.<\/p>\n<p><span class=\"keywords-headline\">Inhaltliche Schwerpunkte<\/span><\/p>\n<ul class=\"keywords-list\">\n<li>Linksh\u00e4ndigkeit Kita<\/li>\n<li>Linksh\u00e4ndigkeit Grundschule<\/li>\n<li>H\u00e4ndigkeit<\/li>\n<li>F\u00f6rderung Motorik<\/li>\n<li>Linksh\u00e4ndigkeit Startstart<\/li>\n<li>Linksh\u00e4ndigkeit Schulbeginn<\/li>\n<li>F\u00f6rderung linksh\u00e4ndige Kinder<\/li>\n<\/ul>\n<\/div>\n<p><a href=\"https:\/\/www.auer-verlag.de\/catalogsearch\/result\/?cat=0&amp;q=Linksh%C3%A4nder\">Auer Verlag<\/a>, Augsburg, 2021, Bestell-Nr. 08494-5<\/p>\n<\/div>\n<p style=\"text-align: right\"><a href=\"https:\/\/jobasa.de\/\">Homepage<\/a> der Schildkr\u00f6te JOBASA:<br \/>\n<a href=\"https:\/\/jobasa.de\/\"><img loading=\"lazy\" decoding=\"async\" class=\"wp-image-6290 alignright\" src=\"https:\/\/lefthander-consulting.org\/deutsch\/wp-content\/uploads\/2019\/09\/Homepage-JOBASA-1-300x66.jpg\" alt=\"\" width=\"372\" height=\"82\" srcset=\"https:\/\/lefthander-consulting.org\/deutsch\/wp-content\/uploads\/2019\/09\/Homepage-JOBASA-1-300x66.jpg 300w, https:\/\/lefthander-consulting.org\/deutsch\/wp-content\/uploads\/2019\/09\/Homepage-JOBASA-1-768x168.jpg 768w, https:\/\/lefthander-consulting.org\/deutsch\/wp-content\/uploads\/2019\/09\/Homepage-JOBASA-1.jpg 796w\" sizes=\"auto, (max-width: 372px) 100vw, 372px\" \/><\/a><\/p>\n<div class=\"product attribute description\">\n<div class=\"product attribute desc\">\n<p>&nbsp;<\/p>\n<p>Erste deutsche Beratungs- und Informationsstelle f\u00fcr Linksh\u00e4nder und umgeschulte Linksh\u00e4nder,<br \/>\nSendlinger Str. 17, 80331 M\u00fcnchen, Tel. \/ Fax: +49 \/ 89 \/ 26 86 14,<br \/>\n<a href=\"https:\/\/lefthander-consulting.org\/\">https:\/\/lefthander-consulting.org<\/a>, e-mail: info@lefthander-consulting.org<\/p>\n<\/div>\n<\/div>\n","protected":false},"excerpt":{"rendered":"<p>Alles, was ein linksh\u00e4ndiges Kind f\u00fcr die gesunde Entwicklung der Motorik braucht Von Linksh\u00e4nder-Experten ausgew\u00e4hlt f\u00fcr die gesunde Entwicklung des linksh\u00e4ndigen Kindes: Starterset mit Spitzer, Schere, Abstandhalter und Co. Schon im Kindergarten und im Anfangsunterricht merken linksh\u00e4ndige Kinder, dass sie Stift, Schere und Spitzer beim Malen, Schreiben und Schneiden mit der linken Hand bedienen und sich so von anderen Kindern unterscheiden. Manchmal m\u00fcssen sie mit Rechtshandprodukten arbeiten, manchmal schauen sie sich den Gebrauch der H\u00e4ndigkeit vom Nachbarkind ab und arbeiten fortan gegen das eigene Wohlbefinden. Mit dem Linksh\u00e4nder-Starterset f\u00fcr Kita und Grundschule erh\u00e4lt das Kind von Anfang an die richtigen Werkzeuge an die Hand, damit es sich gut entwickeln, positive Lernerfahrungen machen und von Anfang an Freude in der Schule gewinnen kann. Das Set enth\u00e4lt in einer ansprechenden Faltbox folgende Produkte: 1 Spitzer, Click Clack, Lefty, blau 1 Schere, Softie Cut R, Lefty mit runder Spitze 1 Sattler-Grip, blau 1 Satter-Tri-Grip, rot 1 Kennenlernheft &#8230; <a title=\"Linksh\u00e4nder-Starterset\" class=\"read-more\" href=\"https:\/\/lefthander-consulting.org\/deutsch\/information\/literatur\/linkshaender-starterset\/\" aria-label=\"Mehr Informationen \u00fcber Linksh\u00e4nder-Starterset\">Read more<\/a><\/p>\n","protected":false},"author":4,"featured_media":0,"parent":41,"menu_order":3,"comment_status":"closed","ping_status":"closed","template":"","meta":{"_cbd_carousel_blocks":"[]","footnotes":""},"class_list":["post-10089","page","type-page","status-publish"],"_links":{"self":[{"href":"https:\/\/lefthander-consulting.org\/deutsch\/wp-json\/wp\/v2\/pages\/10089","targetHints":{"allow":["GET"]}}],"collection":[{"href":"https:\/\/lefthander-consulting.org\/deutsch\/wp-json\/wp\/v2\/pages"}],"about":[{"href":"https:\/\/lefthander-consulting.org\/deutsch\/wp-json\/wp\/v2\/types\/page"}],"author":[{"embeddable":true,"href":"https:\/\/lefthander-consulting.org\/deutsch\/wp-json\/wp\/v2\/users\/4"}],"replies":[{"embeddable":true,"href":"https:\/\/lefthander-consulting.org\/deutsch\/wp-json\/wp\/v2\/comments?post=10089"}],"version-history":[{"count":2,"href":"https:\/\/lefthander-consulting.org\/deutsch\/wp-json\/wp\/v2\/pages\/10089\/revisions"}],"predecessor-version":[{"id":10697,"href":"https:\/\/lefthander-consulting.org\/deutsch\/wp-json\/wp\/v2\/pages\/10089\/revisions\/10697"}],"up":[{"embeddable":true,"href":"https:\/\/lefthander-consulting.org\/deutsch\/wp-json\/wp\/v2\/pages\/41"}],"wp:attachment":[{"href":"https:\/\/lefthander-consulting.org\/deutsch\/wp-json\/wp\/v2\/media?parent=10089"}],"curies":[{"name":"wp","href":"https:\/\/api.w.org\/{rel}","templated":true}]}}