{"id":10014,"date":"2022-01-21T08:41:00","date_gmt":"2022-01-21T07:41:02","guid":{"rendered":"https:\/\/lefthander-consulting.org\/deutsch\/?page_id=10014"},"modified":"2022-01-21T11:28:28","modified_gmt":"2022-01-21T10:28:28","slug":"schreibuebungen-fuer-linkshaender-jobasa-set","status":"publish","type":"page","link":"https:\/\/lefthander-consulting.org\/deutsch\/information\/literatur\/schreibuebungen-fuer-linkshaender-jobasa-set\/","title":{"rendered":"Schreib\u00fcbungen f\u00fcr Linksh\u00e4nder &#8211; Jobasa-Set"},"content":{"rendered":"<div class=\"product attribute subtitle\">\n<p><span class=\"value\" style=\"font-size: 18pt\"><img loading=\"lazy\" decoding=\"async\" class=\"alignleft wp-image-10010\" src=\"https:\/\/lefthander-consulting.org\/deutsch\/wp-content\/uploads\/2022\/01\/Schreibuebungen-fuer-Linkshaender-SET-1-300x247.jpg\" alt=\"\" width=\"289\" height=\"238\" \/>Kleine und gro\u00dfe Druckbuchstaben, Begleitheft und \u00dcbungsheft mit Abstandhalter<\/span><\/p>\n<\/div>\n<div class=\"product attribute short_description\">\n<p>Die einzigen genau auf die Bed\u00fcrfnisse von Linksh\u00e4ndern zugeschnitten Schreib\u00fcbungen f\u00fcr den Anfangsunterricht in der Grundschule, entwickelt von der Linksh\u00e4nder-Expertin, Dr. Johanna Barbara Sattler<\/p>\n<\/div>\n<div class=\"product-info-attr\">\n<div class=\"product attribute info_line\">\n<p>&nbsp;<\/p>\n<p>&nbsp;<\/p>\n<p><span class=\"value\">Das Set bestehend aus:<\/span><\/p>\n<ul>\n<li><span class=\"value\">Begleitheft. Schreib\u00fcbungen f\u00fcr Linksh\u00e4nder mit Jobasa. Kleine und gro\u00dfe Druckbuchstaben &#8211; mit Abstandhaltern\u00a0<\/span><\/li>\n<li><span class=\"value\">\u00dcbungsheft &#8211; mit Abstandhaltern <img loading=\"lazy\" decoding=\"async\" class=\"size-medium wp-image-10098 alignright\" src=\"https:\/\/lefthander-consulting.org\/deutsch\/wp-content\/uploads\/2022\/01\/Elefantenruessel-Abstandhalter-Begleitheft-2021-e1642700087956-216x300.jpg\" alt=\"\" width=\"216\" height=\"300\" \/><\/span><\/li>\n<\/ul>\n<\/div>\n<div class=\"product attribute isbn_thirteen_dashed\">In der Schule werden g\u00e4ngige Schulb\u00fccher und Lehrg\u00e4nge eingesetzt, die oft die besonderen Herausforderungen von linksh\u00e4ndigen Schulanf\u00e4ngern nicht angemessen ber\u00fccksichtigen. Das muss\u00a0 nicht sein! Unser Arbeitsheft f\u00fcr junge Linksh\u00e4nder gibt zun\u00e4chst Tipps f\u00fcr Kinder, Eltern und Lehrkr\u00e4fte f\u00fcr den Schulbeginn und bietet allgemeine \u00dcbungen zu Feinmotorik, Schreibhaltung und Blattlage. Eine motivierende Geschichte zum Vor- und Selbstlesen rund den kleinen Pinguin und seine Freunde bindet die \u00dcbungen in eine motivierende Rahmenhandlung ein.<\/div>\n<\/div>\n<div class=\"product attribute description\">\n<div class=\"product attribute desc\">\n<p>Passgenaue \u00dcbungsangebote zum lockeren Schreibenlernen zeitlich genau richtig ein, wenn die Kinder in der Schule bereits alle Buchstaben kennengelernt haben und jetzt eine lockere und unverkrampfte Schreibhaltung trainieren m\u00f6chten. Vielf\u00e4ltige Buchstaben-Schwung\u00fcbungen wecken die Freude am Tun und ebenen den Weg f\u00fcr lebenslange Freude am Schreiben.<\/p>\n<p><strong>Der Band enth\u00e4lt:<\/strong><\/p>\n<ul>\n<li>hilfreiche Tipps f\u00fcr Kinder<\/li>\n<li>Eltern und Lehrkr\u00e4fte<\/li>\n<li>Schreibvor\u00fcbungen f\u00fcr Linksh\u00e4nder, eingebettet in eine kindgem\u00e4\u00dfe Geschichte<\/li>\n<li>Schwung- und Nachspur\u00fcbungen zu allen Buchstaben<\/li>\n<li>eine Elefantenr\u00fcssel-Vorlage zum entspannten Schreiben<\/li>\n<\/ul>\n<p>&nbsp;<\/p>\n<p><strong><span class=\"keywords-headline\">Inhaltliche Schwerpunkte<\/span><\/strong><\/p>\n<ul class=\"keywords-list\">\n<li>Schreiblehrgang<\/li>\n<li>Linksh\u00e4nder<\/li>\n<li>Jobasa<\/li>\n<li>Schulanf\u00e4nger<\/li>\n<\/ul>\n<\/div>\n<div class=\"product attribute additional_technical_text\"><a href=\"https:\/\/www.auer-verlag.de\/catalogsearch\/result\/?cat=0&amp;q=Linksh%C3%A4nder\">Auer Verlag<\/a>, Augsburg, 2021, Bestell-Nr. 08013-8<\/div>\n<\/div>\n<p style=\"text-align: right\"><a href=\"https:\/\/jobasa.de\/\">Homepage<\/a> der Schildkr\u00f6te JOBASA:<br \/>\n<a href=\"https:\/\/jobasa.de\/\"><img loading=\"lazy\" decoding=\"async\" class=\"wp-image-6290 alignright\" src=\"https:\/\/lefthander-consulting.org\/deutsch\/wp-content\/uploads\/2019\/09\/Homepage-JOBASA-1-300x66.jpg\" alt=\"\" width=\"372\" height=\"82\" srcset=\"https:\/\/lefthander-consulting.org\/deutsch\/wp-content\/uploads\/2019\/09\/Homepage-JOBASA-1-300x66.jpg 300w, https:\/\/lefthander-consulting.org\/deutsch\/wp-content\/uploads\/2019\/09\/Homepage-JOBASA-1-768x168.jpg 768w, https:\/\/lefthander-consulting.org\/deutsch\/wp-content\/uploads\/2019\/09\/Homepage-JOBASA-1.jpg 796w\" sizes=\"auto, (max-width: 372px) 100vw, 372px\" \/><\/a><\/p>\n<div class=\"product attribute description\">\n<div class=\"product attribute desc\">\n<p>Erste deutsche Beratungs- und Informationsstelle f\u00fcr Linksh\u00e4nder und umgeschulte Linksh\u00e4nder,<br \/>\nSendlinger Str. 17, 80331 M\u00fcnchen, Tel. \/ Fax: +49 \/ 89 \/ 26 86 14,<br \/>\n<a href=\"https:\/\/lefthander-consulting.org\/\">https:\/\/lefthander-consulting.org<\/a>, e-mail: info@lefthander-consulting.org<\/p>\n<\/div>\n<\/div>\n<p>&nbsp;<\/p>\n<p>&nbsp;<\/p>\n","protected":false},"excerpt":{"rendered":"<p>Kleine und gro\u00dfe Druckbuchstaben, Begleitheft und \u00dcbungsheft mit Abstandhalter Die einzigen genau auf die Bed\u00fcrfnisse von Linksh\u00e4ndern zugeschnitten Schreib\u00fcbungen f\u00fcr den Anfangsunterricht in der Grundschule, entwickelt von der Linksh\u00e4nder-Expertin, Dr. Johanna Barbara Sattler &nbsp; &nbsp; Das Set bestehend aus: Begleitheft. Schreib\u00fcbungen f\u00fcr Linksh\u00e4nder mit Jobasa. Kleine und gro\u00dfe Druckbuchstaben &#8211; mit Abstandhaltern\u00a0 \u00dcbungsheft &#8211; mit Abstandhaltern In der Schule werden g\u00e4ngige Schulb\u00fccher und Lehrg\u00e4nge eingesetzt, die oft die besonderen Herausforderungen von linksh\u00e4ndigen Schulanf\u00e4ngern nicht angemessen ber\u00fccksichtigen. Das muss\u00a0 nicht sein! Unser Arbeitsheft f\u00fcr junge Linksh\u00e4nder gibt zun\u00e4chst Tipps f\u00fcr Kinder, Eltern und Lehrkr\u00e4fte f\u00fcr den Schulbeginn und bietet allgemeine \u00dcbungen zu Feinmotorik, Schreibhaltung und Blattlage. Eine motivierende Geschichte zum Vor- und Selbstlesen rund den kleinen Pinguin und seine Freunde bindet die \u00dcbungen in eine motivierende Rahmenhandlung ein. Passgenaue \u00dcbungsangebote zum lockeren Schreibenlernen zeitlich genau richtig ein, wenn die Kinder in der Schule bereits alle Buchstaben kennengelernt haben und jetzt eine lockere und unverkrampfte Schreibhaltung &#8230; <a title=\"Schreib\u00fcbungen f\u00fcr Linksh\u00e4nder &#8211; Jobasa-Set\" class=\"read-more\" href=\"https:\/\/lefthander-consulting.org\/deutsch\/information\/literatur\/schreibuebungen-fuer-linkshaender-jobasa-set\/\" aria-label=\"Mehr Informationen \u00fcber Schreib\u00fcbungen f\u00fcr Linksh\u00e4nder &#8211; Jobasa-Set\">Read more<\/a><\/p>\n","protected":false},"author":4,"featured_media":0,"parent":41,"menu_order":2,"comment_status":"closed","ping_status":"closed","template":"","meta":{"_cbd_carousel_blocks":"[]","footnotes":""},"class_list":["post-10014","page","type-page","status-publish"],"_links":{"self":[{"href":"https:\/\/lefthander-consulting.org\/deutsch\/wp-json\/wp\/v2\/pages\/10014","targetHints":{"allow":["GET"]}}],"collection":[{"href":"https:\/\/lefthander-consulting.org\/deutsch\/wp-json\/wp\/v2\/pages"}],"about":[{"href":"https:\/\/lefthander-consulting.org\/deutsch\/wp-json\/wp\/v2\/types\/page"}],"author":[{"embeddable":true,"href":"https:\/\/lefthander-consulting.org\/deutsch\/wp-json\/wp\/v2\/users\/4"}],"replies":[{"embeddable":true,"href":"https:\/\/lefthander-consulting.org\/deutsch\/wp-json\/wp\/v2\/comments?post=10014"}],"version-history":[{"count":1,"href":"https:\/\/lefthander-consulting.org\/deutsch\/wp-json\/wp\/v2\/pages\/10014\/revisions"}],"predecessor-version":[{"id":10187,"href":"https:\/\/lefthander-consulting.org\/deutsch\/wp-json\/wp\/v2\/pages\/10014\/revisions\/10187"}],"up":[{"embeddable":true,"href":"https:\/\/lefthander-consulting.org\/deutsch\/wp-json\/wp\/v2\/pages\/41"}],"wp:attachment":[{"href":"https:\/\/lefthander-consulting.org\/deutsch\/wp-json\/wp\/v2\/media?parent=10014"}],"curies":[{"name":"wp","href":"https:\/\/api.w.org\/{rel}","templated":true}]}}